{"id":999,"date":"2023-10-17T19:53:49","date_gmt":"2023-10-17T22:53:49","guid":{"rendered":"https:\/\/hificlub.com.br\/loja2\/produto\/marantz-mm7055-5x-140-watts\/"},"modified":"2026-03-03T22:21:05","modified_gmt":"2026-03-04T01:21:05","slug":"marantz-mm7055-5x-140-watts","status":"publish","type":"product","link":"https:\/\/hificlub.com.br\/loja\/produto\/marantz-mm7055-5x-140-watts\/","title":{"rendered":"MARANTZ MM7055  Amplificador Multicanal 5x 140 watts"},"content":{"rendered":"<p>Mesmo com o advento de 7,2 e 9,2-canal de sistemas de som surround, os amantes de teatro mais em casa ainda optar por tentou-e-verdadeiro som de 5.1 canais. Reconhecendo esta realidade, Marantz constru\u00edda essa usina de 5 canais como o companheiro prim\u00e1rio para sua AV7005 preamp \/ processador. Voc\u00ea n\u00e3o ter\u00e1 que comprar mais canais amp\u00e8res do que voc\u00ea precisa, mas voc\u00ea pode facilmente adicionar uma ou mais MM7025 2 x 140 watts de amplificadores para a sua configura\u00e7\u00e3o para os canais surround ou mais multi-sala de \u00e1udio.<\/p>\n<p>Atr\u00e1s do MM7055 da fachada elegante encontra-se um muscular, projeto do amplificador, mas requintado coment\u00e1rio corrente que destaca em reproduzir ambos os detalhes finos musical e de arrepiar os cabelos picos transit\u00f3rios.<\/p>\n<p>O MM7055 \u00e9 confort\u00e1vel condu\u00e7\u00e3o de alta performance alto-falantes. Se o seu pr\u00e9-amplificador ou A \/ V processador tem sa\u00eddas XLR, voc\u00ea pode conectar-se a entradas deste amplificador XLR e desfrutar da qualidade de som superior que oferecem.<\/p>\n<p>POT\u00caNCIA:<br \/>\n5 canais de 140 Watts em 8 ohms<br \/>\nCONEX\u00c3O: RCA e XLR<br \/>\nDIMENS\u00d5ES: 43,2cm x 38cm x 17,8cm (LxPxA)<\/p>\n<p>Number of Channels 5 Power Output per Channel (8 ohms) 140 Power Output per Channel (6 ohms) 170 Power Output per Channel (4 ohms) &#8212; Frequency Response 8-100k THD 0.08% Bridged Power per Channel N\/A Speaker Outputs 5 THX Certification No Width (inches) 17-3\/8 Height (inches) 7-1\/4 Depth (inches) 16-1\/4 Weight 34.6 pounds Parts Warranty 3 Years Labor Warranty 3 Years Inputs &amp; Outputs Number of Inputs 5 Level Controls No Speaker Connectors Posts<\/p>\n","protected":false},"excerpt":{"rendered":"<p>Mesmo com o advento de 7,2 e 9,2-canal de sistemas de som surround, os amantes de teatro mais em casa ainda optar por tentou-e-verdadeiro som de 5.1 canais. Reconhecendo esta realidade, Marantz constru\u00edda essa usina de 5 canais como o companheiro prim\u00e1rio para sua AV7005 preamp \/ processador. Voc\u00ea n\u00e3o ter\u00e1 que comprar mais canais [&hellip;]<\/p>\n","protected":false},"featured_media":996,"template":"","meta":{"_acf_changed":false},"product_brand":[],"product_cat":[27,92,48],"product_tag":[],"class_list":{"0":"post-999","1":"product","2":"type-product","3":"status-publish","4":"has-post-thumbnail","6":"product_cat-amplificador","7":"product_cat-marantz","8":"product_cat-multicanal","10":"first","11":"instock","12":"sold-individually","13":"shipping-taxable","14":"purchasable","15":"product-type-simple"},"acf":[],"aioseo_notices":[],"_links":{"self":[{"href":"https:\/\/hificlub.com.br\/loja\/wp-json\/wp\/v2\/product\/999","targetHints":{"allow":["GET"]}}],"collection":[{"href":"https:\/\/hificlub.com.br\/loja\/wp-json\/wp\/v2\/product"}],"about":[{"href":"https:\/\/hificlub.com.br\/loja\/wp-json\/wp\/v2\/types\/product"}],"wp:featuredmedia":[{"embeddable":true,"href":"https:\/\/hificlub.com.br\/loja\/wp-json\/wp\/v2\/media\/996"}],"wp:attachment":[{"href":"https:\/\/hificlub.com.br\/loja\/wp-json\/wp\/v2\/media?parent=999"}],"wp:term":[{"taxonomy":"product_brand","embeddable":true,"href":"https:\/\/hificlub.com.br\/loja\/wp-json\/wp\/v2\/product_brand?post=999"},{"taxonomy":"product_cat","embeddable":true,"href":"https:\/\/hificlub.com.br\/loja\/wp-json\/wp\/v2\/product_cat?post=999"},{"taxonomy":"product_tag","embeddable":true,"href":"https:\/\/hificlub.com.br\/loja\/wp-json\/wp\/v2\/product_tag?post=999"}],"curies":[{"name":"wp","href":"https:\/\/api.w.org\/{rel}","templated":true}]}}