{"id":995,"date":"2023-10-17T19:53:45","date_gmt":"2023-10-17T22:53:45","guid":{"rendered":"https:\/\/hificlub.com.br\/loja2\/produto\/klipsch-reference-premiere-rp-8000f\/"},"modified":"2026-03-03T22:21:06","modified_gmt":"2026-03-04T01:21:06","slug":"klipsch-reference-premiere-rp-8000f","status":"publish","type":"product","link":"https:\/\/hificlub.com.br\/loja\/produto\/klipsch-reference-premiere-rp-8000f\/","title":{"rendered":"KLIPSCH REFERENCE PREMIERE RP-8000F"},"content":{"rendered":"<p>Design de alto-falante de 2 vias<br \/>\nDual 8 \u201cWoofers de cone Cerametallic<br \/>\n1 \u201cTweeter Ventilado de Tit\u00e2nio LTS<br \/>\nTronco H\u00edbrido Tractrix<br \/>\nManipula\u00e7\u00e3o de pot\u00eancia de pico de 150W RMS \/ 600W<br \/>\nResposta de Freq\u00fc\u00eancia de 32 Hz a 25 kHz<br \/>\nImped\u00e2ncia de 8 Ohm<br \/>\nPorta Tractrix Traseira<br \/>\nBi-Amplifica\u00e7\u00e3o \/ Bi-Fia\u00e7\u00e3o Capaz<\/p>\n<p>Obtenha uma dimens\u00e3o adicional de som surround com o alto-falante de piso de \u00e9bano Klipsch Reference Premiere RP-8000F . Ele possui um design bidirecional com dois woofers de 8 \u201ce um tweeter de 1\u201d emparelhado com um chifre Tractrix h\u00edbrido composto de silicone de 90 x 90 \u00b0. Ele suporta configura\u00e7\u00f5es de bi-amplifica\u00e7\u00e3o e bi-cabeamento e at\u00e9 150W de energia cont\u00ednua.<\/p>\n<p>Buzina Tractrix H\u00edbrida Composta de Silicone 90 x 90 \u00b0<br \/>\nA geometria Tractrix foi projetada para fornecer uma transfer\u00eancia eficiente de ondas de alta frequ\u00eancia para a \u00e1rea de audi\u00e7\u00e3o. O plugue de fase e a face de silicone moldada e comprimida ajudam a garantir uma resposta de freq\u00fc\u00eancia suave para o som natural.<br \/>\nSuspens\u00e3o Linear de Viagem (LTS) Tweeter de Diafragma de Tit\u00e2nio<br \/>\nEsse design do tweeter ajuda a minimizar a distor\u00e7\u00e3o para um desempenho aprimorado e detalhado.<br \/>\nWoofers Cerameticos de Cobre-Girado<br \/>\nEsses woofers s\u00e3o projetados para serem r\u00edgidos, mas leves, para m\u00ednima distor\u00e7\u00e3o e maior efici\u00eancia. Os cones s\u00e3o acoplados a uma bobina de dupla camada de cobre enrolada para condutividade aumentada. Os woofers tamb\u00e9m est\u00e3o alojados em uma cesta de a\u00e7o n\u00e3o ressonante, estampada, que \u00e9 presa a um grande motor magn\u00e9tico para ajudar a melhorar a efici\u00eancia e reduzir a distor\u00e7\u00e3o, e s\u00e3o compat\u00edveis com o tweeter carregado de chifre.<br \/>\nProjeto de Tweeter Ventilado<br \/>\nA caixa do tweeter ventilado foi projetada para reduzir as ondas estacion\u00e1rias que criam harm\u00f4nicos indesejados, resultando em detalhes aumentados e clareza na reprodu\u00e7\u00e3o de alta frequ\u00eancia.<br \/>\nPorto Tractrix<br \/>\nUtilizando a geometria Tractrix, essa porta ajuda a fornecer uma transfer\u00eancia de ar r\u00e1pida e eficiente do gabinete, reduzindo o ru\u00eddo da porta para baixas frequ\u00eancias. A porta Tractrix tem chamas internas que ajudam a reduzir a turbul\u00eancia do ar que entra na porta para obter graves mais claros e potentes.<br \/>\nCapacidade de bi-fia\u00e7\u00e3o e bi-amplifica\u00e7\u00e3o<br \/>\nDois terminais de entrada est\u00e3o a bordo para bi-cabeamento e bi-amplifica\u00e7\u00e3o do alto-falante. A bi-fia\u00e7\u00e3o separa a corrente de alta e baixa frequ\u00eancia em cabos de alto-falante separados para reduzir a distor\u00e7\u00e3o de intermodula\u00e7\u00e3o para m\u00e9dios mais claros, enquanto a bi-amplifica\u00e7\u00e3o permite a personaliza\u00e7\u00e3o usando crossovers externos ao usar amplificadores separados.<br \/>\nP\u00e9s de alum\u00ednio fundido<br \/>\nOs p\u00e9s s\u00e3o projetados mecanicamente para minimizar a \u00e1rea de superf\u00edcie em contato com o ch\u00e3o, desacoplando o alto-falante para baixas frequ\u00eancias mais r\u00e1pidas e mais apertadas e mais detalhes. Eles ajudam a fornecer uma apar\u00eancia mais moderna, com menos resson\u00e2ncia do que o pl\u00e1stico MDF ou ABS.<br \/>\nGrelha flex\u00edvel e remov\u00edvel<br \/>\nA grade anexa magneticamente para facilitar a fixa\u00e7\u00e3o e remo\u00e7\u00e3o.<br \/>\nRecursos est\u00e9ticos<br \/>\nDeflectores pintados a cetim com acabamento resistente a riscos<br \/>\nAn\u00e9is de guarni\u00e7\u00e3o anodizados com cobre<br \/>\nTratamento de logotipo gravado a laser<\/p>\n<p>&nbsp;<\/p>\n","protected":false},"excerpt":{"rendered":"<p>Design de alto-falante de 2 vias Dual 8 \u201cWoofers de cone Cerametallic 1 \u201cTweeter Ventilado de Tit\u00e2nio LTS Tronco H\u00edbrido Tractrix Manipula\u00e7\u00e3o de pot\u00eancia de pico de 150W RMS \/ 600W Resposta de Freq\u00fc\u00eancia de 32 Hz a 25 kHz Imped\u00e2ncia de 8 Ohm Porta Tractrix Traseira Bi-Amplifica\u00e7\u00e3o \/ Bi-Fia\u00e7\u00e3o Capaz Obtenha uma dimens\u00e3o adicional [&hellip;]<\/p>\n","protected":false},"featured_media":989,"template":"","meta":{"_acf_changed":false},"product_brand":[],"product_cat":[17,114,18],"product_tag":[],"class_list":{"0":"post-995","1":"product","2":"type-product","3":"status-publish","4":"has-post-thumbnail","6":"product_cat-caixas","7":"product_cat-klipsch","8":"product_cat-torres","10":"first","11":"instock","12":"sold-individually","13":"shipping-taxable","14":"purchasable","15":"product-type-simple"},"acf":[],"aioseo_notices":[],"_links":{"self":[{"href":"https:\/\/hificlub.com.br\/loja\/wp-json\/wp\/v2\/product\/995","targetHints":{"allow":["GET"]}}],"collection":[{"href":"https:\/\/hificlub.com.br\/loja\/wp-json\/wp\/v2\/product"}],"about":[{"href":"https:\/\/hificlub.com.br\/loja\/wp-json\/wp\/v2\/types\/product"}],"wp:featuredmedia":[{"embeddable":true,"href":"https:\/\/hificlub.com.br\/loja\/wp-json\/wp\/v2\/media\/989"}],"wp:attachment":[{"href":"https:\/\/hificlub.com.br\/loja\/wp-json\/wp\/v2\/media?parent=995"}],"wp:term":[{"taxonomy":"product_brand","embeddable":true,"href":"https:\/\/hificlub.com.br\/loja\/wp-json\/wp\/v2\/product_brand?post=995"},{"taxonomy":"product_cat","embeddable":true,"href":"https:\/\/hificlub.com.br\/loja\/wp-json\/wp\/v2\/product_cat?post=995"},{"taxonomy":"product_tag","embeddable":true,"href":"https:\/\/hificlub.com.br\/loja\/wp-json\/wp\/v2\/product_tag?post=995"}],"curies":[{"name":"wp","href":"https:\/\/api.w.org\/{rel}","templated":true}]}}