{"id":9938,"date":"2024-01-02T18:08:30","date_gmt":"2024-01-02T21:08:30","guid":{"rendered":"https:\/\/hificlub.com.br\/loja\/?post_type=product&#038;p=9938"},"modified":"2026-04-22T04:06:21","modified_gmt":"2026-04-22T07:06:21","slug":"airtight-atm-3-110-watts-55-watts","status":"publish","type":"product","link":"https:\/\/hificlub.com.br\/loja\/produto\/airtight-atm-3-110-watts-55-watts\/","title":{"rendered":"AIRTIGHT ATM-3 Amplificador Mono Valvulado Pentodo 110 watts Triodo 55 watts  220 volts"},"content":{"rendered":"<p>O primeiro amplificador de pot\u00eancia mono da Airtight em comemora\u00e7\u00e3o ao seu 5\u00ba anivers\u00e1rio.<\/p>\n<div id=\"detailarea\">\n<p>6CA7\/EL34 \u00e9 usado para o tubo de sa\u00edda, e push-pull triplo \u00e9 usado para garantir 100W ou mais, permitindo espa\u00e7o extra no tubo de v\u00e1cuo.\u00a0Al\u00e9m disso, ao conectar tubos de v\u00e1cuo em paralelo, a resist\u00eancia interna \u00e9 reduzida sem aumentar a tens\u00e3o da placa e \u00e9 alcan\u00e7ada alta pot\u00eancia.<br \/>\nIsto permite uma opera\u00e7\u00e3o est\u00e1vel durante um longo per\u00edodo de tempo sem aplicar carga excessiva a cada tubo de v\u00e1cuo.<\/p>\n<p>Seis tubos de v\u00e1cuo com as mesmas caracter\u00edsticas selecionadas por uma m\u00e1quina envelhecida s\u00e3o usados \u200b\u200bpara cada tubo de v\u00e1cuo.<br \/>\nAl\u00e9m disso, cada tubo \u00e9 equipado com um mecanismo independente de verifica\u00e7\u00e3o de polariza\u00e7\u00e3o para opera\u00e7\u00e3o est\u00e1vel a longo prazo nas melhores condi\u00e7\u00f5es e pode ser verificado e ajustado a qualquer momento pelo volume e medidor no painel frontal.<\/p>\n<p>Equipado com um circuito de comuta\u00e7\u00e3o para conex\u00e3o UL e conex\u00e3o de tubo de 3 p\u00f3los, o estado operacional do tubo de sa\u00edda pode ser alterado de acordo com o alto-falante e a prefer\u00eancia de som.<br \/>\nA conex\u00e3o UL (Ultra-Linear) \u00e9 projetada para conectar a grade de blindagem do tubo de sa\u00edda multipolar \u00e0 deriva\u00e7\u00e3o localizada no meio do enrolamento prim\u00e1rio do transformador de sa\u00edda.\u00a0Neste m\u00e9todo de conex\u00e3o, a fase da tens\u00e3o da grade da tela \u00e9 oposta \u00e0 fase da tens\u00e3o da grade de controle, portanto atua como um feedback negativo para o tubo de sa\u00edda.\u00a0Portanto, a amplifica\u00e7\u00e3o \u00e9 menor do que quando a v\u00e1lvula multipolar est\u00e1 conectada.\u00a0Por\u00e9m, devido \u00e0 diminui\u00e7\u00e3o do grau de amplifica\u00e7\u00e3o, a resist\u00eancia interna da placa diminui rapidamente.\u00a0Como resultado, ele se estende na faixa de baixa frequ\u00eancia e exibe o poder de express\u00e3o de um tubo de v\u00e1cuo.\u00a0Al\u00e9m disso, o NFB est\u00e1vel \u00e9 aplicado em todas as frequ\u00eancias.<br \/>\nA conex\u00e3o do tubo de 3 p\u00f3los \u00e9 100% de feedback negativo aplicado \u00e0 grade da tela da conex\u00e3o UL.\u00a0A resist\u00eancia interna da placa do tubo de sa\u00edda \u00e9 ainda menor que a da conex\u00e3o UL, mas a diminui\u00e7\u00e3o na sa\u00edda tamb\u00e9m \u00e9 grande.\u00a0Quanto \u00e0 qualidade do som, a energia \u00e9 est\u00e1vel internamente e \u00e9 aplicada a todas as bandas, de modo que um poder expressivo doce pode ser obtido.<\/p>\n<p>A alta qualidade de som \u00e9 obtida finalizando com fia\u00e7\u00e3o de 1,1 ponto sem usar placa de circuito impresso.<\/p>\n<p>Um grande transformador \u00e9 usado para o transformador de pot\u00eancia, constituindo uma fonte de energia forte e com boa regula\u00e7\u00e3o.<\/p>\n<p>Adotamos o transformador da mais alta qualidade fabricado pela tamura Manufacturing Co., Ltd. com tecnologia de transformador que atendeu aos padr\u00f5es da Ag\u00eancia de Defesa.<br \/>\nEste transformador \u00e9 do tipo grande, compat\u00edvel com a baixa imped\u00e2ncia do impulso triplo e atinge baixa frequ\u00eancia sem distor\u00e7\u00e3o.\u00a0Al\u00e9m disso, a perda constante \u00e9 marcada como 0,25 dB, que \u00e9 o valor mais baixo para um transformador de sa\u00edda.\u00a0Al\u00e9m disso, a ado\u00e7\u00e3o do Orient Core elimina a mudan\u00e7a de frequ\u00eancia em toda a banda.<\/p>\n<p>Pe\u00e7as altamente confi\u00e1veis \u200b\u200bs\u00e3o cuidadosamente selecionadas e usadas.<\/p>\n<p>Para proteger a v\u00e1lvula de sa\u00edda, ela \u00e9 equipada com um circuito muting que corta a alta tens\u00e3o na v\u00e1lvula de sa\u00edda por aproximadamente 30 segundos ap\u00f3s a alimenta\u00e7\u00e3o ser ligada.<\/p>\n<\/div>\n<blockquote><p>Se voc\u00ea j\u00e1 viu um par de Marantz Modelo 9 menta, voc\u00ea tem uma ideia do ATM 3. Cada amplificador pesa cerca de 70 libras e tem uma linda placa frontal prateada escovada com um olho cicl\u00f3ptico (o medidor de polariza\u00e7\u00e3o) no meio.\u00a0Seis EL34 de cada lado produzem 55 watts em triodo e 110 em Ultra Linear.\u00a0Este amplificador n\u00e3o perde pot\u00eancia, exceto VTLs de maior pot\u00eancia e similares.\u00a0Os ajustes de polariza\u00e7\u00e3o s\u00e3o muito legais: uma pequena placa retangular na frente com o logotipo \u00e9 removida por dois parafusos, que escondem os seis parafusos de polariza\u00e7\u00e3o.\u00a0Os parafusos que prendem o painel frontal t\u00eam fun\u00e7\u00e3o dupla como chaves de fenda padr\u00e3o;\u00a0simplesmente mude o medidor de polariza\u00e7\u00e3o para o tubo correto e ajuste o parafuso de polariza\u00e7\u00e3o at\u00e9 que a agulha dentro do medidor fique centralizada na faixa correta.\u00a0Elegante e simples.<\/p>\n<p>Do ponto de vista a\u00e9reo, o amplificador \u00e9 dominado por dois transformadores enormes, incluindo o aclamado transformador de sa\u00edda Tamura.\u00a0Estes s\u00e3o os transformadores do seu pai, robustos e de constru\u00e7\u00e3o s\u00f3lida.\u00a0Eu removi as gaiolas e as guardei, pois elas estavam presas por v\u00e1rios parafusos allen e era um inc\u00f4modo continuar andando e andando.\u00a0Al\u00e9m disso, gosto de ver minhas v\u00e1lvulas brilhantes&#8230;.<\/p>\n<p>O amplificador tem uma grande chave seletora na parte traseira, que seleciona triodo ou ultralinear.\u00a0Fui avisado para desligar o amplificador antes de ligar, pois isso pode produzir um grande pico de corrente e potencialmente queimar fus\u00edveis (isso n\u00e3o aconteceu nas duas vezes em que negligenciei esse aviso, mas n\u00e3o vou desafiar o destino).<\/p>\n<p>Visualmente, o amplificador \u00e9 elegante.\u00a0Achei meu VAC Avatar SE uma pe\u00e7a legal, mas parece um tanto pedestre ao lado do Air Tights.<\/p>\n<p>Ent\u00e3o, como eles soam?\u00a0Como qualquer coisa que valha a pena na vida, eles fazem voc\u00ea esperar.\u00a0Cerca de uma hora e eles relaxam, e dentro de 2 horas eles realmente ficam muito mais transparentes do que quando est\u00e3o frios.\u00a0J\u00e1 ouvi revendedores reclamarem que 6 horas \u00e9 quando eles realmente soam melhor.<\/p>\n<p>No Ultralinear, eles ficaram muito mais pr\u00f3ximos do que considero um som triodo cl\u00e1ssico do que ultralinear, mas com excelente controle de graves e din\u00e2mica s\u00f3lida.\u00a0Ou seja, eles arrasaram, mas n\u00e3o com o brilho t\u00edpico que mascara um som mais sombrio e velado.\u00a0Com meu VAC Avatar SE, o modo ultralinear significou mais pot\u00eancia, mas \u00e0s custas daquela sensa\u00e7\u00e3o de \u201cvoc\u00ea est\u00e1 a\u00ed\u201d que voc\u00ea obt\u00e9m com o triodo.\u00a0Com o Air Tight, a diferen\u00e7a entre UltraLinear e triodo \u00e9 muito menos aparente.\u00a0Apenas uma maior sensa\u00e7\u00e3o de solidez e uma ligeira mas percept\u00edvel perda de presen\u00e7a.\u00a0No modo triodo, os graves n\u00e3o ficaram fl\u00e1cidos e a din\u00e2mica n\u00e3o ficou congestionada.\u00a0Parecia cada vez mais suave, mas com presen\u00e7a percept\u00edvel e mais ar.<\/p>\n<p>Ent\u00e3o, o que h\u00e1 para n\u00e3o gostar?\u00a0O calor, por exemplo.\u00a0No meu quartinho, 12 EL34 podem aquecer o ambiente principalmente no ver\u00e3o.\u00a0Al\u00e9m disso, o amplificador \u00e9 sens\u00edvel \u00e0s v\u00e1lvulas e tamb\u00e9m tem maior durabilidade do que a maioria das v\u00e1lvulas (1.500 a 2.000 horas \u00e9 comum).\u00a0Gra\u00e7as a Deus os EL34 s\u00e3o baratos, caso contr\u00e1rio, pode ficar caro!\u00a0Finalmente, em compara\u00e7\u00e3o com alguns dos melhores amplificadores valvulados atuais, como o Lamm, Audio Research ou os VTL mais recentes, o Air Tight n\u00e3o tem transpar\u00eancia em rela\u00e7\u00e3o a esses amplificadores mais novos.\u00a0Estou me perguntando se este \u00faltimo ponto depende da v\u00e1lvula e do sistema, e tentarei lan\u00e7ar alguns exemplos de NOS para as v\u00e1lvulas de entrada e reguladoras (12AX7 e 12AU7).\u00a0Tamb\u00e9m me pergunto se meus cabos atuais s\u00e3o adequados para a combina\u00e7\u00e3o Air Tight \/ Calypso e tentarei trocar algumas outras marcas.<\/p><\/blockquote>\n<p>&nbsp;<\/p>\n<hr \/>\n<p>&nbsp;<\/p>\n<div align=\"center\"><\/div>\n","protected":false},"excerpt":{"rendered":"<p>O primeiro amplificador de pot\u00eancia mono da Airtight em comemora\u00e7\u00e3o ao seu 5\u00ba anivers\u00e1rio. 6CA7\/EL34 \u00e9 usado para o tubo de sa\u00edda, e push-pull triplo \u00e9 usado para garantir 100W ou mais, permitindo espa\u00e7o extra no tubo de v\u00e1cuo.\u00a0Al\u00e9m disso, ao conectar tubos de v\u00e1cuo em paralelo, a resist\u00eancia interna \u00e9 reduzida sem aumentar a [&hellip;]<\/p>\n","protected":false},"featured_media":42439,"template":"","meta":{"_acf_changed":false},"product_brand":[],"product_cat":[256,27,31,30],"product_tag":[],"class_list":{"0":"post-9938","1":"product","2":"type-product","3":"status-publish","4":"has-post-thumbnail","6":"product_cat-airtight","7":"product_cat-amplificador","8":"product_cat-mono","9":"product_cat-valvulado","11":"first","12":"instock","13":"sold-individually","14":"shipping-taxable","15":"purchasable","16":"product-type-simple"},"acf":[],"aioseo_notices":[],"_links":{"self":[{"href":"https:\/\/hificlub.com.br\/loja\/wp-json\/wp\/v2\/product\/9938","targetHints":{"allow":["GET"]}}],"collection":[{"href":"https:\/\/hificlub.com.br\/loja\/wp-json\/wp\/v2\/product"}],"about":[{"href":"https:\/\/hificlub.com.br\/loja\/wp-json\/wp\/v2\/types\/product"}],"wp:featuredmedia":[{"embeddable":true,"href":"https:\/\/hificlub.com.br\/loja\/wp-json\/wp\/v2\/media\/42439"}],"wp:attachment":[{"href":"https:\/\/hificlub.com.br\/loja\/wp-json\/wp\/v2\/media?parent=9938"}],"wp:term":[{"taxonomy":"product_brand","embeddable":true,"href":"https:\/\/hificlub.com.br\/loja\/wp-json\/wp\/v2\/product_brand?post=9938"},{"taxonomy":"product_cat","embeddable":true,"href":"https:\/\/hificlub.com.br\/loja\/wp-json\/wp\/v2\/product_cat?post=9938"},{"taxonomy":"product_tag","embeddable":true,"href":"https:\/\/hificlub.com.br\/loja\/wp-json\/wp\/v2\/product_tag?post=9938"}],"curies":[{"name":"wp","href":"https:\/\/api.w.org\/{rel}","templated":true}]}}