{"id":9929,"date":"2024-01-02T18:08:28","date_gmt":"2024-01-02T21:08:28","guid":{"rendered":"https:\/\/hificlub.com.br\/loja\/?post_type=product&#038;p=9929"},"modified":"2025-05-03T05:31:37","modified_gmt":"2025-05-03T08:31:37","slug":"clearaudio-basic-plus-dual-chassis-high-performance-mm-mc-phono-stage","status":"publish","type":"product","link":"https:\/\/hificlub.com.br\/loja\/produto\/clearaudio-basic-plus-dual-chassis-high-performance-mm-mc-phono-stage\/","title":{"rendered":"CLEARAUDIO BASIC PLUS  Dual Chassis High Performance MM MC Phono Stage"},"content":{"rendered":"<p>ESTADO 9\/10<\/p>\n<p>O Basic Plus \u00e9 tudo o que um palco fonogr\u00e1fico de pre\u00e7o modesto deve ser. \u00c9 compacto, mas com acabamento elegante. \u00c9 comut\u00e1vel entre c\u00e1psulas mm e mc. Uma robusta fonte de alimenta\u00e7\u00e3o externa est\u00e1 inclu\u00edda e proporciona excelente isolamento de ru\u00eddos e RFI. Mais significativamente, a unidade oferece um palco sonoro amplo e deliciosamente resolvido, com graves de tirar o f\u00f4lego.<\/p>\n<p>O est\u00e1gio phono Basic Plus possui ganho suficiente para acionar as c\u00e1psulas phono de sa\u00edda mais baixa. O layout do circuito \u00e9 otimizado para alta separa\u00e7\u00e3o de canais. Possui terminais RCA de entrada e sa\u00edda banhados a ouro de alta qualidade.<br \/>\nUm \u00fanico bot\u00e3o alterna entre a funcionalidade de bobina m\u00f3vel e \u00edm\u00e3 m\u00f3vel. A placa de circuito \u00e9 revestida em um chassi de alum\u00ednio s\u00f3lido, usinado em CNC e livre de resson\u00e2ncia, proporcionando excelente prote\u00e7\u00e3o contra vibra\u00e7\u00f5es e resson\u00e2ncias indesejadas.<br \/>\nDevido ao seu tamanho compacto, os caminhos do sinal s\u00e3o extremamente curtos, o que resulta em uma reprodu\u00e7\u00e3o musical pura e sem ru\u00eddos. Um transformador de pot\u00eancia dedicado mant\u00e9m os circuitos de \u00e1udio o mais silenciosos poss\u00edvel.<br \/>\nA fonte de alimenta\u00e7\u00e3o por bateria Accu Plus da Clearaudio pode ser adicionada a qualquer momento, permitindo que o Basic Plus funcione com energia CC pura para um desempenho ainda maior.<\/p>\n","protected":false},"excerpt":{"rendered":"<p>ESTADO 9\/10 O Basic Plus \u00e9 tudo o que um palco fonogr\u00e1fico de pre\u00e7o modesto deve ser. \u00c9 compacto, mas com acabamento elegante. \u00c9 comut\u00e1vel entre c\u00e1psulas mm e mc. Uma robusta fonte de alimenta\u00e7\u00e3o externa est\u00e1 inclu\u00edda e proporciona excelente isolamento de ru\u00eddos e RFI. Mais significativamente, a unidade oferece um palco sonoro amplo [&hellip;]<\/p>\n","protected":false},"featured_media":21099,"template":"","meta":{"_acf_changed":false},"product_brand":[],"product_cat":[78,257,79],"product_tag":[],"class_list":{"0":"post-9929","1":"product","2":"type-product","3":"status-publish","4":"has-post-thumbnail","6":"product_cat-analogico-audio","7":"product_cat-clearaudio","8":"product_cat-pre-de-phono","10":"first","11":"instock","12":"sold-individually","13":"shipping-taxable","14":"purchasable","15":"product-type-simple"},"acf":[],"aioseo_notices":[],"_links":{"self":[{"href":"https:\/\/hificlub.com.br\/loja\/wp-json\/wp\/v2\/product\/9929","targetHints":{"allow":["GET"]}}],"collection":[{"href":"https:\/\/hificlub.com.br\/loja\/wp-json\/wp\/v2\/product"}],"about":[{"href":"https:\/\/hificlub.com.br\/loja\/wp-json\/wp\/v2\/types\/product"}],"wp:featuredmedia":[{"embeddable":true,"href":"https:\/\/hificlub.com.br\/loja\/wp-json\/wp\/v2\/media\/21099"}],"wp:attachment":[{"href":"https:\/\/hificlub.com.br\/loja\/wp-json\/wp\/v2\/media?parent=9929"}],"wp:term":[{"taxonomy":"product_brand","embeddable":true,"href":"https:\/\/hificlub.com.br\/loja\/wp-json\/wp\/v2\/product_brand?post=9929"},{"taxonomy":"product_cat","embeddable":true,"href":"https:\/\/hificlub.com.br\/loja\/wp-json\/wp\/v2\/product_cat?post=9929"},{"taxonomy":"product_tag","embeddable":true,"href":"https:\/\/hificlub.com.br\/loja\/wp-json\/wp\/v2\/product_tag?post=9929"}],"curies":[{"name":"wp","href":"https:\/\/api.w.org\/{rel}","templated":true}]}}