{"id":9730,"date":"2024-01-02T18:07:12","date_gmt":"2024-01-02T21:07:12","guid":{"rendered":"https:\/\/hificlub.com.br\/loja\/?post_type=product&#038;p=9730"},"modified":"2024-10-07T16:59:18","modified_gmt":"2024-10-07T19:59:18","slug":"unison-research-unico-dm-hibrido-mosfet-160-watts","status":"publish","type":"product","link":"https:\/\/hificlub.com.br\/loja\/produto\/unison-research-unico-dm-hibrido-mosfet-160-watts\/","title":{"rendered":"UNISON RESEARCH UNICO DM Hibrido Mosfet 160 watts"},"content":{"rendered":"<p>ESTADO 9\/10<\/p>\n<p>Unico DM \u00e9 um amplificador de pot\u00eancia h\u00edbrido dual-mono que \u00e9 o companheiro perfeito para o pr\u00e9-amplificador Unico PRE, embora se integre perfeitamente na maioria dos sistemas de \u00e1udio de alta qualidade. Comparado com o modelo anterior com o mesmo nome, o novo Unico DM oferece mais do que apenas um facelift. Quer\u00edamos melhorar substancialmente a unidade nos seus par\u00e2metros de design mais importantes, e a vers\u00e3o atual est\u00e1 mais robusta e poderosa do que nunca.<\/p>\n<p>Pot\u00eancia de sa\u00edda: 160W RMS cont\u00ednuo em 8ohm (est\u00e9reo).<br \/>\n650W RMS cont\u00ednuos em 8ohm (mono).<br \/>\nResposta de frequ\u00eancia: plana a 10 Hz \u00b1 -0,1 dB a 100 kHz.<br \/>\nEst\u00e1gio de entrada: Est\u00e1gio de tubo duplo classe A puro (ECC82\/12AU7).<br \/>\nEst\u00e1gio de sa\u00edda: Din\u00e2mico Classe A, par complementar Triple POWER MOSFET.<br \/>\nConectores de entrada: 1 n\u00e3o balanceado, 1 balanceado.<br \/>\nConectores de sa\u00edda: 4 + 4 para cada bi-fia\u00e7\u00e3o.<br \/>\nConsumo de energia: 900W m\u00e1x.<br \/>\nDimens\u00f5es: 17 polegadas x 7 polegadas x 17,3 polegadas.<br \/>\nPeso l\u00edquido: 55 libras.<\/p>\n","protected":false},"excerpt":{"rendered":"<p>ESTADO 9\/10 Unico DM \u00e9 um amplificador de pot\u00eancia h\u00edbrido dual-mono que \u00e9 o companheiro perfeito para o pr\u00e9-amplificador Unico PRE, embora se integre perfeitamente na maioria dos sistemas de \u00e1udio de alta qualidade. Comparado com o modelo anterior com o mesmo nome, o novo Unico DM oferece mais do que apenas um facelift. Quer\u00edamos [&hellip;]<\/p>\n","protected":false},"featured_media":9726,"template":"","meta":{"_acf_changed":false},"product_brand":[],"product_cat":[27,28,227],"product_tag":[],"class_list":{"0":"post-9730","1":"product","2":"type-product","3":"status-publish","4":"has-post-thumbnail","6":"product_cat-amplificador","7":"product_cat-estereo","8":"product_cat-unison-research","10":"first","11":"instock","12":"sold-individually","13":"shipping-taxable","14":"purchasable","15":"product-type-simple"},"acf":[],"aioseo_notices":[],"_links":{"self":[{"href":"https:\/\/hificlub.com.br\/loja\/wp-json\/wp\/v2\/product\/9730","targetHints":{"allow":["GET"]}}],"collection":[{"href":"https:\/\/hificlub.com.br\/loja\/wp-json\/wp\/v2\/product"}],"about":[{"href":"https:\/\/hificlub.com.br\/loja\/wp-json\/wp\/v2\/types\/product"}],"wp:featuredmedia":[{"embeddable":true,"href":"https:\/\/hificlub.com.br\/loja\/wp-json\/wp\/v2\/media\/9726"}],"wp:attachment":[{"href":"https:\/\/hificlub.com.br\/loja\/wp-json\/wp\/v2\/media?parent=9730"}],"wp:term":[{"taxonomy":"product_brand","embeddable":true,"href":"https:\/\/hificlub.com.br\/loja\/wp-json\/wp\/v2\/product_brand?post=9730"},{"taxonomy":"product_cat","embeddable":true,"href":"https:\/\/hificlub.com.br\/loja\/wp-json\/wp\/v2\/product_cat?post=9730"},{"taxonomy":"product_tag","embeddable":true,"href":"https:\/\/hificlub.com.br\/loja\/wp-json\/wp\/v2\/product_tag?post=9730"}],"curies":[{"name":"wp","href":"https:\/\/api.w.org\/{rel}","templated":true}]}}