{"id":9725,"date":"2024-01-02T18:07:10","date_gmt":"2024-01-02T21:07:10","guid":{"rendered":"https:\/\/hificlub.com.br\/loja\/?post_type=product&#038;p=9725"},"modified":"2025-06-26T06:12:02","modified_gmt":"2025-06-26T09:12:02","slug":"audio-research-reference-210-amplificadores-monos-210-watts","status":"publish","type":"product","link":"https:\/\/hificlub.com.br\/loja\/produto\/audio-research-reference-210-amplificadores-monos-210-watts\/","title":{"rendered":"AUDIO RESEARCH REFERENCE 210 Amplificadores monos 210 watts"},"content":{"rendered":"<p><span>Par de amplificadores de pot\u00eancia, considerados verdadeiros Hi-End, capazes de alimentar perfeitamente a grande maioria das caixas ac\u00fasticas do mercado sem perder a personalidade t\u00edmbrica das v\u00e1lvulas.<\/span><\/p>\n<p><strong><span>Caracter\u00edsticas<\/span><\/strong><span>\u00a0:<\/span><\/p>\n<ul>\n<li><span>Circuito valvulado totalmente balanceado.<\/span><\/li>\n<li><span>Pot\u00eancia 1 x 210W RMS em 8 ohms.<\/span><\/li>\n<li><span>Imped\u00e2ncia selecion\u00e1vel entre 4, 8 e 16 ohms.<\/span><\/li>\n<li><span>Resposta de frequ\u00eancia de 0,5 Hz a 240 kHz.<\/span><\/li>\n<li><span>Entrada de \u00e1udio XLR balanceada.<\/span><\/li>\n<li><span>Conectores de entrada\/sa\u00edda de gatilho de 12 V.<\/span><\/li>\n<li><span>Indicador de volt\u00edmetro no painel frontal.<\/span><\/li>\n<li><span>Controle remoto.<\/span><\/li>\n<li><span>Dimens\u00f5es 48,3 x 22,2 x 49,5 cm.<\/span><\/li>\n<li><span>Peso 33,6 quilos.<\/span><\/li>\n<li><span>Cor prata.<\/span><\/li>\n<\/ul>\n","protected":false},"excerpt":{"rendered":"<p>Par de amplificadores de pot\u00eancia, considerados verdadeiros Hi-End, capazes de alimentar perfeitamente a grande maioria das caixas ac\u00fasticas do mercado sem perder a personalidade t\u00edmbrica das v\u00e1lvulas. Caracter\u00edsticas\u00a0: Circuito valvulado totalmente balanceado. Pot\u00eancia 1 x 210W RMS em 8 ohms. Imped\u00e2ncia selecion\u00e1vel entre 4, 8 e 16 ohms. Resposta de frequ\u00eancia de 0,5 Hz a [&hellip;]<\/p>\n","protected":false},"featured_media":9720,"template":"","meta":{"_acf_changed":false},"product_brand":[],"product_cat":[27,29,31],"product_tag":[],"class_list":{"0":"post-9725","1":"product","2":"type-product","3":"status-publish","4":"has-post-thumbnail","6":"product_cat-amplificador","7":"product_cat-audio-research","8":"product_cat-mono","10":"first","11":"instock","12":"sold-individually","13":"shipping-taxable","14":"purchasable","15":"product-type-simple"},"acf":[],"aioseo_notices":[],"_links":{"self":[{"href":"https:\/\/hificlub.com.br\/loja\/wp-json\/wp\/v2\/product\/9725","targetHints":{"allow":["GET"]}}],"collection":[{"href":"https:\/\/hificlub.com.br\/loja\/wp-json\/wp\/v2\/product"}],"about":[{"href":"https:\/\/hificlub.com.br\/loja\/wp-json\/wp\/v2\/types\/product"}],"wp:featuredmedia":[{"embeddable":true,"href":"https:\/\/hificlub.com.br\/loja\/wp-json\/wp\/v2\/media\/9720"}],"wp:attachment":[{"href":"https:\/\/hificlub.com.br\/loja\/wp-json\/wp\/v2\/media?parent=9725"}],"wp:term":[{"taxonomy":"product_brand","embeddable":true,"href":"https:\/\/hificlub.com.br\/loja\/wp-json\/wp\/v2\/product_brand?post=9725"},{"taxonomy":"product_cat","embeddable":true,"href":"https:\/\/hificlub.com.br\/loja\/wp-json\/wp\/v2\/product_cat?post=9725"},{"taxonomy":"product_tag","embeddable":true,"href":"https:\/\/hificlub.com.br\/loja\/wp-json\/wp\/v2\/product_tag?post=9725"}],"curies":[{"name":"wp","href":"https:\/\/api.w.org\/{rel}","templated":true}]}}