{"id":9684,"date":"2024-01-02T18:06:58","date_gmt":"2024-01-02T21:06:58","guid":{"rendered":"https:\/\/hificlub.com.br\/loja\/?post_type=product&#038;p=9684"},"modified":"2026-03-03T22:18:39","modified_gmt":"2026-03-04T01:18:39","slug":"marantz-av7706-11-2-8k-ultra-hd-auro-3d-dolby-atmos-wifi-air-play","status":"publish","type":"product","link":"https:\/\/hificlub.com.br\/loja\/produto\/marantz-av7706-11-2-8k-ultra-hd-auro-3d-dolby-atmos-wifi-air-play\/","title":{"rendered":"MARANTZ AV7706 11.2 8K Ultra HD Auro 3D Dolby Atmos WiFi Air Play"},"content":{"rendered":"<p>Marantz AV7706 11.2Ch 8K Ultra HD AV Surround Pre-Amplifier<\/p>\n<p>Desfrute de streaming de \u00e1udio e som multicanal envolvente com seu amplificador e o pr\u00e9-amplificador HEOS Marantz AV7706 de 11,2 canais . Possui uma pr\u00e9-sa\u00edda XLR de 11,2 canais e uma pr\u00e9-sa\u00edda RCA de 11,2 canais e oferece compatibilidade com Dolby Atmos e DTS: X para decodifica\u00e7\u00e3o de \u00e1udio baseada em objeto. O suporte integrado para Bluetooth e AirPlay 2 permite que o pr\u00e9-amplificador transmita m\u00fasica sem fio de fontes compat\u00edveis, como smartphones e tablets.<\/p>\n<p>A conectividade Wi-Fi e Ethernet a bordo permite que o AV7706 acesse m\u00fasica do seu computador conectado ou NAS. A compatibilidade com Amazon Alexa, Google Assistant, Siri e Josh.ai permite que voc\u00ea controle certas fun\u00e7\u00f5es do pr\u00e9-amplificador apenas com sua voz por meio de seus dispositivos compat\u00edveis. Com oito entradas HDMI e tr\u00eas sa\u00eddas, o AV7706 pode atuar como um switcher de v\u00eddeo para seus componentes de fonte HD. Ele passar\u00e1 por sinais HDR 8K UHD, bem como pelos formatos HDR10, HDR10 +, Dolby Vision e HLG HDR. O pr\u00e9-amplificador tamb\u00e9m possui uma porta USB para acessar m\u00eddia armazenada em unidades flash USB.<\/p>\n<p>Nota:<br \/>\nO acesso a determinado conte\u00fado baseado na Internet pode exigir a assinatura de um servi\u00e7o.<br \/>\nProjetado para produzir um som musical<br \/>\nO AV7706 \u00e9 sintonizado pelos masters de som Marantz para fornecer uma assinatura sonora musical \u00fanica de quase qualquer fonte.<br \/>\nPara configura\u00e7\u00f5es vers\u00e1teis de home theater<br \/>\nEste pr\u00e9-amplificador foi projetado para fornecer op\u00e7\u00f5es de configura\u00e7\u00e3o vers\u00e1teis. Apresentando pr\u00e9-sa\u00eddas XLR e RCA de 11,2 canais, o AV7706 foi projetado para uso com amplifica\u00e7\u00e3o de pot\u00eancia externa de alta qualidade ou alto-falantes ativos para som audi\u00f3filo. Ele usa uma placa de circuito HDAM para ajudar a se\u00e7\u00e3o do pr\u00e9-amplificador a fornecer separa\u00e7\u00e3o de canais ideal, interfer\u00eancia m\u00ednima e uma rela\u00e7\u00e3o sinal-ru\u00eddo aprimorada para resolu\u00e7\u00e3o de detalhes precisos e imagem est\u00e9reo, enquanto os capacitores ELNA da se\u00e7\u00e3o anal\u00f3gica ajudam a oferecer pot\u00eancia aumentada e din\u00e2mica habilidade.<br \/>\nSe\u00e7\u00e3o HDMI avan\u00e7ada<br \/>\nOito entradas HDMI e tr\u00eas sa\u00eddas est\u00e3o integradas para acomodar suas fontes favoritas. Uma entrada HDMI suporta passagem de 8K \/ 60 Hz ou 4K \/ 120 Hz, subamostragem 4: 4: 4 Pure Color, Dolby Vision, HLG, HDR10, v\u00eddeo 21: 9, 3D e passagem BT.2020; A prote\u00e7\u00e3o de direitos autorais HDCP 2.3 \u00e9 compat\u00edvel com todas as entradas HDMI, permitindo que voc\u00ea aprimore seu entretenimento dom\u00e9stico com HDR10 +, HDR din\u00e2mico, ALLM (modo de baixa lat\u00eancia autom\u00e1tica), VRR (taxa de atualiza\u00e7\u00e3o vari\u00e1vel), QMS (troca r\u00e1pida de m\u00eddia) e QFT (Quick Frame Transport) suporte. O processador tamb\u00e9m pode aumentar sua fonte de v\u00eddeo nativa para uma qualidade pr\u00f3xima de 8K.<br \/>\nSuporte de \u00e1udio baseado em objeto HDMI eARC<br \/>\neARC (Enhanced Audio Return Channel) suporta a transmiss\u00e3o de \u00e1udio 3D dos aplicativos do seu monitor atrav\u00e9s de um \u00fanico cabo HDMI para uma configura\u00e7\u00e3o simples.<br \/>\nSuporte para formato de \u00e1udio baseado em objeto<br \/>\nDolby Atmos, DTS: X, Auro-3D, DTS Neural: X e DTS Virtual: X s\u00e3o projetados para criar som surround realista, posicionando e movendo sons individuais para quase qualquer ponto virtual em sua sala, incluindo sobrecarga, usando up-firing ou alto-falantes dedicados. DTS Virtual: X cria efeitos de altura virtual em arranjos de alto-falantes de 7.1, 5.1 ou 2.1 canais.<br \/>\nTecnologia IMAX Enhanced<br \/>\nA certifica\u00e7\u00e3o IMAX Enhanced indica que o AV7706 atende a certos crit\u00e9rios de desempenho de \u00e1udio e v\u00eddeo definidos por um comit\u00ea de engenheiros IMAX e DTS e especialistas t\u00e9cnicos de A \/ V. Esses crit\u00e9rios incluem imagem, som, escala e qualidade do conte\u00fado. Os modos calibrados IMAX integrados s\u00e3o definidos e aprovados por coloristas de Hollywood para ajudar a fornecer imagem e som aprimorados para conte\u00fado HDR UHD.<br \/>\nAmazon Alexa Voice Control<br \/>\nPe\u00e7a a Alexa para tocar m\u00fasicas do Pandora, Spotify, Amazon Music e muito mais. Voc\u00ea pode alternar entre as entradas, ajustar o volume, pausar, silenciar e tocar a pr\u00f3xima m\u00fasica, tudo com sua voz.<br \/>\nControle de voz do Google Assistente<br \/>\nPe\u00e7a ao Google Assistente integrado em seu dispositivo compat\u00edvel para controlar o conte\u00fado em seu ambiente de audi\u00e7\u00e3o. Inicie a m\u00fasica no app HEOS e pe\u00e7a ao Google Assistente para controlar o volume, a reprodu\u00e7\u00e3o e muito mais.<br \/>\nJosh.ai Smart Home Voice Automation<br \/>\nJosh.ai foi projetado para oferecer controle de voz flex\u00edvel para o AV7706 e o \u200b\u200bresto da sua casa inteligente compat\u00edvel. Ele \u00e9 instalado por integradores personalizados e acessado por meio de um aplicativo em seu iOS ou telefone ou tablet Android.<br \/>\nAirPlay 2 e Siri Voice Control<br \/>\nTransmita \u00e1udio de seus servi\u00e7os de m\u00fasica favoritos, como Apple Music e Spotify, ou assista a v\u00eddeos de servi\u00e7os como YouTube e Netflix de qualquer dispositivo iOS, Mac ou Apple TV e ou\u00e7a o \u00e1udio sincronizado com seus alto-falantes com o AirPlay 2. \u00c1udio sem fio em v\u00e1rias salas tamb\u00e9m \u00e9 compat\u00edvel, permitindo que voc\u00ea transmita conte\u00fado sem fio para v\u00e1rios dispositivos compat\u00edveis com AirPlay 2 simultaneamente com buffer de \u00e1udio aprimorado para ajudar a garantir uma reprodu\u00e7\u00e3o de \u00e1udio suave. O AirPlay 2 tamb\u00e9m fornece controle e agrupamento de dispositivos de \u00e1udio compat\u00edveis no Apple Music ou no aplicativo Home. Use o AirPlay 2 no aplicativo ou com sua voz via Siri.<br \/>\nConectividade sem fio aprimorada<br \/>\nO AV7706 \u00e9 equipado com um sistema de antena dupla que permite streaming via Bluetooth, Wi-Fi, AirPlay 2 ou o app HEOS. Al\u00e9m de transmitir para o pr\u00e9-amplificador via Bluetooth, voc\u00ea tamb\u00e9m pode transmitir do pr\u00e9-amplificador para seus fones de ouvido ou alto-falantes Bluetooth ou para fones de ouvido e alto-falantes simultaneamente. Isso \u00e9 conveniente se voc\u00ea tiver um membro da fam\u00edlia ou amigo com defici\u00eancia auditiva, para acomodar seus fones de ouvido e alto-falantes no quarto.<br \/>\n\u00c1udio de alta resolu\u00e7\u00e3o<br \/>\nDesfrute da fidelidade do \u00e1udio de alta resolu\u00e7\u00e3o com a capacidade de decodificar arquivos ALAC, FLAC e WAV de at\u00e9 24 bits \/ 192 kHz sem perdas, bem como trilhas DSD de 2,8 MHz e 5,6 MHz (o formato audi\u00f3filo do SACD). Reproduza m\u00fasica de alta resolu\u00e7\u00e3o, MP3s e outros tipos de arquivos populares por meio da porta USB do painel frontal e de fontes de rede.<br \/>\nConvers\u00e3o D \/ A de 32 bits em todos os canais<br \/>\nPara maior fidelidade e faixa din\u00e2mica com baixa distor\u00e7\u00e3o, o AV7706 possui conversores AKM D \/ A de 32 bits em todos os canais, ajudando a garantir alta fidelidade e correspond\u00eancia de canal precisa em todos os canais.<br \/>\nMarantz HDAM (M\u00f3dulo Amplificador Hiper din\u00e2mico) e Topologia de Feedback de Corrente<br \/>\nO AV7706 apresenta v\u00e1rios m\u00f3dulos HDAM, que s\u00e3o projetados para fornecer uma taxa de varia\u00e7\u00e3o r\u00e1pida, desempenho de banda larga e faixa din\u00e2mica aprimorada para qualidade de som ideal. A tecnologia de feedback de corrente, em vez da configura\u00e7\u00e3o t\u00edpica de feedback de tens\u00e3o, ajuda a fornecer uma largura de banda ampla e de malha fechada e uma taxa de varia\u00e7\u00e3o acentuada para aumentar ainda mais a fidelidade com fontes de \u00e1udio de banda larga.<br \/>\nEst\u00e1gio Phono EQ com HDAM<br \/>\nO HDAM foi projetado para superar as solu\u00e7\u00f5es de amplificador operacional com sua velocidade mais alta, ajudando a manter o sinal de \u00e1udio limpo e ajustado para desempenho de som aprimorado.<br \/>\nMulti-Source, Multi-Room Capability<br \/>\nAssista a um filme em uma sala enquanto outro membro da fam\u00edlia ouve um CD em uma zona diferente sem interrup\u00e7\u00e3o. Desfrute de som surround de 11,2 canais na sala principal e de uma fonte separada ou fluxo de m\u00fasica em at\u00e9 duas outras salas. Conecte um amplificador est\u00e9reo separado e alto-falantes \u00e0s pr\u00e9-sa\u00eddas de segunda e terceira zonas.<br \/>\nTodas as zonas de sa\u00edda de TV<br \/>\nCompartilhe o \u00e1udio da TV da zona principal com todas as suas zonas sem perder a reprodu\u00e7\u00e3o multicanal discreta na zona principal. Selecione \u201cFonte\u201d para a segunda ou terceira zona do aplicativo remoto AVR para que o \u00e1udio da zona principal n\u00e3o mude para PCM est\u00e9reo.<br \/>\nSa\u00eddas duplas de subwoofer<br \/>\nO AV7706 possui duas sa\u00eddas de subwoofer para ajudar a suavizar as baixas frequ\u00eancias e melhorar a dispers\u00e3o de graves, atenuando picos e quedas aud\u00edveis. Os subwoofers conectados podem ser calibrados independentemente com a tecnologia Audyssey Sub EQ HT para um desempenho de graves mais uniforme e personalizado para sua sala.<br \/>\nConectividade Smart TV<br \/>\nO AV7706 pode ser controlado com o controle remoto da sua TV inteligente atrav\u00e9s da funcionalidade HDMI CEC associada \u00e0 sua TV. Basta definir \u201cHDMI Control\u201d para \u201con\u201d no AV7706, depois definir \u201cSmart Menu\u201d para \u201con\u201d e come\u00e7ar a controlar o pr\u00e9-amplificador com o controle remoto da TV. A tela inicial do menu inteligente fornece acesso r\u00e1pido \u00e0s sele\u00e7\u00f5es de fonte e modo surround, menu de configura\u00e7\u00e3o do pr\u00e9-amplificador e quatro op\u00e7\u00f5es de sele\u00e7\u00e3o inteligente.<br \/>\nMarantz AVR Remote App<br \/>\nBaixe o aplicativo Marantz AVR Remote para controlar o receptor e acessar seu menu de configura\u00e7\u00e3o para ajustes detalhados de seus dispositivos iOS e Android compat\u00edveis.<br \/>\nFun\u00e7\u00f5es Smart Select<br \/>\nQuatro bot\u00f5es Smart Select armazenam sua configura\u00e7\u00e3o preferida para cada fonte, incluindo entrada, volume, configura\u00e7\u00e3o Audyssey e uma configura\u00e7\u00e3o \u201cAll Zone Stereo\u201d para o modo de festa.<br \/>\nProjetado para f\u00e1cil configura\u00e7\u00e3o<br \/>\nDepois de conectar seu monitor ao AV7706 via HDMI, o Assistente de Configura\u00e7\u00e3o Marantz aparece na tela para gui\u00e1-lo atrav\u00e9s da configura\u00e7\u00e3o, ajudando a estabelecer configura\u00e7\u00f5es para ajudar a alcan\u00e7ar a melhor qualidade de som para sua configura\u00e7\u00e3o. Ele tamb\u00e9m renomeia as entradas HDMI automaticamente quando conectadas, ou voc\u00ea pode renome\u00e1-las manualmente se preferir.<br \/>\nAudyssey MultEQ XT32 avan\u00e7ado<br \/>\nEquipado com o conjunto Audyssey Platinum de algoritmos DSP, o AV7706 apresenta corre\u00e7\u00e3o autom\u00e1tica de ambiente Audyssey MultEQ XT32. Com o microfone inclu\u00eddo, o MultEQ XT32 foi projetado para analisar a sa\u00edda de cada alto-falante (e subwoofer) em at\u00e9 oito locais de medi\u00e7\u00e3o e gerar filtros digitais para ajudar a otimizar cada canal para a frequ\u00eancia correta e a resposta no dom\u00ednio do tempo.<\/p>\n<p>Audyssey Dynamic Volume suaviza saltos de volume perturbadores, como em comerciais barulhentos, permitindo que voc\u00ea ou\u00e7a em n\u00edveis mais baixos enquanto ainda desfruta de di\u00e1logos, m\u00fasica e efeitos sonoros claros, enquanto Audyssey Dynamic EQ fornece clareza de faixa total em praticamente qualquer n\u00edvel de audi\u00e7\u00e3o. Audyssey LFC (Low Frequency Containment) usa algoritmos psicoac\u00fasticos para fornecer um equil\u00edbrio de gama completa, incluindo graves profundos, sem perturbar os vizinhos pr\u00f3ximos ou aqueles em outras salas, e possui um ajuste de v\u00e1rias etapas.<\/p>\n<p>Audyssey Sub EQ HT fornece personaliza\u00e7\u00e3o DSP individual de cada subwoofer em uma configura\u00e7\u00e3o de subwoofer duplo, permitindo graves mais profundos com defini\u00e7\u00e3o aprimorada em compara\u00e7\u00e3o com uma configura\u00e7\u00e3o de subwoofer \u00fanico. Al\u00e9m disso, o aplicativo Audyssey MultEQ Editor permite que voc\u00ea visualize e ajuste as configura\u00e7\u00f5es para afina\u00e7\u00e3o detalhada e personalize o som com mais precis\u00e3o de acordo com sua sala e gostos.<br \/>\nMem\u00f3ria predefinida de alto-falante duplo<br \/>\nO AV7706 permite armazenar dois perfis Audyssey, bem como outras configura\u00e7\u00f5es de amplificador. Voc\u00ea pode alternar entre as duas configura\u00e7\u00f5es instantaneamente, dando-lhe a liberdade de ajustar sua experi\u00eancia de audi\u00e7\u00e3o para seu conte\u00fado ou ambiente de audi\u00e7\u00e3o.<br \/>\nCapacidades de controle externo<br \/>\nAdequado para instala\u00e7\u00f5es personalizadas e solu\u00e7\u00e3o de problemas remotos, o AV7706 possui uma variedade de recursos para fornecer controle aprimorado e compatibilidade com solu\u00e7\u00f5es de integra\u00e7\u00e3o personalizadas e de terceiros, incluindo controle IP via LAN com fio ou Wi-Fi. Para compatibilidade com outros componentes, use a entrada e sa\u00edda do controle remoto no painel traseiro, junto com a entrada do pisca-pisca e a sa\u00edda do acionador de 12V. O AV7706 tamb\u00e9m possui Control4 SDPP (Simple Device Detection Protocol) para integra\u00e7\u00e3o com equipamento de automa\u00e7\u00e3o residencial compat\u00edvel.<br \/>\nMais suporte para integra\u00e7\u00e3o personalizada<br \/>\nO AV7706 oferece suporte estendido para integra\u00e7\u00e3o em instala\u00e7\u00f5es personalizadas, incluindo suporte para tecnologias de gerenciamento e monitoramento remoto OvrC e Domotz Pro, bem como uma interface da web para controlar e configurar o pr\u00e9-amplificador de um computador na mesma rede.<br \/>\nCertificado \u201cRoon Tested\u201d<br \/>\nO servi\u00e7o Roon fornece informa\u00e7\u00f5es pesquis\u00e1veis \u200b\u200be surf\u00e1veis \u200b\u200bsobre seus artistas e m\u00fasicas favoritos. Encontre letras, datas de shows, fotos, biografias, avalia\u00e7\u00f5es e muito mais.<br \/>\nHEOS Multi-Room Streaming<br \/>\nCom o equipamento HEOS opcional adicional, voc\u00ea pode ouvir suas m\u00fasicas favoritas em qualquer lugar da casa. Compartilhe m\u00fasica armazenada em sua rede dom\u00e9stica, r\u00e1dio na Internet ou servi\u00e7os de streaming com alto-falantes sem fio HEOS opcionais ou outros receptores compat\u00edveis com HEOS em toda a casa. Desfrute de m\u00fasica do Spotify, TuneIn, SoundCloud, TIDAL, Napster, Deezer ou de suas bibliotecas de arquivos de m\u00fasica locais.<\/p>\n<p>Wi-fi Banda dupla (2,4 \/ 5 GHz)<br \/>\nBluetooth sim<br \/>\nAirPlay Sim, AirPlay 2<br \/>\nTipos de arquivos suportados MP3, WAV de 24 bits \/ 192 kHz, ALAC de 24 bits \/ 192 kHz, FLAC de 24 bits \/ 192 kHz, WAV de 24 bits \/ 192 kHz, DSD de 2,8 e 5,6 MHz<br \/>\nEntradas 8 x HDMI (1 frontal)<br \/>\n3 x v\u00eddeo componente 3RCA<br \/>\n4 x v\u00eddeo composto RCA (1 frontal)<br \/>\n2 x TOSLINK \u00f3ptico<br \/>\n2 x coaxial digital<br \/>\n6 x RCA est\u00e9reo (1 frontal)<br \/>\n1 x fone est\u00e9reo RCA com parafuso de aterramento<br \/>\n1 x 7.1 canais RCA<br \/>\nSa\u00eddas 3 x HDMI<br \/>\n1 x Pre-Out XLR de 11,2 canais<br \/>\n1 x Pre-Out RCA de 11,2 canais<br \/>\n2 x Pre-Outs RCA est\u00e9reo (Zona 2\/3)<br \/>\n1 x 1\/4 \u201c\/ 6,35 mm Headphone (Front)<br \/>\nOutras Portas 1 x USB tipo A (frontal)<br \/>\n1 x RJ45 Ethernet LAN<br \/>\n1 x entrada remota RCA<br \/>\n1 x sa\u00edda remota RCA<br \/>\n2 x 1\/8 \u201c\/ 3,5 mm Trigger Out<br \/>\n1 x 1\/8\u2033 \/ 3,5 mm IR pisca-pisca em<br \/>\n1 x DE9 RS-232C<br \/>\n2 x terminais de antena sem fio<br \/>\n1 x entrada de antena FM<br \/>\n1 x entrada de antena AM<br \/>\n1 x 1\/8 \u201c\/ 3,5 mm Configura\u00e7\u00e3o de entrada de microfone (frente)<br \/>\nSintonizador<br \/>\nTuner Bands AM, FM<br \/>\n\u00c1udio<br \/>\nFormatos de \u00c1udio Formatos nativos: Dolby Atmos, Dolby TrueHD, DTS: X, Auro-3D, IMAX Enhanced<br \/>\nUpsampling Technologies: Dolby Atmos Height Virtualization Technology, Dolby Surround, DTS Neural: X, DTS Virtual: X, Auromatic,<br \/>\nDAC Conversores AKM D \/ A de 32 bits em todos os canais<br \/>\nV\u00eddeo<br \/>\nSuporte HDR HDR10, HDR10 +, Dolby Vision, HLG Pass-Through<br \/>\nVers\u00e3o HDCP 2.3<br \/>\nUpscaling HD para 8K UHD, SD para HD<br \/>\nEspecifica\u00e7\u00f5es F\u00edsicas<br \/>\nRequerimentos poderosos 120 VAC, 60 Hz<br \/>\nConsumo de energia (ativo) 60 W.<br \/>\nDimens\u00f5es (L x A x P) 17,38 x 7,38 x 15,5 \u201c\/ 44,13 x 18,73 x 39,37 cm<\/p>\n","protected":false},"excerpt":{"rendered":"<p>Marantz AV7706 11.2Ch 8K Ultra HD AV Surround Pre-Amplifier Desfrute de streaming de \u00e1udio e som multicanal envolvente com seu amplificador e o pr\u00e9-amplificador HEOS Marantz AV7706 de 11,2 canais . Possui uma pr\u00e9-sa\u00edda XLR de 11,2 canais e uma pr\u00e9-sa\u00edda RCA de 11,2 canais e oferece compatibilidade com Dolby Atmos e DTS: X para [&hellip;]<\/p>\n","protected":false},"featured_media":13812,"template":"","meta":{"_acf_changed":false},"product_brand":[],"product_cat":[21,92,23],"product_tag":[],"class_list":{"0":"post-9684","1":"product","2":"type-product","3":"status-publish","4":"has-post-thumbnail","6":"product_cat-home-theater","7":"product_cat-marantz","8":"product_cat-processador","10":"first","11":"instock","12":"sold-individually","13":"shipping-taxable","14":"purchasable","15":"product-type-simple"},"acf":[],"aioseo_notices":[],"_links":{"self":[{"href":"https:\/\/hificlub.com.br\/loja\/wp-json\/wp\/v2\/product\/9684","targetHints":{"allow":["GET"]}}],"collection":[{"href":"https:\/\/hificlub.com.br\/loja\/wp-json\/wp\/v2\/product"}],"about":[{"href":"https:\/\/hificlub.com.br\/loja\/wp-json\/wp\/v2\/types\/product"}],"wp:featuredmedia":[{"embeddable":true,"href":"https:\/\/hificlub.com.br\/loja\/wp-json\/wp\/v2\/media\/13812"}],"wp:attachment":[{"href":"https:\/\/hificlub.com.br\/loja\/wp-json\/wp\/v2\/media?parent=9684"}],"wp:term":[{"taxonomy":"product_brand","embeddable":true,"href":"https:\/\/hificlub.com.br\/loja\/wp-json\/wp\/v2\/product_brand?post=9684"},{"taxonomy":"product_cat","embeddable":true,"href":"https:\/\/hificlub.com.br\/loja\/wp-json\/wp\/v2\/product_cat?post=9684"},{"taxonomy":"product_tag","embeddable":true,"href":"https:\/\/hificlub.com.br\/loja\/wp-json\/wp\/v2\/product_tag?post=9684"}],"curies":[{"name":"wp","href":"https:\/\/api.w.org\/{rel}","templated":true}]}}