{"id":9543,"date":"2024-01-02T18:06:28","date_gmt":"2024-01-02T21:06:28","guid":{"rendered":"https:\/\/hificlub.com.br\/loja\/?post_type=product&#038;p=9543"},"modified":"2026-03-03T22:18:39","modified_gmt":"2026-03-04T01:18:39","slug":"denon-dl-103r-capsula-mc","status":"publish","type":"product","link":"https:\/\/hificlub.com.br\/loja\/produto\/denon-dl-103r-capsula-mc\/","title":{"rendered":"DENON DL-103R Capsula MC"},"content":{"rendered":"<p>Som de assinatura Denon<br \/>\nInova\u00e7\u00e3o S\u00f4nica nos \u00daltimos 110 Anos<br \/>\nPor mais de um s\u00e9culo, criamos produtos de \u00e1udio de ponta que oferecem o m\u00e1ximo de detalhes. Nossa heran\u00e7a japonesa nos inspira, e cada produto \u00e9 ajustado manualmente por nosso mestre do som. Prepare-se para ouvir o som de forma diferente. <\/p>\n<p>A DL-103R \u00e9 uma vers\u00e3o atualizada da cl\u00e1ssica DL-103. Esta unidade oferece som melhorado ao usar bobinas de cobre 6N enroladas com precis\u00e3o ao eixo estrutural. Os audi\u00f3filos ficar\u00e3o encantados com o detalhe oferecido por esta fant\u00e1stica c\u00e9lula phono.<\/p>\n<p>Tip Moving Coil<\/p>\n<p>Output voltage 0.25 mV<\/p>\n<p>Frequency range 20 Hz [-] 45 kHz<\/p>\n<p>Output impedance 14 ohms<\/p>\n<p>Weight 8.5 g<\/p>\n","protected":false},"excerpt":{"rendered":"<p>Som de assinatura Denon Inova\u00e7\u00e3o S\u00f4nica nos \u00daltimos 110 Anos Por mais de um s\u00e9culo, criamos produtos de \u00e1udio de ponta que oferecem o m\u00e1ximo de detalhes. Nossa heran\u00e7a japonesa nos inspira, e cada produto \u00e9 ajustado manualmente por nosso mestre do som. Prepare-se para ouvir o som de forma diferente. A DL-103R \u00e9 uma [&hellip;]<\/p>\n","protected":false},"featured_media":17221,"template":"","meta":{"_acf_changed":false},"product_brand":[],"product_cat":[78,99,150],"product_tag":[],"class_list":{"0":"post-9543","1":"product","2":"type-product","3":"status-publish","4":"has-post-thumbnail","6":"product_cat-analogico-audio","7":"product_cat-capsulas","8":"product_cat-denon","10":"first","11":"instock","12":"sold-individually","13":"shipping-taxable","14":"purchasable","15":"product-type-simple"},"acf":[],"aioseo_notices":[],"_links":{"self":[{"href":"https:\/\/hificlub.com.br\/loja\/wp-json\/wp\/v2\/product\/9543","targetHints":{"allow":["GET"]}}],"collection":[{"href":"https:\/\/hificlub.com.br\/loja\/wp-json\/wp\/v2\/product"}],"about":[{"href":"https:\/\/hificlub.com.br\/loja\/wp-json\/wp\/v2\/types\/product"}],"wp:featuredmedia":[{"embeddable":true,"href":"https:\/\/hificlub.com.br\/loja\/wp-json\/wp\/v2\/media\/17221"}],"wp:attachment":[{"href":"https:\/\/hificlub.com.br\/loja\/wp-json\/wp\/v2\/media?parent=9543"}],"wp:term":[{"taxonomy":"product_brand","embeddable":true,"href":"https:\/\/hificlub.com.br\/loja\/wp-json\/wp\/v2\/product_brand?post=9543"},{"taxonomy":"product_cat","embeddable":true,"href":"https:\/\/hificlub.com.br\/loja\/wp-json\/wp\/v2\/product_cat?post=9543"},{"taxonomy":"product_tag","embeddable":true,"href":"https:\/\/hificlub.com.br\/loja\/wp-json\/wp\/v2\/product_tag?post=9543"}],"curies":[{"name":"wp","href":"https:\/\/api.w.org\/{rel}","templated":true}]}}