{"id":953,"date":"2023-10-17T19:53:34","date_gmt":"2023-10-17T22:53:34","guid":{"rendered":"https:\/\/hificlub.com.br\/loja2\/produto\/kimber-silver-streak-1m\/"},"modified":"2026-03-03T22:21:06","modified_gmt":"2026-03-04T01:21:06","slug":"kimber-silver-streak-1m","status":"publish","type":"product","link":"https:\/\/hificlub.com.br\/loja\/produto\/kimber-silver-streak-1m\/","title":{"rendered":"KIMBER SILVER STREAK  Ultraplate RCA  1 metro"},"content":{"rendered":"<p>Kimber Silver Streak &#8211; Valor M\u00e1ximo em HiEnd<\/p>\n<p>Esta interconex\u00e3o anal\u00f3gica incorpora condutores de prata e cobre isolados separadamente na geometria tri-tran\u00e7ada comprovada.<br \/>\nO sinal \u00e9 transportado pela mesma prata Hyper-pure, VariStrand\u2122 encontrada no mundialmente renomado KCAG.<br \/>\nO plano de aterramento \u00e9 composto de cobre Hyper-pure, VariStrand\u2122. Este cabo oferece velocidade, clareza e amplitude excepcionais a um custo muito razo\u00e1vel.<br \/>\nO Silver Streak single-ended apresenta conectores do tipo RCA WBT\u00ae usinados com precis\u00e3o. Conectores RCA WBT Nextgen\u2122 tamb\u00e9m est\u00e3o dispon\u00edveis.<\/p>\n<p>Nosso primeiro cabo h\u00edbrido de cobre\/prata que se baseia no desempenho de todos os modelos anteriores. Dois fios TCSS de cobre e um fio AGSS de prata fornecem um som suave, rico e aberto com alcance din\u00e2mico e ritmo muito al\u00e9m do pre\u00e7o pedido. Uma verdadeira pechincha audi\u00f3fila que pode satisfazer at\u00e9 o amante de m\u00fasica mais exigente. Silver Streak \u00e9 onde todos os superlativos da Kimber se re\u00fanem.<\/p>\n<p>Caracter\u00edsticas<\/p>\n<p>Diel\u00e9trico de fluorocarbono de baixa perda<br \/>\nTran\u00e7a de 3 fios<br \/>\nCondutores de cobre e prata VariStrand<br \/>\nTermina\u00e7\u00e3o soldada manualmente com aux\u00edlio de nitrog\u00eanio<br \/>\nEspecifica\u00e7\u00f5es el\u00e9tricas<\/p>\n<p>Final \u00fanico<\/p>\n<p>(Cp) capacit\u00e2ncia paralela: 53 pF \/ metro<br \/>\n(Ls) indut\u00e2ncia s\u00e9rie: 0,75 uH \/ metro<br \/>\n(Rdc) resist\u00eancia do circuito CC: 0,061 Ohm \/ metro <\/p>\n","protected":false},"excerpt":{"rendered":"<p>Kimber Silver Streak &#8211; Valor M\u00e1ximo em HiEnd Esta interconex\u00e3o anal\u00f3gica incorpora condutores de prata e cobre isolados separadamente na geometria tri-tran\u00e7ada comprovada. O sinal \u00e9 transportado pela mesma prata Hyper-pure, VariStrand\u2122 encontrada no mundialmente renomado KCAG. O plano de aterramento \u00e9 composto de cobre Hyper-pure, VariStrand\u2122. Este cabo oferece velocidade, clareza e amplitude excepcionais [&hellip;]<\/p>\n","protected":false},"featured_media":18177,"template":"","meta":{"_acf_changed":false},"product_brand":[],"product_cat":[61,71,64],"product_tag":[],"class_list":{"0":"post-953","1":"product","2":"type-product","3":"status-publish","4":"has-post-thumbnail","6":"product_cat-cabos","7":"product_cat-interconnect-rca","8":"product_cat-kimber","10":"first","11":"instock","12":"sold-individually","13":"shipping-taxable","14":"purchasable","15":"product-type-simple"},"acf":[],"aioseo_notices":[],"_links":{"self":[{"href":"https:\/\/hificlub.com.br\/loja\/wp-json\/wp\/v2\/product\/953","targetHints":{"allow":["GET"]}}],"collection":[{"href":"https:\/\/hificlub.com.br\/loja\/wp-json\/wp\/v2\/product"}],"about":[{"href":"https:\/\/hificlub.com.br\/loja\/wp-json\/wp\/v2\/types\/product"}],"wp:featuredmedia":[{"embeddable":true,"href":"https:\/\/hificlub.com.br\/loja\/wp-json\/wp\/v2\/media\/18177"}],"wp:attachment":[{"href":"https:\/\/hificlub.com.br\/loja\/wp-json\/wp\/v2\/media?parent=953"}],"wp:term":[{"taxonomy":"product_brand","embeddable":true,"href":"https:\/\/hificlub.com.br\/loja\/wp-json\/wp\/v2\/product_brand?post=953"},{"taxonomy":"product_cat","embeddable":true,"href":"https:\/\/hificlub.com.br\/loja\/wp-json\/wp\/v2\/product_cat?post=953"},{"taxonomy":"product_tag","embeddable":true,"href":"https:\/\/hificlub.com.br\/loja\/wp-json\/wp\/v2\/product_tag?post=953"}],"curies":[{"name":"wp","href":"https:\/\/api.w.org\/{rel}","templated":true}]}}