{"id":951,"date":"2023-10-17T19:53:34","date_gmt":"2023-10-17T22:53:34","guid":{"rendered":"https:\/\/hificlub.com.br\/loja2\/produto\/panasonic-ptae4000-full-hd-1600-lumins\/"},"modified":"2025-05-27T16:02:21","modified_gmt":"2025-05-27T19:02:21","slug":"panasonic-ptae4000-full-hd-1600-lumins","status":"publish","type":"product","link":"https:\/\/hificlub.com.br\/loja\/produto\/panasonic-ptae4000-full-hd-1600-lumins\/","title":{"rendered":"PANASONIC PTAE4000 Full HD  1600 Lumins"},"content":{"rendered":"<p>COR: PRETO<\/p>\n<p><span style=\"font-size: 1.5em;\">Caracteristicas Principais<\/span><\/p>\n<div>\n<p>\u00a0<strong>Qualidade da Imagem<\/strong><\/p>\n<div><strong>\u00a0<\/strong>Resolu\u00e7\u00e3o: Full HD (1920 x 1080)<\/div>\n<p>Brilho: 1600 ANSI Lumens<\/p>\n<p>Rela\u00e7\u00e3o de Contraste: 100.000:1<\/p>\n<p>Aspect Ratio: 16:9, 4:3<\/p>\n<p>Tipo de exposi\u00e7\u00e3o: LCD<\/p>\n<p><strong>Compatibilidade<\/strong><\/p>\n<p>Sinais de dados: Nativa: Full HD 1080p (1920 x 1080)<\/p>\n<p>Sinais de v\u00eddeo: 480i (525i), 480p (525p), 576i (625i), 576p (625p), 720 (750) \/ 50p, 720 (750) \/ 60p, 1080 (1125) \/ 24p, 1080 (1125) \/ 50i, 1080 (1125) \/ 50p, 1080 (1125) \/ 60i, 1080 (1125) \/ 60p NTSC, PAL-M, PAL-N, PAL 60, SECAM, NTSC, NTSC 4.43,<\/p>\n<p>Resolu\u00e7\u00e3o de v\u00eddeo: Nativa: Full HD 1080p (1920 x 1080)<\/p>\n<div><strong>Conectividade<\/strong><\/div>\n<p>Entradas<\/p>\n<p>Componente, RCA (Y, Pb, Pr) x 1<\/p>\n<p>V\u00eddeo Composto, RCA x 1<\/p>\n<p>HDMI 1.3 (High-Definition Multimedia Interface, vers\u00e3o 1.3) x 3<\/p>\n<p>S-V\u00eddeo (Mini DIN 4 pinos (Y \/ C)) x 1<\/p>\n<p>VGA (dados anal\u00f3gicos, mini D-Sub 15-pin) x 1<\/p>\n<p>RS-232 (Serial) x 1<\/p>\n<p><strong>Geral<\/strong><\/p>\n<p>Dimens\u00f5es: 13 x 46 x 30cm (A x L x P)<\/p>\n<p>Peso: 7.3 kg<\/p>\n<p><strong>Acess\u00f3rios Inclusos<\/strong><\/p>\n<p>Itens Inclusos: Cabo de alimenta\u00e7\u00e3o, Controle Remoto Sem Fio com Pilhas<\/p>\n<p>Maleta para Transporte: N\u00e3o inclusa<\/p>\n<\/div>\n","protected":false},"excerpt":{"rendered":"<p>COR: PRETO Caracteristicas Principais \u00a0Qualidade da Imagem \u00a0Resolu\u00e7\u00e3o: Full HD (1920 x 1080) Brilho: 1600 ANSI Lumens Rela\u00e7\u00e3o de Contraste: 100.000:1 Aspect Ratio: 16:9, 4:3 Tipo de exposi\u00e7\u00e3o: LCD Compatibilidade Sinais de dados: Nativa: Full HD 1080p (1920 x 1080) Sinais de v\u00eddeo: 480i (525i), 480p (525p), 576i (625i), 576p (625p), 720 (750) \/ 50p, [&hellip;]<\/p>\n","protected":false},"featured_media":948,"template":"","meta":{"_acf_changed":false},"product_brand":[],"product_cat":[86,85],"product_tag":[],"class_list":{"0":"post-951","1":"product","2":"type-product","3":"status-publish","4":"has-post-thumbnail","6":"product_cat-projetor","7":"product_cat-video","9":"first","10":"instock","11":"sold-individually","12":"shipping-taxable","13":"purchasable","14":"product-type-simple"},"acf":[],"aioseo_notices":[],"_links":{"self":[{"href":"https:\/\/hificlub.com.br\/loja\/wp-json\/wp\/v2\/product\/951","targetHints":{"allow":["GET"]}}],"collection":[{"href":"https:\/\/hificlub.com.br\/loja\/wp-json\/wp\/v2\/product"}],"about":[{"href":"https:\/\/hificlub.com.br\/loja\/wp-json\/wp\/v2\/types\/product"}],"wp:featuredmedia":[{"embeddable":true,"href":"https:\/\/hificlub.com.br\/loja\/wp-json\/wp\/v2\/media\/948"}],"wp:attachment":[{"href":"https:\/\/hificlub.com.br\/loja\/wp-json\/wp\/v2\/media?parent=951"}],"wp:term":[{"taxonomy":"product_brand","embeddable":true,"href":"https:\/\/hificlub.com.br\/loja\/wp-json\/wp\/v2\/product_brand?post=951"},{"taxonomy":"product_cat","embeddable":true,"href":"https:\/\/hificlub.com.br\/loja\/wp-json\/wp\/v2\/product_cat?post=951"},{"taxonomy":"product_tag","embeddable":true,"href":"https:\/\/hificlub.com.br\/loja\/wp-json\/wp\/v2\/product_tag?post=951"}],"curies":[{"name":"wp","href":"https:\/\/api.w.org\/{rel}","templated":true}]}}