{"id":9496,"date":"2024-01-02T18:06:17","date_gmt":"2024-01-02T21:06:17","guid":{"rendered":"https:\/\/hificlub.com.br\/loja\/?post_type=product&#038;p=9496"},"modified":"2026-03-03T22:18:40","modified_gmt":"2026-03-04T01:18:40","slug":"velodyne-dd18-plus-black-gloss-ebony-18-3000-watts","status":"publish","type":"product","link":"https:\/\/hificlub.com.br\/loja\/produto\/velodyne-dd18-plus-black-gloss-ebony-18-3000-watts\/","title":{"rendered":"VELODYNE DD18 Plus Black Gloss Ebony 18&#8243;  3000 watts"},"content":{"rendered":"<p>Nova S\u00e9rie Velodyne Acoustics Digital Drive Plus<br \/>\nTecnologia de ponta para verdadeiros gourmets<br \/>\nA s\u00e9rie Digital Drive Plus redefine o termo subwoofer. Drivers controlados digitalmente com desempenho impressionante, pot\u00eancia quase infinita e os mais recentes algoritmos de calibra\u00e7\u00e3o com amplas op\u00e7\u00f5es de ajuste tornam esses subwoofers ferramentas de precis\u00e3o de uma classe especial.<\/p>\n<p>Tecnologias de ponta aliadas a d\u00e9cadas de experi\u00eancia na constru\u00e7\u00e3o de subwoofers<br \/>\nfazem da s\u00e9rie Digital Drive Plus a ess\u00eancia de tudo o que a marca Velodyne Acoustics representa. Drivers de \u00faltima gera\u00e7\u00e3o controlados digitalmente, amplas op\u00e7\u00f5es de personaliza\u00e7\u00e3o e pot\u00eancia infinita levam a uma precis\u00e3o incorrupt\u00edvel at\u00e9 o por\u00e3o de frequ\u00eancia mais baixa<\/p>\n<p>As caracter\u00edsticas<br \/>\nChassi de alto desempenho com bobinas de voz de corda manual de seis vias.<br \/>\nControle de diafragma digital com 16.000 amostras por segundo<br \/>\nCalibra\u00e7\u00e3o autom\u00e1tica de alta precis\u00e3o com conex\u00e3o de software para ajuste fino<br \/>\nAmplificadores potentes com 1.250 watts RMS e 3.000 watts de pot\u00eancia de impulso<\/p>\n<p>Alto falante\tDisparo de 18\u2033 para frente<br \/>\nAmplificador Classe D\t3000 watts din\u00e2micos<br \/>\n1250 watts RMS de pot\u00eancia<br \/>\nResposta de frequ\u00eancia: Resposta de frequ\u00eancia geral<br \/>\n: (\u00b1 3 dB)\t8,8 \u2013 300 Hz<br \/>\n14,4 \u2013 120 Hz<br \/>\nDTD\t&lt; 0,5% (t\u00edpico)<br \/>\nCrossover de passagem alta\t80 ou 100 Hz a 6 dB\/oitava<br \/>\nCrossover passa-baixo\t40 Hz a 199 Hz (vari\u00e1vel em incrementos de 1 Hz) inclina\u00e7\u00e3o selecion\u00e1vel<br \/>\nPadr\u00e3o: 80 Hz a 24 dB\/oitava<br \/>\nEst\u00e1gio\t0 a 180 graus (vari\u00e1vel em incrementos de 15 graus)<br \/>\nPolaridade\tAjust\u00e1vel (+\/-)<br \/>\nEstrutura do \u00edm\u00e3\t39,7 libras.<br \/>\nBobina de voz\tSeis camadas, 75 mm<br \/>\nCone\tLaminado de fibra de vidro Rohacell<br \/>\nEntrada LFE (Mono)\tN\u00edvel de linha (RCA), imped\u00e2ncia nominal 47K, balanceado (XLR), imped\u00e2ncia nominal 10K<br \/>\nEntrada L&amp;R\tN\u00edvel de linha (RCA e XLR)<br \/>\nMicrofone de entrada\tBalanceado (Mini-XLR, cabo inclu\u00eddo)<br \/>\nN\u00edvel do alto-falante de entrada (L&amp;R)\tFio desencapado, plugues banana ou terminais tipo p\u00e1<br \/>\nSa\u00edda atrav\u00e9s (L&amp;R)\tN\u00edvel de linha (RCA e XLR)<br \/>\nSa\u00edda (L&amp;R), passa-alta (L&amp;R)\tN\u00edvel de linha (RCA e XLR)<br \/>\nAcess\u00f3rios inclu\u00eddos\tControle remoto completo, kit de acess\u00f3rios DD+ e cabo de v\u00eddeo<br \/>\nAcabamentos\t\u00c9bano preto brilhante ou preto piano<br \/>\nDimens\u00f5es (A\/L\/P) (inclui p\u00e9s e conectores)\t22,7\u201d x 20,7\u201d x 25,6\u201d (58 x 53 x 65 cm)<br \/>\nPeso de envio (aprox.)\t64,4 kg<\/p>\n","protected":false},"excerpt":{"rendered":"<p>Nova S\u00e9rie Velodyne Acoustics Digital Drive Plus Tecnologia de ponta para verdadeiros gourmets A s\u00e9rie Digital Drive Plus redefine o termo subwoofer. Drivers controlados digitalmente com desempenho impressionante, pot\u00eancia quase infinita e os mais recentes algoritmos de calibra\u00e7\u00e3o com amplas op\u00e7\u00f5es de ajuste tornam esses subwoofers ferramentas de precis\u00e3o de uma classe especial. Tecnologias de [&hellip;]<\/p>\n","protected":false},"featured_media":16169,"template":"","meta":{"_acf_changed":false},"product_brand":[],"product_cat":[17,36,143],"product_tag":[],"class_list":{"0":"post-9496","1":"product","2":"type-product","3":"status-publish","4":"has-post-thumbnail","6":"product_cat-caixas","7":"product_cat-subwoofer","8":"product_cat-velodyne","10":"first","11":"instock","12":"sold-individually","13":"shipping-taxable","14":"purchasable","15":"product-type-simple"},"acf":[],"aioseo_notices":[],"_links":{"self":[{"href":"https:\/\/hificlub.com.br\/loja\/wp-json\/wp\/v2\/product\/9496","targetHints":{"allow":["GET"]}}],"collection":[{"href":"https:\/\/hificlub.com.br\/loja\/wp-json\/wp\/v2\/product"}],"about":[{"href":"https:\/\/hificlub.com.br\/loja\/wp-json\/wp\/v2\/types\/product"}],"wp:featuredmedia":[{"embeddable":true,"href":"https:\/\/hificlub.com.br\/loja\/wp-json\/wp\/v2\/media\/16169"}],"wp:attachment":[{"href":"https:\/\/hificlub.com.br\/loja\/wp-json\/wp\/v2\/media?parent=9496"}],"wp:term":[{"taxonomy":"product_brand","embeddable":true,"href":"https:\/\/hificlub.com.br\/loja\/wp-json\/wp\/v2\/product_brand?post=9496"},{"taxonomy":"product_cat","embeddable":true,"href":"https:\/\/hificlub.com.br\/loja\/wp-json\/wp\/v2\/product_cat?post=9496"},{"taxonomy":"product_tag","embeddable":true,"href":"https:\/\/hificlub.com.br\/loja\/wp-json\/wp\/v2\/product_tag?post=9496"}],"curies":[{"name":"wp","href":"https:\/\/api.w.org\/{rel}","templated":true}]}}