{"id":9453,"date":"2024-01-02T18:06:09","date_gmt":"2024-01-02T21:06:09","guid":{"rendered":"https:\/\/hificlub.com.br\/loja\/?post_type=product&#038;p=9453"},"modified":"2026-01-30T17:01:12","modified_gmt":"2026-01-30T20:01:12","slug":"wyred-4-sound-mpre-c-dac","status":"publish","type":"product","link":"https:\/\/hificlub.com.br\/loja\/produto\/wyred-4-sound-mpre-c-dac\/","title":{"rendered":"WYRED 4 SOUND mPRE com DAC"},"content":{"rendered":"<p>O pr\u00e9-amplificador \u00e9 frequentemente o her\u00f3i an\u00f4nimo do sistema de \u00e1udio do amante da m\u00fasica. Sua fun\u00e7\u00e3o \u00e9 fornecer atenua\u00e7\u00e3o, permanecendo o mais transparente poss\u00edvel. A exist\u00eancia de ru\u00eddo, distor\u00e7\u00e3o, colora\u00e7\u00e3o ou outra feiura auditiva impede que seu investimento atinja seu potencial m\u00e1ximo.<\/p>\n<p>Sabendo da import\u00e2ncia de um bom pr\u00e9-amplificador, projetamos nosso mPRE. Come\u00e7amos construindo o mPRE em torno de circuitos totalmente balanceados que rejeitam ativamente o ru\u00eddo e reduzem a distor\u00e7\u00e3o por toda a cadeia de sinal, da entrada \u00e0 sa\u00edda. Ent\u00e3o, adicionamos um controle de volume anal\u00f3gico e fontes de alimenta\u00e7\u00e3o completamente separadas para os canais direito e esquerdo para remover ainda mais o ru\u00eddo, produzir imagens hologr\u00e1ficas e destacar os melhores detalhes em sua m\u00fasica. Tamb\u00e9m est\u00e1 inclu\u00eddo um est\u00e1gio de fone de ouvido de desempenho s\u00f3lido que oferece qualidade de som notavelmente din\u00e2mica e autorit\u00e1ria.<\/p>\n<p>Se isso n\u00e3o for suficiente, este pr\u00e9-amplificador de \u00faltima gera\u00e7\u00e3o tem um DAC integrado que ostenta grande parte da tecnologia encontrada em nossos conversores digitais para anal\u00f3gicos independentes, tornando o mPRE um produto realmente excepcional a um pre\u00e7o muito atraente.<\/p>\n<p>Caracter\u00edsticas<br \/>\nTotalmente balanceado, design dual mono<br \/>\nBuffers de entrada e sa\u00edda de \u00faltima gera\u00e7\u00e3o<br \/>\nESS DAC integrado que suporta 24 bits 192 kHz em todas as entradas digitais<br \/>\nEntrada USB ass\u00edncrona, galvanicamente isolada, que suporta m\u00e1quinas Windows, n\u00e3o tem driver para Mac e suporta Linux<br \/>\nAmplificador de fone de ouvido<br \/>\nControle remoto<br \/>\nEntrada e sa\u00edda de gatilho de 12 V DC<br \/>\nEficiente (sem calor)<br \/>\nEntrada e sa\u00edda totalmente balanceadas<br \/>\nBuffers de entrada e sa\u00edda discretos<br \/>\nConvers\u00e3o desbalanceada para balanceada (quando a entrada RCA \u00e9 selecionada e as sa\u00eddas XLR est\u00e3o sendo usadas)<br \/>\nConstru\u00e7\u00e3o robusta<br \/>\nPainel frontal, parte superior e laterais em alum\u00ednio usinado e anodizado<br \/>\nImped\u00e2ncia de entrada de 100k\u03a9<br \/>\n1 conjunto de entradas balanceadas (XLR)<br \/>\n1 conjunto de sa\u00eddas balanceadas (XLR)<br \/>\n2 conjuntos de entradas n\u00e3o balanceadas (RCA) (uma delas \u00e9 selecion\u00e1vel como bypass HT)<br \/>\n2 conjuntos de sa\u00eddas n\u00e3o balanceadas (RCA) (uma delas \u00e9 selecion\u00e1vel como uma sa\u00edda fixa de 2,0 V)<br \/>\nBypass de Home Theater<br \/>\nTens\u00e3o de rede externa selecion\u00e1vel 115\/230 VCA<br \/>\nPontes Schottky de alta qualidade<br \/>\nTamanho compacto (8&#8243;L x 3,5&#8243;A x 8&#8243;P)<br \/>\n8 libras.<\/p>\n<p>Especifica\u00e7\u00f5es<br \/>\nEntrada\/sa\u00edda XLR:<\/p>\n<p>THD+N t\u00edpico 20Hz-20kHz (A Wt) @ 2V: &lt;0,002%\u200b<br \/>\nRu\u00eddo 20Hz-20kHz (A Wt): &lt; 12\u00b5V<br \/>\nResposta de frequ\u00eancia 20Hz-20kHz: \u00b1 0,020db<br \/>\nRastreamento de canal: 95 dB<br \/>\nImped\u00e2ncia de entrada: 100k\u03a9<br \/>\nImped\u00e2ncia de sa\u00edda: 100\u03a9<br \/>\nRela\u00e7\u00e3o S\/N: &gt; 103 dB<br \/>\nGanho: 11,4 dB<br \/>\nEntrada\/sa\u00edda RCA:<\/p>\n<p>THD+N t\u00edpico 20Hz-20kHz (A Wt) @ 2V: &lt;0,007%<br \/>\nRu\u00eddo 20Hz-20kHz (A Wt): &lt; 8\u00b5V<br \/>\nResposta de frequ\u00eancia 20Hz-20kHz: \u00b1 0,002 db<br \/>\nRastreamento de canal: 118 dB<br \/>\nImped\u00e2ncia de entrada: 100k\u03a9<br \/>\nImped\u00e2ncia de sa\u00edda: 100\u03a9<br \/>\nRela\u00e7\u00e3o S\/N: &gt; 105 db<br \/>\nGanho: 5,3 db<br \/>\nEntrada digital\/sa\u00edda XLR:<\/p>\n<p>THD+N t\u00edpico 20Hz-20kHz (A Wt) @ 2V: &lt;0,006%\u200b<br \/>\nRu\u00eddo 20Hz-20kHz (A Wt): &lt; 12\u00b5V<br \/>\nResposta de frequ\u00eancia 20Hz-20kHz: \u00b1 0,002 db<br \/>\nRastreamento de canal: 118 dB<br \/>\nImped\u00e2ncia de entrada: 75\u03a9 (coaxial)<br \/>\nImped\u00e2ncia de sa\u00edda: 100\u03a9<br \/>\nRela\u00e7\u00e3o S\/N: &gt; 105 db<br \/>\nGanho: 17,2 db (Vrms\/FS)<br \/>\nSa\u00edda de fone de ouvido:<\/p>\n<p>Carga de 32\u03a9: 1,3 W a 0,1% THD+N<br \/>\nCarga de 300\u03a9: 255mW a 0,1% THD+N<br \/>\nCarga de 600\u03a9: 128mW a 0,1% THD+N<\/p>\n","protected":false},"excerpt":{"rendered":"<p>O pr\u00e9-amplificador \u00e9 frequentemente o her\u00f3i an\u00f4nimo do sistema de \u00e1udio do amante da m\u00fasica. Sua fun\u00e7\u00e3o \u00e9 fornecer atenua\u00e7\u00e3o, permanecendo o mais transparente poss\u00edvel. A exist\u00eancia de ru\u00eddo, distor\u00e7\u00e3o, colora\u00e7\u00e3o ou outra feiura auditiva impede que seu investimento atinja seu potencial m\u00e1ximo. Sabendo da import\u00e2ncia de um bom pr\u00e9-amplificador, projetamos nosso mPRE. Come\u00e7amos construindo [&hellip;]<\/p>\n","protected":false},"featured_media":19200,"template":"","meta":{"_acf_changed":false},"product_brand":[],"product_cat":[38,97],"product_tag":[],"class_list":{"0":"post-9453","1":"product","2":"type-product","3":"status-publish","4":"has-post-thumbnail","6":"product_cat-pre-amplificador","7":"product_cat-wyred-4-sound","9":"first","10":"instock","11":"sold-individually","12":"shipping-taxable","13":"purchasable","14":"product-type-simple"},"acf":[],"aioseo_notices":[],"_links":{"self":[{"href":"https:\/\/hificlub.com.br\/loja\/wp-json\/wp\/v2\/product\/9453","targetHints":{"allow":["GET"]}}],"collection":[{"href":"https:\/\/hificlub.com.br\/loja\/wp-json\/wp\/v2\/product"}],"about":[{"href":"https:\/\/hificlub.com.br\/loja\/wp-json\/wp\/v2\/types\/product"}],"wp:featuredmedia":[{"embeddable":true,"href":"https:\/\/hificlub.com.br\/loja\/wp-json\/wp\/v2\/media\/19200"}],"wp:attachment":[{"href":"https:\/\/hificlub.com.br\/loja\/wp-json\/wp\/v2\/media?parent=9453"}],"wp:term":[{"taxonomy":"product_brand","embeddable":true,"href":"https:\/\/hificlub.com.br\/loja\/wp-json\/wp\/v2\/product_brand?post=9453"},{"taxonomy":"product_cat","embeddable":true,"href":"https:\/\/hificlub.com.br\/loja\/wp-json\/wp\/v2\/product_cat?post=9453"},{"taxonomy":"product_tag","embeddable":true,"href":"https:\/\/hificlub.com.br\/loja\/wp-json\/wp\/v2\/product_tag?post=9453"}],"curies":[{"name":"wp","href":"https:\/\/api.w.org\/{rel}","templated":true}]}}