{"id":9407,"date":"2024-01-02T18:05:55","date_gmt":"2024-01-02T21:05:55","guid":{"rendered":"https:\/\/hificlub.com.br\/loja\/?post_type=product&#038;p=9407"},"modified":"2026-03-03T22:18:40","modified_gmt":"2026-03-04T01:18:40","slug":"kimber-bifocal-xl-biwire-2-metros","status":"publish","type":"product","link":"https:\/\/hificlub.com.br\/loja\/produto\/kimber-bifocal-xl-biwire-2-metros\/","title":{"rendered":"KIMBER BIFOCAL XL Biwire  2 metros"},"content":{"rendered":"<p><span dir=\"auto\">O Bifocal XL se baseia na plataforma BIFOCAL X, aumentando a massa de cobre em cada camada. Uma tran\u00e7a de 12 fios \u00e9 trabalhada ao redor do n\u00facleo X38R, seguida por uma camada de fio ESD tran\u00e7ado para separar os condutores de alta frequ\u00eancia da tran\u00e7a de 24 fios que comp\u00f5e os condutores de baixa frequ\u00eancia.<\/span><\/p>\n<p><span dir=\"auto\">Ap\u00f3s tr\u00eas passagens pela tran\u00e7adeira, voc\u00ea obt\u00e9m dois cabos distintos em um \u00fanico corpo. Um verdadeiro cabo bi-wire\u00a0 em um \u00fanico pacote elegante. Feito com partes iguais de condutores TC e VS. O melhor dos atributos TC e VS, com palco sonoro muito melhor e imagem mais precisa. Uma solu\u00e7\u00e3o ideal para percursos mais longos ou cargas mais desafiadoras.<\/span><\/p>\n<h3><span dir=\"auto\">Sobre a Kimber Cable<\/span><\/h3>\n<p><span dir=\"auto\">Fundada por Ray Kimber em 1979, a Kimber Cable \u00e9 uma pioneira respeitada na ind\u00fastria de cabos de alta fidelidade. Numa \u00e9poca em que nem mesmo os revendedores acreditavam em cabos, Ray utilizou design de excel\u00eancia e testes AB para ajudar a mudar o setor, e seus designs em constante evolu\u00e7\u00e3o fazem da Kimber uma marca de cabos consagrada at\u00e9 hoje.<\/span><\/p>\n<h3><span dir=\"auto\">Caracter\u00edsticas<\/span><\/h3>\n<ul>\n<li><span dir=\"auto\">Diel\u00e9trico de fluorocarbono de baixa perda<\/span><\/li>\n<li><span dir=\"auto\">Diel\u00e9trico de polietileno<\/span><\/li>\n<li><span dir=\"auto\">Condutores de cobre VariStrand<\/span><\/li>\n<li><span dir=\"auto\">36 fios de h\u00e9lice contra-oposta<\/span><\/li>\n<\/ul>\n","protected":false},"excerpt":{"rendered":"<p>O Bifocal XL se baseia na plataforma BIFOCAL X, aumentando a massa de cobre em cada camada. Uma tran\u00e7a de 12 fios \u00e9 trabalhada ao redor do n\u00facleo X38R, seguida por uma camada de fio ESD tran\u00e7ado para separar os condutores de alta frequ\u00eancia da tran\u00e7a de 24 fios que comp\u00f5e os condutores de baixa [&hellip;]<\/p>\n","protected":false},"featured_media":26183,"template":"","meta":{"_acf_changed":false},"product_brand":[],"product_cat":[61,62,64],"product_tag":[],"class_list":{"0":"post-9407","1":"product","2":"type-product","3":"status-publish","4":"has-post-thumbnail","6":"product_cat-cabos","7":"product_cat-caixa","8":"product_cat-kimber","10":"first","11":"instock","12":"sold-individually","13":"shipping-taxable","14":"purchasable","15":"product-type-simple"},"acf":[],"aioseo_notices":[],"_links":{"self":[{"href":"https:\/\/hificlub.com.br\/loja\/wp-json\/wp\/v2\/product\/9407","targetHints":{"allow":["GET"]}}],"collection":[{"href":"https:\/\/hificlub.com.br\/loja\/wp-json\/wp\/v2\/product"}],"about":[{"href":"https:\/\/hificlub.com.br\/loja\/wp-json\/wp\/v2\/types\/product"}],"wp:featuredmedia":[{"embeddable":true,"href":"https:\/\/hificlub.com.br\/loja\/wp-json\/wp\/v2\/media\/26183"}],"wp:attachment":[{"href":"https:\/\/hificlub.com.br\/loja\/wp-json\/wp\/v2\/media?parent=9407"}],"wp:term":[{"taxonomy":"product_brand","embeddable":true,"href":"https:\/\/hificlub.com.br\/loja\/wp-json\/wp\/v2\/product_brand?post=9407"},{"taxonomy":"product_cat","embeddable":true,"href":"https:\/\/hificlub.com.br\/loja\/wp-json\/wp\/v2\/product_cat?post=9407"},{"taxonomy":"product_tag","embeddable":true,"href":"https:\/\/hificlub.com.br\/loja\/wp-json\/wp\/v2\/product_tag?post=9407"}],"curies":[{"name":"wp","href":"https:\/\/api.w.org\/{rel}","templated":true}]}}