{"id":937,"date":"2023-10-17T19:53:32","date_gmt":"2023-10-17T22:53:32","guid":{"rendered":"https:\/\/hificlub.com.br\/loja2\/produto\/naim-nait-5si-60-watts\/"},"modified":"2024-11-29T22:19:24","modified_gmt":"2024-11-30T01:19:24","slug":"naim-nait-5si-60-watts","status":"publish","type":"product","link":"https:\/\/hificlub.com.br\/loja\/produto\/naim-nait-5si-60-watts\/","title":{"rendered":"NAIM NAIT 5Si  60 watts"},"content":{"rendered":"<p>COR: PRETO<br \/>\nCONDI\u00c7\u00c3O: DEMO<\/p>\n<p><strong><span style=\"font-size: small\">Amplificador integrado Naim Nait 5Si<\/span><\/strong><\/p>\n<p>O NAIT 5si \u00e9 a introdu\u00e7\u00e3o de 60 W por canal da Naim para amplifica\u00e7\u00e3o integrada de alto desempenho.\u00a0Outro amplificador Naim que pode reivindicar uma heran\u00e7a comum com nosso modelo NAIT cl\u00e1ssico, o NAIT 5si vai direto ao cora\u00e7\u00e3o da sua m\u00fasica.\u00a0Envolve at\u00e9 os ritmos mais complexos e din\u00e2micas exigentes com toda a ader\u00eancia e autoridade que voc\u00ea esperaria de n\u00f3s.\u00a0Seu inteligente modo AV bypass, que facilita uma coexist\u00eancia f\u00e1cil de sistemas AV e hi-fi distintos, simplesmente aumenta seu apelo.<\/p>\n<div class=\"productSectionContainerTitle\"><strong>Caracter\u00edsticas<\/strong><\/div>\n<div class=\"field field-name-field-product-features-text field-type-text-long field-label-hidden\">\n<div class=\"field-items\">\n<div class=\"field-item even\">\n<ul>\n<li>60W por canal de sa\u00edda de energia<\/li>\n<li>Quatro entradas com suporte para conex\u00f5es DIN e RCA<\/li>\n<li>Sa\u00edda de fone de ouvido de 1\/4\u201d (6,35 mm)<\/li>\n<li>Modo AV bypass para conex\u00e3o simples a um sistema AV existente<\/li>\n<\/ul>\n<div class=\"productSectionContainerTitle\"><\/div>\n<div class=\"field field-name-field-product-technical-text field-type-text-long field-label-hidden\">\n<div class=\"field-items\">\n<div class=\"field-item even\">\n<p>D\u00e9cadas se passaram, mas o papel do NAIT 5si \u00e9 fundamentalmente o mesmo de seu antepassado original.\u00a0Portanto, o desafio de engenharia &#8211; maximizar o desempenho mantendo a efici\u00eancia, qualidade e confiabilidade da engenharia &#8211; n\u00e3o mudou.\u00a0No entanto, a tecnologia do amplificador evoluiu consideravelmente e, embora o NAIT 5si ocupe a mesma posi\u00e7\u00e3o na linha Naim que o NAIT original, seu desempenho pode ser de um mundo diferente.<\/p>\n<p>O NAIT 5si fornece quatro entradas anal\u00f3gicas e um amplificador de pot\u00eancia de 60 watts por canal.\u00a0Ele empresta in\u00fameras tecnologias de todo o espectro de produtos Naim Audio;\u00a0todos dedicados a maximizar sua capacidade de comunicar os fundamentos da m\u00fasica.\u00a0E comunicar que sim.\u00a0O NAIT 5si traz clareza, din\u00e2mica envolvente e, acima de tudo, entusiasmo contagiante para todas as fontes e g\u00eaneros musicais.<\/p>\n<h3>Especifica\u00e7\u00f5es<\/h3>\n<table class=\"views-table cols-2\">\n<caption>Entradas de \u00e1udio<\/caption>\n<tbody>\n<tr class=\"odd views-row-first\">\n<td class=\"views-field views-field-field-extractor-field-ts-row-attribute-name\">Sensibilidade de entrada<\/td>\n<td class=\"views-field views-field-field-ts-row-attribute-value\">150mV<\/td>\n<\/tr>\n<tr class=\"even\">\n<td class=\"views-field views-field-field-extractor-field-ts-row-attribute-name\">Imped\u00e2ncia de entrada<\/td>\n<td class=\"views-field views-field-field-ts-row-attribute-value\">20k\u03a9<\/td>\n<\/tr>\n<tr class=\"odd views-row-last\">\n<td class=\"views-field views-field-field-extractor-field-ts-row-attribute-name\">Entrada Anal\u00f3gica<\/td>\n<td class=\"views-field views-field-field-ts-row-attribute-value\">2 x DIN, 4 x RCA<\/td>\n<\/tr>\n<\/tbody>\n<\/table>\n<table class=\"views-table cols-2\">\n<caption>Sa\u00eddas de \u00c1udio<\/caption>\n<tbody>\n<tr class=\"odd views-row-last\">\n<td class=\"views-field views-field-field-extractor-field-ts-row-attribute-name\">Sa\u00eddas de linha fixas (n\u00edvel)<\/td>\n<td class=\"views-field views-field-field-ts-row-attribute-value\">150mV, 600\u03a9<\/td>\n<\/tr>\n<tr class=\"even\">\n<td class=\"views-field views-field-field-extractor-field-ts-row-attribute-name\">Sa\u00eddas de \u00c1udio<\/td>\n<td class=\"views-field views-field-field-ts-row-attribute-value\">Alto-falantes, HDD<\/td>\n<\/tr>\n<tr class=\"odd\">\n<td class=\"views-field views-field-field-extractor-field-ts-row-attribute-name\">Outras Sa\u00eddas<\/td>\n<td class=\"views-field views-field-field-ts-row-attribute-value\">Fone de ouvido, conector de 1\/4&#8243;<\/td>\n<\/tr>\n<\/tbody>\n<\/table>\n<table class=\"views-table cols-2\">\n<caption>Sa\u00eddas de alto-falante<\/caption>\n<tbody>\n<tr class=\"odd\">\n<td class=\"views-field views-field-field-extractor-field-ts-row-attribute-name\">Pot\u00eancia da sa\u00edda<\/td>\n<td class=\"views-field views-field-field-ts-row-attribute-value\">60W\/canal, 8\u03a9<\/td>\n<\/tr>\n<tr class=\"even\">\n<td class=\"views-field views-field-field-extractor-field-ts-row-attribute-name\">transiente<\/td>\n<td class=\"views-field views-field-field-ts-row-attribute-value\">300VA<\/td>\n<\/tr>\n<\/tbody>\n<\/table>\n<table class=\"views-table cols-2\">\n<caption>Conectividade<\/caption>\n<tbody>\n<tr class=\"odd\">\n<td class=\"views-field views-field-field-extractor-field-ts-row-attribute-name\">Controle remoto<\/td>\n<td class=\"views-field views-field-field-ts-row-attribute-value\">Infravermelho (RC5)<\/td>\n<\/tr>\n<\/tbody>\n<\/table>\n<table class=\"views-table cols-2\">\n<caption>Controle de usu\u00e1rio<\/caption>\n<tbody>\n<tr class=\"odd\">\n<td class=\"views-field views-field-field-extractor-field-ts-row-attribute-name\">Painel frontal<\/td>\n<td class=\"views-field views-field-field-ts-row-attribute-value\">Controle de volume, matriz de quatro bot\u00f5es<\/td>\n<\/tr>\n<\/tbody>\n<\/table>\n<table class=\"views-table cols-2\">\n<caption>Poder<\/caption>\n<tbody>\n<tr class=\"odd\">\n<td class=\"views-field views-field-field-extractor-field-ts-row-attribute-name\">Fonte de alimenta\u00e7\u00e3o<\/td>\n<td class=\"views-field views-field-field-ts-row-attribute-value\">100 V, 115 V, 230 V;\u00a050 ou 60 Hz<\/td>\n<\/tr>\n<tr class=\"even\">\n<td class=\"views-field views-field-field-extractor-field-ts-row-attribute-name\">Consumo de energia (m\u00e1x.)<\/td>\n<td class=\"views-field views-field-field-ts-row-attribute-value\">300VA<\/td>\n<\/tr>\n<tr class=\"odd\">\n<td class=\"views-field views-field-field-extractor-field-ts-row-attribute-name\">Consumo de energia (quiescente)<\/td>\n<td class=\"views-field views-field-field-ts-row-attribute-value\">19VA<\/td>\n<\/tr>\n<\/tbody>\n<\/table>\n<table class=\"views-table cols-2\">\n<caption>F\u00edsico<\/caption>\n<tbody>\n<tr class=\"odd\">\n<td class=\"views-field views-field-field-extractor-field-ts-row-attribute-name\">Dimens\u00f5es (AxLxP)<\/td>\n<td class=\"views-field views-field-field-ts-row-attribute-value\">70 x 432 x 301 mm<\/td>\n<\/tr>\n<tr class=\"even\">\n<td class=\"views-field views-field-field-extractor-field-ts-row-attribute-name\">Peso<\/td>\n<td class=\"views-field views-field-field-ts-row-attribute-value\">6,8 kg<\/td>\n<\/tr>\n<tr class=\"odd\">\n<td class=\"views-field views-field-field-extractor-field-ts-row-attribute-name\">Dimens\u00f5es da embalagem<\/td>\n<td class=\"views-field views-field-field-ts-row-attribute-value\">200 x 590 x 500 mm<\/td>\n<\/tr>\n<tr class=\"even\">\n<td class=\"views-field views-field-field-extractor-field-ts-row-attribute-name\">Peso<\/td>\n<td class=\"views-field views-field-field-ts-row-attribute-value\">8,6kg<\/td>\n<\/tr>\n<tr class=\"odd\">\n<td class=\"views-field views-field-field-extractor-field-ts-row-attribute-name\">Fornecido com<\/td>\n<td class=\"views-field views-field-field-ts-row-attribute-value\">Controle remoto NARCOM-4, cabo de alimenta\u00e7\u00e3o Power-Line Lite (somente denomina\u00e7\u00f5es do Reino Unido)<\/td>\n<\/tr>\n<\/tbody>\n<\/table>\n<table class=\"views-table cols-2\">\n<caption>Terminar<\/caption>\n<tbody>\n<tr class=\"odd\">\n<td class=\"views-field views-field-field-extractor-field-ts-row-attribute-name\">Frente<\/td>\n<td class=\"views-field views-field-field-ts-row-attribute-value\">P\u00f3 preto revestido<\/td>\n<\/tr>\n<tr class=\"even\">\n<td class=\"views-field views-field-field-extractor-field-ts-row-attribute-name\">Caso<\/td>\n<td class=\"views-field views-field-field-ts-row-attribute-value\">P\u00f3 preto revestido<\/td>\n<\/tr>\n<\/tbody>\n<\/table>\n<\/div>\n<\/div>\n<\/div>\n<\/div>\n<\/div>\n<\/div>\n<p>&nbsp;<\/p>\n<div class=\"field field-name-field-product-technical-text field-type-text-long field-label-hidden\"><\/div>\n","protected":false},"excerpt":{"rendered":"<p>COR: PRETO CONDI\u00c7\u00c3O: DEMO Amplificador integrado Naim Nait 5Si O NAIT 5si \u00e9 a introdu\u00e7\u00e3o de 60 W por canal da Naim para amplifica\u00e7\u00e3o integrada de alto desempenho.\u00a0Outro amplificador Naim que pode reivindicar uma heran\u00e7a comum com nosso modelo NAIT cl\u00e1ssico, o NAIT 5si vai direto ao cora\u00e7\u00e3o da sua m\u00fasica.\u00a0Envolve at\u00e9 os ritmos mais [&hellip;]<\/p>\n","protected":false},"featured_media":15608,"template":"","meta":{"_acf_changed":false},"product_brand":[],"product_cat":[27,51,111],"product_tag":[],"class_list":{"0":"post-937","1":"product","2":"type-product","3":"status-publish","4":"has-post-thumbnail","6":"product_cat-amplificador","7":"product_cat-integrado","8":"product_cat-naim","10":"first","11":"instock","12":"sold-individually","13":"shipping-taxable","14":"purchasable","15":"product-type-simple"},"acf":[],"aioseo_notices":[],"_links":{"self":[{"href":"https:\/\/hificlub.com.br\/loja\/wp-json\/wp\/v2\/product\/937","targetHints":{"allow":["GET"]}}],"collection":[{"href":"https:\/\/hificlub.com.br\/loja\/wp-json\/wp\/v2\/product"}],"about":[{"href":"https:\/\/hificlub.com.br\/loja\/wp-json\/wp\/v2\/types\/product"}],"wp:featuredmedia":[{"embeddable":true,"href":"https:\/\/hificlub.com.br\/loja\/wp-json\/wp\/v2\/media\/15608"}],"wp:attachment":[{"href":"https:\/\/hificlub.com.br\/loja\/wp-json\/wp\/v2\/media?parent=937"}],"wp:term":[{"taxonomy":"product_brand","embeddable":true,"href":"https:\/\/hificlub.com.br\/loja\/wp-json\/wp\/v2\/product_brand?post=937"},{"taxonomy":"product_cat","embeddable":true,"href":"https:\/\/hificlub.com.br\/loja\/wp-json\/wp\/v2\/product_cat?post=937"},{"taxonomy":"product_tag","embeddable":true,"href":"https:\/\/hificlub.com.br\/loja\/wp-json\/wp\/v2\/product_tag?post=937"}],"curies":[{"name":"wp","href":"https:\/\/api.w.org\/{rel}","templated":true}]}}