{"id":9300,"date":"2024-01-02T18:05:28","date_gmt":"2024-01-02T21:05:28","guid":{"rendered":"https:\/\/hificlub.com.br\/loja\/?post_type=product&#038;p=9300"},"modified":"2026-03-03T22:18:40","modified_gmt":"2026-03-04T01:18:40","slug":"denon-pma-1700ne-usb-dac-dsd-phono-70-watts","status":"publish","type":"product","link":"https:\/\/hificlub.com.br\/loja\/produto\/denon-pma-1700ne-usb-dac-dsd-phono-70-watts\/","title":{"rendered":"DENON PMA-1700NE USB  DAC DSD PHONO 70 watts"},"content":{"rendered":"<h1 class=\"product_title entry-title wd-entities-title\">Amplificador integrado Denon PMA-1700NE \u2013 USB \u2013 DAC \u2013 DSD \u2013 PHONO<\/h1>\n<p>Apresentando pot\u00eancia avan\u00e7ada de circuito push-pull de corrente ultra-alta, processamento avan\u00e7ado AL32 e equalizador fono MM\/MC, o amplificador integrado Denon PMA-1700NE oferece qualidade de som extraordin\u00e1ria com detalhes precisos.<\/p>\n<p>Som poderoso de um amplificador integrado<br \/>\nProjetado com tecnologias Denon premium, este amplificador aciona dois canais a 140W.<\/p>\n<p>Reprodu\u00e7\u00e3o de \u00e1udio fiel<br \/>\nAdvanced AL32 Processing Plus oferece o som ricamente detalhado que o artista pretendia.<\/p>\n<p>Construa integridade com componentes selecionados<br \/>\nCom mais de 110 anos de excel\u00eancia em \u00e1udio, os produtos Denon s\u00e3o feitos para durar.<\/p>\n<p>Amplificador integrado de 140 W de alta pot\u00eancia<br \/>\nConduza seus alto-falantes com 140 Watts de pot\u00eancia por canal em 4 Ohms. Este amplificador integrado oferece compatibilidade com a mais ampla gama de 6 tipos de alto-falantes e imped\u00e2ncias para estabilidade operacional.<\/p>\n<p>Processamento AL32 Avan\u00e7ado Plus<br \/>\nAdvanced AL32 Processing Plus suporta fontes de \u00e1udio de alta resolu\u00e7\u00e3o de 384 kHz\/32 bits. Os algoritmos restauram as informa\u00e7\u00f5es perdidas durante a grava\u00e7\u00e3o digital para garantir uma reprodu\u00e7\u00e3o detalhada.<\/p>\n<p>USB-DAC<br \/>\nPara sincronizar circuitos digitais com precis\u00e3o, o PMA-1700NE fornece fun\u00e7\u00f5es USB-DAC que suportam sinais de entrada DSD de alta resolu\u00e7\u00e3o de at\u00e9 11,2 MHz e PCM de 384 kHz\/32 bits. Criado com qualidade excepcional, o DAC suprime o jitter e garante \u00f3tima precis\u00e3o na convers\u00e3o D\/A.<\/p>\n<p>Controles el\u00e9tricos de alta precis\u00e3o<br \/>\nO PMA-1700NE inclui controles el\u00e9tricos de volume, balan\u00e7o e tom, preservando a sensa\u00e7\u00e3o anal\u00f3gica de opera\u00e7\u00e3o. O mecanismo exclusivo oferece controle suave e linear.<\/p>\n<div>Amplificador<\/div>\n<div>Tipo de amplificador Amplificador integrado (combo pr\u00e9-amplificador\/amplificador de pot\u00eancia)<\/div>\n<div>Canais 2,0<\/div>\n<div>Sa\u00edda de pot\u00eancia por canal Acionado por 2 canais:<\/div>\n<div>70 W a 8 Ohms \/ 20 Hz a 20 kHz \/ 0,07% THD<\/div>\n<div>140 W a 4 Ohms \/ 1 kHz \/ 0,7% THD<\/div>\n<div>Resposta de Frequ\u00eancia 5 Hz a 100 kHz 0\/-3 dB<\/div>\n<div>THD 0,01% (8 Ohms, Sa\u00edda Nominal -3 dB)<\/div>\n<div>Imped\u00e2ncia do alto-falante 4 a 16 Ohms<\/div>\n<div>Controle de tom Graves (100 Hz): \u00b18,0 dB<\/div>\n<div>Agudos (10 kHz): \u00b18,0 dB<\/div>\n<div>Fator de amortecimento &gt; 100<\/div>\n<div>Processamento de \u00e1udio<\/div>\n<div>DAC 384 kHz \/ 32 bits (PCM1795)<\/div>\n<div>Conectividade<\/div>\n<div>Entradas A\/V Traseiras 3 x RCA<\/div>\n<div>1 x RCA est\u00e9reo (Phono MC\/MM) com parafuso de aterramento<\/div>\n<div>1 x amplificador de pot\u00eancia RCA est\u00e9reo direto<\/div>\n<div>2 x TOSLINK \u00f3ptico<\/div>\n<div>1 x coaxial digital<\/div>\n<div>1 x USB tipo B DAC<\/div>\n<div>Sa\u00eddas A\/V Traseiras 1 x gravador RCA<\/div>\n<div>E\/S frontal 1 x 1\/4&#8243; \/ 6,35 mm sa\u00edda de fone de ouvido<\/div>\n<div>Outras E\/S Traseiras 1 x 1\/8&#8243; \/ 3,5 mm (IR) Entrada<\/div>\n<div>1 x 1\/8&#8243; \/ 3,5 mm (IR) Sa\u00edda<\/div>\n<div>Conectores de alto-falante 4 x pares de postes de liga\u00e7\u00e3o banhados a ouro<\/div>\n<div>Ranhura para cart\u00e3o multim\u00e9dia Nenhum<\/div>\n<div>Sele\u00e7\u00e3o de alto-falante A\/B Sim<\/div>\n<div>Capacidade de Bi-Amp Sim<\/div>\n<div>Sensibilidade de entrada Fono (MM): 2,5 mV<\/div>\n<div>Fono (MC): 200 mV<\/div>\n<div>Linha: 125 mV<\/div>\n<div>Amplificador de Pot\u00eancia Direto: 0,85 V<\/div>\n<div>N\u00edvel m\u00e1ximo de entrada Fono (MM): 130 mV (1 kHz)<\/div>\n<div>Fono (MC): 10 mV (1 kHz)<\/div>\n<div>Desvio EQ Phono RIAA \u00b10,5 dB (20 Hz a 20 kHz)<\/div>\n<div>A rela\u00e7\u00e3o sinal-ru\u00eddo Fono (MM): 89 dB<\/div>\n<div>Fono (MC): 74 dB<\/div>\n<div>RCA: 107 dB<\/div>\n<div>Conectividade sem fio<\/div>\n<div>Wi-fi Nenhum<\/div>\n<div>Bluetooth Nenhum<\/div>\n<div>Poder<\/div>\n<div>Pot\u00eancia de entrada CA 120 VCA, 60 Hz<\/div>\n<div>Consumo de energia Ativo: 295 W<\/div>\n<div>Auto Desligado: 0,2 W<\/div>\n<div>Fisica<\/div>\n<div>Dimens\u00f5es (L x A x P) 434,0 x 135,0 x 410,0 mm<\/div>\n<div>Peso 17,6 kg<\/div>\n","protected":false},"excerpt":{"rendered":"<p>Amplificador integrado Denon PMA-1700NE \u2013 USB \u2013 DAC \u2013 DSD \u2013 PHONO Apresentando pot\u00eancia avan\u00e7ada de circuito push-pull de corrente ultra-alta, processamento avan\u00e7ado AL32 e equalizador fono MM\/MC, o amplificador integrado Denon PMA-1700NE oferece qualidade de som extraordin\u00e1ria com detalhes precisos. Som poderoso de um amplificador integrado Projetado com tecnologias Denon premium, este amplificador aciona [&hellip;]<\/p>\n","protected":false},"featured_media":13421,"template":"","meta":{"_acf_changed":false},"product_brand":[],"product_cat":[15,27,150,51],"product_tag":[],"class_list":{"0":"post-9300","1":"product","2":"type-product","3":"status-publish","4":"has-post-thumbnail","6":"product_cat-sem-categoria","7":"product_cat-amplificador","8":"product_cat-denon","9":"product_cat-integrado","11":"first","12":"instock","13":"sold-individually","14":"shipping-taxable","15":"purchasable","16":"product-type-simple"},"acf":[],"aioseo_notices":[],"_links":{"self":[{"href":"https:\/\/hificlub.com.br\/loja\/wp-json\/wp\/v2\/product\/9300","targetHints":{"allow":["GET"]}}],"collection":[{"href":"https:\/\/hificlub.com.br\/loja\/wp-json\/wp\/v2\/product"}],"about":[{"href":"https:\/\/hificlub.com.br\/loja\/wp-json\/wp\/v2\/types\/product"}],"wp:featuredmedia":[{"embeddable":true,"href":"https:\/\/hificlub.com.br\/loja\/wp-json\/wp\/v2\/media\/13421"}],"wp:attachment":[{"href":"https:\/\/hificlub.com.br\/loja\/wp-json\/wp\/v2\/media?parent=9300"}],"wp:term":[{"taxonomy":"product_brand","embeddable":true,"href":"https:\/\/hificlub.com.br\/loja\/wp-json\/wp\/v2\/product_brand?post=9300"},{"taxonomy":"product_cat","embeddable":true,"href":"https:\/\/hificlub.com.br\/loja\/wp-json\/wp\/v2\/product_cat?post=9300"},{"taxonomy":"product_tag","embeddable":true,"href":"https:\/\/hificlub.com.br\/loja\/wp-json\/wp\/v2\/product_tag?post=9300"}],"curies":[{"name":"wp","href":"https:\/\/api.w.org\/{rel}","templated":true}]}}