{"id":930,"date":"2023-10-17T19:53:29","date_gmt":"2023-10-17T22:53:29","guid":{"rendered":"https:\/\/hificlub.com.br\/loja2\/produto\/mcintosh-ma5300-usb-dac-mm-phono-100-watts\/"},"modified":"2026-03-03T22:21:07","modified_gmt":"2026-03-04T01:21:07","slug":"mcintosh-ma5300-usb-dac-mm-phono-100-watts","status":"publish","type":"product","link":"https:\/\/hificlub.com.br\/loja\/produto\/mcintosh-ma5300-usb-dac-mm-phono-100-watts\/","title":{"rendered":"MCINTOSH MA5300 USB DAC MM Phono 100 Watts"},"content":{"rendered":"<div class=\"row\">\n<div class=\"overview-body col-12\">\n<div class=\"row our-take\">\n<div class=\"col\">\n<div id=\"ourTake\" class=\"overviewText clearfix collapse show\">\n<div class=\"row\">\n<div class=\"col-12 overviewCopy\">\n<h2>Som enorme de um McIntosh mais compacto<\/h2>\n<p>Se voc\u00ea deseja o desempenho cl\u00e1ssico do McIntosh, mas o espa\u00e7o \u00e9 escasso, confira o amplificador integrado MA5300.\u00a0McIntosh o projetou para ser um pouco mais compacto &#8211; \u00e9 o menor amplificador integrado de estado s\u00f3lido que eles j\u00e1 fizeram.\u00a0E ainda oferece o som rico e poderoso pelo qual o equipamento McIntosh \u00e9 conhecido.<\/p>\n<p>Juntamente com seus atributos sonoros estelares, o MA5300 possui o visual McIntosh que conhecemos e amamos &#8211; painel frontal de vidro preto, medidores de energia azuis brilhantes, grandes bot\u00f5es de metal e logotipo iluminado.\u00a0E este lindo amplificador integrado foi projetado e constru\u00eddo aqui nos EUA.<\/p>\n<h3>Toda a sua m\u00fasica no seu melhor<\/h3>\n<p>Com um total de 12 entradas de \u00e1udio, incluindo seis conex\u00f5es digitais, o MA5300 oferece muita conectividade para um sistema de \u00e1udio completo.\u00a0Para o seu equipamento de \u00e1udio anal\u00f3gico, voc\u00ea encontrar\u00e1 quatro entradas RCA n\u00e3o balanceadas, al\u00e9m de uma entrada XLR balanceada para componentes de fonte profissionais ou de ponta.\u00a0O pr\u00e9-amplificador phono integrado de alta qualidade fornece uma conex\u00e3o para uma plataforma girat\u00f3ria com um cartucho phono de \u00edm\u00e3 m\u00f3vel.<\/p>\n<h3>\u00c0 prova de futuro para suas fontes de m\u00fasica digital<\/h3>\n<p>Todas as entradas digitais do MA5300 est\u00e3o contidas no m\u00f3dulo de \u00e1udio digital DA1 da McIntosh.\u00a0No cora\u00e7\u00e3o do DA1 est\u00e1 um DAC de 32 bits e 8 canais de alto desempenho.\u00a0Ele atualizar\u00e1 seriamente o som do seu reprodutor de disco, streamer de m\u00fasica ou TV.\u00a0A entrada USB lida com arquivos de m\u00fasica digital baseados em PCM de at\u00e9 32 bits\/384kHz e arquivos DSD de at\u00e9 11,2 MHz, para que voc\u00ea possa desfrutar de \u00e1udio de alta resolu\u00e7\u00e3o do seu computador.\u00a0O m\u00f3dulo DA1 pode ser substitu\u00eddo por m\u00f3dulos futuros para manter o MA5300 atualizado com tecnologias emergentes de \u00e1udio digital.<\/p>\n<h3>Muita energia para salas de tamanho modesto<\/h3>\n<p>Com potentes 100 watts por canal, a se\u00e7\u00e3o do amplificador de baixa distor\u00e7\u00e3o do MA5300 oferece pot\u00eancia mais do que suficiente para acionar bem um par de alto-falantes de alta qualidade.\u00a0O grande transformador de pot\u00eancia do amplificador usa v\u00e1rios capacitores de filtro para muitas reservas de energia para ajudar a fornecer resposta transit\u00f3ria ultrarr\u00e1pida e din\u00e2mica explosiva.<\/p>\n<h3>Confiabilidade lend\u00e1ria do McIntosh<\/h3>\n<p>Uma fonte de alimenta\u00e7\u00e3o regulada garante uma opera\u00e7\u00e3o est\u00e1vel e sem ru\u00eddo.\u00a0E caso voc\u00ea se empolgue, o circuito Power Guard patenteado da McIntosh evita o corte do amplificador para proteger seus alto-falantes.\u00a0A prote\u00e7\u00e3o t\u00e9rmica integrada e os circuitos de prote\u00e7\u00e3o de sa\u00edda do Sentry Monitor ajudam a evitar o superaquecimento para garantir alta confiabilidade e longa vida \u00fatil.<\/p>\n<p>Um recurso de passagem de home theater permite que voc\u00ea torne o MA5300 parte de um sistema de som surround multicanal.\u00a0Os canais frontais direito e esquerdo de um processador A\/V ou decodificador surround podem passar pelas entradas anal\u00f3gicas do amplificador, permitindo que voc\u00ea use sua sa\u00edda de pot\u00eancia de 100 watts por canal em seus alto-falantes frontais principais.<\/p>\n<h3>Uma heran\u00e7a de \u00e1udio mundialmente famosa, feita na Am\u00e9rica<\/h3>\n<p>Desde a sua funda\u00e7\u00e3o em 1949, a McIntosh definiu o significado de reprodu\u00e7\u00e3o de som de alta qualidade, estabelecendo os padr\u00f5es da ind\u00fastria para desempenho e confiabilidade superiores.\u00a0A empresa est\u00e1 sediada em Binghamton, Nova York, onde seus componentes e alto-falantes de \u00faltima gera\u00e7\u00e3o ainda s\u00e3o produzidos individualmente por uma equipe de especialistas qualificados.\u00a0Essa dedica\u00e7\u00e3o inflex\u00edvel \u00e0 qualidade fez da McIntosh um dos fabricantes de \u00e1udio mais reconhecidos e respeitados do mundo.<\/p>\n<\/div>\n<\/div>\n<p><a class=\"keep-reading js-overviewCloseBtn\" data-toggle=\"collapse\" data-target=\"#ourTake\" data-cf-track-value=\"Overview:Read More Collapse\" data-cf-track-evar=\"37\" data-cf-tracked=\"true\"><span style=\"font-size: 1.5em;\">Destaques do produto:<\/span><\/a><\/p>\n<\/div>\n<\/div>\n<\/div>\n<\/div>\n<\/div>\n<div class=\"row\">\n<div class=\"col-12 col-lg-7\">\n<div id=\"hightlightWrapper\" class=\"keep-reading-wrapper open\">\n<div class=\"highlight-wrapper\">\n<ul>\n<li>Em destaque em nosso artigo:\u00a0<a class=\"js-bestof-link\" href=\"https:\/\/www-crutchfield-com.translate.goog\/learn\/integrated-amplifiers-buying-guide.html?_x_tr_sl=en&amp;_x_tr_tl=pt&amp;_x_tr_hl=pt-BR&amp;_x_tr_pto=sc\" target=\"_blank\" rel=\"noopener\" data-cf-track=\"37;ProductPage:Overview: Best of article click\" data-cf-tracked=\"true\">Melhores amplificadores integrados para 2023<\/a><\/li>\n<li>100 watts x 2 canais em 8 ohms<\/li>\n<li>160 watts x 2 canais em 4 ohms<\/li>\n<li>distor\u00e7\u00e3o harm\u00f4nica total: 0,005% (em 20-20.000 Hz)<\/li>\n<li>resposta de frequ\u00eancia: 10 &#8211; 100.000 Hz (+0, -3dB)<\/li>\n<li>rela\u00e7\u00e3o sinal-ru\u00eddo: 95dB (n\u00edvel de linha), 82dB (phono), 110dB (amplificador de pot\u00eancia)<\/li>\n<li>fator de amortecimento: maior que 200<\/li>\n<li>O m\u00f3dulo de \u00e1udio digital DA1 pode ser substitu\u00eddo por m\u00f3dulos futuros para atualizar o amplificador com as mais recentes tecnologias de \u00e1udio digital\n<ul>\n<li>O m\u00f3dulo est\u00e1 equipado com um DAC Quad Balanceado de 8 canais, 32 bits\/192 kHz<\/li>\n<\/ul>\n<\/li>\n<li>amplificador de fone de ouvido High Drive embutido<\/li>\n<li>grande transformador de pot\u00eancia com v\u00e1rios capacitores de filtro e fonte de alimenta\u00e7\u00e3o regulada garante uma opera\u00e7\u00e3o est\u00e1vel e sem ru\u00eddo<\/li>\n<li>O circuito McIntosh Power Guard patenteado evita o corte do amplificador para proteger os alto-falantes<\/li>\n<li>Os circuitos Sentry Monitor e prote\u00e7\u00e3o t\u00e9rmica fornecem longa vida operacional do amplificador e prote\u00e7\u00e3o contra superaquecimento<\/li>\n<li>Home Theater Pass Through permite que o amplificador se torne parte de um sistema de som multicanal<\/li>\n<li>Painel frontal de vidro iluminado de fibra \u00f3ptica para uma apar\u00eancia bonita e durabilidade a longo prazo<\/li>\n<li>medidores de energia iluminados (com configura\u00e7\u00f5es de ligar\/desligar a ilumina\u00e7\u00e3o)<\/li>\n<li>configura\u00e7\u00f5es ajust\u00e1veis \u200b\u200bde brilho da tela do painel frontal<\/li>\n<li>feito \u00e0 m\u00e3o na f\u00e1brica da McIntosh em Binghamton, Nova York<\/li>\n<\/ul>\n<h5>Entradas:<\/h5>\n<ul>\n<li>entradas de \u00e1udio digital no m\u00f3dulo DA1:<\/li>\n<li>Entrada USB (Tipo B) para conex\u00e3o a um computador\n<ul>\n<li>suporta arquivos PCM de alta resolu\u00e7\u00e3o de at\u00e9 32 bits\/384kHz, arquivos DSD de at\u00e9 11,2 MHz e arquivos DXD<\/li>\n<\/ul>\n<\/li>\n<li>2 entradas digitais \u00f3pticas e 2 coaxiais\n<ul>\n<li>profundidade de bits e taxas de amostragem suportadas: at\u00e9 32 bits\/96 kHz<\/li>\n<\/ul>\n<\/li>\n<li>Entrada &#8220;MCT&#8221; propriet\u00e1ria para conectar componentes McIntosh compat\u00edveis, como um\u00a0<a href=\"https:\/\/www-crutchfield-com.translate.goog\/p_958MCT450\/McIntosh-MCT450.html?_x_tr_sl=en&amp;_x_tr_tl=pt&amp;_x_tr_hl=pt-BR&amp;_x_tr_pto=sc\">transporte est\u00e9reo\/SACD\/CD McIntosh MCT450<\/a><\/li>\n<li>entradas anal\u00f3gicas:<\/li>\n<li>1 conjunto de entradas XLR est\u00e9reo balanceadas<\/li>\n<li>4 entradas de \u00e1udio RCA est\u00e9reo<\/li>\n<li>entrada phono para cartucho magn\u00e9tico m\u00f3vel (MM)<\/li>\n<\/ul>\n<h5>Sa\u00eddas:<\/h5>\n<ul>\n<li>1 par de conectores de alto-falante de encaderna\u00e7\u00e3o folheados a ouro McIntosh personalizados<\/li>\n<li>sa\u00edda de fone de ouvido de tamanho completo<\/li>\n<li>Conectores de sa\u00edda de pr\u00e9-amplificador\/amplificador de pot\u00eancia RCA<\/li>\n<\/ul>\n<h5>Outras informa\u00e7\u00f5es e especifica\u00e7\u00f5es:<\/h5>\n<ul>\n<li>controles de graves e agudos com configura\u00e7\u00f5es de desvio de circuito de controle de tom para cada fonte de entrada individual<\/li>\n<li>A sa\u00edda de controle de energia fornece liga\/desliga conveniente dos componentes de origem do McIntosh<\/li>\n<li>2 portas de dados fornecem controle remoto de componentes de fonte McIntosh conectados ao amplificador<\/li>\n<li>Entrada RS-232 para uso com controladores externos<\/li>\n<li>entrada IR<\/li>\n<li>controlo remoto<\/li>\n<li>17-1\/2&#8243; L x 6&#8243; A x 22&#8243; P<\/li>\n<li>peso: 38 libras.<\/li>\n<\/ul>\n<\/div>\n<\/div>\n<\/div>\n<\/div>\n","protected":false},"excerpt":{"rendered":"<p>Som enorme de um McIntosh mais compacto Se voc\u00ea deseja o desempenho cl\u00e1ssico do McIntosh, mas o espa\u00e7o \u00e9 escasso, confira o amplificador integrado MA5300.\u00a0McIntosh o projetou para ser um pouco mais compacto &#8211; \u00e9 o menor amplificador integrado de estado s\u00f3lido que eles j\u00e1 fizeram.\u00a0E ainda oferece o som rico e poderoso pelo qual [&hellip;]<\/p>\n","protected":false},"featured_media":14440,"template":"","meta":{"_acf_changed":false},"product_brand":[],"product_cat":[27,51,39],"product_tag":[],"class_list":{"0":"post-930","1":"product","2":"type-product","3":"status-publish","4":"has-post-thumbnail","6":"product_cat-amplificador","7":"product_cat-integrado","8":"product_cat-mcintosh","10":"first","11":"instock","12":"sold-individually","13":"shipping-taxable","14":"product-type-simple"},"acf":[],"aioseo_notices":[],"_links":{"self":[{"href":"https:\/\/hificlub.com.br\/loja\/wp-json\/wp\/v2\/product\/930","targetHints":{"allow":["GET"]}}],"collection":[{"href":"https:\/\/hificlub.com.br\/loja\/wp-json\/wp\/v2\/product"}],"about":[{"href":"https:\/\/hificlub.com.br\/loja\/wp-json\/wp\/v2\/types\/product"}],"wp:featuredmedia":[{"embeddable":true,"href":"https:\/\/hificlub.com.br\/loja\/wp-json\/wp\/v2\/media\/14440"}],"wp:attachment":[{"href":"https:\/\/hificlub.com.br\/loja\/wp-json\/wp\/v2\/media?parent=930"}],"wp:term":[{"taxonomy":"product_brand","embeddable":true,"href":"https:\/\/hificlub.com.br\/loja\/wp-json\/wp\/v2\/product_brand?post=930"},{"taxonomy":"product_cat","embeddable":true,"href":"https:\/\/hificlub.com.br\/loja\/wp-json\/wp\/v2\/product_cat?post=930"},{"taxonomy":"product_tag","embeddable":true,"href":"https:\/\/hificlub.com.br\/loja\/wp-json\/wp\/v2\/product_tag?post=930"}],"curies":[{"name":"wp","href":"https:\/\/api.w.org\/{rel}","templated":true}]}}