{"id":9210,"date":"2024-01-02T18:04:59","date_gmt":"2024-01-02T21:04:59","guid":{"rendered":"https:\/\/hificlub.com.br\/loja\/?post_type=product&#038;p=9210"},"modified":"2024-10-07T16:59:19","modified_gmt":"2024-10-07T19:59:19","slug":"mbl-5011-com-mc-phono-full-balanced","status":"publish","type":"product","link":"https:\/\/hificlub.com.br\/loja\/produto\/mbl-5011-com-mc-phono-full-balanced\/","title":{"rendered":"MBL 5011 com MC Phono Full Balanced"},"content":{"rendered":"<p>ESTADO 9\/10<\/p>\n<p>Os entusiastas do Hi-Fi, que se contentam com nada menos do que uma reprodu\u00e7\u00e3o musical absolutamente neutra, ter\u00e3o os seus sonhos realizados com este pr\u00e9-amplificador. O padr\u00e3o sonoro \u00e9 tridimensional e bem diferenciado, a apresenta\u00e7\u00e3o \u00e9 din\u00e2mica e independente &#8211; voc\u00ea se sentir\u00e1 como se estivesse realmente em um evento ao vivo!<\/p>\n<p>A apar\u00eancia do mbl 5011 \u00e9 impressionante devido ao seu design simplificado, claro e pr\u00e1tico. Existem apenas os controlos que s\u00e3o tecnicamente absolutamente necess\u00e1rios. O controle de volume \u00e9 facilmente reconhec\u00edvel pelo seu tamanho e acabamento dourado ou cromado. As entradas e fun\u00e7\u00f5es s\u00e3o selecionadas usando bot\u00f5es totalmente met\u00e1licos polidos.<\/p>\n<p>O display digital no painel frontal indica o n\u00edvel exato de volume e combina um design atraente com um ajuste fino f\u00e1cil. A eletr\u00f4nica deste pr\u00e9-amplificador \u00e9 uma \u201cdelicadeza\u201d que satisfaz at\u00e9 as mais altas aspira\u00e7\u00f5es. Na parte traseira do mbl 5011 existem cinco entradas mais duas entradas opcionais adicionais para configurar o pr\u00e9-amplificador para atender \u00e0s suas necessidades pessoais.<\/p>\n<p>Al\u00e9m de entradas balanceadas e diretas de CD, a sele\u00e7\u00e3o de m\u00f3dulos opcionais inclui v\u00e1rias entradas Phono de alta qualidade para MM e MC. Para uma integra\u00e7\u00e3o suave de um processador de v\u00eddeo surround em seu sistema de \u00e1udio de \u00faltima gera\u00e7\u00e3o, nosso pr\u00e9-amplificador j\u00e1 possui uma entrada de processador\/bypass com amplifica\u00e7\u00e3o fixa instalada como padr\u00e3o.<\/p>\n<p>As sa\u00eddas oferecem o tipo de flexibilidade conhecida anteriormente com nosso pr\u00e9-amplificador de refer\u00eancia mbl 6010 D. O mbl 5011 tem um total de 6 sa\u00eddas. Al\u00e9m de uma &#8220;sa\u00edda fixa&#8221; &#8211; sa\u00edda n\u00e3o controlada para conectar, por exemplo, equipamentos de grava\u00e7\u00e3o &#8211; este pr\u00e9-amplificador possui, como um &#8220;tratamento especial&#8221;, dois grupos de sa\u00eddas com volume separado e controles de ligar\/desligar equipados com 3 sa\u00eddas balanceadas e 3 n\u00e3o balanceadas (RCA). .<\/p>\n<p>Esta m\u00e1quina dos sonhos atende a todos os seus requisitos e permite uma utiliza\u00e7\u00e3o ideal em todos os sistemas High End existentes. A conex\u00e3o direta dos conectores de entrada e sa\u00edda com as placas de circuito impresso fornece caminhos de sinal extremamente curtos para a reprodu\u00e7\u00e3o musical mais pura. Os est\u00e1gios de entrada s\u00e3o equipados com uma fant\u00e1stica compensa\u00e7\u00e3o de corrente &#8216;BIAS&#8217; que permite acoplamento DC puro e voc\u00ea ficar\u00e1 surpreso com o controle e a beleza musical deste design eletr\u00f4nico especial.<\/p>\n<p>Os resultados do nosso trabalho: tecnologia brilhante, processamento de alta qualidade, design de apar\u00eancia exclusivo e um som fascinante, incomparavelmente claro e puro.<\/p>\n<p>Estamos orgulhosos de ter criado algo extraordin\u00e1rio para voc\u00ea &#8211; o mbl 5011!<\/p>\n<p>SpecifIcations<br \/>\nInputs 7 inputs<br \/>\nXLR (1x), CD (2x), high level \/ tape (1x),<br \/>\nprocessor (1x), option (2x)<br \/>\nOutputs 6 outputs in 2 groups<br \/>\nGroup 1: XLR (2x), RCA (1x)<br \/>\nGroup 2: XLR (1x), RCA (2x)<br \/>\nFrequency Range<br \/>\nCD DC &#8211; 1.0 MHz<br \/>\nHigh level DC &#8211; 600 kHz<br \/>\nOutput level 1 Ve&#8221; &#8211; 11 Ve&#8221; max.<br \/>\nOutput Impedance 100 Ohm<br \/>\nInput Sensitivity<br \/>\nHigh level 315 mV<br \/>\nSignal to Noise<br \/>\nCD 108 \/ 110 dB, 1 V, 2 Ohm<br \/>\nHigh level 105 \/ 110 dB, 1 V, 2 Ohm<br \/>\nMaximum loading level 11 Veff<br \/>\nInput Impedance<br \/>\nCD 5 kOhm<br \/>\nHigh level 50 kOhm<br \/>\nProcessor 10 kOhm<br \/>\nChannel Separation 95 dB<br \/>\nPower Consumption 14 VA (standby)<br \/>\n16 VA (idle)<br \/>\n20 VA (max.)<br \/>\nLine Voltage 230 \/ 115 Vac, 50 \/ 60 Hz<br \/>\nWeight 16,5 kg, 36 lbs<br \/>\nDimensions<br \/>\n(W x H x D) in mm 450 x 155 x 440 mm<br \/>\n(W x H x D) in inch 17,7 x 6,1 x 17,3 inch<\/p>\n","protected":false},"excerpt":{"rendered":"<p>ESTADO 9\/10 Os entusiastas do Hi-Fi, que se contentam com nada menos do que uma reprodu\u00e7\u00e3o musical absolutamente neutra, ter\u00e3o os seus sonhos realizados com este pr\u00e9-amplificador. O padr\u00e3o sonoro \u00e9 tridimensional e bem diferenciado, a apresenta\u00e7\u00e3o \u00e9 din\u00e2mica e independente &#8211; voc\u00ea se sentir\u00e1 como se estivesse realmente em um evento ao vivo! A [&hellip;]<\/p>\n","protected":false},"featured_media":16199,"template":"","meta":{"_acf_changed":false},"product_brand":[],"product_cat":[133,38],"product_tag":[],"class_list":{"0":"post-9210","1":"product","2":"type-product","3":"status-publish","4":"has-post-thumbnail","6":"product_cat-mbl","7":"product_cat-pre-amplificador","9":"first","10":"instock","11":"sold-individually","12":"shipping-taxable","13":"purchasable","14":"product-type-simple"},"acf":[],"aioseo_notices":[],"_links":{"self":[{"href":"https:\/\/hificlub.com.br\/loja\/wp-json\/wp\/v2\/product\/9210","targetHints":{"allow":["GET"]}}],"collection":[{"href":"https:\/\/hificlub.com.br\/loja\/wp-json\/wp\/v2\/product"}],"about":[{"href":"https:\/\/hificlub.com.br\/loja\/wp-json\/wp\/v2\/types\/product"}],"wp:featuredmedia":[{"embeddable":true,"href":"https:\/\/hificlub.com.br\/loja\/wp-json\/wp\/v2\/media\/16199"}],"wp:attachment":[{"href":"https:\/\/hificlub.com.br\/loja\/wp-json\/wp\/v2\/media?parent=9210"}],"wp:term":[{"taxonomy":"product_brand","embeddable":true,"href":"https:\/\/hificlub.com.br\/loja\/wp-json\/wp\/v2\/product_brand?post=9210"},{"taxonomy":"product_cat","embeddable":true,"href":"https:\/\/hificlub.com.br\/loja\/wp-json\/wp\/v2\/product_cat?post=9210"},{"taxonomy":"product_tag","embeddable":true,"href":"https:\/\/hificlub.com.br\/loja\/wp-json\/wp\/v2\/product_tag?post=9210"}],"curies":[{"name":"wp","href":"https:\/\/api.w.org\/{rel}","templated":true}]}}