{"id":9123,"date":"2024-01-02T18:04:22","date_gmt":"2024-01-02T21:04:22","guid":{"rendered":"https:\/\/hificlub.com.br\/loja\/?post_type=product&#038;p=9123"},"modified":"2026-03-02T14:41:39","modified_gmt":"2026-03-02T17:41:39","slug":"jbl-4412a-studio-monitor","status":"publish","type":"product","link":"https:\/\/hificlub.com.br\/loja\/produto\/jbl-4412a-studio-monitor\/","title":{"rendered":"JBL 4412A  Caixa Studio Monitor"},"content":{"rendered":"<p>O novo sistema de alto-falantes da s\u00e9rie 44 foi desenvolvido como uma s\u00e9rie de monitores de \u00faltima gera\u00e7\u00e3o.<\/p>\n<p>Um woofer tipo cone de 30 cm \u00e9 instalado na faixa baixa.<br \/>\nNesta unidade, o diafragma \u00e9 revestido com Aqua Plus, o material de refor\u00e7o de revestimento exclusivo da JBL, na base de polpa para obter maior rigidez e menor perda interna. Al\u00e9m disso, o circuito magn\u00e9tico SFG \u00e9 usado para o circuito magn\u00e9tico para obter uma resposta de energia suave e resist\u00eancia de entrada aprimorada.<\/p>\n<p>A faixa m\u00e9dia \u00e9 equipada com um cone de 12,5 cm.<\/p>\n<p>Um tweeter tipo domo \u00e9 instalado na faixa alta.<br \/>\nTit\u00e2nio puro \u00e9 usado para o diafragma desta unidade, e ele \u00e9 montado por moldagem em uma c\u00fapula de 25 m\u00edcrons de espessura por uma tecnologia exclusiva. A combina\u00e7\u00e3o de padr\u00f5es de borda de diamante inspirados no origami japon\u00eas e nervuras de refor\u00e7o, permite obter excelentes caracter\u00edsticas de at\u00e9 27 kHz sem sacrificar a efici\u00eancia.<\/p>\n<p>O gabinete utiliza um sistema bass reflex.<\/p>\n<p>M\u00e9todo 3 vias, 3 alto-falantes, sistema Bass Reflex, tipo estante<br \/>\nUnidades usadas Para banda baixa: tipo cone de 30 cm<br \/>\nPara alcance m\u00e9dio: tipo cone de 12,5 cm<br \/>\nPara alta frequ\u00eancia: tipo domo<br \/>\nCaracter\u00edstica de frequ\u00eancia 45 Hz a 20 kHz<br \/>\nImped\u00e2ncia 8 \u03a9<br \/>\nN\u00edvel de press\u00e3o sonora de sa\u00edda 90 dB\/W\/m<br \/>\nEntrada permitida 150W (programa cont\u00ednuo)<br \/>\nFrequ\u00eancia de crossover 800 Hz, 4,5 kHz<br \/>\nDimens\u00f5es externas Largura 598 x Altura 365 x Profundidade 305 mm<br \/>\nPeso 24 kg<\/p>\n","protected":false},"excerpt":{"rendered":"<p>O novo sistema de alto-falantes da s\u00e9rie 44 foi desenvolvido como uma s\u00e9rie de monitores de \u00faltima gera\u00e7\u00e3o. Um woofer tipo cone de 30 cm \u00e9 instalado na faixa baixa. Nesta unidade, o diafragma \u00e9 revestido com Aqua Plus, o material de refor\u00e7o de revestimento exclusivo da JBL, na base de polpa para obter maior [&hellip;]<\/p>\n","protected":false},"featured_media":9122,"template":"","meta":{"_acf_changed":false},"product_brand":[],"product_cat":[25,344,17,46,47,26],"product_tag":[],"class_list":{"0":"post-9123","1":"product","2":"type-product","3":"status-publish","4":"has-post-thumbnail","6":"product_cat-bookshelf","7":"product_cat-caixa-studio","8":"product_cat-caixas","9":"product_cat-jbl","10":"product_cat-linha-profissional","11":"product_cat-vintage","13":"first","14":"instock","15":"sold-individually","16":"shipping-taxable","17":"purchasable","18":"product-type-simple"},"acf":[],"aioseo_notices":[],"_links":{"self":[{"href":"https:\/\/hificlub.com.br\/loja\/wp-json\/wp\/v2\/product\/9123","targetHints":{"allow":["GET"]}}],"collection":[{"href":"https:\/\/hificlub.com.br\/loja\/wp-json\/wp\/v2\/product"}],"about":[{"href":"https:\/\/hificlub.com.br\/loja\/wp-json\/wp\/v2\/types\/product"}],"wp:featuredmedia":[{"embeddable":true,"href":"https:\/\/hificlub.com.br\/loja\/wp-json\/wp\/v2\/media\/9122"}],"wp:attachment":[{"href":"https:\/\/hificlub.com.br\/loja\/wp-json\/wp\/v2\/media?parent=9123"}],"wp:term":[{"taxonomy":"product_brand","embeddable":true,"href":"https:\/\/hificlub.com.br\/loja\/wp-json\/wp\/v2\/product_brand?post=9123"},{"taxonomy":"product_cat","embeddable":true,"href":"https:\/\/hificlub.com.br\/loja\/wp-json\/wp\/v2\/product_cat?post=9123"},{"taxonomy":"product_tag","embeddable":true,"href":"https:\/\/hificlub.com.br\/loja\/wp-json\/wp\/v2\/product_tag?post=9123"}],"curies":[{"name":"wp","href":"https:\/\/api.w.org\/{rel}","templated":true}]}}