{"id":9092,"date":"2024-01-02T18:04:16","date_gmt":"2024-01-02T21:04:16","guid":{"rendered":"https:\/\/hificlub.com.br\/loja\/?post_type=product&#038;p=9092"},"modified":"2026-04-08T05:58:21","modified_gmt":"2026-04-08T08:58:21","slug":"audioquest-carbon-cabo-hdmi-4k-uhd-15-metros","status":"publish","type":"product","link":"https:\/\/hificlub.com.br\/loja\/produto\/audioquest-carbon-cabo-hdmi-4k-uhd-15-metros\/","title":{"rendered":"AUDIOQUEST CARBON Cabo HDMI 4K UHD 1,5 metros"},"content":{"rendered":"<h4 class=\"product_title\"><strong><span dir=\"auto\">Cabo HDMI Audioquest Carbon 4K<\/span><\/strong><\/h4>\n<p><span dir=\"auto\">O cabo HDMI Carbon adiciona 5% de revestimento de prata aos condutores de n\u00facleo s\u00f3lido de seus antecessores. Como todos os cabos HDMI da AudioQuest, o Carbon utiliza isolamento de polietileno de alta densidade s\u00f3lido e geometria precisa. Aten\u00e7\u00e3o especial foi dedicada \u00e0 maximiza\u00e7\u00e3o do desempenho do HDMI e, de fato, os cabos HDMI da AudioQuest elevam a qualidade sonora a novos patamares.<\/span><\/p>\n<h4><strong><span dir=\"auto\">CONDUTORES DE PRATA S\u00d3LIDA COM 5% DE QUALIDADE<\/span><\/strong><\/h4>\n<p><span dir=\"auto\">Condutores s\u00f3lidos eliminam a distor\u00e7\u00e3o por intera\u00e7\u00e3o entre os filamentos e reduzem a oscila\u00e7\u00e3o (jitter). Condutores s\u00f3lidos banhados a prata s\u00e3o excelentes para aplica\u00e7\u00f5es de alt\u00edssima frequ\u00eancia, como \u00e1udio e v\u00eddeo HDMI. Esses sinais, por serem de frequ\u00eancia t\u00e3o alta, trafegam quase que exclusivamente na superf\u00edcie do condutor. Como a superf\u00edcie \u00e9 feita de prata de alta pureza, o desempenho \u00e9 muito pr\u00f3ximo ao de um cabo de prata maci\u00e7a, mas com pre\u00e7o muito mais pr\u00f3ximo ao de um cabo de cobre maci\u00e7o. Esta \u00e9 uma maneira incrivelmente econ\u00f4mica de fabricar cabos HDMI de alt\u00edssima qualidade.<\/span><\/p>\n<h4><strong><span dir=\"auto\">ISOLAMENTO DE ESPUMA DE C\u00c9LULAS R\u00cdGIDAS<\/span><\/strong><\/h4>\n<p><span dir=\"auto\">O isolamento de espuma r\u00edgida (HCF) garante a geometria cr\u00edtica do par de sinais. Qualquer material s\u00f3lido adjacente a um condutor faz parte de um circuito imperfeito. O isolamento dos fios e os materiais da placa de circuito absorvem energia. Parte dessa energia \u00e9 armazenada e liberada posteriormente como distor\u00e7\u00e3o. O isolamento de espuma r\u00edgida \u00e9 semelhante ao PE expandido usado em nossos cabos Bridges &amp; Falls mais acess\u00edveis e recebe inje\u00e7\u00e3o de nitrog\u00eanio para criar bolsas de ar. Como o nitrog\u00eanio (assim como o ar) n\u00e3o absorve energia e, portanto, n\u00e3o libera energia do condutor, a distor\u00e7\u00e3o \u00e9 reduzida. Al\u00e9m disso, a rigidez do material permite que os condutores do cabo mantenham uma rela\u00e7\u00e3o est\u00e1vel ao longo de todo o seu comprimento, produzindo uma imped\u00e2ncia est\u00e1vel e minimizando ainda mais a distor\u00e7\u00e3o.<\/span><\/p>\n<h4><strong><span dir=\"auto\">CAPACIDADE DE DADOS DE ALTA VELOCIDADE<\/span><\/strong><\/h4>\n<p><span dir=\"auto\">Os padr\u00f5es e recursos do HDMI evolu\u00edram significativamente desde a primeira vez que o DVI deu origem ao HDMI. Todas as gera\u00e7\u00f5es s\u00e3o retrocompat\u00edveis. No entanto, nem todos os cabos HDMI anteriores conseguem transmitir os 18 Gbps de dados necess\u00e1rios para otimizar os equipamentos HDMI 2.0 atuais. Embora atualmente n\u00e3o exista nenhum software 4K\/60 4:4:4 que exija a capacidade total de 18 Gbps do HDMI, algumas fontes (reprodutores de Blu-ray UHD) podem ser configuradas para &#8220;upsampling&#8221;, o que requer essa capacidade. O upsampling geralmente deve ser feito na TV, e n\u00e3o em um componente anterior \u2014 mas essa \u00e9 uma decis\u00e3o sua. Os cabos HDMI da AudioQuest com a indica\u00e7\u00e3o &#8220;Excede 18 Gbps&#8221; na caixa garantem exceder os requisitos para todos os fluxos de dados HDMI poss\u00edveis.<\/span><\/p>\n<h4><strong><span dir=\"auto\">SISTEMA DE DISSIPA\u00c7\u00c3O DE RU\u00cdDO (NDS) DE 3 CAMADAS \u00c0 BASE DE CARBONO<\/span><\/strong><\/h4>\n<p><span dir=\"auto\">\u00c9 f\u00e1cil obter 100% de cobertura de blindagem. Para evitar que a interfer\u00eancia de radiofrequ\u00eancia (RFI) capturada module a refer\u00eancia de aterramento do equipamento, \u00e9 necess\u00e1rio o Sistema de Dissipa\u00e7\u00e3o de Ru\u00eddo (NDS) da AQ. Os sistemas de blindagem tradicionais normalmente absorvem e drenam a energia de ru\u00eddo\/RF para o aterramento do componente, modulando e distorcendo o plano de aterramento de refer\u00eancia cr\u00edtico, o que, por sua vez, causa distor\u00e7\u00e3o do sinal. As camadas alternadas de metal e materiais sint\u00e9ticos com carga de carbono do NDS &#8220;blindam a blindagem&#8221;, absorvendo e refletindo a maior parte dessa energia de ru\u00eddo\/RF antes que ela atinja a camada conectada ao aterramento.<\/span><\/p>\n","protected":false},"excerpt":{"rendered":"<p>Cabo HDMI Audioquest Carbon 4K O cabo HDMI Carbon adiciona 5% de revestimento de prata aos condutores de n\u00facleo s\u00f3lido de seus antecessores. Como todos os cabos HDMI da AudioQuest, o Carbon utiliza isolamento de polietileno de alta densidade s\u00f3lido e geometria precisa. Aten\u00e7\u00e3o especial foi dedicada \u00e0 maximiza\u00e7\u00e3o do desempenho do HDMI e, de [&hellip;]<\/p>\n","protected":false},"featured_media":9091,"template":"","meta":{"_acf_changed":false},"product_brand":[],"product_cat":[68,61,75],"product_tag":[],"class_list":{"0":"post-9092","1":"product","2":"type-product","3":"status-publish","4":"has-post-thumbnail","6":"product_cat-audioquest","7":"product_cat-cabos","8":"product_cat-hdmi","10":"first","11":"instock","12":"sold-individually","13":"shipping-taxable","14":"purchasable","15":"product-type-simple"},"acf":[],"aioseo_notices":[],"_links":{"self":[{"href":"https:\/\/hificlub.com.br\/loja\/wp-json\/wp\/v2\/product\/9092","targetHints":{"allow":["GET"]}}],"collection":[{"href":"https:\/\/hificlub.com.br\/loja\/wp-json\/wp\/v2\/product"}],"about":[{"href":"https:\/\/hificlub.com.br\/loja\/wp-json\/wp\/v2\/types\/product"}],"wp:featuredmedia":[{"embeddable":true,"href":"https:\/\/hificlub.com.br\/loja\/wp-json\/wp\/v2\/media\/9091"}],"wp:attachment":[{"href":"https:\/\/hificlub.com.br\/loja\/wp-json\/wp\/v2\/media?parent=9092"}],"wp:term":[{"taxonomy":"product_brand","embeddable":true,"href":"https:\/\/hificlub.com.br\/loja\/wp-json\/wp\/v2\/product_brand?post=9092"},{"taxonomy":"product_cat","embeddable":true,"href":"https:\/\/hificlub.com.br\/loja\/wp-json\/wp\/v2\/product_cat?post=9092"},{"taxonomy":"product_tag","embeddable":true,"href":"https:\/\/hificlub.com.br\/loja\/wp-json\/wp\/v2\/product_tag?post=9092"}],"curies":[{"name":"wp","href":"https:\/\/api.w.org\/{rel}","templated":true}]}}