{"id":9069,"date":"2024-01-02T18:04:10","date_gmt":"2024-01-02T21:04:10","guid":{"rendered":"https:\/\/hificlub.com.br\/loja\/?post_type=product&#038;p=9069"},"modified":"2024-10-07T16:59:20","modified_gmt":"2024-10-07T19:59:20","slug":"marantz-reference-sc-7s2","status":"publish","type":"product","link":"https:\/\/hificlub.com.br\/loja\/produto\/marantz-reference-sc-7s2\/","title":{"rendered":"MARANTZ REFERENCE SC-7S2"},"content":{"rendered":"<p>ESTADO 9\/10<\/p>\n<p>Pre Amplificador de controle S\u00e9rie de Refer\u00eancia SC-7S2<\/p>\n<p>O painel frontal do Reference SC-7S2 de 48 libras cont\u00e9m um display digital circular, um sensor de controle remoto e controles de alimenta\u00e7\u00e3o, sele\u00e7\u00e3o de entrada, volume, atenua\u00e7\u00e3o e brilho do display. <\/p>\n<p>Na parte traseira h\u00e1 um par de entradas XLR balanceadas, tr\u00eas pares de entradas RCA de termina\u00e7\u00e3o \u00fanica para fontes e um par adicional de entradas de termina\u00e7\u00e3o \u00fanica para um gravador de fita\/CD. As sa\u00eddas consistem em um conjunto de conectores XLR totalmente balanceados, bem como tr\u00eas pares de conectores RCA de termina\u00e7\u00e3o \u00fanica, incluindo uma sa\u00edda de grava\u00e7\u00e3o; uma entrada de sistema de barramento de controle flutuante e uma chave relacionada, que, conforme discutido abaixo, permite conectar um ou mais SC-7S2s entre si; um seletor de modo para selecionar opera\u00e7\u00e3o est\u00e9reo ou biamp; e uma tomada CA f\u00eamea. <\/p>\n<p>O SC-7S2 \u00e9 um projeto de realimenta\u00e7\u00e3o de corrente, uma topologia muito precisa que supostamente evita a degrada\u00e7\u00e3o sonora causada por algumas aplica\u00e7\u00f5es tradicionais de realimenta\u00e7\u00e3o. A fonte de alimenta\u00e7\u00e3o \u00e9 baseada em um transformador toroidal revestido de alum\u00ednio. Cada entrada \u00e9 totalmente armazenada em buffer com circuitos discretos propriet\u00e1rios para transfer\u00eancia de sinal precisa. A CA \u00e9 convertida em CC por meio de diodos retificadores de barreira Schottky, que s\u00e3o conhecidos por produzirem ru\u00eddo m\u00ednimo. Para condicionamento e distribui\u00e7\u00e3o de energia, o SC-7S2 utiliza capacitores de armazenamento eletrol\u00edtico de baixo ESR (resist\u00eancia equivalente em s\u00e9rie), que s\u00e3o eficientes e de descarga r\u00e1pida, para produzir excelente tens\u00e3o sob demanda.<br \/>\nO controle de volume anal\u00f3gico controlado digitalmente compreende quatro elementos digitais Wolfson WM8816 de alta precis\u00e3o e multigang e 12 buffers anal\u00f3gicos propriet\u00e1rios Marantz HDAM-SA. Eles formam um circuito capaz de resolu\u00e7\u00e3o de 0,5dB em toda a sua faixa de 100dB. Assim, enquanto os buffers s\u00e3o controlados digitalmente, o sinal de \u00e1udio permanece no dom\u00ednio anal\u00f3gico. Al\u00e9m disso, este fino n\u00edvel de resolu\u00e7\u00e3o n\u00e3o s\u00f3 possibilita uma atenua\u00e7\u00e3o precisa do volume, mas tamb\u00e9m garante que n\u00e3o haja desequil\u00edbrios de sinal percept\u00edveis entre os canais.<br \/>\nUm chassi espesso de alum\u00ednio banhado a cobre e um painel inferior de camada dupla fornecem estabilidade estrutural e isolam o circuito interno do SC-7S2 de interfer\u00eancias eletromagn\u00e9ticas e de radiofrequ\u00eancia (RFI e EMI). <\/p>\n<p>A distor\u00e7\u00e3o harm\u00f4nica total do SC-7S2 \u00e9 listada pela Marantz como 0,0015% para uma conex\u00e3o balanceada e 0,003% para n\u00e3o balanceada (20Hz-20kHz). A resposta de frequ\u00eancia \u00e9 de 3Hz-150kHz, +0\/-3dB. Marantz tamb\u00e9m afirma que a rela\u00e7\u00e3o sinal\/ru\u00eddo do SC-7S2 \u00e9 de 105dB para uma conex\u00e3o balanceada, 108dB para uma conex\u00e3o n\u00e3o balanceada (IHF-A). <\/p>\n<p>Como mencionado acima, o SC-7S2 tamb\u00e9m cont\u00e9m um sistema que permite o controle simult\u00e2neo de at\u00e9 seis SC-7S2s, acomodando assim grava\u00e7\u00f5es multicanais ou uma configura\u00e7\u00e3o est\u00e9reo biamp. Quanto ao biamping, Marantz afirma que o melhor desempenho est\u00e9reo pode ser obtido com dois SC-7S2 conectados a quatro amplificadores mono. Claro, se voc\u00ea ainda n\u00e3o est\u00e1 pronto para comprar tantos componentes, voc\u00ea sempre pode usar um SC-7S2 e dois amplificadores est\u00e9reo. <\/p>\n<p>Destaques do produto:<br \/>\nresposta de frequ\u00eancia 3-150.000 Hz (-3dB)<br \/>\ndistor\u00e7\u00e3o harm\u00f4nica total em 20-20.000 Hz:<br \/>\n0,0015% (equilibrado)<br \/>\n0,003% (desequilibrado)<br \/>\nrela\u00e7\u00e3o sinal-ru\u00eddo (ponderada por IHF-A):<br \/>\n105dB (equilibrado)<br \/>\n108dB (desequilibrado)<br \/>\nsepara\u00e7\u00e3o de canais (a 20kHz): 100dB<br \/>\ncontrole de atenua\u00e7\u00e3o (-20, -40, -60, -\u221e dB)<br \/>\najuste de trim para cada canal: -6,0dB a +6,0dB (em passos de 0,5db)<br \/>\ntransformador de pot\u00eancia toroidal de baixo ru\u00eddo<br \/>\ndesign de circuito de \u00e1udio totalmente balanceado<br \/>\ntodo chassi banhado a cobre com placa inferior de camada dupla<br \/>\n4 entradas de \u00e1udio RCA (sem entrada fono)<br \/>\n1 sa\u00edda de grava\u00e7\u00e3o de \u00e1udio RCA<br \/>\n1 entrada XLR balanceada de 3 pinos<br \/>\n1 sa\u00edda XLR balanceada de 3 pinos<br \/>\n2 sa\u00eddas RCA de n\u00edvel de pr\u00e9-amplificador<br \/>\ncabo de alimenta\u00e7\u00e3o CA destac\u00e1vel<br \/>\nacabamento champanhe<br \/>\ncontrole remoto<br \/>\npeso: 48,1 libras.<br \/>\n18-1\/8&#8243;L x 5-3\/8&#8243;A x 17-3\/8&#8243;P<\/p>\n","protected":false},"excerpt":{"rendered":"<p>ESTADO 9\/10 Pre Amplificador de controle S\u00e9rie de Refer\u00eancia SC-7S2 O painel frontal do Reference SC-7S2 de 48 libras cont\u00e9m um display digital circular, um sensor de controle remoto e controles de alimenta\u00e7\u00e3o, sele\u00e7\u00e3o de entrada, volume, atenua\u00e7\u00e3o e brilho do display. Na parte traseira h\u00e1 um par de entradas XLR balanceadas, tr\u00eas pares de [&hellip;]<\/p>\n","protected":false},"featured_media":15240,"template":"","meta":{"_acf_changed":false},"product_brand":[],"product_cat":[15,92,38],"product_tag":[],"class_list":{"0":"post-9069","1":"product","2":"type-product","3":"status-publish","4":"has-post-thumbnail","6":"product_cat-sem-categoria","7":"product_cat-marantz","8":"product_cat-pre-amplificador","10":"first","11":"instock","12":"sold-individually","13":"shipping-taxable","14":"purchasable","15":"product-type-simple"},"acf":[],"aioseo_notices":[],"_links":{"self":[{"href":"https:\/\/hificlub.com.br\/loja\/wp-json\/wp\/v2\/product\/9069","targetHints":{"allow":["GET"]}}],"collection":[{"href":"https:\/\/hificlub.com.br\/loja\/wp-json\/wp\/v2\/product"}],"about":[{"href":"https:\/\/hificlub.com.br\/loja\/wp-json\/wp\/v2\/types\/product"}],"wp:featuredmedia":[{"embeddable":true,"href":"https:\/\/hificlub.com.br\/loja\/wp-json\/wp\/v2\/media\/15240"}],"wp:attachment":[{"href":"https:\/\/hificlub.com.br\/loja\/wp-json\/wp\/v2\/media?parent=9069"}],"wp:term":[{"taxonomy":"product_brand","embeddable":true,"href":"https:\/\/hificlub.com.br\/loja\/wp-json\/wp\/v2\/product_brand?post=9069"},{"taxonomy":"product_cat","embeddable":true,"href":"https:\/\/hificlub.com.br\/loja\/wp-json\/wp\/v2\/product_cat?post=9069"},{"taxonomy":"product_tag","embeddable":true,"href":"https:\/\/hificlub.com.br\/loja\/wp-json\/wp\/v2\/product_tag?post=9069"}],"curies":[{"name":"wp","href":"https:\/\/api.w.org\/{rel}","templated":true}]}}