{"id":9026,"date":"2024-01-02T18:03:56","date_gmt":"2024-01-02T21:03:56","guid":{"rendered":"https:\/\/hificlub.com.br\/loja\/?post_type=product&#038;p=9026"},"modified":"2024-11-06T06:38:46","modified_gmt":"2024-11-06T09:38:46","slug":"furutech-audio-reference-iii-xlr-1-20-metro","status":"publish","type":"product","link":"https:\/\/hificlub.com.br\/loja\/produto\/furutech-audio-reference-iii-xlr-1-20-metro\/","title":{"rendered":"FURUTECH AUDIO REFERENCE III  XLR  1.20 metro"},"content":{"rendered":"<p>ESTADO 9\/10<\/p>\n<p>CARACTER\u00cdSTICAS<br \/>\nInterconex\u00f5es de condutor \u03b1 (Alpha)-OCC de blindagem dupla de ponta, cabos de alimenta\u00e7\u00e3o e cabos digitais com qualidade de constru\u00e7\u00e3o extraordin\u00e1ria e m\u00f3dulos absorventes de EMI antimagn\u00e9ticos Formula GC-303 ao redor do cabo, oferecendo maior resolu\u00e7\u00e3o, din\u00e2mica mais potente e desempenhos virtuosos de todos os seus componentes. Todos os conectores s\u00e3o banhados a r\u00f3dio para transfer\u00eancia de sinal ideal.<\/p>\n<p>&#8220;A Furutech pode ser corretamente considerada como o irm\u00e3o japon\u00eas mais velho do WBT. Mais velho e maior&#8230; A blindagem contra e da polui\u00e7\u00e3o sonora em cabos se tornou mais importante do que nunca &#8211; e a Furutech desenvolveu um ant\u00eddoto muito poderoso, mas elegante&#8230; Bravo.&#8221;<br \/>\n&#8212; Srajan Ebaen, 6moons.com<\/p>\n<p>\u2022 Condutores \u03b1 (Alfa)-OCC com blindagem dupla eliminam ru\u00eddo irradiado<br \/>\n\u2022 M\u00f3dulos antimagn\u00e9ticos absorventes de EMI F\u00f3rmula GC-303 envolvem cada cabo<br \/>\n\u2022 Conectores XLR [FP-601M\/602F (R)] banhados a r\u00f3dio de alto desempenho e lindamente projetados<br \/>\n\u2022 Pinos XLR [FP-601M (R)\/602F (R)] de bronze fosforoso banhado a r\u00f3dio n\u00e3o magn\u00e9tico de alto contato com acabamento luxuoso para sinal de transmiss\u00e3o Furutech Pure est\u00e1vel<br \/>\n\u2022 Blindagem 1 tran\u00e7a de fio condutor \u03b1 (Alfa) de 0,12 mm<br \/>\n\u2022 Blindagem 2 m\u00f3dulos especiais absorventes de EMI F\u00f3rmula GC-303 para isolamento de ru\u00eddo superior<br \/>\n\u2022 Isolado com HDPE com espuma de ar, reduzindo a capacit\u00e2ncia e amortecendo a vibra\u00e7\u00e3o<br \/>\n\u2022 Resulta em maior resolu\u00e7\u00e3o, clareza, din\u00e2mica poderosa e um ambiente sonoro ultrassilencioso no qual a m\u00fasica se desenvolve mais completamente sem brilho artificial de &#8220;regi\u00e3o de presen\u00e7a&#8221; de frequ\u00eancia superior.<br \/>\n\u2022GC-303 permite um baixo mais profundo e firme para formar uma base s\u00f3lida para o resto da faixa de frequ\u00eancia, definindo melhor o local da grava\u00e7\u00e3o original. Detalhes naturais e n\u00e3o for\u00e7ados revelam nuances e energia para uma experi\u00eancia musical envolvente.<\/p>\n<p>O condutor \u03b1 (Alfa) \u00e9 composto de fios PCOCC finos tratados com o processo de criog\u00eanico e desmagnetiza\u00e7\u00e3o \u03b1 (Alfa) da Furutech<\/p>\n<p>Aqui est\u00e1 o que os cr\u00edticos dizem<br \/>\n&#8220;O som do cabo Furutech \u00e9 facilmente descrito como aquele que evita completamente aquelas estrias peculiares que resultam do realce, a provid\u00eancia de certos cabos prateados que enfatizam a defini\u00e7\u00e3o das bordas para um bloqueio de imagem quase surreal. Essas bordas afiadas ent\u00e3o se tornam sin\u00f4nimo de gravura. Ele d\u00e1 uma apar\u00eancia de curta dura\u00e7\u00e3o de detalhes excepcionais &#8211; curta dura\u00e7\u00e3o, pois esse som n\u00e3o \u00e9 apenas irreal, mas fatigante.<\/p>\n<p>&#8220;Os cabos Furutech claramente n\u00e3o causam isso. No entanto, eles s\u00e3o excepcionalmente detalhados. N\u00e3o posso deixar de pensar que as entranhas do cilindro hexagonal [M\u00f3dulos F\u00f3rmula GC-303] s\u00e3o pelo menos em parte respons\u00e1veis \u200b\u200bpor essa riqueza de detalhes internos claramente intelig\u00edveis.<br \/>\nEm vez de jogar detalhes em voc\u00ea, eles jogam ru\u00eddo entre notas. Embora o resultado final possa parecer o mesmo \u2014 mais detalhes \u2014 a maneira como ele se comunica \u00e9 muito diferente. Simplificando, os Furutechs nunca se cansam, mesmo em n\u00edveis elevados, mas eles permanecem ultra resolvidos.\u201d<br \/>\n\u2014 Srajan Ebaen, 6moons.com<\/p>\n<p>ESPECIFICA\u00c7\u00d5ES<br \/>\nConstru\u00e7\u00e3o e materiais<br \/>\n\u2022 Condutor \u03b1 (Alfa)\u2013OCC de 30 fios\u30fb0,18 mm, 1,14 mm de di\u00e2metro<br \/>\n\u2022 Isolamento: 30\uff05 HDPE espumado a ar (Vermelho\/Branco) 2,60 mm de di\u00e2metro<br \/>\n\u2022 Disposi\u00e7\u00e3o do cabo: Dois n\u00facleos torcidos com fio de algod\u00e3o<br \/>\n\u2022 Envolt\u00f3rio do cabo: Envolt\u00f3rio de tecido n\u00e3o tecido ~5,8 mm de di\u00e2metro<br \/>\n\u2022 Blindagem-1: Condutor \u03b1 (Alfa) tran\u00e7ado de 0,12 mm\u30fb Densidade da tran\u00e7a: 80\uff05 UP x 6,3 mm de di\u00e2metro<br \/>\n\u2022 Bainha: Duas camadas de PVC flex\u00edvel (Marrom Escuro) 8,0 mm de di\u00e2metro<br \/>\n\u2022 Blindagem-2: M\u00f3dulo especial de f\u00f3rmula GC-303 absorvente de EMI e ru\u00eddo<br \/>\n\u2022 Revestimento: Tran\u00e7a de fio de nylon. ~10,5 mm de di\u00e2metro<\/p>\n<p>Propriedades el\u00e9tricas do m\u00e9todo de teste de cabo<br \/>\n\u2022 M\u00e1x. Resist\u00eancia do condutor 26,4 \u03a9\uff0fkm JISC3005 6 20\u2103<br \/>\n\u2022Resist\u00eancia de isolamento m\u00ednima 1000 M\u03a9\u2027km JISC3005 9,1 20\u2103<br \/>\n\u2022Rigidez diel\u00e9trica CA 500 V\uff0f1 min JISC3005 8<br \/>\n\u2022Capacit\u00e2ncia eletrost\u00e1tica Aprox. 42 PF\uff0fm a 1 KHz<br \/>\n\u2022Imped\u00e2ncia caracter\u00edstica Aprox. 120 \u03a9 a 100 MHz<\/p>\n","protected":false},"excerpt":{"rendered":"<p>ESTADO 9\/10 CARACTER\u00cdSTICAS Interconex\u00f5es de condutor \u03b1 (Alpha)-OCC de blindagem dupla de ponta, cabos de alimenta\u00e7\u00e3o e cabos digitais com qualidade de constru\u00e7\u00e3o extraordin\u00e1ria e m\u00f3dulos absorventes de EMI antimagn\u00e9ticos Formula GC-303 ao redor do cabo, oferecendo maior resolu\u00e7\u00e3o, din\u00e2mica mais potente e desempenhos virtuosos de todos os seus componentes. Todos os conectores s\u00e3o banhados [&hellip;]<\/p>\n","protected":false},"featured_media":18689,"template":"","meta":{"_acf_changed":false},"product_brand":[],"product_cat":[61,63,73],"product_tag":[],"class_list":{"0":"post-9026","1":"product","2":"type-product","3":"status-publish","4":"has-post-thumbnail","6":"product_cat-cabos","7":"product_cat-furutech","8":"product_cat-interconnect-xlr","10":"first","11":"instock","12":"sold-individually","13":"shipping-taxable","14":"purchasable","15":"product-type-simple"},"acf":[],"aioseo_notices":[],"_links":{"self":[{"href":"https:\/\/hificlub.com.br\/loja\/wp-json\/wp\/v2\/product\/9026","targetHints":{"allow":["GET"]}}],"collection":[{"href":"https:\/\/hificlub.com.br\/loja\/wp-json\/wp\/v2\/product"}],"about":[{"href":"https:\/\/hificlub.com.br\/loja\/wp-json\/wp\/v2\/types\/product"}],"wp:featuredmedia":[{"embeddable":true,"href":"https:\/\/hificlub.com.br\/loja\/wp-json\/wp\/v2\/media\/18689"}],"wp:attachment":[{"href":"https:\/\/hificlub.com.br\/loja\/wp-json\/wp\/v2\/media?parent=9026"}],"wp:term":[{"taxonomy":"product_brand","embeddable":true,"href":"https:\/\/hificlub.com.br\/loja\/wp-json\/wp\/v2\/product_brand?post=9026"},{"taxonomy":"product_cat","embeddable":true,"href":"https:\/\/hificlub.com.br\/loja\/wp-json\/wp\/v2\/product_cat?post=9026"},{"taxonomy":"product_tag","embeddable":true,"href":"https:\/\/hificlub.com.br\/loja\/wp-json\/wp\/v2\/product_tag?post=9026"}],"curies":[{"name":"wp","href":"https:\/\/api.w.org\/{rel}","templated":true}]}}