{"id":8995,"date":"2024-01-02T18:03:51","date_gmt":"2024-01-02T21:03:51","guid":{"rendered":"https:\/\/hificlub.com.br\/loja\/?post_type=product&#038;p=8995"},"modified":"2026-03-02T10:00:53","modified_gmt":"2026-03-02T13:00:53","slug":"kef-r200c-central-3-vias-walnut","status":"publish","type":"product","link":"https:\/\/hificlub.com.br\/loja\/produto\/kef-r200c-central-3-vias-walnut\/","title":{"rendered":"KEF R200C Caixa Central 3 Vias Walnut"},"content":{"rendered":"<p>ESTADO 9\/10<\/p>\n<p>A KEF \u00e9 uma fabricante de alto-falantes altamente renomada e premiada, cujos produtos de alta qualidade podem ser encontrados em todo o mundo. Eles foram fundados em Maidstone, Kent, em 1961, pelo engenheiro el\u00e9trico Raymond Cooke, que recebeu um OBE da Rainha Elizabeth II em 1979. O nome KEF vem da Kent Engineering &amp; Foundry, que eram ocupantes anteriores do local da KEF. A empresa projetou alto-falantes para a BBC e tem uma vasta gama de produtos em muitas faixas de pre\u00e7o diferentes.<\/p>\n<p>O alto-falante de canal central R200C da KEF foi projetado para unir e complementar os sistemas de home theater R100 e R500. Este alto-falante central altamente capaz apresenta um design de tr\u00eas vias, fazendo uso de dois drives de graves de 2,25 polegadas e um conjunto de drivers Uni-Q MF KEF espec\u00edfico de 5 polegadas com um tweeter de alum\u00ednio de 1 polegada localizado dentro. Esses componentes tecnol\u00f3gicos e a maneira como a KEF os integrou permitem que o alto-falante forne\u00e7a uma resposta sonora verdadeiramente envolvente, colocando voc\u00ea bem no centro de seus filmes e m\u00fasicas favoritos, completo com detalhes e precis\u00e3o realistas, tempo sem esfor\u00e7o e din\u00e2mica impec\u00e1vel. Quer seu her\u00f3i favorito esteja fugindo de explos\u00f5es estrondosas ou sussurrando delicadamente para um companheiro &#8211; cada microdin\u00e2mica \u00e9 ouvida e sentida gra\u00e7as ao R200C.<\/p>\n<p>Especifica\u00e7\u00f5es<br \/>\nUnidades de acionamento\tConjunto de drivers Uni-Q:<br \/>\nHF: domo de alum\u00ednio ventilado de 25 mm (1 pol.)<br \/>\nMF: alum\u00ednio de 125 mm (5 pol.)<br \/>\nUnidades de graves: LF: 2 x 130 mm (5,25 pol.) de alum\u00ednio<br \/>\n Faixa de frequ\u00eancia (-6dB)\t52Hz &#8211; 45kHz<br \/>\n Resposta de frequ\u00eancia (\u00b13dB)\t 65Hz &#8211; 28kHz<br \/>\n Frequ\u00eancia de cruzamento\t500Hz, 2,8kHz<br \/>\n Requisitos do amplificador\t25 &#8211; 150 W<br \/>\n Sensibilidade (2,83 V\/1 m)\t87 dB<br \/>\n Distor\u00e7\u00e3o harm\u00f4nica  2\u00aa e 3\u00aa harm\u00f4nicas<br \/>\n(90dB, 1m)\t&lt;0,4% 120Hz-20kHz<br \/>\n Sa\u00edda m\u00e1xima\t111 dB<br \/>\n Imped\u00e2ncia nominal\t8\u03a9 (m\u00edn. 3,2\u03a9)<br \/>\nPeso\t14,4 kg (31,7 libras)<br \/>\nDimens\u00e3o (A x L x P)<br \/>\n(com grelha e terminal)\t170 x 530 x 305 mm<\/p>\n","protected":false},"excerpt":{"rendered":"<p>ESTADO 9\/10 A KEF \u00e9 uma fabricante de alto-falantes altamente renomada e premiada, cujos produtos de alta qualidade podem ser encontrados em todo o mundo. Eles foram fundados em Maidstone, Kent, em 1961, pelo engenheiro el\u00e9trico Raymond Cooke, que recebeu um OBE da Rainha Elizabeth II em 1979. O nome KEF vem da Kent Engineering [&hellip;]<\/p>\n","protected":false},"featured_media":20094,"template":"","meta":{"_acf_changed":false},"product_brand":[],"product_cat":[35,17,56],"product_tag":[],"class_list":{"0":"post-8995","1":"product","2":"type-product","3":"status-publish","4":"has-post-thumbnail","6":"product_cat-caixas-centrais","7":"product_cat-caixas","8":"product_cat-kef","10":"first","11":"instock","12":"sold-individually","13":"shipping-taxable","14":"purchasable","15":"product-type-simple"},"acf":[],"aioseo_notices":[],"_links":{"self":[{"href":"https:\/\/hificlub.com.br\/loja\/wp-json\/wp\/v2\/product\/8995","targetHints":{"allow":["GET"]}}],"collection":[{"href":"https:\/\/hificlub.com.br\/loja\/wp-json\/wp\/v2\/product"}],"about":[{"href":"https:\/\/hificlub.com.br\/loja\/wp-json\/wp\/v2\/types\/product"}],"wp:featuredmedia":[{"embeddable":true,"href":"https:\/\/hificlub.com.br\/loja\/wp-json\/wp\/v2\/media\/20094"}],"wp:attachment":[{"href":"https:\/\/hificlub.com.br\/loja\/wp-json\/wp\/v2\/media?parent=8995"}],"wp:term":[{"taxonomy":"product_brand","embeddable":true,"href":"https:\/\/hificlub.com.br\/loja\/wp-json\/wp\/v2\/product_brand?post=8995"},{"taxonomy":"product_cat","embeddable":true,"href":"https:\/\/hificlub.com.br\/loja\/wp-json\/wp\/v2\/product_cat?post=8995"},{"taxonomy":"product_tag","embeddable":true,"href":"https:\/\/hificlub.com.br\/loja\/wp-json\/wp\/v2\/product_tag?post=8995"}],"curies":[{"name":"wp","href":"https:\/\/api.w.org\/{rel}","templated":true}]}}