{"id":8912,"date":"2024-01-02T18:03:26","date_gmt":"2024-01-02T21:03:26","guid":{"rendered":"https:\/\/hificlub.com.br\/loja\/?post_type=product&#038;p=8912"},"modified":"2025-12-11T05:38:47","modified_gmt":"2025-12-11T08:38:47","slug":"mcintosh-mc60-classic-60-watts","status":"publish","type":"product","link":"https:\/\/hificlub.com.br\/loja\/produto\/mcintosh-mc60-classic-60-watts\/","title":{"rendered":"MCINTOSH MC60 Classic 60 Watts"},"content":{"rendered":"<h3 class=\"product-meta__title heading h6 || -landscape\"><span dir=\"auto\">McIntosh MC 60<\/span><\/h3>\n<div class=\"product-form__description rte\">\n<p data-start=\"58\" data-end=\"345\"><span dir=\"auto\">A McIntosh \u00e9 refer\u00eancia em alta fidelidade de ponta h\u00e1 d\u00e9cadas. A marca projetou equipamentos lend\u00e1rios cuja musicalidade ainda hoje \u00e9 elogiada pelos audi\u00f3filos mais exigentes. Os monoblocos McIntosh MC 60 fazem parte desse legado e continuam sendo uma refer\u00eancia absoluta em amplifica\u00e7\u00e3o valvulada.<\/span><\/p>\n<p data-start=\"347\" data-end=\"607\"><span dir=\"auto\">Os blocos MC 60 s\u00e3o constru\u00eddos como tanques, com um chassi de a\u00e7o pesado, dois grandes transformadores com acabamento em linda pintura preta acetinada, uma placa superior cromada ou de a\u00e7o inoxid\u00e1vel, dependendo da vers\u00e3o, e pain\u00e9is laterais pretos com o ic\u00f4nico logotipo cromado McIntosh 60.<\/span><\/p>\n<p data-start=\"609\" data-end=\"939\"><span dir=\"auto\">Para v\u00e1lvulas de pot\u00eancia, diferentes configura\u00e7\u00f5es s\u00e3o poss\u00edveis com algumas modifica\u00e7\u00f5es \u2014 seja usando v\u00e1lvulas 6550 ou KT88, como as encontradas nos dois pares mostrados. As outras v\u00e1lvulas desempenham um papel fundamental na afirma\u00e7\u00e3o do car\u00e1ter musical desses monoblocos lend\u00e1rios, portanto, selecionar v\u00e1lvulas de alta qualidade \u00e9 essencial para preservar toda a musicalidade das MC 60.<\/span><\/p>\n<p data-start=\"941\" data-end=\"1249\"><span dir=\"auto\">Ouvir o McIntosh MC 60 \u00e9 uma experi\u00eancia majestosa. Esses monoblocos proporcionam um som incrivelmente realista, repleto de detalhes, riqueza e um palco sonoro que voc\u00ea talvez nunca tenha experimentado antes com seus discos de vinil favoritos \u2014 um equipamento que todo amante da m\u00fasica deveria ouvir pelo menos uma vez na vida.<\/span><\/p>\n<\/div>\n<div class=\"rte-title\"><span dir=\"auto\">Descri\u00e7\u00e3o<\/span><\/div>\n<div class=\"product-form__description product-form__chars rte\">\n<p><span dir=\"auto\">Pot\u00eancia de sa\u00edda: 60 watts em 8\u03a9 (mono)<\/span><\/p>\n<p><span dir=\"auto\">Resposta de frequ\u00eancia: 20 Hz a 30 kHz<\/span><\/p>\n<p><span dir=\"auto\">Distor\u00e7\u00e3o Harm\u00f4nica Total: 0,5%<\/span><\/p>\n<p><span dir=\"auto\">Fator de amortecimento: 12<\/span><\/p>\n<p><span dir=\"auto\">Sensibilidade de entrada: 0,5 V<\/span><\/p>\n<p><span dir=\"auto\">Rela\u00e7\u00e3o sinal-ru\u00eddo: 90 dB<\/span><\/p>\n<p><span dir=\"auto\">Imped\u00e2ncia de carga do alto-falante: 4\u03a9 a 16\u03a9<\/span><\/p>\n<p><span dir=\"auto\">Tubos usados: 2 x KT88, 1 x 12BH7, 1 x 12AU7, 2 x 12AX7, 2 x 5U4GB<\/span><\/p>\n<p><span dir=\"auto\">Dimens\u00f5es: 35,6 x 25,4 x 20,3 cm<\/span><\/p>\n<p><span dir=\"auto\">Peso: 20,8 kg<\/span><\/p>\n<p><span dir=\"auto\">Acabamento: Cromado e preto<\/span><\/p>\n<p>&nbsp;<\/p>\n<\/div>\n","protected":false},"excerpt":{"rendered":"<p>McIntosh MC 60 A McIntosh \u00e9 refer\u00eancia em alta fidelidade de ponta h\u00e1 d\u00e9cadas. A marca projetou equipamentos lend\u00e1rios cuja musicalidade ainda hoje \u00e9 elogiada pelos audi\u00f3filos mais exigentes. Os monoblocos McIntosh MC 60 fazem parte desse legado e continuam sendo uma refer\u00eancia absoluta em amplifica\u00e7\u00e3o valvulada. Os blocos MC 60 s\u00e3o constru\u00eddos como tanques, [&hellip;]<\/p>\n","protected":false},"featured_media":8910,"template":"","meta":{"_acf_changed":false},"product_brand":[],"product_cat":[27,39,31,26],"product_tag":[],"class_list":{"0":"post-8912","1":"product","2":"type-product","3":"status-publish","4":"has-post-thumbnail","6":"product_cat-amplificador","7":"product_cat-mcintosh","8":"product_cat-mono","9":"product_cat-vintage","11":"first","12":"instock","13":"sold-individually","14":"shipping-taxable","15":"purchasable","16":"product-type-simple"},"acf":[],"aioseo_notices":[],"_links":{"self":[{"href":"https:\/\/hificlub.com.br\/loja\/wp-json\/wp\/v2\/product\/8912","targetHints":{"allow":["GET"]}}],"collection":[{"href":"https:\/\/hificlub.com.br\/loja\/wp-json\/wp\/v2\/product"}],"about":[{"href":"https:\/\/hificlub.com.br\/loja\/wp-json\/wp\/v2\/types\/product"}],"wp:featuredmedia":[{"embeddable":true,"href":"https:\/\/hificlub.com.br\/loja\/wp-json\/wp\/v2\/media\/8910"}],"wp:attachment":[{"href":"https:\/\/hificlub.com.br\/loja\/wp-json\/wp\/v2\/media?parent=8912"}],"wp:term":[{"taxonomy":"product_brand","embeddable":true,"href":"https:\/\/hificlub.com.br\/loja\/wp-json\/wp\/v2\/product_brand?post=8912"},{"taxonomy":"product_cat","embeddable":true,"href":"https:\/\/hificlub.com.br\/loja\/wp-json\/wp\/v2\/product_cat?post=8912"},{"taxonomy":"product_tag","embeddable":true,"href":"https:\/\/hificlub.com.br\/loja\/wp-json\/wp\/v2\/product_tag?post=8912"}],"curies":[{"name":"wp","href":"https:\/\/api.w.org\/{rel}","templated":true}]}}