{"id":8903,"date":"2024-01-02T18:03:25","date_gmt":"2024-01-02T21:03:25","guid":{"rendered":"https:\/\/hificlub.com.br\/loja\/?post_type=product&#038;p=8903"},"modified":"2026-04-08T05:10:08","modified_gmt":"2026-04-08T08:10:08","slug":"marantz-pm7000n-wifi-heos-dac-network-60-watts","status":"publish","type":"product","link":"https:\/\/hificlub.com.br\/loja\/produto\/marantz-pm7000n-wifi-heos-dac-network-60-watts\/","title":{"rendered":"MARANTZ PM7000N Amplificador Integrado com Phono, Wifi Heos, Dac, Network, 60 watts"},"content":{"rendered":"<p>Amplificador est\u00e9reo integrado com HEOS embutido<br \/>\nDescubra o PM7000N, o primeiro amplificador Hi-Fi integrado de feedback de corrente totalmente discreto da Marantz com a tecnologia incorporada HEOS. A escolha ideal para audi\u00f3filos que requerem som musical e transmiss\u00e3o de m\u00fasica da Marantz, o PM700N inclui componentes de \u00e1udio de alta qualidade, HDAMs de feedback atual, um transformador toroidal e uma fonte de alimenta\u00e7\u00e3o instant\u00e2nea de alta velocidade. O vers\u00e1til PM7000N possui v\u00e1rias entradas anal\u00f3gicas e digitais e decodifica arquivos de \u00e1udio digital ALAC, FLAC e WAV sem perdas de arquivos de at\u00e9 24 bits \/ 192-kHz \u2013 al\u00e9m de faixas DSD 2.8MHz e 5.6MHz para ouvir em alta resolu\u00e7\u00e3o. Transmita sua m\u00fasica favorita sem fio e controle o amplificador com os principais agentes de voz Apple Siri, Google Assistant e Amazon Alexa.<br \/>\nCaracter\u00edsticas principais<br \/>\nPot\u00eancia para atender \u00e0s suas prefer\u00eancias de \u00e1udio: amplificador Hi-Fi integrado de 2 canais com feedback de corrente totalmente discreto; 60W por canal (8 ohm, 20Hz \u2013 20kHz)<br \/>\nAmpla faixa de conectividade:<br \/>\nquatro entradas anal\u00f3gicas, uma sa\u00edda anal\u00f3gica, uma entrada coaxial, duas entradas digitais \u00f3pticas e uma USB-A para arquivos de \u00e1udio de alta resolu\u00e7\u00e3o<br \/>\nCircuito propriet\u00e1rio HDAM-SA3 da Marantz: Faixa din\u00e2mica mais ampla com menor distor\u00e7\u00e3o para o est\u00e1gio de sa\u00edda<br \/>\nFlexibilidade para todas as configura\u00e7\u00f5es: controle de tom para ajustar o som \u00e0s suas especifica\u00e7\u00f5es exatas e sa\u00edda de subwoofer dedicada para graves uniformemente dispersos, sem picos ou quedas aud\u00edveis<br \/>\nCircuito de volume el\u00e9trico rec\u00e9m-projetado: use o mais recente IC de controle de volume para obter uma melhor separa\u00e7\u00e3o de canais, faixa din\u00e2mica e redu\u00e7\u00e3o de distor\u00e7\u00e3o<br \/>\nReproduza vinil com uma nitidez excepcional: Entrada phono integrada com o novo est\u00e1gio de entrada FET para melhorar a pureza e o som do sinal<br \/>\nTerminais de alto-falante Premium Marantz SPKT-1 +: conex\u00e3o aprimorada aos alto-falantes<br \/>\nTransmita m\u00fasicas de suas fontes favoritas: reproduza m\u00fasicas do TuneIn, Internet Radio, Pandora, Spotify, SiriusXM, Amazon Prime Music, TIDAL e mais via AirPlay 2, Bluetooth e o aplicativo HEOS (os servi\u00e7os de streaming de m\u00fasica podem variar de acordo com a regi\u00e3o)<br \/>\nFale seus comandos: Suporta agentes de voz Amazon Alexa, Google Assistant e Apple Siri para controle de voz cont\u00ednuo<br \/>\nReprodu\u00e7\u00e3o de \u00e1udio de alta performance e alta resolu\u00e7\u00e3o: capacidade de decodificar arquivos ALAC, FLAC e WAV sem perda de \u00e1udio de at\u00e9 24 bits \/ 192-kHz \u2013 al\u00e9m disso, faixas DSD 2.8MHz e 5.6MHz para ouvir em alta resolu\u00e7\u00e3o<br \/>\nBluetooth e Wi-Fi integrados com suporte a banda dupla de 2,4 GHz \/ 5 GHz: Estabilidade de rede aprimorada, mesmo em resid\u00eancias com Wi-Fi<br \/>\nFunciona com o controle remoto da TV: Programe o PM7000N para trabalhar com o controle remoto da TV e ajuste facilmente o volume, o volume, o som e a sele\u00e7\u00e3o de fonte<\/p>\n<p>Amplificador Integrado Moderno<br \/>\nO PM7000N \u00e9 o primeiro amplificador Hi-Fi integrado e com feedback de corrente totalmente discreto com a tecnologia incorporada HEOS da Marantz. \u00c9 a escolha ideal para audi\u00f3filos que exigem som Marantz Musical com opera\u00e7\u00e3o flex\u00edvel e acesso a streaming de m\u00fasica digital. O amplificador fornece potentes 2x 60W em 8 ohm ou 2 x 80W em 4 ohm (20Hz \u2013 20kHz).<\/p>\n<p>O som mais musical<br \/>\nProjetado e sintonizado extensivamente por uma equipe que conta com mais de 65 anos de experi\u00eancia em Hi-Fi, o PM7000N oferece um desempenho excepcional para sua cole\u00e7\u00e3o de \u00e1udio. Seja digital ou anal\u00f3gico, desfrute do som mais musical de qualquer fonte.<\/p>\n<p>Por que Marantz<\/p>\n<p>Amplificador de pot\u00eancia de feedback de corrente totalmente discreto com HDAM-S3<br \/>\nA amplifica\u00e7\u00e3o Current Feedback, uma renomada tecnologia de circuito propriet\u00e1ria da Marantz, foi cuidadosamente projetada para atender aos requisitos da m\u00fasica de alta resolu\u00e7\u00e3o Super Audio para reprodu\u00e7\u00e3o em alta velocidade e largura de banda larga. A imped\u00e2ncia no ponto de realimenta\u00e7\u00e3o atual \u00e9 limitada, gerando uma mudan\u00e7a de fase muito baixa. Os amplificadores Marantz Current Feedback reduzem a necessidade de compensa\u00e7\u00e3o de fase, minimizando o feedback negativo (NFB). Isso simplifica o caminho do sinal e resulta em uma alta taxa de transfer\u00eancia, excelente resposta transit\u00f3ria e excelente transpar\u00eancia s\u00f4nica em toda a largura de banda. Diferentemente da topologia de feedback de voltagem convencional, o Feedback de corrente torna o amplificador de pot\u00eancia quase imune a cargas dif\u00edceis de alto-falante.<\/p>\n<p>Tecnologia Marantz HDAM-S3<br \/>\nA Marantz desenvolveu suas pr\u00f3prias placas de circuito discretas, denominadas Hyper-Dynamic Amplifier Modules, ou HDAMs, para substituir os amplificadores baseados em chip usados \u200b\u200bem outros lugares. Usando componentes discretos de montagem em superf\u00edcie com curtos caminhos de sinal esquerdo e direito de imagem espelhada, os HDAM superam os amplificadores operacionais regulares regulares drasticamente na taxa de rota\u00e7\u00e3o e no n\u00edvel de ru\u00eddo. O resultado \u00e9 um som muito mais din\u00e2mico, preciso e detalhado. Ao longo dos anos, Marantz desenvolveu HDAMs diferentes para atender aos requisitos espec\u00edficos de cada player e amplificador. O PM7000N usa a vers\u00e3o SA3 de alta qualidade.<\/p>\n<p>Pe\u00e7as de som de alta qualidade<br \/>\nA Marantz tem uma reputa\u00e7\u00e3o constante de escolher os melhores componentes poss\u00edveis para seus produtos Hi-Fi, e o PM7000N \u00e9 constru\u00eddo com a mesma abordagem Hi-Fi do primeiro desempenho. Os engenheiros da Marantz selecionaram e otimizaram o PM7000N atrav\u00e9s de uma escuta extensiva em instala\u00e7\u00f5es dedicadas da Marantz na Europa e no Jap\u00e3o usando pe\u00e7as de som sintonizadas em Hi-Fi.<\/p>\n<p>Transformador Toroidal<br \/>\nUm transformador toroidal oferece v\u00e1rias vantagens que derivam de sua efici\u00eancia e capacidade de pot\u00eancia. O formato empresta baixos n\u00edveis de radia\u00e7\u00e3o eletromagn\u00e9tica e vibra\u00e7\u00e3o mec\u00e2nica, produzindo melhor qualidade de som em rela\u00e7\u00e3o ao que voc\u00ea pode experimentar com modelos de transformadores datados.<\/p>\n<p>Fonte de alimenta\u00e7\u00e3o separada para stand-by<br \/>\nPara reduzir o consumo de energia em modo de espera, o PM7000N possui dois circuitos de fonte de alimenta\u00e7\u00e3o separados. Enquanto em espera, a fonte de alimenta\u00e7\u00e3o digital SMPS est\u00e1 ativa para que a rede possa ativar o PM7000N. Ao alternar para o modo de opera\u00e7\u00e3o, a energia SMPS \u00e9 desligada e o transformador toroidal \u00e9 ativado para fornecer a alta corrente necess\u00e1ria para reproduzir a assinatura s\u00f4nica Marantz.<\/p>\n<p>Circuito de pr\u00e9-amplificador reprojetado com HDAM<br \/>\nO controle de volume el\u00e9trico rec\u00e9m-desenvolvido usa o mais recente par de ICs de controle de volume com Marantz HDAM para obter melhor separa\u00e7\u00e3o de canais, faixa din\u00e2mica, melhor rela\u00e7\u00e3o S \/ N e redu\u00e7\u00e3o de distor\u00e7\u00e3o, mantendo a sensa\u00e7\u00e3o operacional de um dispositivo de controle de volume anal\u00f3gico. O amplificador emprega o novo controle de volume el\u00e9trico projetado pela Marantz para alta linearidade e melhor separa\u00e7\u00e3o de canais da categoria.<\/p>\n<p>Modos puros<br \/>\nO PM7000N est\u00e1 equipado com tr\u00eas \u201cmodos puros\u201d, permitindo desativar blocos de \u00e1udio de transmiss\u00e3o inteiros e evitar interfer\u00eancias ao ouvir fontes anal\u00f3gicas. Os modos puros podem ser desativados individualmente entre a rede e USB-A, Wi-Fi e \/ ou Bluetooth para fornecer a melhor experi\u00eancia musical.<\/p>\n<p>HEOS Integrado<br \/>\nCom a tecnologia incorporada HEOS, desfrute da sua m\u00fasica favorita em qualquer divis\u00e3o da sua casa para uma experi\u00eancia de \u00e1udio sem fio em toda a casa. Toque a mesma m\u00fasica em todas as salas ou selecione uma m\u00fasica diferente para cada sala conectada \u2013 a escolha \u00e9 sua. Desfrute de m\u00fasicas do Spotify, Pandora, Tidal e mais ou de suas bibliotecas de arquivos de m\u00fasica locais. Com componentes embutidos HEOS adicionais, como alto-falantes compat\u00edveis com HEOS, reproduz todas as suas m\u00fasicas em uma sala ou em v\u00e1rias.<\/p>\n<p>Suporte para os principais agentes de controle de voz<br \/>\nDesfrute de controle de voz sem esfor\u00e7o e total flexibilidade dos principais agentes de voz. Fale comandos com o Amazon Alexa, o Google Assistant ou o Apple Siri. Pe\u00e7a para reproduzir sua m\u00fasica favorita, aumentar o volume, pular para a pr\u00f3xima faixa, alternar entradas e muito mais. Alterne entre agentes de voz ou escolha um favorito para usar \u2013 voc\u00ea est\u00e1 no controle. A funcionalidade varia de acordo com o agente de voz.<\/p>\n<p>Controle de voz AirPlay 2 + Apple Siri<br \/>\nTransmita \u00e1udio de seus servi\u00e7os de m\u00fasica favoritos, como Apple Music e Spotify, ou assista a v\u00eddeos de servi\u00e7os como YouTube e Netflix, de qualquer iPhone, iPad, Mac ou Apple TV. Ou\u00e7a o \u00e1udio perfeitamente sincronizado com os alto-falantes das fontes do AirPlay 2.<\/p>\n<p>Para \u00e1udio em v\u00e1rias salas, transmita conte\u00fado sem fio para v\u00e1rios dispositivos compat\u00edveis com AirPlay 2 simultaneamente com buffer de \u00e1udio aprimorado para garantir uma reprodu\u00e7\u00e3o de \u00e1udio suave. O AirPlay 2 fornece controle e agrupamento de dispositivos de \u00e1udio compat\u00edveis no aplicativo Apple Music ou Home. Use o AirPlay 2 no aplicativo ou com sua voz via Siri.<\/p>\n<p>Saber mais<\/p>\n<p>Controle de voz do Amazon Alexa<br \/>\nUse sua voz para transmitir seus servi\u00e7os de m\u00fasica favoritos atrav\u00e9s do Alexa para o PM7000N com o HEOS embutido. Pe\u00e7a ao Alexa para tocar m\u00fasicas do Spotify, Pandora, Tidal e muito mais. Aumente ou diminua o volume, fa\u00e7a uma pausa, mude e toque a pr\u00f3xima m\u00fasica \u2013 tudo com sua voz.<\/p>\n<p>Para come\u00e7ar a transmitir com os comandos de voz Alexa, abra o aplicativo Alexa e selecione \u201cSkills\u201d. Adicione HEOS Home Entertainment para ativar. Em seguida, v\u00e1 para o Smart Home no menu do aplicativo Alexa e escolha Dispositivos e Descobrir ou diga \u201cAlexa, descubra meus dispositivos\u201d.<\/p>\n<p>Saber mais<\/p>\n<p>Controle de voz do Google Assistant<br \/>\nPe\u00e7a \u00e0 sua P\u00e1gina inicial do Google, aplicativo do Google ou outros dispositivos com o Assistente do Google incorporado para controlar o conte\u00fado em seu ambiente de escuta. Inicie a m\u00fasica no aplicativo HEOS e pe\u00e7a ao seu Assistente do Google para controlar o volume, reproduzir, pausar, pular faixas e muito mais. O recurso \u201cFunciona com o Assistente do Google\u201d est\u00e1 sempre melhorando.<\/p>\n<p>Saber mais<\/p>\n<p>Josh.ai Automa\u00e7\u00e3o de voz dom\u00e9stica inteligente<br \/>\nUm agente de voz elevado para a casa inteligente de \u00faltima gera\u00e7\u00e3o, Josh.ai oferece controle de voz flex\u00edvel para praticamente qualquer aspecto da sua experi\u00eancia cotidiana e ambiente de entretenimento. Use comandos de voz para controlar o termostato, luzes, eletrodom\u00e9sticos, alto-falantes, receptor AV e muito mais. Josh.ai \u00e9 instalado por integradores personalizados e acessado por meio de um aplicativo no seu telefone ou tablet. Funciona com dispositivos iOS e Android.<\/p>\n<p>Saber mais<\/p>\n<p>Ampla gama de conectividade<br \/>\nO PM7000N \u00e9 equipado com 4 entradas anal\u00f3gicas e uma sa\u00edda anal\u00f3gica e possui uma entrada digital coaxial e duas \u00f3pticas digitais, al\u00e9m de uma entrada USB-A para arquivos de \u00e1udio de alta resolu\u00e7\u00e3o.<\/p>\n<p>Suporte de \u00e1udio de alta resolu\u00e7\u00e3o<br \/>\nCom a capacidade de decodificar arquivos ALAC, FLAC e WAV sem perda de \u00e1udio de alta resolu\u00e7\u00e3o de at\u00e9 24 bits \/ 192-kHz, bem como faixas DSD de 2,8 MHz e 5,6 MHz (o formato audi\u00f3filo do SACD), desfrute da m\u00fasica exatamente como o artista pretendido. Ou\u00e7a suas m\u00fasicas pela porta USB do painel traseiro ou por fontes de rede.<\/p>\n<p>Entrada Phono Integrada Aprimorada<br \/>\nPor um longo tempo, os amplificadores integrados Marantz apresentam est\u00e1gios phono de alta qualidade. O PM7000N permanece fiel a esse legado enquanto tamb\u00e9m apresenta um novo design \u2013 que integra um FET (transistores de efeito de campo) no est\u00e1gio de entrada. Isso fornece alta imped\u00e2ncia de entrada, elimina a necessidade de capacitores de acoplamento CA e simplifica o caminho do sinal, diminuindo a distor\u00e7\u00e3o e o ru\u00eddo, melhorando consideravelmente a pureza geral do sinal.<\/p>\n<p>Sa\u00edda para subwoofer<br \/>\nSuporta um subwoofer externo opcional com crossover passa-baixo ajust\u00e1vel para resposta de graves de baixa frequ\u00eancia dentro do seu ambiente de audi\u00e7\u00e3o. Desfrute de graves precisos, sem picos ou quedas aud\u00edveis, n\u00e3o importa onde voc\u00ea coloca o subwoofer.<\/p>\n<p>Terminais de alto-falante Marantz SPKT-1 + originais de alta qualidade<br \/>\nOs terminais dos alto-falantes do PM700N s\u00e3o feitos de lat\u00e3o denso com um revestimento prateado grosso para fornecer o melhor contato poss\u00edvel com os cabos dos alto-falantes.<\/p>\n<p>Circuito Digital Blindado<br \/>\nPara preservar o circuito anal\u00f3gico de interfer\u00eancias digitais ou radia\u00e7\u00e3o de ru\u00eddo, o circuito digital \u00e9 instalado em uma caixa de prote\u00e7\u00e3o, impedindo interfer\u00eancias. As placas digitais sem fio tamb\u00e9m podem ser completamente desligadas independentemente, usando \u201cModos puros\u201d para evitar interfer\u00eancias.<\/p>\n<p>Fun\u00e7\u00e3o Source Direct<br \/>\nPara garantir o caminho mais curto do sinal e a fidelidade m\u00e1xima, o PM7000N possui a fun\u00e7\u00e3o Marantz Source Direct, que ignora os circuitos de controle de tom e equil\u00edbrio para um caminho reto, proporcionando pureza sonora elevada.<\/p>\n<p>Conecte sua TV, Blu-ray, DVD Player e muito mais<br \/>\nConecte seu decodificador de TV digital ou cabo \/ sat\u00e9lite e um reprodutor de Blu-ray ou DVD a uma das tr\u00eas entradas de \u00e1udio digital (Optical 1 e 2, Coaxial 1) e aproveite a reprodu\u00e7\u00e3o de \u00e1udio digital de faixa din\u00e2mica completa de seu favorito filmes e programas de TV. Todas as entradas digitais podem ativar automaticamente o PM7000N ao detectar um sinal de \u00e1udio da televis\u00e3o, e o controle remoto da televis\u00e3o pode ser programado para operar diretamente o controle de volume principal, silenciar, ligar \/ desligar e selecionar a fonte do PM7000N.<\/p>\n<p>Mais de 65 anos de heran\u00e7a audi\u00f3fila<br \/>\nFundada em 1953, Marantz tem uma longa e rica hist\u00f3ria no design de componentes de \u00e1udio adotados por amantes da m\u00fasica e ouvintes cr\u00edticos em todo o mundo. Como o Music Matters, o PM7000N continua a longa tradi\u00e7\u00e3o de Marantz de oferecer uma experi\u00eancia de escuta de primeira classe para m\u00fasica e televis\u00e3o.<\/p>\n<p>Especifica\u00e7\u00f5es<br \/>\nComent\u00e1rios atual topologia o<br \/>\nPhono EQ: Padr\u00e3o<br \/>\nEntrada digital: \u00f3ptico \/ coaxial \/ USB-A 2\/1\/1<br \/>\nTaxa de amostragem digital em 192 kHz \/ 24 bits<br \/>\nUSB-A: DSD \/ WAV \/ FLAC \/ ALAC &lt;= 5.6 \/ 192\/192\/192 Streaming de \u00e1udio DSD USB-B (DoP): DSD2.8 \/ DSD5.6 Taxa de amostra USB-B PCM Chip DAC AK4490 Modo traseiro ass\u00edncrono USB Transmiss\u00e3o perfeita em bits Isolador de aterramento para opera\u00e7\u00e3o no modo DAC Sintonizador: DAB \/ DAB + \/ FM (RDS) Bluetooth Streaming de \u00e1udio do PC Wi-Fi \/ LAN com fio Internet radio AirPlay 2 Windows Play para Spotify Connect * \/ Tidal * \/ Deezer * \/ outros * Amazon Prime Music * \/ Pandora * HEOS Multiroom e Streaming Controle de voz &#8211; Funciona com o Amazon Alexa Controle de voz &#8211; Google Assist \/ Apple Siri Controle por voz &#8211; microfone embutido Streaming de rede DSD-Audio Formatos com perda: MP3 \/ WMA \/ AAC Formatos sem perdas: DSD \/ FLAC HD 192\/24 \/ ALAC 96\/24 \/ WAV 192\/24 Reprodu\u00e7\u00e3o cont\u00ednua APP remoto: iDevice \/ Android Vers\u00e3o HDAM SA3, SA2 Transformador de pot\u00eancia: Toroidal Componentes de \u00e1udio de alta qualidade Componentes Personalizados Layout sim\u00e9trico de PCB Dissipador de calor de extrus\u00e3o de alum\u00ednio Equil\u00edbrio \/ graves \/ agudos Outras Fonte de alimenta\u00e7\u00e3o de unidade linear Controle de volume linear Diodos Shottky Blindagem do bloco do sistema: nenhuma Placa inferior de dupla camada Visor OELD de baixo n\u00edvel de ru\u00eddo Fonte direta Entradas sa\u00eddas Entradas de \u00e1udio 4 Entrada digital: \u00f3ptico \/ coaxial \/ USB-A 2\/1\/1 Entrada Phono: MM Sa\u00eddas de \u00e1udio 1 Subwoofer pr\u00e9-sa\u00edda Cinch banhado a ouro Terminais de alto-falante Marantz SPKT-1 + N\u00famero de terminais 2 D-Bus Sa\u00edda de fone de ouvido Especifica\u00e7\u00f5es Pot\u00eancia de sa\u00edda (8\/4 Ohm RMS) 60 W \/ 80 W Resposta de Freq\u00fc\u00eancia 5 Hz-100 kHz Distor\u00e7\u00e3o Harm\u00f4nica Total 0,02% Fator de Amortecimento 100 &lt; Sensibilidade de entrada: MM 2 mV \/ 47 kOhm Rela\u00e7\u00e3o sinal \/ ru\u00eddo: MM \/ MC 87 dB \/ Sensibilidade de entrada: Alto n\u00edvel 200 mV \/ 20 kOhm Rela\u00e7\u00e3o Sinal \/ Ru\u00eddo: Alto n\u00edvel 115dB (entrada 2V) Geral Cores dispon\u00edveis: Preto Painel frontal de metal Consumo de energia em W 220 Consumo em espera em W 0,3 Desligamento autom\u00e1tico Cabo de alimenta\u00e7\u00e3o destac\u00e1vel Controle Remoto RC004PM Fun\u00e7\u00e3o Remota do Sistema Dimens\u00f5es m\u00e1ximas (L x P x A) em mm 440 x 379 x 125 Peso em kg 10,3 Dimens\u00f5es m\u00e1ximas da caixa (L x P x A) em mm 547 x 469 x 235 Peso da caixa (produto incl.) Em kg 12,3<\/p>\n","protected":false},"excerpt":{"rendered":"<p>Amplificador est\u00e9reo integrado com HEOS embutido Descubra o PM7000N, o primeiro amplificador Hi-Fi integrado de feedback de corrente totalmente discreto da Marantz com a tecnologia incorporada HEOS. A escolha ideal para audi\u00f3filos que requerem som musical e transmiss\u00e3o de m\u00fasica da Marantz, o PM700N inclui componentes de \u00e1udio de alta qualidade, HDAMs de feedback atual, [&hellip;]<\/p>\n","protected":false},"featured_media":8897,"template":"","meta":{"_acf_changed":false},"product_brand":[],"product_cat":[27,51,92],"product_tag":[],"class_list":{"0":"post-8903","1":"product","2":"type-product","3":"status-publish","4":"has-post-thumbnail","6":"product_cat-amplificador","7":"product_cat-integrado","8":"product_cat-marantz","10":"first","11":"instock","12":"sold-individually","13":"shipping-taxable","14":"purchasable","15":"product-type-simple"},"acf":[],"aioseo_notices":[],"_links":{"self":[{"href":"https:\/\/hificlub.com.br\/loja\/wp-json\/wp\/v2\/product\/8903","targetHints":{"allow":["GET"]}}],"collection":[{"href":"https:\/\/hificlub.com.br\/loja\/wp-json\/wp\/v2\/product"}],"about":[{"href":"https:\/\/hificlub.com.br\/loja\/wp-json\/wp\/v2\/types\/product"}],"wp:featuredmedia":[{"embeddable":true,"href":"https:\/\/hificlub.com.br\/loja\/wp-json\/wp\/v2\/media\/8897"}],"wp:attachment":[{"href":"https:\/\/hificlub.com.br\/loja\/wp-json\/wp\/v2\/media?parent=8903"}],"wp:term":[{"taxonomy":"product_brand","embeddable":true,"href":"https:\/\/hificlub.com.br\/loja\/wp-json\/wp\/v2\/product_brand?post=8903"},{"taxonomy":"product_cat","embeddable":true,"href":"https:\/\/hificlub.com.br\/loja\/wp-json\/wp\/v2\/product_cat?post=8903"},{"taxonomy":"product_tag","embeddable":true,"href":"https:\/\/hificlub.com.br\/loja\/wp-json\/wp\/v2\/product_tag?post=8903"}],"curies":[{"name":"wp","href":"https:\/\/api.w.org\/{rel}","templated":true}]}}