{"id":881,"date":"2023-10-17T19:53:16","date_gmt":"2023-10-17T22:53:16","guid":{"rendered":"https:\/\/hificlub.com.br\/loja2\/produto\/gradient-intro\/"},"modified":"2025-09-17T17:08:53","modified_gmt":"2025-09-17T20:08:53","slug":"gradient-intro","status":"publish","type":"product","link":"https:\/\/hificlub.com.br\/loja\/produto\/gradient-intro\/","title":{"rendered":"GRADIENT INTRO"},"content":{"rendered":"<p>ESTADO 9\/10<\/p>\n<p>Gradient Intro foi projetado para casas modernas com salas de audi\u00e7\u00e3o de pequeno a m\u00e9dio porte. A Intro produziu um som bem equilibrado em um ambiente onde muitos outros alto-falantes tendiam a ter graves estrondosos e superenfatizados. Teve um desempenho especialmente bom em apartamentos urbanos modernos. O Intro utilizou o mesmo driver coaxial que foi usado, por exemplo, no famoso modelo emblem\u00e1tico Revolution.<\/p>\n<p>Uma caracter\u00edstica especial na estrutura do alto-falante era o ressonador Helmholtz, com o qual a resson\u00e2ncia de meia onda gerada no gabinete do alto-falante poderia ser eliminada. <\/p>\n<p>Especifica\u00e7\u00f5es<br \/>\nMarca E Modelo<br \/>\nIntrodu\u00e7\u00e3o ao gradiente<br \/>\nAnos De Fabrica\u00e7\u00e3o<br \/>\n1996 &#8211; 2004<br \/>\nResposta De Frequ\u00eancia<br \/>\n60-20000Hz +\/-2dB, 45Hz -6dB<br \/>\nFrequencia Cruzada<br \/>\n2.800Hz<br \/>\nImped\u00e2ncia<br \/>\n8 ohms<br \/>\nPot\u00eancia Recomendada Do Amplificador<br \/>\n20-150W<br \/>\nSensibilidade<br \/>\n86dB\/2,83V\/1m<br \/>\nMotoristas<br \/>\n1 x midrange de fibra de vidro de 170 mm, 1 x c\u00fapula de alum\u00ednio coaxial de 25 mm<br \/>\nPrinc\u00edpio De Funcionamento<br \/>\nbidirecional, bass reflex<br \/>\nCaracter\u00edsticas<br \/>\nRessonador Helmholtz integrado ao respiradouro para cancelar a resson\u00e2ncia de meia onda; tamb\u00e9m com blindagem magn\u00e9tica<br \/>\nConex\u00f5es<br \/>\nPostagens vinculativas<br \/>\nTerminar<br \/>\nMDF pintado de preto, tecido cinza escuro; ou pe\u00e7as de madeira maci\u00e7a de cerejeira, panos de cores diferentes<br \/>\nDimens\u00f5es (WHD)<br \/>\n23x83x20cm<br \/>\nPeso<br \/>\n10kg<br \/>\nCriado Em<br \/>\nFinl\u00e2ndia<\/p>\n","protected":false},"excerpt":{"rendered":"<p>ESTADO 9\/10 Gradient Intro foi projetado para casas modernas com salas de audi\u00e7\u00e3o de pequeno a m\u00e9dio porte. A Intro produziu um som bem equilibrado em um ambiente onde muitos outros alto-falantes tendiam a ter graves estrondosos e superenfatizados. Teve um desempenho especialmente bom em apartamentos urbanos modernos. O Intro utilizou o mesmo driver coaxial [&hellip;]<\/p>\n","protected":false},"featured_media":15225,"template":"","meta":{"_acf_changed":false},"product_brand":[],"product_cat":[17,108,18],"product_tag":[],"class_list":{"0":"post-881","1":"product","2":"type-product","3":"status-publish","4":"has-post-thumbnail","6":"product_cat-caixas","7":"product_cat-gradient","8":"product_cat-torres","10":"first","11":"instock","12":"sold-individually","13":"shipping-taxable","14":"purchasable","15":"product-type-simple"},"acf":[],"aioseo_notices":[],"_links":{"self":[{"href":"https:\/\/hificlub.com.br\/loja\/wp-json\/wp\/v2\/product\/881","targetHints":{"allow":["GET"]}}],"collection":[{"href":"https:\/\/hificlub.com.br\/loja\/wp-json\/wp\/v2\/product"}],"about":[{"href":"https:\/\/hificlub.com.br\/loja\/wp-json\/wp\/v2\/types\/product"}],"wp:featuredmedia":[{"embeddable":true,"href":"https:\/\/hificlub.com.br\/loja\/wp-json\/wp\/v2\/media\/15225"}],"wp:attachment":[{"href":"https:\/\/hificlub.com.br\/loja\/wp-json\/wp\/v2\/media?parent=881"}],"wp:term":[{"taxonomy":"product_brand","embeddable":true,"href":"https:\/\/hificlub.com.br\/loja\/wp-json\/wp\/v2\/product_brand?post=881"},{"taxonomy":"product_cat","embeddable":true,"href":"https:\/\/hificlub.com.br\/loja\/wp-json\/wp\/v2\/product_cat?post=881"},{"taxonomy":"product_tag","embeddable":true,"href":"https:\/\/hificlub.com.br\/loja\/wp-json\/wp\/v2\/product_tag?post=881"}],"curies":[{"name":"wp","href":"https:\/\/api.w.org\/{rel}","templated":true}]}}