{"id":8758,"date":"2024-01-02T18:02:50","date_gmt":"2024-01-02T21:02:50","guid":{"rendered":"https:\/\/hificlub.com.br\/loja\/?post_type=product&#038;p=8758"},"modified":"2024-12-19T07:01:04","modified_gmt":"2024-12-19T10:01:04","slug":"marantz-sr7005-7-1-networking-home-theater-receiver-with-airplay-125-watts","status":"publish","type":"product","link":"https:\/\/hificlub.com.br\/loja\/produto\/marantz-sr7005-7-1-networking-home-theater-receiver-with-airplay-125-watts\/","title":{"rendered":"MARANTZ SR7005  7.1 Network Home Theater Receiver AirPlay 125 watts"},"content":{"rendered":"<p>ESTADO 9\/10<\/p>\n<p>O receptor de \u00e1udio e v\u00eddeo Marantz SR7005 de 7,2 canais oferece imensa pot\u00eancia de 125 Watts para 7 canais com circuito de feedback de corrente e transformadores superdimensionados de baixa imped\u00e2ncia. O Sharc DSP (processamento de sinal digital) de 400 MHz lida com decodifica\u00e7\u00e3o de \u00e1udio de alta defini\u00e7\u00e3o, incluindo Audyssey DSX e calibra\u00e7\u00e3o de sala MultEQ XT. O SR7005 fornece sinal digital e anal\u00f3gico atrav\u00e9s de uma ampla gama de entradas, incluindo HDMI 1.4a, servidores de rede, USB (compat\u00edvel com iOS) e streaming online.<\/p>\n<p>Caracter\u00edsticas principais<br \/>\n7 x 125 Watts RMS (8 ohms)<br \/>\nDolby TrueHD, DTS-HD Master Audio, Audyssey DSX<br \/>\nCircuito de feedback de corrente com Marantz HDAM<br \/>\nHDMI v1.4a (3D) &#8211; 6 entradas \/ 2 sa\u00eddas<br \/>\nEntrada fono MM<br \/>\nStreaming de rede para \u00e1udio e foto (certificado DLNA 1.5)<br \/>\nR\u00e1dio na Internet com suporte para vTuner, Napster e Last.fm<br \/>\nEntrada USB compat\u00edvel com iPod\/iPhone com GUI<\/p>\n<p>ESPECIFICA\u00c7\u00d5ES<br \/>\nMarca\tMarantz<br \/>\nN\u00famero de canais\t7.2 Canal<br \/>\nResposta de frequ\u00eancia\t20 Hz &#8211; 20 kHz<br \/>\nPot\u00eancia RMS (watts)\t125 Watts<br \/>\nWatts RMS por canal (8 \u03a9)\t125 Watts<br \/>\nNa tela\tSim<br \/>\nPassagem de espera HDMI\tSim<br \/>\nPassagem 4K Ultra HD\tSim<br \/>\nPorta USB para iPod\/iPhone\tSim<br \/>\nCalibra\u00e7\u00e3o de sala e otimiza\u00e7\u00e3o de alto-falantes\tSim<br \/>\nFM\tSim<br \/>\nFormatos de arquivo suportados\tMP3\/WAV\/AAC\/FLAC\/WMA<br \/>\nCompat\u00edvel com MHL\tMP3\/WAV\/AAC\/FLAC\/WMA<br \/>\ngarantia\tGarantia do fabricante australiano<br \/>\nProcessamento de som surround<br \/>\nTecnologia de som Dolby\u00ae\tDolby\u00ae TrueHD, Dolby\u00ae Digital Plus, Dolby\u00ae Pro Logic IIx, Dolby\u00ae Pro Logic IIz<br \/>\nTecnologia DTS\u2122\tDTS-HD\u2122 Master Audio, DTS -HD\u2122 \u00c1udio de alta resolu\u00e7\u00e3o, DTS-ES\u2122, DTS\u2122 Neo:6, DTS\u2122 96\/24<br \/>\n\u00c1udio e v\u00eddeo em v\u00e1rias salas<br \/>\nSa\u00edda de \u00e1udio multi-sala alimentada\tSim<br \/>\nZona 2 Pr\u00e9\/Sa\u00edda de Linha\tSim<br \/>\nZona 3 Pr\u00e9\/Sa\u00edda de Linha\tSim<br \/>\nSa\u00edda de \u00e1udio e v\u00eddeo para v\u00e1rias salas\tZona de v\u00eddeo composto 2, zona de v\u00eddeo componente 2<br \/>\nEntradas e sa\u00eddas<br \/>\nTerminais de alto-falante principal\t7<br \/>\nSa\u00eddas de subwoofer\t2<br \/>\nEntradas HDMI\t6<br \/>\nSa\u00eddas de monitor HDMI\t2<br \/>\nEntradas Digitais \u00d3pticas\t3<br \/>\nSa\u00eddas digitais \u00f3pticas\t1<br \/>\nEntradas Digitais Coaxiais\t2<br \/>\nEntrada de v\u00eddeo composto\t4<br \/>\nSa\u00edda de v\u00eddeo composto\t3<br \/>\nEntradas de v\u00eddeo componente\t4<br \/>\nSa\u00eddas de monitor de v\u00eddeo componente\t2<br \/>\nEntradas Anal\u00f3gicas\t8<br \/>\nPortas USB A\t1<br \/>\nLAN\tSim<br \/>\nEntrada fono\tSim<br \/>\nGatilho 12V\t2<br \/>\nPorta RS232\tSim<br \/>\nEntrada anal\u00f3gica multicanal\tSim<br \/>\nSa\u00edda RCA\t2<br \/>\nDimens\u00e3o<br \/>\nDimens\u00e3o do produto (A\u00d7L\u00d7P) mm\t185x440x406mm<br \/>\nPeso do Produto (Kg)\t13kg<\/p>\n","protected":false},"excerpt":{"rendered":"<p>ESTADO 9\/10 O receptor de \u00e1udio e v\u00eddeo Marantz SR7005 de 7,2 canais oferece imensa pot\u00eancia de 125 Watts para 7 canais com circuito de feedback de corrente e transformadores superdimensionados de baixa imped\u00e2ncia. O Sharc DSP (processamento de sinal digital) de 400 MHz lida com decodifica\u00e7\u00e3o de \u00e1udio de alta defini\u00e7\u00e3o, incluindo Audyssey DSX [&hellip;]<\/p>\n","protected":false},"featured_media":15671,"template":"","meta":{"_acf_changed":false},"product_brand":[],"product_cat":[21,92,22],"product_tag":[],"class_list":{"0":"post-8758","1":"product","2":"type-product","3":"status-publish","4":"has-post-thumbnail","6":"product_cat-home-theater","7":"product_cat-marantz","8":"product_cat-receivers","10":"first","11":"instock","12":"sold-individually","13":"shipping-taxable","14":"purchasable","15":"product-type-simple"},"acf":[],"aioseo_notices":[],"_links":{"self":[{"href":"https:\/\/hificlub.com.br\/loja\/wp-json\/wp\/v2\/product\/8758","targetHints":{"allow":["GET"]}}],"collection":[{"href":"https:\/\/hificlub.com.br\/loja\/wp-json\/wp\/v2\/product"}],"about":[{"href":"https:\/\/hificlub.com.br\/loja\/wp-json\/wp\/v2\/types\/product"}],"wp:featuredmedia":[{"embeddable":true,"href":"https:\/\/hificlub.com.br\/loja\/wp-json\/wp\/v2\/media\/15671"}],"wp:attachment":[{"href":"https:\/\/hificlub.com.br\/loja\/wp-json\/wp\/v2\/media?parent=8758"}],"wp:term":[{"taxonomy":"product_brand","embeddable":true,"href":"https:\/\/hificlub.com.br\/loja\/wp-json\/wp\/v2\/product_brand?post=8758"},{"taxonomy":"product_cat","embeddable":true,"href":"https:\/\/hificlub.com.br\/loja\/wp-json\/wp\/v2\/product_cat?post=8758"},{"taxonomy":"product_tag","embeddable":true,"href":"https:\/\/hificlub.com.br\/loja\/wp-json\/wp\/v2\/product_tag?post=8758"}],"curies":[{"name":"wp","href":"https:\/\/api.w.org\/{rel}","templated":true}]}}