{"id":8749,"date":"2024-01-02T18:02:48","date_gmt":"2024-01-02T21:02:48","guid":{"rendered":"https:\/\/hificlub.com.br\/loja\/?post_type=product&#038;p=8749"},"modified":"2025-11-04T14:58:17","modified_gmt":"2025-11-04T17:58:17","slug":"van-den-hul-digicoupler-75-ohm-1-metro","status":"publish","type":"product","link":"https:\/\/hificlub.com.br\/loja\/produto\/van-den-hul-digicoupler-75-ohm-1-metro\/","title":{"rendered":"VAN DEN HUL DIGICOUPLER 75 Ohm 1 metro"},"content":{"rendered":"<div class=\"intro\">\n<p><span dir=\"auto\">O DIGI-COUPLER 75 Ohm \u00e9 o nosso cabo de interconex\u00e3o de \u00e1udio digital SPDIF de n\u00edvel superior, embora seja igualmente adequado para o transporte de sinais de v\u00eddeo e HF com desempenho m\u00e1ximo.<\/span><\/p>\n<\/div>\n<div class=\"pdesc\">\n<p><span dir=\"auto\">O DIGI-COUPLER 75 Ohm foi especialmente projetado visando a mais alta qualidade de transmiss\u00e3o poss\u00edvel para \u00e1udio digital no formato SPDIF de 75 Ohms, sendo destinado tanto ao audi\u00f3filo exigente quanto ao profissional.<\/span><\/p>\n<p><span dir=\"auto\">O design especial do DIGI-COUPLER 75 Ohms abrange todos os aspectos necess\u00e1rios para uma transmiss\u00e3o impec\u00e1vel e confi\u00e1vel de \u00e1udio digital SPDIF em curtas dist\u00e2ncias, bem como em longas dist\u00e2ncias de est\u00fadio, permitindo melhorias not\u00e1veis \u200b\u200bna qualidade do \u00e1udio.<\/span><br \/>\n<span dir=\"auto\">O rigoroso design de alta frequ\u00eancia do cabo tamb\u00e9m beneficia o transporte de sinais de v\u00eddeo e de alta frequ\u00eancia na faixa de gigahertz.<\/span><\/p>\n<p><strong><span dir=\"auto\">Caracter\u00edsticas:<\/span><\/strong><\/p>\n<ul>\n<li><span dir=\"auto\">O DIGI-COUPLER 75 Ohm apresenta uma imped\u00e2ncia de 75 Ohm muito constante e precisa: 75 Ohm \u00b1 0,5 Ohm at\u00e9 3 GHz.<\/span><\/li>\n<\/ul>\n<p><em><span dir=\"auto\">Isso \u00e9 importante, pois, caso contr\u00e1rio, o sinal ser\u00e1 refletido ao longo do cabo (ou seja, ondas estacion\u00e1rias). Essas reflex\u00f5es deterioram a integridade do sinal, fazendo com que o sinal de \u00e1udio digital recebido se sobreponha a r\u00e9plicas de si mesmo com atraso (ou seja, interfer\u00eancia intersimb\u00f3lica induzida por reflex\u00e3o de sinal). No lado do receptor, isso influencia negativamente a capacidade do circuito de recupera\u00e7\u00e3o de clock do conversor D\/A (PLL) de manter uma taxa de amostragem est\u00e1vel (ou seja, ocorrem flutua\u00e7\u00f5es no intervalo de tempo entre as amostras do sinal de \u00e1udio).<\/span><br \/>\n<span dir=\"auto\">A distor\u00e7\u00e3o resultante do sinal de \u00e1udio \u00e9 oficialmente chamada de &#8220;distor\u00e7\u00e3o de jitter&#8221; e \u00e9 particularmente percept\u00edvel como redu\u00e7\u00e3o da resolu\u00e7\u00e3o e da imagem sonora.<\/span><\/em><\/p>\n<pre><span dir=\"auto\">Nota: Para manter uma imped\u00e2ncia precisa de 75 Ohms e evitar reflex\u00f5es de sinal, o valor m\u00ednimo recomendado para o raio de curvatura do DIGI-COUPLER 75 Ohms \u00e9 de 8,0 cm.<\/span><\/pre>\n<p>&nbsp;<\/p>\n<ul>\n<li><span dir=\"auto\">O DIGI-COUPLER de 75 Ohms apresenta uma largura de banda de frequ\u00eancia muito alta.<\/span><br \/>\n<span dir=\"auto\">Por exemplo: a largura de banda de -3 dB para um cabo de 10 m \u00e9 de 770 MHz. (Para mais dados, consulte o gr\u00e1fico de atenua\u00e7\u00e3o na barra lateral).\u00a0<\/span><em><span dir=\"auto\">Uma alta largura de banda \u00e9 importante: um sinal de \u00e1udio digital SPDIF cont\u00e9m frequ\u00eancias que se estendem muito al\u00e9m da largura de banda m\u00ednima normalmente especificada (~6 MHz). Embora essa largura de banda m\u00ednima proporcione transmiss\u00e3o utiliz\u00e1vel, a transmiss\u00e3o precisa de dados e a recupera\u00e7\u00e3o de clocks com baixo jitter em ambientes ruidosos reais se beneficiar\u00e3o de uma largura de banda muito maior:<\/span><\/em><span dir=\"auto\">\u00a0o sinal de \u00e1udio digital consiste em unidades de dados elementares (bits) na forma de zeros e uns. Essas s\u00e3o ondas quadradas (elementos em forma de merl\u00e3o) cujas bordas verticais servem como demarca\u00e7\u00e3o para o circuito de recep\u00e7\u00e3o do sinal (por exemplo, conversor D\/A) para que ele possa recuperar o clock do sinal e reconhecer os valores dos bits contidos. A largura de banda do cabo diminui com o comprimento do cabo utilizado. Larguras de banda menores fazem com que as bordas das ondas quadradas do sinal de \u00e1udio digital se tornem cada vez mais arredondadas e borradas ao longo do tempo (interfer\u00eancia intersimb\u00f3lica). Isso prejudica a capacidade do circuito receptor de determinar corretamente os valores individuais dos bits e sua temporiza\u00e7\u00e3o. A chamada &#8220;distor\u00e7\u00e3o de jitter&#8221; e a &#8220;taxa de erro de bit&#8221; aumentam e a qualidade do \u00e1udio diminui.<\/span><\/li>\n<\/ul>\n<\/div>\n","protected":false},"excerpt":{"rendered":"<p>O DIGI-COUPLER 75 Ohm \u00e9 o nosso cabo de interconex\u00e3o de \u00e1udio digital SPDIF de n\u00edvel superior, embora seja igualmente adequado para o transporte de sinais de v\u00eddeo e HF com desempenho m\u00e1ximo. O DIGI-COUPLER 75 Ohm foi especialmente projetado visando a mais alta qualidade de transmiss\u00e3o poss\u00edvel para \u00e1udio digital no formato SPDIF de [&hellip;]<\/p>\n","protected":false},"featured_media":8747,"template":"","meta":{"_acf_changed":false},"product_brand":[],"product_cat":[61,172,66],"product_tag":[],"class_list":{"0":"post-8749","1":"product","2":"type-product","3":"status-publish","4":"has-post-thumbnail","6":"product_cat-cabos","7":"product_cat-digital-cabos","8":"product_cat-van-den-hul","10":"first","11":"instock","12":"sold-individually","13":"shipping-taxable","14":"purchasable","15":"product-type-simple"},"acf":[],"aioseo_notices":[],"_links":{"self":[{"href":"https:\/\/hificlub.com.br\/loja\/wp-json\/wp\/v2\/product\/8749","targetHints":{"allow":["GET"]}}],"collection":[{"href":"https:\/\/hificlub.com.br\/loja\/wp-json\/wp\/v2\/product"}],"about":[{"href":"https:\/\/hificlub.com.br\/loja\/wp-json\/wp\/v2\/types\/product"}],"wp:featuredmedia":[{"embeddable":true,"href":"https:\/\/hificlub.com.br\/loja\/wp-json\/wp\/v2\/media\/8747"}],"wp:attachment":[{"href":"https:\/\/hificlub.com.br\/loja\/wp-json\/wp\/v2\/media?parent=8749"}],"wp:term":[{"taxonomy":"product_brand","embeddable":true,"href":"https:\/\/hificlub.com.br\/loja\/wp-json\/wp\/v2\/product_brand?post=8749"},{"taxonomy":"product_cat","embeddable":true,"href":"https:\/\/hificlub.com.br\/loja\/wp-json\/wp\/v2\/product_cat?post=8749"},{"taxonomy":"product_tag","embeddable":true,"href":"https:\/\/hificlub.com.br\/loja\/wp-json\/wp\/v2\/product_tag?post=8749"}],"curies":[{"name":"wp","href":"https:\/\/api.w.org\/{rel}","templated":true}]}}