{"id":8575,"date":"2024-01-02T18:01:54","date_gmt":"2024-01-02T21:01:54","guid":{"rendered":"https:\/\/hificlub.com.br\/loja\/?post_type=product&#038;p=8575"},"modified":"2026-03-03T22:18:41","modified_gmt":"2026-03-04T01:18:41","slug":"bw-703-s3-black-gloss","status":"publish","type":"product","link":"https:\/\/hificlub.com.br\/loja\/produto\/bw-703-s3-black-gloss\/","title":{"rendered":"B&#038;W 703 S3 Black Gloss"},"content":{"rendered":"<p>O novo 703 S3 apresenta pela primeira vez nossa ic\u00f4nica configura\u00e7\u00e3o Tweeter-on-Top, juntamente com um cone de m\u00e9dio alcance desacoplado FST\u2122 Continuum \u2013 aprimorado pela adi\u00e7\u00e3o de nossa nova suspens\u00e3o biomim\u00e9tica revolucion\u00e1ria \u2013 e dois woofers Aerofoil Profile.<\/p>\n<p>Design fino, som potente<br \/>\nEste elegante alto-falante de ch\u00e3o \u00e9 muito compacto e f\u00e1cil de instalar. Perfeito para som superlativo em espa\u00e7os pequenos.<\/p>\n<p>Um lar para altas frequ\u00eancias<br \/>\nOs tweeters de domo de carbono foram feitos especificamente para a S\u00e9rie 700. Eles oferecem uma melhoria marcante em rela\u00e7\u00e3o aos tweeters de domo duplo de alum\u00ednio, aumentando o break-up para 47 kHz, para uma imagem precisa e detalhada.<\/p>\n<p>Um som realmente incr\u00edvel<br \/>\nGra\u00e7as \u00e0 sua estrutura composta, o cone Continuum\u2122 evita as transi\u00e7\u00f5es abruptas no comportamento que podem comprometer o desempenho de um alto-falante convencional. O resultado \u00e9 um som mais aberto e neutro, que reproduz vozes e instrumentos com precis\u00e3o e transpar\u00eancia.<\/p>\n<p>Limpo e claro<br \/>\nCada alto-falante de tr\u00eas vias da nova S\u00e9rie 700 possui um cone de m\u00e9dio alcance dedicado que utiliza quatro tecnologias principais da Bowers &amp; Wilkins: Continuum Cone, FST\u2122, Suspens\u00e3o Biomim\u00e9tica e Desacoplamento de M\u00e9dio Alcance, este \u00faltimo capaz de garantir interfer\u00eancia m\u00ednima da opera\u00e7\u00e3o dos woofers do alto-falante.<\/p>\n<p>Dimens\u00f5es:\tAltura: 1010 mm somente gabinete<br \/>\n1117 mm incluindo tweeter e pedestal<br \/>\nLargura: 192 mm somente gabinete<br \/>\n290 mm incluindo pedestal<br \/>\nProfundidade: 316 mm somente gabinete<br \/>\n353 mm incluindo grade e terminais<br \/>\n372 mm incluindo pedestal<br \/>\nPeso l\u00edquido\t28,81 kg<\/p>\n<p>Especifica\u00e7\u00f5es<br \/>\nCaracter\u00edsticas t\u00e9cnicas<br \/>\nTweeter desacoplado com domo de carbono<br \/>\nCorpo s\u00f3lido on-Top Tweeter<br \/>\nM\u00e9dio Continuum\u2122 FST<br \/>\nM\u00e9dio desacoplado<br \/>\nAerofoil\u2122 woofer<br \/>\nFlowport\u2122<br \/>\nImped\u00e2ncia m\u00e1xima recomendada do cabo\t0,1<br \/>\nDescri\u00e7\u00e3o\tReflexo de graves de 3 vias<br \/>\nTransdutores\t1x \u00f825mm (1 pol.) Tweeter desacoplado com domo de carbono<br \/>\n1x \u00f8150mm (6 pol.) Midrange Continuum FST<br \/>\n3x \u00f8165mm (6,5 pol.) Woofers Aerofoil<br \/>\nFaixa de frequ\u00eancia\t30Hz \u2013 33kHz<br \/>\nResposta de frequ\u00eancia\t46Hz \u2013 28kHz \u00b13dB<br \/>\nSensibilidade\t90 dB de ru\u00eddo (2,83 Vrms, 1 m)<br \/>\ndistor\u00e7\u00e3o harm\u00f4nica\t2\u00ba e 3\u00ba harm\u00f4nicos (90dB,1m no eixo)<br \/>\n&lt;1% 90Hz \u2013 22kHz<br \/>\n&lt;0,5% 120Hz \u2013 20kHz<br \/>\nImped\u00e2ncia nominal\t8\u03a9 (m\u00ednimo 3,1\u03a9)<br \/>\nPot\u00eancia de amplifica\u00e7\u00e3o recomendada\t30W \u2013 200W em programa n\u00e3o distorcido de 8 \u03a9<\/p>\n<p>Acabamentos<br \/>\nRecipiente:\tPreto brilhante<br \/>\nacetinado branco<br \/>\nmocha<br \/>\nGrades:\tPreto Cinza<br \/>\n(somente Branco Cetim)<\/p>\n","protected":false},"excerpt":{"rendered":"<p>O novo 703 S3 apresenta pela primeira vez nossa ic\u00f4nica configura\u00e7\u00e3o Tweeter-on-Top, juntamente com um cone de m\u00e9dio alcance desacoplado FST\u2122 Continuum \u2013 aprimorado pela adi\u00e7\u00e3o de nossa nova suspens\u00e3o biomim\u00e9tica revolucion\u00e1ria \u2013 e dois woofers Aerofoil Profile. Design fino, som potente Este elegante alto-falante de ch\u00e3o \u00e9 muito compacto e f\u00e1cil de instalar. Perfeito [&hellip;]<\/p>\n","protected":false},"featured_media":19068,"template":"","meta":{"_acf_changed":false},"product_brand":[],"product_cat":[19,17,18],"product_tag":[],"class_list":{"0":"post-8575","1":"product","2":"type-product","3":"status-publish","4":"has-post-thumbnail","6":"product_cat-bw","7":"product_cat-caixas","8":"product_cat-torres","10":"first","11":"instock","12":"sold-individually","13":"shipping-taxable","14":"product-type-simple"},"acf":[],"aioseo_notices":[],"_links":{"self":[{"href":"https:\/\/hificlub.com.br\/loja\/wp-json\/wp\/v2\/product\/8575","targetHints":{"allow":["GET"]}}],"collection":[{"href":"https:\/\/hificlub.com.br\/loja\/wp-json\/wp\/v2\/product"}],"about":[{"href":"https:\/\/hificlub.com.br\/loja\/wp-json\/wp\/v2\/types\/product"}],"wp:featuredmedia":[{"embeddable":true,"href":"https:\/\/hificlub.com.br\/loja\/wp-json\/wp\/v2\/media\/19068"}],"wp:attachment":[{"href":"https:\/\/hificlub.com.br\/loja\/wp-json\/wp\/v2\/media?parent=8575"}],"wp:term":[{"taxonomy":"product_brand","embeddable":true,"href":"https:\/\/hificlub.com.br\/loja\/wp-json\/wp\/v2\/product_brand?post=8575"},{"taxonomy":"product_cat","embeddable":true,"href":"https:\/\/hificlub.com.br\/loja\/wp-json\/wp\/v2\/product_cat?post=8575"},{"taxonomy":"product_tag","embeddable":true,"href":"https:\/\/hificlub.com.br\/loja\/wp-json\/wp\/v2\/product_tag?post=8575"}],"curies":[{"name":"wp","href":"https:\/\/api.w.org\/{rel}","templated":true}]}}