{"id":853,"date":"2023-10-17T19:53:10","date_gmt":"2023-10-17T22:53:10","guid":{"rendered":"https:\/\/hificlub.com.br\/loja2\/produto\/ac-organizer-lc311se-bivolt-hiend\/"},"modified":"2025-12-16T07:06:19","modified_gmt":"2025-12-16T10:06:19","slug":"ac-organizer-lc311se-bivolt-hiend","status":"publish","type":"product","link":"https:\/\/hificlub.com.br\/loja\/produto\/ac-organizer-lc311se-bivolt-hiend\/","title":{"rendered":"AC ORGANIZER LC311SE  Condicionador HiEnd Bivolt 6.4 KVA"},"content":{"rendered":"<p><b>Filtro Condicionador de 6,4 KVA\u00a0 Diamante Referencia \u2013 Tomadas, Porta Fus\u00edveis e Tomada IEC Importados<\/b><b>, toda a fia\u00e7\u00e3o em Cobre OFC halogene free 4mm especial.<\/b><\/p>\n<ul>\n<li>LC-311 \u2013 Modelo Bif\u00e1sico (filtro duplo sintonizado na freq\u00fc\u00eancia de 60Hz, que faz a filtragem concomitante das duas Fases da rede el\u00e9trica \u2013 Patente Requerida).<br \/>\nAl\u00e9m de fixar a freq\u00fc\u00eancia da rede em 60Hz, o AC Organizer LC311 possui tamb\u00e9m circuitos eletr\u00f4nicos, que monitoram os n\u00edveis da tens\u00e3o el\u00e9trica, isto \u00e9, sub- ou sobre tens\u00e3o (em outras palavras, a voltagem m\u00ednima e m\u00e1xima).<\/li>\n<li>Possui temporizador (retardo) de 10 segundos para a liga\u00e7\u00e3o do equipamento.<\/li>\n<li>Trabalha livre de compress\u00e3o din\u00e2mica, pois fornece 6,4 KVA de pot\u00eancia, a qual \u00e9 distribuida \u00a0sa\u00edda adicional de 220V, resultante da combina\u00e7\u00e3o das Fases 1 e 2.<br \/>\nNotas importantes:<br \/>\na) Observe que o AC Organizer LC311 n\u00e3o possui nem aplica nenhuma transforma\u00e7\u00e3o interna da voltagem.<br \/>\nb) Para permitir aumentar o n\u00famero de tomadas de sa\u00edda, inclu\u00edmos uma sa\u00edda para r\u00e9gua especial (opcional, vendida separadamente) que lhe fornecer\u00e1 mais 8 tomadas sendo 4 em cada Fase, e todas aterradas. A pedido, esta r\u00e9gua poder\u00e1 ter suas 8 sa\u00eddas configurada em 110V, ou 4 em 110V e 4 em 220V. A escolha \u00e9 do cliente.<\/li>\n<li>Como decorr\u00eancia da utiliza\u00e7\u00e3o de dupla fase, o \u201cpalco sonoro\u201d se torna muito mais percept\u00edvel, na largura, altura e profundidade, al\u00e9m de se observar um tridimensionalismo muito maior. No \u00e1udio, os extremos das freq\u00fc\u00eancias se tornam muito mais definidos, com maior. No \u00e1udio, os extremos das freq\u00fc\u00eancias se tornam muito mais definidos, com maior extens\u00e3o e tempo de decaimento.<\/li>\n<li>Em testes A\/B\/A, as diferen\u00e7as s\u00e3o f\u00e1ceis de notar, mesmo por uma pessoa leiga em audiofilia, al\u00e9m de outros benef\u00edcios aud\u00edveis.<br \/>\nNo teste do LC 311 o que mais impressionou neste produto foi sua total aus\u00eancia de compress\u00e3o macrodin\u00e2mica, ao contrario de todos os outros condicionadores de energia testados at\u00e9 o momento, e pela qualidade do sil\u00eancio de fundo que ele imp\u00f5e ao sistema, recriando um belo palco sonoro e um impressionante foco, recorte arejamento do acontecimento musical.<\/li>\n<li>O sistema de filtragem \u00e9 feito atrav\u00e9s de duplo circuito LC (indutor mais capacitor). Esta configura\u00e7\u00e3o de liga\u00e7\u00e3o \u00e9 denominada estrela, sendo seu uso in\u00e9dito em \u00e1udio objeto de pedido de patente requerida pela AC Organizer Ltda.<\/li>\n<li>Bif\u00e1sico: Esta \u00e9 uma condi\u00e7\u00e3o para a liga\u00e7\u00e3o do AC Organizer LC311, j\u00e1 que ele utiliza Fase 1, mais Fase 2, mais neutro, mais terra. Caso a voltagem local seja em 220 V (Fase 1, mais Fase 2, mais neutro), ser\u00e1 necess\u00e1rio utilizar o transformador abaixador duplo AC Organizer TR2211.<\/li>\n<li>O painel, em alum\u00ednio escovado de 4mm, pode ser fornecido nas cores Black ou Silver.<\/li>\n<li>Dimens\u00f5es: altura 21 cm, largura 46,5 cm e profundidade 32,5 cm, peso 45Kg. (2 anos de garantia contra defeitos de fabrica\u00e7\u00e3o).<\/li>\n<li>Possui duplo divisor de sinal de tv a cabo com aterramento integrado ao equipamento. Este divisor \u00e9 feito com fios de cobre banhados em prata, o que confere \u00f3tima qualidade de sinal.<\/li>\n<li>Possui tamb\u00e9m uma chave que permite desligar o circuito de prote\u00e7\u00e3o das tomadas de sa\u00edda. Embora o circuito de prote\u00e7\u00e3o seja totalmente paralelo \u00e0 rede, e portanto sonicamente transparente, inclu\u00edmos esta chave para dar a op\u00e7\u00e3o ao usu\u00e1rio naquelas situa\u00e7\u00f5es em que deseje \u2013 e as condi\u00e7\u00f5es atmosf\u00e9ricas n\u00e3o inspirarem cuidados! \u2013 fazer audi\u00e7\u00f5es ainda mais detalhadas, cr\u00edticas e precisas de seu equipamento.<\/li>\n<li>Duplo fus\u00edvel de alimenta\u00e7\u00e3o, um de trinta Amperes por Fase de a\u00e7\u00e3o r\u00e1pida.<\/li>\n<li>Cabo de for\u00e7a destac\u00e1vel. Conv\u00e9m lembrar que um bom cabo de for\u00e7a faz muita diferen\u00e7a no ajuste final do sistema, um conceito de que cada vez mais pessoas se convencem, bastando apenas uma demonstra\u00e7\u00e3o. O melhor juiz \u00e9 a audi\u00e7\u00e3o (\u201co ouvido\u201d) de cada um&#8230;<\/li>\n<li>Possui 3 LEDs no painel frontal que indicam falha no CP (Circuito de prote\u00e7\u00e3o) Caso algum destes LEDs acenda e permane\u00e7a aceso, ap\u00f3s algum tipo de descarga el\u00e9trica, raio por exemplo, ou um transiente eletro magn\u00e9tico, significa que algum tipo de transiente na linha foi interceptado e enviado ao Terra.<\/li>\n<li>*Chave de acionamento no painel traseiro<\/li>\n<li>LED superior power, intermedi\u00e1rio prte\u00e7\u00e3o, LED inferior fus\u00edvel Fase 1 e Fase 2.<\/li>\n<li>LEDs falha CP. S\u00e3o 3 LEDs. Correspondendo respectivamente a Fase, neutro e Fase. Quando 3 estiverem apagados, significa que o circuito de prote\u00e7\u00e3o est\u00e1 bom, pronto para o uso se necess\u00e1rio. Quando 1, 2 ou 3 LEDs ficarem acesos, significa que o circuito de prote\u00e7\u00e3o entrou em a\u00e7\u00e3o em algum instante, protegendo o sistema de filtragem e os equipamentos nele ligados. Obs: Caso ocorra dos LEDs ficarem acesos, entre em contato com seu Revendedor ou com a f\u00e1brica, para que se possa realizar a substitui\u00e7\u00e3o do circuito de prote\u00e7\u00e3o, sem nenhum custo de m\u00e3o de obra ou de pe\u00e7as. (vide item 19, a seguir)<\/li>\n<li>O consumidor dos produtos AC Organizer necessita somente nos remeter o equipamento na embalagem original, com Nota Fiscal de Devolu\u00e7\u00e3o para conserto (Este \u00e9 um processo simples. Informe-se sobre a legila\u00e7\u00e3o local quanto \u00e0 emiss\u00e3o de Nota Fiscal por pessoa f\u00edsica). Apenas o frete de ida e de volta correr\u00e1 por conta do propriet\u00e1rio.<\/li>\n<\/ul>\n<p>* Chave de acionamento por alavanca no painel traseiro liga desliga o equipamento.<br \/>\n** Chave de acionamento por alavanca no painel traseiro liga e desliga sistema de prote\u00e7\u00e3o.<br \/>\n***LED superior power, LED central prote\u00e7\u00e3o, LED inferior Fus\u00edvel fase 1 e fus\u00edvel fase 2.<br \/>\n****LEDS falha CP. S\u00e3o 3 LEDs, respectivamente para Neutro e Fase<br \/>\n*****Dimens\u00f5es (A x L x P): 21 x 46,5 x 35)<\/p>\n<p><strong>Peso:<\/strong>\u00a045kg<\/p>\n<p><strong>NOTA:<\/strong>\u00a0\u00c9 muito importante que se tenha um bom Terra para que se possa obter 100% de funcionamento do circuito de prote\u00e7\u00e3o do equipamento, que depende diretamente do Terra para o escoamento do transiente da descarga. Isso vale para todos os modelos. N\u00e3o ser\u00e1 poss\u00edvel estabelecer nenhum tipo de prote\u00e7\u00e3o contra descargas de transientes se o terminal de Terra do cabo de alimenta\u00e7\u00e3o n\u00e3o estiver conectado a um Terra eficiente. Eventuais danos causados ao LC 111 ou aos equipamentos por aus\u00eancia de aterramento n\u00e3o s\u00e3o cobertos pela garantia, que \u00e9 contra defeitos de fabrica\u00e7\u00e3o. Como sempre, recomendamos cautela, desligar a chave geral do filtro em casos de tempestades com raios.<\/p>\n","protected":false},"excerpt":{"rendered":"<p>Filtro Condicionador de 6,4 KVA\u00a0 Diamante Referencia \u2013 Tomadas, Porta Fus\u00edveis e Tomada IEC Importados, toda a fia\u00e7\u00e3o em Cobre OFC halogene free 4mm especial. LC-311 \u2013 Modelo Bif\u00e1sico (filtro duplo sintonizado na freq\u00fc\u00eancia de 60Hz, que faz a filtragem concomitante das duas Fases da rede el\u00e9trica \u2013 Patente Requerida). Al\u00e9m de fixar a freq\u00fc\u00eancia [&hellip;]<\/p>\n","protected":false},"featured_media":28485,"template":"","meta":{"_acf_changed":false},"product_brand":[],"product_cat":[89,106],"product_tag":[],"class_list":{"0":"post-853","1":"product","2":"type-product","3":"status-publish","4":"has-post-thumbnail","6":"product_cat-acessorios","7":"product_cat-energia","9":"first","10":"instock","11":"sold-individually","12":"shipping-taxable","13":"purchasable","14":"product-type-simple"},"acf":[],"aioseo_notices":[],"_links":{"self":[{"href":"https:\/\/hificlub.com.br\/loja\/wp-json\/wp\/v2\/product\/853","targetHints":{"allow":["GET"]}}],"collection":[{"href":"https:\/\/hificlub.com.br\/loja\/wp-json\/wp\/v2\/product"}],"about":[{"href":"https:\/\/hificlub.com.br\/loja\/wp-json\/wp\/v2\/types\/product"}],"wp:featuredmedia":[{"embeddable":true,"href":"https:\/\/hificlub.com.br\/loja\/wp-json\/wp\/v2\/media\/28485"}],"wp:attachment":[{"href":"https:\/\/hificlub.com.br\/loja\/wp-json\/wp\/v2\/media?parent=853"}],"wp:term":[{"taxonomy":"product_brand","embeddable":true,"href":"https:\/\/hificlub.com.br\/loja\/wp-json\/wp\/v2\/product_brand?post=853"},{"taxonomy":"product_cat","embeddable":true,"href":"https:\/\/hificlub.com.br\/loja\/wp-json\/wp\/v2\/product_cat?post=853"},{"taxonomy":"product_tag","embeddable":true,"href":"https:\/\/hificlub.com.br\/loja\/wp-json\/wp\/v2\/product_tag?post=853"}],"curies":[{"name":"wp","href":"https:\/\/api.w.org\/{rel}","templated":true}]}}