{"id":850,"date":"2023-10-17T19:53:10","date_gmt":"2023-10-17T22:53:10","guid":{"rendered":"https:\/\/hificlub.com.br\/loja2\/produto\/cambridge-id100-dock-ipod\/"},"modified":"2026-03-03T22:21:08","modified_gmt":"2026-03-04T01:21:08","slug":"cambridge-id100-dock-ipod","status":"publish","type":"product","link":"https:\/\/hificlub.com.br\/loja\/produto\/cambridge-id100-dock-ipod\/","title":{"rendered":"CAMBRIDGE ID100 &#8211; DOCK IPOD"},"content":{"rendered":"<p>COR: PRETO<br \/>CONDI&Ccedil;&Atilde;O: NOVO<br \/>Sa\u00eddas AES\/EBU, S\/PDIF, Video composto, componente e S-V\u00eddeo<br \/>USB Tipo B<br \/>Alimenta\u00e7\u00e3o: 12V DV, 2A<br \/>DIMENSOES 10.8 CM X 4.6 CM X 12.8<\/p>\n","protected":false},"excerpt":{"rendered":"<p>COR: PRETOCONDI&Ccedil;&Atilde;O: NOVOSa\u00eddas AES\/EBU, S\/PDIF, Video composto, componente e S-V\u00eddeoUSB Tipo BAlimenta\u00e7\u00e3o: 12V DV, 2ADIMENSOES 10.8 CM X 4.6 CM X 12.8<\/p>\n","protected":false},"featured_media":849,"template":"","meta":{"_acf_changed":false},"product_brand":[],"product_cat":[89,52,105],"product_tag":[],"class_list":{"0":"post-850","1":"product","2":"type-product","3":"status-publish","4":"has-post-thumbnail","6":"product_cat-acessorios","7":"product_cat-cambridge","8":"product_cat-sistema-para-ipod","10":"first","11":"instock","12":"sold-individually","13":"shipping-taxable","14":"purchasable","15":"product-type-simple"},"acf":[],"aioseo_notices":[],"_links":{"self":[{"href":"https:\/\/hificlub.com.br\/loja\/wp-json\/wp\/v2\/product\/850","targetHints":{"allow":["GET"]}}],"collection":[{"href":"https:\/\/hificlub.com.br\/loja\/wp-json\/wp\/v2\/product"}],"about":[{"href":"https:\/\/hificlub.com.br\/loja\/wp-json\/wp\/v2\/types\/product"}],"wp:featuredmedia":[{"embeddable":true,"href":"https:\/\/hificlub.com.br\/loja\/wp-json\/wp\/v2\/media\/849"}],"wp:attachment":[{"href":"https:\/\/hificlub.com.br\/loja\/wp-json\/wp\/v2\/media?parent=850"}],"wp:term":[{"taxonomy":"product_brand","embeddable":true,"href":"https:\/\/hificlub.com.br\/loja\/wp-json\/wp\/v2\/product_brand?post=850"},{"taxonomy":"product_cat","embeddable":true,"href":"https:\/\/hificlub.com.br\/loja\/wp-json\/wp\/v2\/product_cat?post=850"},{"taxonomy":"product_tag","embeddable":true,"href":"https:\/\/hificlub.com.br\/loja\/wp-json\/wp\/v2\/product_tag?post=850"}],"curies":[{"name":"wp","href":"https:\/\/api.w.org\/{rel}","templated":true}]}}