{"id":8499,"date":"2024-01-02T18:01:41","date_gmt":"2024-01-02T21:01:41","guid":{"rendered":"https:\/\/hificlub.com.br\/loja\/?post_type=product&#038;p=8499"},"modified":"2026-02-18T06:13:41","modified_gmt":"2026-02-18T09:13:41","slug":"clearaudio-nano-phono-v2-mm-mc","status":"publish","type":"product","link":"https:\/\/hificlub.com.br\/loja\/produto\/clearaudio-nano-phono-v2-mm-mc\/","title":{"rendered":"CLEARAUDIO NANO PHONO V2 MM\/MC"},"content":{"rendered":"<p>&nbsp;<\/p>\n<p>A placa de circuito impresso \u00e9 encapsulada em um chassi s\u00f3lido de alum\u00ednio usinado em CNC e livre de resson\u00e2ncia. A mais recente e sofisticada tecnologia de montagem em superf\u00edcie \u00e9 utilizada em conjunto com componentes eletr\u00f4nicos de precis\u00e3o, como circuitos integrados Burr-Brown (Texas Instruments). Os caminhos de sinal extremamente curtos do Nano v2 proporcionam uma reprodu\u00e7\u00e3o musical pura e sem ru\u00eddos.<\/p>\n<p>O design totalmente dual-mono apresenta interruptores esquerdo e direito separados para carga de entrada e controle de ganho. Os usu\u00e1rios tamb\u00e9m podem selecionar entre a sensibilidade da bobina m\u00f3vel ou do \u00edm\u00e3 m\u00f3vel, extraindo os melhores resultados de praticamente qualquer c\u00e1psula fonogr\u00e1fica.<\/p>\n<p>O novo est\u00e1gio phono de bobina m\u00f3vel\/\u00edm\u00e3 m\u00f3vel Nano Phono v2 oferece desempenho de qualidade superior:<\/p>\n<p>\u2022 A precis\u00e3o do RIAA \u00e9 melhor que +\/- 0,4dB de 20Hz a 50kHz<br \/>\n\u2022 A rela\u00e7\u00e3o sinal-ru\u00eddo (MM) \u00e9 melhorada para 81dB<br \/>\n\u2022 A distor\u00e7\u00e3o \u00e9 reduzida para menos de 0,006%<br \/>\n\u2022 Possui um bot\u00e3o liga\/desliga montado na parte superior e controle de n\u00edvel<\/p>\n<p>ESPECIFICA\u00c7\u00d5ES<\/p>\n<p>Amplifica\u00e7\u00e3o: 54 a 68 dB (Modo MC)<\/p>\n<p>34 a 48 dB (MM \u2013 Modo)<\/p>\n<p>Carga de entrada: 47 k\u03a9 \/ 220pF \/ MM<\/p>\n<p>Usu\u00e1rio \/ MC<br \/>\nMM \/ MC \u2013 entrada: comut\u00e1vel (na parte inferior)<\/p>\n<p>RIAA: 75\u03bcs \/ 318\u03bcs \/ 3180\u03bcs<\/p>\n<p>Precis\u00e3o RIAA: \u00b1 0,4 dB a 20Hz-50kHz<\/p>\n<p>THD: 80 db (1 kHz)<\/p>\n<p>Tens\u00e3o m\u00e1x. de sa\u00edda: 10 V ef. (1 kHz)<\/p>\n<p>Fonte de alimenta\u00e7\u00e3o: \u00b118 V DC\/300 mA (fonte de alimenta\u00e7\u00e3o externa)<\/p>\n<p>Consumo de energia: &lt; 0,3W\/modo de espera<\/p>\n<p>Entradas \/ sa\u00eddas: assim\u00e9tricas (RCA)<\/p>\n<p>Peso: 500 g (Palco fonogr\u00e1fico e fonte de alimenta\u00e7\u00e3o)<\/p>\n<p>Dimens\u00f5es (L x P x A em mm): 85 x 106 x 25<\/p>\n","protected":false},"excerpt":{"rendered":"<p>&nbsp; A placa de circuito impresso \u00e9 encapsulada em um chassi s\u00f3lido de alum\u00ednio usinado em CNC e livre de resson\u00e2ncia. A mais recente e sofisticada tecnologia de montagem em superf\u00edcie \u00e9 utilizada em conjunto com componentes eletr\u00f4nicos de precis\u00e3o, como circuitos integrados Burr-Brown (Texas Instruments). Os caminhos de sinal extremamente curtos do Nano v2 [&hellip;]<\/p>\n","protected":false},"featured_media":8496,"template":"","meta":{"_acf_changed":false},"product_brand":[],"product_cat":[78,257,79],"product_tag":[],"class_list":{"0":"post-8499","1":"product","2":"type-product","3":"status-publish","4":"has-post-thumbnail","6":"product_cat-analogico-audio","7":"product_cat-clearaudio","8":"product_cat-pre-de-phono","10":"first","11":"instock","12":"sold-individually","13":"shipping-taxable","14":"purchasable","15":"product-type-simple"},"acf":[],"aioseo_notices":[],"_links":{"self":[{"href":"https:\/\/hificlub.com.br\/loja\/wp-json\/wp\/v2\/product\/8499","targetHints":{"allow":["GET"]}}],"collection":[{"href":"https:\/\/hificlub.com.br\/loja\/wp-json\/wp\/v2\/product"}],"about":[{"href":"https:\/\/hificlub.com.br\/loja\/wp-json\/wp\/v2\/types\/product"}],"wp:featuredmedia":[{"embeddable":true,"href":"https:\/\/hificlub.com.br\/loja\/wp-json\/wp\/v2\/media\/8496"}],"wp:attachment":[{"href":"https:\/\/hificlub.com.br\/loja\/wp-json\/wp\/v2\/media?parent=8499"}],"wp:term":[{"taxonomy":"product_brand","embeddable":true,"href":"https:\/\/hificlub.com.br\/loja\/wp-json\/wp\/v2\/product_brand?post=8499"},{"taxonomy":"product_cat","embeddable":true,"href":"https:\/\/hificlub.com.br\/loja\/wp-json\/wp\/v2\/product_cat?post=8499"},{"taxonomy":"product_tag","embeddable":true,"href":"https:\/\/hificlub.com.br\/loja\/wp-json\/wp\/v2\/product_tag?post=8499"}],"curies":[{"name":"wp","href":"https:\/\/api.w.org\/{rel}","templated":true}]}}