{"id":8493,"date":"2024-01-02T18:01:38","date_gmt":"2024-01-02T21:01:38","guid":{"rendered":"https:\/\/hificlub.com.br\/loja\/?post_type=product&#038;p=8493"},"modified":"2026-03-06T17:25:03","modified_gmt":"2026-03-06T20:25:03","slug":"tannoy-prestige-glenair-10","status":"publish","type":"product","link":"https:\/\/hificlub.com.br\/loja\/produto\/tannoy-prestige-glenair-10\/","title":{"rendered":"TANNOY PRESTIGE GLENAIR 10"},"content":{"rendered":"<p class=\"gt-block\" align=\"justify\"><span dir=\"auto\">Utilizando os mesmos princ\u00edpios de design e benef\u00edcios ac\u00fasticos comprovados de um design de gabinete trapezoidal como o Glenair, o Glenair 10 \u00e9 um alto-falante mais compacto com Dual Concentric Drive\u2122 de 250 mm (10,00&#8243;).<\/span><\/p>\n<p align=\"justify\"><span dir=\"auto\">A estrutura principal do gabinete \u00e9 feita de compensado de b\u00e9tula, cultivado em regi\u00f5es frias de crescimento lento do mundo e selecionado por sua densidade. A combina\u00e7\u00e3o de material altamente amortecido, refor\u00e7o interno completo e pain\u00e9is laterais n\u00e3o paralelos alivia os problemas associados a ondas estacion\u00e1rias, garantindo que o alto-falante esteja livre de resson\u00e2ncias indesejadas.<\/span><\/p>\n<p align=\"justify\"><span dir=\"auto\">Externamente, o gabinete \u00e9 finamente trabalhado com folheado de cerejeira americana e hastes de madeira maci\u00e7a, com acabamento manual e polimento inigual\u00e1veis. Nenhuma aba de reten\u00e7\u00e3o feia estraga as linhas limpas do painel frontal da caixa ac\u00fastica quando a grade curva e acusticamente transparente \u00e9 removida, gra\u00e7as ao m\u00e9todo de fixa\u00e7\u00e3o dos \u00edm\u00e3s inteligentemente projetados na parte interna da estrutura do diafragma.<\/span><\/p>\n<p align=\"justify\"><span dir=\"auto\">10 Benef\u00edcios A Glenair oferece os muitos benef\u00edcios da mundialmente renomada unidade Tannoy Dual Drive Concentric\u2122, com suas qualidades superiores e reprodu\u00e7\u00e3o sonora \u00fanicas. Os componentes cuidadosamente projetados da unidade de 10.000&#8243; instalada no Glenair 10 apresentam um desempenho notavelmente realista, com um ambiente sonoro aberto, coerente e totalmente envolvente. Din\u00e2mica de graves sem esfor\u00e7o, m\u00e9dios abertos e agudos meticulosamente agudos, com uma delicadeza de nuances de alta frequ\u00eancia, s\u00e3o garantidos.<\/span><\/p>\n<p><span dir=\"auto\">Garantindo a integra\u00e7\u00e3o perfeita dos elementos do driver, o crossover cuidadosamente projetado exibe a verdadeira qualidade audi\u00f3fila. Todos os componentes s\u00e3o de alta precis\u00e3o, baixa perda e termicamente est\u00e1veis. Para a fonte de alimenta\u00e7\u00e3o de alta frequ\u00eancia, um capacitor de alta qualidade com amortecimento de vibra\u00e7\u00e3o \u00e9 usado, proporcionando consist\u00eancia sonora de primeira classe, din\u00e2mica excepcional, velocidade, foco, timbre correto e profundidade de campo. Dois grandes indutores de n\u00facleo de ferro laminado s\u00e3o usados \u200b\u200bpara evitar efeitos de satura\u00e7\u00e3o. Foi dada considera\u00e7\u00e3o cuidadosa ao posicionamento preciso do crossover para minimizar os outros componentes de fixa\u00e7\u00e3o e \u00e9 posicionado bem longe do driver para evitar quaisquer efeitos negativos do campo magn\u00e9tico. A fia\u00e7\u00e3o Van den Hul banhada a prata \u00e9 usada em todo o conjunto para minimizar vazamentos e melhorar a clareza.<\/span><\/p>\n<p><span dir=\"auto\">O terminal bifilar no painel traseiro de LED duplo tamb\u00e9m possui um ponto de aterramento. Com o chassi do driver no solo, essa tecnologia comprovada, desenvolvida em modelos Prestige anteriores, minimiza os efeitos da interfer\u00eancia de RF, resultando em m\u00e9dios mais transparentes.<\/span><\/p>\n<p><span dir=\"auto\">Cada componente do Glenair Modelo 10 complementa o outro para formular um alto-falante audi\u00f3filo que segue fielmente o respeit\u00e1vel pedigree da linha Prestige e refor\u00e7a a posi\u00e7\u00e3o de lideran\u00e7a da Tannoy como inovadora premium em solu\u00e7\u00f5es de \u00e1udio.<\/span><\/p>\n<p align=\"justify\"><span dir=\"auto\">A vantagem exclusiva do princ\u00edpio Tannoy Dual Concentric\u2122 \u00e9 que a radia\u00e7\u00e3o sonora de baixa e alta frequ\u00eancia \u00e9 gerada no mesmo eixo. Na pr\u00e1tica, o Dual \u00e9 um chassi \u00fanico que inclui dois drives de disco separados, devidamente unidos em um, e os drives de alta frequ\u00eancia montados no centro dos pinos de baixa frequ\u00eancia do aparelho. O som de alta frequ\u00eancia irradia do centro do grupo de baixa frequ\u00eancia atrav\u00e9s de uma corneta exponencial de alta frequ\u00eancia cuidadosamente projetada, seja o Pepperpot WaveGuide\u2122 ou o Tulip Dependent WaveGuide\u2122 no modelo. \u00c9 o fato de as frequ\u00eancias baixas e altas serem totalmente integradas \u00e0 fonte que confere ao driver Tannoy Dual Concentric\u2122 qualidades \u00fanicas de reprodu\u00e7\u00e3o sonora.<\/span><\/p>\n<p align=\"justify\"><span dir=\"auto\">A localiza\u00e7\u00e3o da unidade de alta frequ\u00eancia n\u00e3o impede fisicamente a unidade de baixa frequ\u00eancia de forma alguma; uma caracter\u00edstica \u00fanica em compara\u00e7\u00e3o com os sistemas padr\u00e3o da ind\u00fastria coaxial. A dispers\u00e3o sonora polar \u00e9 sim\u00e9trica nos planos horizontal e vertical. Atrav\u00e9s de um projeto cuidadoso, a rede de crossover das fontes ac\u00fasticas virtuais das unidades de alta e baixa frequ\u00eancia pode ser feita para ocupar o mesmo ponto no eixo. Portanto, todo o som parece vir de uma \u00fanica fonte pontual localizada ligeiramente atr\u00e1s da unidade de acionamento. Isso significa que os alto-falantes, quando alimentados por uma fonte est\u00e9reo de alta qualidade, podem recriar a imagem est\u00e9reo completa e precisa.<\/span><\/p>\n<p align=\"justify\"><span dir=\"auto\">A se\u00e7\u00e3o de baixa frequ\u00eancia dos acionamentos Dual Concentric Drive\u2122 possui excepcional pot\u00eancia de manuseio e faixa din\u00e2mica. O cone do pist\u00e3o de baixa frequ\u00eancia \u00e9 produzido a partir de polpa de papel multifibra selecionada. Trata-se de um tratamento especial para absorver os modos de resson\u00e2ncia interna. Um revestimento com tratamento de tecido, ou borracha no caso do Autograph Mini, foi projetado para finalizar adequadamente o cone m\u00f3vel e proporcionar \u00f3tima complac\u00eancia e linearidade em grandes excurs\u00f5es. O pist\u00e3o c\u00f4nico \u00e9 acionado por um sistema de motor de alta pot\u00eancia, que em alguns modelos utiliza um magneto de Alnico. O Alnico \u00e9 uma liga incomum de ferro\/n\u00edquel dopada durante o processo de fundi\u00e7\u00e3o com cobalto e alum\u00ednio para produzir um material magn\u00e9tico com propriedades muito particulares. Com alto magnetismo remanescente e produto energ\u00e9tico, o Alnico magnetiza a um alto n\u00edvel e mant\u00e9m um grau incomum de magnetiza\u00e7\u00e3o. O Alnico tamb\u00e9m \u00e9 um condutor el\u00e9trico. Essas propriedades conferem aos acionadores Dual Concentric\u2122 equipados com \u00edm\u00e3 de Alnico uma resposta transit\u00f3ria excepcionalmente limpa e maior sensibilidade. A bobina \u00e9 revestida com um sistema adesivo especial para alta temperatura e curada individualmente para garantir uma opera\u00e7\u00e3o confi\u00e1vel em altas entradas de pot\u00eancia de pico. O formato do cone de baixa frequ\u00eancia \u00e9 projetado para proporcionar dispers\u00e3o ideal das frequ\u00eancias de \u00e1udio, tanto nas extremidades altas quanto baixas do espectro. O alargamento do cone d\u00e1 continuidade ao perfil da corneta de alta frequ\u00eancia para garantir uma transi\u00e7\u00e3o suave at\u00e9 o ponto de crossover.<\/span><\/p>\n<p align=\"justify\"><span dir=\"auto\">O driver de alta frequ\u00eancia consiste em uma unidade de compress\u00e3o de faixa din\u00e2mica que proporciona excelente desempenho com uma resposta transiente de colora\u00e7\u00e3o suave. A unidade de compress\u00e3o alimenta a pot\u00eancia ac\u00fastica em um dispositivo de compensa\u00e7\u00e3o de compress\u00e3o de est\u00e1gio baixo, o guia de ondas Tannoy Tulip\u2122 ou o Pepperpot WaveGuide\u2122, na garganta da corneta ac\u00fastica formada pelo cone de baixa frequ\u00eancia. O cone de frequ\u00eancia de baixo perfil fornece um guia de ondas com segunda transforma\u00e7\u00e3o de imped\u00e2ncia ac\u00fastica para corresponder \u00e0 radia\u00e7\u00e3o de alta frequ\u00eancia no ambiente de audi\u00e7\u00e3o.<\/span><\/p>\n<p class=\"gt-block\" align=\"justify\"><span dir=\"auto\">Um diafragma de liga de tit\u00e2nio ou alum\u00ednio, formado por um processo especialmente desenvolvido, produz um pist\u00e3o com uma rela\u00e7\u00e3o rigidez\/massa muito alta. A estrutura de gr\u00e3os moleculares ideal proporciona durabilidade a longo prazo. Uma bobina m\u00f3vel de precis\u00e3o de baixa massa fornece a for\u00e7a motriz para o diafragma, excitada por um potente sistema magn\u00e9tico. Uma cavidade ac\u00fastica amortecida em um dos lados do diafragma controla a resposta do driver \u00e0 compress\u00e3o e garante integra\u00e7\u00e3o perfeita no ponto de cruzamento.<\/span><\/p>\n","protected":false},"excerpt":{"rendered":"<p>Utilizando os mesmos princ\u00edpios de design e benef\u00edcios ac\u00fasticos comprovados de um design de gabinete trapezoidal como o Glenair, o Glenair 10 \u00e9 um alto-falante mais compacto com Dual Concentric Drive\u2122 de 250 mm (10,00&#8243;). A estrutura principal do gabinete \u00e9 feita de compensado de b\u00e9tula, cultivado em regi\u00f5es frias de crescimento lento do mundo [&hellip;]<\/p>\n","protected":false},"featured_media":8491,"template":"","meta":{"_acf_changed":false},"product_brand":[],"product_cat":[17,84,18],"product_tag":[],"class_list":{"0":"post-8493","1":"product","2":"type-product","3":"status-publish","4":"has-post-thumbnail","6":"product_cat-caixas","7":"product_cat-tannoy","8":"product_cat-torres","10":"first","11":"instock","12":"sold-individually","13":"shipping-taxable","14":"purchasable","15":"product-type-simple"},"acf":[],"aioseo_notices":[],"_links":{"self":[{"href":"https:\/\/hificlub.com.br\/loja\/wp-json\/wp\/v2\/product\/8493","targetHints":{"allow":["GET"]}}],"collection":[{"href":"https:\/\/hificlub.com.br\/loja\/wp-json\/wp\/v2\/product"}],"about":[{"href":"https:\/\/hificlub.com.br\/loja\/wp-json\/wp\/v2\/types\/product"}],"wp:featuredmedia":[{"embeddable":true,"href":"https:\/\/hificlub.com.br\/loja\/wp-json\/wp\/v2\/media\/8491"}],"wp:attachment":[{"href":"https:\/\/hificlub.com.br\/loja\/wp-json\/wp\/v2\/media?parent=8493"}],"wp:term":[{"taxonomy":"product_brand","embeddable":true,"href":"https:\/\/hificlub.com.br\/loja\/wp-json\/wp\/v2\/product_brand?post=8493"},{"taxonomy":"product_cat","embeddable":true,"href":"https:\/\/hificlub.com.br\/loja\/wp-json\/wp\/v2\/product_cat?post=8493"},{"taxonomy":"product_tag","embeddable":true,"href":"https:\/\/hificlub.com.br\/loja\/wp-json\/wp\/v2\/product_tag?post=8493"}],"curies":[{"name":"wp","href":"https:\/\/api.w.org\/{rel}","templated":true}]}}