{"id":848,"date":"2023-10-17T19:53:09","date_gmt":"2023-10-17T22:53:09","guid":{"rendered":"https:\/\/hificlub.com.br\/loja2\/produto\/norstone-bergen-2-av\/"},"modified":"2026-04-22T04:48:28","modified_gmt":"2026-04-22T07:48:28","slug":"norstone-bergen-2-av","status":"publish","type":"product","link":"https:\/\/hificlub.com.br\/loja\/produto\/norstone-bergen-2-av\/","title":{"rendered":"NORSTONE BERGEN 2 AV Rack"},"content":{"rendered":"<p>&nbsp;<\/p>\n<p>RACK NORSTONE BERGEN AV 2<\/p>\n<p data-mce-fragment=\"1\">Bergen \u00e9 o favorito do audi\u00f3filo na gama NorStone.\u00a0Com suas 3 grandes prateleiras, o Bergen AV 2 \u00e9 o m\u00f3vel ideal para sistemas de \u00e1udio e v\u00eddeo de alta qualidade ou alta fidelidade.\u00a0Sua altura \u00e9 otimizada para a coloca\u00e7\u00e3o de uma grande tela plana.\u00a0Apresenta-se assim como um m\u00f3vel adequado tanto para utiliza\u00e7\u00e3o de v\u00eddeo como de \u00e1udio de alta fidelidade.\u00a0Os p\u00e9s fixados nos topos melhoram a rigidez do conjunto.\u00a0Cada prateleira, incluindo o n\u00edvel inferior, possui seu pr\u00f3prio sistema de desacoplamento de pontos\/restri\u00e7\u00f5es.<\/p>\n<h2 class=\"Text4276524774__root Text4276524774---typography-11-runningText Text4276524774---priority-7-primary s8gg2 _2UIKs InfoSectionTitle3095652555__root\" data-hook=\"info-section-title\">PROJETO<\/h2>\n<div class=\"_2tV5m fggS- cell\">Acabamento: preto brilhante\/preto<\/div>\n<p data-mce-fragment=\"1\">Estrutura: A\u00e7o revestido a p\u00f3, preto brilhante<\/p>\n<p data-mce-fragment=\"1\">Prateleiras: Vidro temperado lacado preto<\/p>\n<p data-mce-fragment=\"1\">Diversos: bra\u00e7adeiras de velcro, espig\u00f5es e contrapontos<\/p>\n<h2 class=\"Text4276524774__root Text4276524774---typography-11-runningText Text4276524774---priority-7-primary s8gg2 _2UIKs InfoSectionTitle3095652555__root\" data-hook=\"info-section-title\">DIMENS\u00d5ES \u00daTEIS<\/h2>\n<div class=\"rah-static rah-static--height-auto\">\n<div>\n<div class=\"_1yvxJ fggS- cell\">\n<div class=\"WncCi\" data-hook=\"info-section-description\">\n<p>Dimens\u00f5es externas (L x A x P): 1058 x 529 x 500 mm<\/p>\n<p>Prateleiras (L x P): 460 x 402 mm (x2)<\/p>\n<p>Altura entre as prateleiras: (a) 182 mm (b) 242 mm<\/p>\n<\/div>\n<\/div>\n<\/div>\n<\/div>\n<div class=\"rah-static rah-static--height-auto\">\n<div>\n<div class=\"_1yvxJ fggS- cell\">\n<div class=\"WncCi\" data-hook=\"info-section-description\">\n<p>&nbsp;<\/p>\n<\/div>\n<\/div>\n<\/div>\n<\/div>\n<h2 class=\"Text4276524774__root Text4276524774---typography-11-runningText Text4276524774---priority-7-primary s8gg2 _2UIKs InfoSectionTitle3095652555__root\" data-hook=\"info-section-title\">CARREGAMENTO M\u00c1XIMO<\/h2>\n<div class=\"rah-static rah-static--height-auto\">\n<div>\n<div class=\"_1yvxJ fggS- cell\">\n<div class=\"WncCi\" data-hook=\"info-section-description\">\n<p>Prateleiras: 40kg<\/p>\n<p>Prateleiras inferiores: 40 kg<\/p>\n<p>&nbsp;<\/p>\n<h2 class=\"Text4276524774__root Text4276524774---typography-11-runningText Text4276524774---priority-7-primary s8gg2 _2UIKs InfoSectionTitle3095652555__root\" data-hook=\"info-section-title\">EMBALAGEM<\/h2>\n<div class=\"_2tV5m fggS- cell\"><\/div>\n<div class=\"rah-static rah-static--height-auto\">\n<div>\n<div class=\"_1yvxJ fggS- cell\">\n<div class=\"WncCi\" data-hook=\"info-section-description\">\n<p>Entregue desmontado com parafusos, desenho e ferramentas necess\u00e1rias para a montagem<\/p>\n<p>Quantidade\/caixa: 1<\/p>\n<p>Tipo: papel\u00e3o marrom<\/p>\n<p>Dimens\u00f5es (L x A x P): 1150 x 115 x 585 mm<\/p>\n<p>Peso bruto: 39,9 kg<\/p>\n<p>Peso l\u00edquido: 35kg<\/p>\n<p>&nbsp;<\/p>\n<\/div>\n<\/div>\n<\/div>\n<\/div>\n<div class=\"rah-static rah-static--height-auto\"><\/div>\n<\/div>\n<\/div>\n<\/div>\n<\/div>\n","protected":false},"excerpt":{"rendered":"<p>&nbsp; RACK NORSTONE BERGEN AV 2 Bergen \u00e9 o favorito do audi\u00f3filo na gama NorStone.\u00a0Com suas 3 grandes prateleiras, o Bergen AV 2 \u00e9 o m\u00f3vel ideal para sistemas de \u00e1udio e v\u00eddeo de alta qualidade ou alta fidelidade.\u00a0Sua altura \u00e9 otimizada para a coloca\u00e7\u00e3o de uma grande tela plana.\u00a0Apresenta-se assim como um m\u00f3vel adequado [&hellip;]<\/p>\n","protected":false},"featured_media":844,"template":"","meta":{"_acf_changed":false},"product_brand":[],"product_cat":[89,321,104],"product_tag":[],"class_list":{"0":"post-848","1":"product","2":"type-product","3":"status-publish","4":"has-post-thumbnail","6":"product_cat-acessorios","7":"product_cat-norstone","8":"product_cat-racks-e-pedestais","10":"first","11":"instock","12":"sold-individually","13":"shipping-taxable","14":"purchasable","15":"product-type-simple"},"acf":[],"aioseo_notices":[],"_links":{"self":[{"href":"https:\/\/hificlub.com.br\/loja\/wp-json\/wp\/v2\/product\/848","targetHints":{"allow":["GET"]}}],"collection":[{"href":"https:\/\/hificlub.com.br\/loja\/wp-json\/wp\/v2\/product"}],"about":[{"href":"https:\/\/hificlub.com.br\/loja\/wp-json\/wp\/v2\/types\/product"}],"wp:featuredmedia":[{"embeddable":true,"href":"https:\/\/hificlub.com.br\/loja\/wp-json\/wp\/v2\/media\/844"}],"wp:attachment":[{"href":"https:\/\/hificlub.com.br\/loja\/wp-json\/wp\/v2\/media?parent=848"}],"wp:term":[{"taxonomy":"product_brand","embeddable":true,"href":"https:\/\/hificlub.com.br\/loja\/wp-json\/wp\/v2\/product_brand?post=848"},{"taxonomy":"product_cat","embeddable":true,"href":"https:\/\/hificlub.com.br\/loja\/wp-json\/wp\/v2\/product_cat?post=848"},{"taxonomy":"product_tag","embeddable":true,"href":"https:\/\/hificlub.com.br\/loja\/wp-json\/wp\/v2\/product_tag?post=848"}],"curies":[{"name":"wp","href":"https:\/\/api.w.org\/{rel}","templated":true}]}}