{"id":8466,"date":"2024-01-02T18:01:32","date_gmt":"2024-01-02T21:01:32","guid":{"rendered":"https:\/\/hificlub.com.br\/loja\/?post_type=product&#038;p=8466"},"modified":"2024-12-27T07:10:00","modified_gmt":"2024-12-27T10:10:00","slug":"reimyo-cat777-pre-valvulado","status":"publish","type":"product","link":"https:\/\/hificlub.com.br\/loja\/produto\/reimyo-cat777-pre-valvulado\/","title":{"rendered":"REIMYO CAT-777 Pre Valvulado"},"content":{"rendered":"<p>ESTADO 9\/10<\/p>\n<p>CAT-777<\/p>\n<p>O pr\u00e9-amplificador causa uma impress\u00e3o especialmente boa. Este \u00e9 um dispositivo grande e alto, com um bot\u00e3o de volume grande e incrivelmente pr\u00e1tico no lado direito e dois bot\u00f5es pequenos para ajustar o equil\u00edbrio mais ao meio e uma fileira de LEDs indicando a entrada ativa das quatro. Isso n\u00e3o \u00e9 muito\u2026 E na verdade \u00e9 isso. Mas o posicionamento dos bot\u00f5es e bot\u00f5es funciona bem.<\/p>\n<p>Na parte traseira veremos soquetes RCA de alta qualidade, parecidos com WBT, mas acho que s\u00e3o de outro fabricante. Existem tamb\u00e9m tr\u00eas sa\u00eddas de pr\u00e9-amplificador, um terminal de aterramento (t\u00edpico para dispositivos japoneses) e um soquete IEC. As entradas e sa\u00eddas s\u00e3o colocadas simetricamente em rela\u00e7\u00e3o ao eixo principal e bastante distantes umas das outras. Isso sugere configura\u00e7\u00e3o dual mono. Deve-se notar que mesmo as tomadas mais pr\u00f3ximas est\u00e3o t\u00e3o distantes umas das outras que n\u00e3o consegui conectar os aterramentos nos cabos Harmonix \u2013 eles eram muito curtos. O dispositivo \u00e9 suportado por cones largos \u2013 patente da Harmonix, que afinam o som do pr\u00e9-amplificador. Mas vi nas fotos de um show no Jap\u00e3o, que eles foram trocados pelos car\u00edssimos suportes TU-606ZX.<\/p>\n<p>Por dentro, o pr\u00e9-amplificador parece ainda mais impressionante do que por fora. O CAT-777 \u00e9 na verdade dual mono. No meio temos a fonte de alimenta\u00e7\u00e3o, separada para cada canal, e nas laterais, separadas por blindagens grossas, os circuitos amplificadores. Acontece que os soquetes RCA possuem conex\u00f5es fant\u00e1sticas em seu interior. Destes, com cabos blindados (Harmonix) o sinal vai para a placa de entrada. A entrada \u00e9 escolhida por rel\u00e9s selados, embalados em pequenas blindagens met\u00e1licas. A partir da\u00ed, o sinal vai para potenci\u00f4metros Alps individuais (os bot\u00f5es pequenos) passando por um capacitor de polipropileno de tamanho m\u00e9dio (1\u00b5F) Wonder InfiniCap Signature. Dos potenci\u00f4metros menores o sinal vai para o grande e duplo do Cosmos. N\u00e3o sei se \u00e9 bom ter dois potenci\u00f4metros no caminho \u2013 provavelmente \u00e9 melhor colocar os pequenos no m\u00e1ximo e usar apenas o grande. A partir da\u00ed voltamos aos tubos, montados horizontalmente. Em cada canal temos dois pequenos triodos duplos \u2013 12AU7, numa vers\u00e3o muito boa da Matsushita (Jap\u00e3o) e no buffer de entrada o 12BH7A vindo do mesmo fabricante. O acoplamento \u00e9 feito pelos mesmos capacitores da entrada, s\u00f3 que maiores (4\u00b5F). N\u00e3o h\u00e1 ciclo de feedback. No meio temos a fonte de alimenta\u00e7\u00e3o, que \u2013 como em todos os bons produtos \u2013 ocupa a maior parte do gabinete. Cada canal tem seu pr\u00f3prio transformador e indutor. A corrente de aquecimento \u00e9 retificada e estabilizada. Na fonte de alimenta\u00e7\u00e3o an\u00f3dica temos tubos Philips ECG JAN 6X4WA, um retificador de tubo de suprimentos militares da NOS. Ao lado deles encontramos dois grandes capacitores que filtram a corrente an\u00f3dica e alguns menores para os aquecedores. Na entrada temos um filtro de rede 2Pi e Enacom, outra marca da Combak Corporation. Depois, na sa\u00edda da fonte de alimenta\u00e7\u00e3o, temos mais dois desses filtros. Esta parte do pr\u00e9-amplificador \u00e9 montada em uma placa de circuito impresso, mas a se\u00e7\u00e3o de sinal, exceto as entradas, \u00e9 montada ponto a ponto.<\/p>\n<p>Ganho\t17 dB (Volume M\u00e1x.)<br \/>\nImped\u00e2ncia de entrada\t0,2V eficaz<br \/>\nResposta de frequ\u00eancia\t5 Hz \u2013 100 kHz<br \/>\nBarulho\t-84 dBm\/48,9 \u00b5V rms (IHF-A)<br \/>\nSepara\u00e7\u00e3o de canais\t&lt; 100 dB (1 kHz)<br \/>\n&lt; 90 dB (20 kHz)<br \/>\nConsumo de energia\t45W<br \/>\nDimens\u00f5es\t430 (L) x 139,5 (A) x 411 (P) mm<br \/>\nPeso\t14kg<\/p>\n","protected":false},"excerpt":{"rendered":"<p>ESTADO 9\/10 CAT-777 O pr\u00e9-amplificador causa uma impress\u00e3o especialmente boa. Este \u00e9 um dispositivo grande e alto, com um bot\u00e3o de volume grande e incrivelmente pr\u00e1tico no lado direito e dois bot\u00f5es pequenos para ajustar o equil\u00edbrio mais ao meio e uma fileira de LEDs indicando a entrada ativa das quatro. Isso n\u00e3o \u00e9 muito\u2026 [&hellip;]<\/p>\n","protected":false},"featured_media":8465,"template":"","meta":{"_acf_changed":false},"product_brand":[],"product_cat":[38,195],"product_tag":[],"class_list":{"0":"post-8466","1":"product","2":"type-product","3":"status-publish","4":"has-post-thumbnail","6":"product_cat-pre-amplificador","7":"product_cat-reimyo","9":"first","10":"instock","11":"sold-individually","12":"shipping-taxable","13":"purchasable","14":"product-type-simple"},"acf":[],"aioseo_notices":[],"_links":{"self":[{"href":"https:\/\/hificlub.com.br\/loja\/wp-json\/wp\/v2\/product\/8466","targetHints":{"allow":["GET"]}}],"collection":[{"href":"https:\/\/hificlub.com.br\/loja\/wp-json\/wp\/v2\/product"}],"about":[{"href":"https:\/\/hificlub.com.br\/loja\/wp-json\/wp\/v2\/types\/product"}],"wp:featuredmedia":[{"embeddable":true,"href":"https:\/\/hificlub.com.br\/loja\/wp-json\/wp\/v2\/media\/8465"}],"wp:attachment":[{"href":"https:\/\/hificlub.com.br\/loja\/wp-json\/wp\/v2\/media?parent=8466"}],"wp:term":[{"taxonomy":"product_brand","embeddable":true,"href":"https:\/\/hificlub.com.br\/loja\/wp-json\/wp\/v2\/product_brand?post=8466"},{"taxonomy":"product_cat","embeddable":true,"href":"https:\/\/hificlub.com.br\/loja\/wp-json\/wp\/v2\/product_cat?post=8466"},{"taxonomy":"product_tag","embeddable":true,"href":"https:\/\/hificlub.com.br\/loja\/wp-json\/wp\/v2\/product_tag?post=8466"}],"curies":[{"name":"wp","href":"https:\/\/api.w.org\/{rel}","templated":true}]}}