{"id":843,"date":"2023-10-17T19:53:08","date_gmt":"2023-10-17T22:53:08","guid":{"rendered":"https:\/\/hificlub.com.br\/loja2\/produto\/arcam-avr5-4k-7-2-bluetooth-e-apple-airplay-2-80-watts\/"},"modified":"2026-03-03T22:21:08","modified_gmt":"2026-03-04T01:21:08","slug":"arcam-avr5-4k-7-2-bluetooth-e-apple-airplay-2-80-watts","status":"publish","type":"product","link":"https:\/\/hificlub.com.br\/loja\/produto\/arcam-avr5-4k-7-2-bluetooth-e-apple-airplay-2-80-watts\/","title":{"rendered":"ARCAM AVR5 4k 7.2  Bluetooth\u00ae e Apple AirPlay\u00ae 2  80 watts"},"content":{"rendered":"<h2>D\u00ea um up no seu home theater<\/h2>\n<p>A Arcam \u00e9 uma empresa l\u00edder do setor, conhecida por criar alguns dos melhores receptores e amplificadores do mercado.\u00a0Seu receptor de home theater AVR5 de apar\u00eancia elegante visa levar seus filmes e m\u00fasicas para o pr\u00f3ximo n\u00edvel.\u00a0Este receptor possui sete canais de amplifica\u00e7\u00e3o integrados para alimentar seus alto-falantes, bem como v\u00eddeo 4K avan\u00e7ado e processamento de som surround para tornar seus filmes realmente pop.<\/p>\n<h3>Pot\u00eancia robusta para seus alto-falantes<\/h3>\n<p>O AVR5 usa um amplificador Classe AB bem projetado que distribui 80 watts por canal.\u00a0\u00c9 complementado por uma fonte de alimenta\u00e7\u00e3o e um transformador superprojetados que ajudam a reduzir o ru\u00eddo antes mesmo de atingir o palco do amplificador.\u00a0O design de amplificador aprovado por audi\u00f3filos da Arcam fornece um piso de ru\u00eddo extremamente baixo e uma alta rela\u00e7\u00e3o sinal-ru\u00eddo.\u00a0No mundo real, essas especifica\u00e7\u00f5es no papel resultam em desempenho premium e clareza ideal.<\/p>\n<div class=\"containerImageCaptionMedium floatRight\">\n<p><img decoding=\"async\" src=\"https:\/\/images.crutchfieldonline.com\/ImageHandler\/scale\/489\/489\/products\/2022\/11\/410\/x410AVR5AM-o_other0.jpg\" alt=\"Arcam AVR5\" width=\"100%\" \/><\/p>\n<p>Construa um sistema de entretenimento fant\u00e1stico em torno do AVR5 da Arcam.\u00a0Seus sete canais de amplifica\u00e7\u00e3o oferecem muita pot\u00eancia para a maioria dos alto-falantes.<\/p>\n<\/div>\n<h3>Entre em paisagens sonoras cinematogr\u00e1ficas<\/h3>\n<p>A Arcam sabe como o home theater pode ser incr\u00edvel, ent\u00e3o eles garantiram que o AVR5 estivesse \u00e0 altura.\u00a0Ele suporta 12 canais de decodifica\u00e7\u00e3o de som surround para formatos de som tridimensionais como Dolby Atmos e DTS:X.<\/p>\n<p>Os canais integrados do receptor s\u00e3o \u00f3timos se voc\u00ea deseja executar um sistema 7.1 ou 7.2, incluindo um par de alto-falantes para efeitos de altura.\u00a0Suas sa\u00eddas de pr\u00e9-amplificador no painel traseiro permitem que voc\u00ea execute um sistema ainda maior.\u00a0Usando amplificadores adicionais, voc\u00ea pode expandir at\u00e9 11,2 canais.\u00a0De qualquer forma, este receptor reproduz com precis\u00e3o todos os aspectos da trilha sonora de um filme, desde o trov\u00e3o acima at\u00e9 as explos\u00f5es atr\u00e1s e a a\u00e7\u00e3o frontal e central que se desenrola na tela.<\/p>\n<h3>Streaming de \u00e1lbuns facilitado<\/h3>\n<p>Este receptor oferece muitas maneiras de fazer sua m\u00fasica tocar.\u00a0Ele suporta streaming atrav\u00e9s do Apple AirPlay\u00ae 2, Google Chromecast, Bluetooth\u00ae, Spotify Connect\u00ae e TIDAL Connect.\u00a0Tamb\u00e9m suporta UPnP (Universal Plug and Play), que permite acessar arquivos de alta resolu\u00e7\u00e3o armazenados em sua rede dom\u00e9stica.\u00a0Voc\u00ea pode selecionar fontes de streaming por meio do aplicativo gratuito MusicLife (dispon\u00edvel para Android\u2122 e iOS\u00ae).\u00a0O aplicativo tamb\u00e9m permite que voc\u00ea use seu telefone como um controle remoto Wi-Fi<\/p>\n<h2>Destaques do produto:<\/h2>\n<h5>Pot\u00eancia e processamento:<\/h5>\n<ul>\n<li>amplificador de 7 canais<\/li>\n<li>80 watts por canal em 8 ohms (20-20.000 Hz) a 0,02% THD com 2 canais acionados<\/li>\n<li>Decodifica\u00e7\u00e3o de som surround Dolby\u00ae e DTS\u00ae\n<ul>\n<li>suporta configura\u00e7\u00e3o Dolby Atmos ou DTS:X at\u00e9 7.2.4 com um\u00a0<a href=\"https:\/\/www-crutchfield-com.translate.goog\/p_410P429B\/Arcam-P429.html%20?_x_tr_sl=en&amp;_x_tr_tl=pt&amp;_x_tr_hl=pt-BR&amp;_x_tr_pto=sc\">amplificador adicional de 4 canais<\/a>\u00a0(ou dois amplificadores de pot\u00eancia de 2 canais)<\/li>\n<\/ul>\n<\/li>\n<li>Certifica\u00e7\u00e3o IMAX Enhanced para melhor desempenho com conte\u00fado IMAX Enhanced<\/li>\n<li>pronto para corre\u00e7\u00e3o de sala Dirac Live\u00ae (n\u00e3o inclu\u00eddo, vendido separadamente)<\/li>\n<li>Conversor digital-anal\u00f3gico audi\u00f3filo ESS 9026PRO para som ultra claro de fontes est\u00e9reo e surround<\/li>\n<\/ul>\n<h5>Conex\u00f5es:<\/h5>\n<ul>\n<li>Comuta\u00e7\u00e3o de \u00e1udio\/v\u00eddeo HDMI 2.0b: 7 entradas, 2 sa\u00eddas\n<ul>\n<li>sa\u00eddas HDMI duplas para enviar sinal para uma TV e um projetor<\/li>\n<\/ul>\n<\/li>\n<li>A tecnologia HDCP 2.2 garante compatibilidade com fontes e TVs 4K Ultra HD<\/li>\n<li>Compat\u00edvel com HDR para maior contraste e brilho da imagem com TVs 4K compat\u00edveis e conte\u00fado codificado em HDR<\/li>\n<li>entradas de \u00e1udio digital: 2 \u00f3pticas e 4 coaxiais<\/li>\n<li>6 entradas de \u00e1udio est\u00e9reo RCA anal\u00f3gicas, al\u00e9m de entrada minijack de 3,5 mm no painel frontal<\/li>\n<li>Sa\u00eddas de pr\u00e9-amplificador de 11,2 canais<\/li>\n<li>sem entrada phono &#8211; para conectar um toca-discos, voc\u00ea precisar\u00e1 adicionar um\u00a0<a href=\"https:\/\/www-crutchfield-com.translate.goog\/g_50500\/Phono-Preamps.html?_x_tr_sl=en&amp;_x_tr_tl=pt&amp;_x_tr_hl=pt-BR&amp;_x_tr_pto=sc\">pr\u00e9-amplificador phono<\/a><\/li>\n<li>porta USB no painel traseiro para reprodu\u00e7\u00e3o de \u00e1udio de dispositivos de armazenamento USB<\/li>\n<li>Porta Ethernet para conex\u00e3o de rede<\/li>\n<li>RS-232, IR (infravermelho) e conex\u00f5es de gatilho de 12 volts para uso com controladores opcionais de terceiros<\/li>\n<li>sa\u00edda de mini fone de ouvido de 3,5 mm no painel frontal<\/li>\n<li>cabo de alimenta\u00e7\u00e3o destac\u00e1vel<\/li>\n<\/ul>\n<h5>Caracter\u00edsticas gerais:<\/h5>\n<ul>\n<li>Os aplicativos gratuitos de controle Arcam MusicLife e UPnP (Universal Plug and Play) permitem que voc\u00ea use seu dispositivo iOS\u00ae ou Android\u2122 como um controle remoto sem fio<\/li>\n<li>streaming de m\u00fasica sem fio por Bluetooth, Apple AirPlay 2 e Chromecast integrado<\/li>\n<li>sintonizador FM embutido<\/li>\n<li>controle remoto inclu\u00eddo<\/li>\n<li>dimens\u00f5es (medidas por Crutchfield): 17-1\/16&#8243; L x 6-11\/16&#8243; A x 18-9\/16&#8243; P<\/li>\n<li>peso: 36,4 libras.<\/li>\n<li>garantia: 5 anos<\/li>\n<\/ul>\n","protected":false},"excerpt":{"rendered":"<p>D\u00ea um up no seu home theater A Arcam \u00e9 uma empresa l\u00edder do setor, conhecida por criar alguns dos melhores receptores e amplificadores do mercado.\u00a0Seu receptor de home theater AVR5 de apar\u00eancia elegante visa levar seus filmes e m\u00fasicas para o pr\u00f3ximo n\u00edvel.\u00a0Este receptor possui sete canais de amplifica\u00e7\u00e3o integrados para alimentar seus alto-falantes, [&hellip;]<\/p>\n","protected":false},"featured_media":838,"template":"","meta":{"_acf_changed":false},"product_brand":[],"product_cat":[49,21,22],"product_tag":[],"class_list":{"0":"post-843","1":"product","2":"type-product","3":"status-publish","4":"has-post-thumbnail","6":"product_cat-arcam","7":"product_cat-home-theater","8":"product_cat-receivers","10":"first","11":"instock","12":"sold-individually","13":"shipping-taxable","14":"product-type-simple"},"acf":[],"aioseo_notices":[],"_links":{"self":[{"href":"https:\/\/hificlub.com.br\/loja\/wp-json\/wp\/v2\/product\/843","targetHints":{"allow":["GET"]}}],"collection":[{"href":"https:\/\/hificlub.com.br\/loja\/wp-json\/wp\/v2\/product"}],"about":[{"href":"https:\/\/hificlub.com.br\/loja\/wp-json\/wp\/v2\/types\/product"}],"wp:featuredmedia":[{"embeddable":true,"href":"https:\/\/hificlub.com.br\/loja\/wp-json\/wp\/v2\/media\/838"}],"wp:attachment":[{"href":"https:\/\/hificlub.com.br\/loja\/wp-json\/wp\/v2\/media?parent=843"}],"wp:term":[{"taxonomy":"product_brand","embeddable":true,"href":"https:\/\/hificlub.com.br\/loja\/wp-json\/wp\/v2\/product_brand?post=843"},{"taxonomy":"product_cat","embeddable":true,"href":"https:\/\/hificlub.com.br\/loja\/wp-json\/wp\/v2\/product_cat?post=843"},{"taxonomy":"product_tag","embeddable":true,"href":"https:\/\/hificlub.com.br\/loja\/wp-json\/wp\/v2\/product_tag?post=843"}],"curies":[{"name":"wp","href":"https:\/\/api.w.org\/{rel}","templated":true}]}}