{"id":8314,"date":"2024-01-02T18:00:52","date_gmt":"2024-01-02T21:00:52","guid":{"rendered":"https:\/\/hificlub.com.br\/loja\/?post_type=product&#038;p=8314"},"modified":"2026-03-13T18:06:37","modified_gmt":"2026-03-13T21:06:37","slug":"vincent-tac-v-88-amplificador-integrado-valvulado-70-watts","status":"publish","type":"product","link":"https:\/\/hificlub.com.br\/loja\/produto\/vincent-tac-v-88-amplificador-integrado-valvulado-70-watts\/","title":{"rendered":"VINCENT TAC V-88 Amplificador Integrado Valvulado 70 watts"},"content":{"rendered":"<p>Amplificador valvulado integrado TAC V-88<br \/>\nO TAC V-88 oferece uma imagem sonora acolhedora que ir\u00e1 inspir\u00e1-lo com sua alta e precisa resolu\u00e7\u00e3o. Gra\u00e7as ao controle de polariza\u00e7\u00e3o autom\u00e1tico patenteado, o V-88 impressiona em todas as disciplinas. Este sistema autom\u00e1tico de controle de tens\u00e3o de polariza\u00e7\u00e3o e corrente constante evita distor\u00e7\u00e3o, ru\u00eddo e interfer\u00eancia, bem como danos aos tubos. Quatro KT88s russos s\u00e3o usados \u200b\u200bcomo v\u00e1lvulas de sa\u00edda para amplifica\u00e7\u00e3o. As v\u00e1lvulas russas tamb\u00e9m fazem seu trabalho na se\u00e7\u00e3o de pr\u00e9-amplificador, e aqui elas reproduzem seu bom som ao m\u00e1ximo.<br \/>\nEspecifica\u00e7\u00f5es:<br \/>\nClassifica\u00e7\u00e3o de pot\u00eancia RMS 4-8 Ohm: 2 x 70 Watts<br \/>\nTransmiss\u00e3o: 20 Hz &#8211; 20 kHz (+\/- 1 dB), 20 Hz &#8211; 50 kHz (+\/- 2 dB)<br \/>\nFator de distor\u00e7\u00e3o: 90 dB<br \/>\nImped\u00e2ncia de entrada: 47 kOhms<br \/>\nImped\u00e2ncia do alto-falante: 4 ohms \/ 8 ohms<br \/>\nEntradas: 4 x RCA est\u00e9reo<br \/>\nSa\u00eddas: 2 alto-falantes, 1 sa\u00edda de grava\u00e7\u00e3o est\u00e9reo<br \/>\nV\u00e1lvulas: 2 x 12AX7, 2 x 6CG7, 4 x KT88<br \/>\nDimens\u00f5es (L x A x P): 450 x 220 x 420 mm<br \/>\nPeso: 32 quilos<\/p>\n","protected":false},"excerpt":{"rendered":"<p>Amplificador valvulado integrado TAC V-88 O TAC V-88 oferece uma imagem sonora acolhedora que ir\u00e1 inspir\u00e1-lo com sua alta e precisa resolu\u00e7\u00e3o. Gra\u00e7as ao controle de polariza\u00e7\u00e3o autom\u00e1tico patenteado, o V-88 impressiona em todas as disciplinas. Este sistema autom\u00e1tico de controle de tens\u00e3o de polariza\u00e7\u00e3o e corrente constante evita distor\u00e7\u00e3o, ru\u00eddo e interfer\u00eancia, bem como [&hellip;]<\/p>\n","protected":false},"featured_media":22157,"template":"","meta":{"_acf_changed":false},"product_brand":[],"product_cat":[27,51,96],"product_tag":[],"class_list":{"0":"post-8314","1":"product","2":"type-product","3":"status-publish","4":"has-post-thumbnail","6":"product_cat-amplificador","7":"product_cat-integrado","8":"product_cat-vincent","10":"first","11":"instock","12":"sold-individually","13":"shipping-taxable","14":"purchasable","15":"product-type-simple"},"acf":[],"aioseo_notices":[],"_links":{"self":[{"href":"https:\/\/hificlub.com.br\/loja\/wp-json\/wp\/v2\/product\/8314","targetHints":{"allow":["GET"]}}],"collection":[{"href":"https:\/\/hificlub.com.br\/loja\/wp-json\/wp\/v2\/product"}],"about":[{"href":"https:\/\/hificlub.com.br\/loja\/wp-json\/wp\/v2\/types\/product"}],"wp:featuredmedia":[{"embeddable":true,"href":"https:\/\/hificlub.com.br\/loja\/wp-json\/wp\/v2\/media\/22157"}],"wp:attachment":[{"href":"https:\/\/hificlub.com.br\/loja\/wp-json\/wp\/v2\/media?parent=8314"}],"wp:term":[{"taxonomy":"product_brand","embeddable":true,"href":"https:\/\/hificlub.com.br\/loja\/wp-json\/wp\/v2\/product_brand?post=8314"},{"taxonomy":"product_cat","embeddable":true,"href":"https:\/\/hificlub.com.br\/loja\/wp-json\/wp\/v2\/product_cat?post=8314"},{"taxonomy":"product_tag","embeddable":true,"href":"https:\/\/hificlub.com.br\/loja\/wp-json\/wp\/v2\/product_tag?post=8314"}],"curies":[{"name":"wp","href":"https:\/\/api.w.org\/{rel}","templated":true}]}}