{"id":8254,"date":"2024-01-02T18:00:42","date_gmt":"2024-01-02T21:00:42","guid":{"rendered":"https:\/\/hificlub.com.br\/loja\/?post_type=product&#038;p=8254"},"modified":"2026-03-17T15:00:46","modified_gmt":"2026-03-17T18:00:46","slug":"marantz-av8003-7-1-av-pre-processador","status":"publish","type":"product","link":"https:\/\/hificlub.com.br\/loja\/produto\/marantz-av8003-7-1-av-pre-processador\/","title":{"rendered":"MARANTZ AV8003 7.1 THX Ultra2 Full HD AV Pre Tuner Processador"},"content":{"rendered":"<p>ESTADO 9\/10<\/p>\n<p>O AV8003 com certifica\u00e7\u00e3o THX Ultra2 \u00e9 um pr\u00e9-amplificador, processador surround e sintonizador AM\/FM. Levando a tecnologia separada para o pr\u00f3ximo n\u00edvel, o AV8003 oferece uma variedade de recursos de rede e instala\u00e7\u00e3o personalizada para integra\u00e7\u00e3o em centros de entretenimento dom\u00e9stico complexos e sofisticados.<\/p>\n<p>Claro, ele decodifica os formatos surround mais recentes, como Dolby TrueHD e DTS-HD Master Audio, al\u00e9m de todos os outros codecs surround usando um processador de sinal digital (DSP) de 32 bits e um conversor digital para anal\u00f3gico de 24 bits\/192kHz. (DAC) para todos os oito canais. Ame-os ou odeie-os, arquivos de \u00e1udio compactados como MP3 e WMA s\u00e3o agora comuns, e at\u00e9 mesmo um produto de \u00faltima gera\u00e7\u00e3o como o AV8003 deve fornecer a melhor reprodu\u00e7\u00e3o poss\u00edvel para esse tipo de m\u00eddia. Para esse fim, o AV8003 est\u00e1 equipado com M-DAX (Marantz Dynamic Audio Expander) para interpolar o espectro de alta frequ\u00eancia ausente, melhorando o desempenho de arquivos MP3, AAC e WMA de baixa taxa de bits.<\/p>\n<p>Marantz oferece modos Source Direct e Pure Direct para a reprodu\u00e7\u00e3o de \u00e1udio mais pura de fontes de 2 canais. Source Direct ignora os controles de tom, EQ e gerenciamento de graves, enquanto Pure Direct tamb\u00e9m desliga o display LCD e todas as sa\u00eddas de v\u00eddeo, incluindo HDMI. Obviamente, voc\u00ea n\u00e3o pode usar Pure Direct ao transmitir sinais de \u00e1udio via HDMI.<\/p>\n<p>Existem quatro entradas HDMI 1.3 e duas sa\u00eddas HDMI 1.3, junto com a variedade esperada de E\/Ss componente, S-v\u00eddeo, composto e \u00e1udio. Gra\u00e7as \u00e0 especifica\u00e7\u00e3o HDMI 1.3, o AV8003 suporta Deep Color e xvColor para exibi\u00e7\u00f5es de v\u00eddeo com recursos de v\u00eddeo estendidos, embora n\u00e3o haja conte\u00fado comercial criado com essas especifica\u00e7\u00f5es expandidas.<\/p>\n<p>O AV8003 transcodifica todos os sinais de v\u00eddeo anal\u00f3gicos recebidos para HDMI, mas os recursos do processador de v\u00eddeo s\u00e3o muito limitados. Vindo de uma perspectiva purista, a Marantz optou por continuar esta tradi\u00e7\u00e3o com o AV8003.<\/p>\n<p>Os sinais HDMI recebidos s\u00e3o transmitidos sem qualquer processamento de v\u00eddeo, independentemente da sua resolu\u00e7\u00e3o. A teoria \u00e9 que os clientes que compram separadamente tendem a ter projetores de \u00faltima gera\u00e7\u00e3o ou processadores de v\u00eddeo independentes, qualquer um dos quais provavelmente forneceria melhor processamento de v\u00eddeo do que qualquer chipset que a Marantz pudesse instalar.<\/p>\n<p>Segundo a empresa, a decis\u00e3o de ignorar o processamento de v\u00eddeo dos sinais HDMI foi tomada para evitar as armadilhas do processamento duplo. Muitas cadeias A\/V podem ter at\u00e9 tr\u00eas processadores de v\u00eddeo, ent\u00e3o Marantz sentiu que n\u00e3o havia raz\u00e3o para o AV8003 aumentar a confus\u00e3o.<\/p>\n<p>O \u00fanico processamento de v\u00eddeo oferecido pelo AV8003 \u00e9 a convers\u00e3o de 480\/576i e 480\/576p anal\u00f3gicos para a resolu\u00e7\u00e3o nativa do monitor via HDMI. A unidade transcodificar\u00e1 sinais anal\u00f3gicos de entrada de 720p e 1080i para HDMI, mas n\u00e3o h\u00e1 convers\u00e3o ascendente ou desentrela\u00e7amento para essas resolu\u00e7\u00f5es.<\/p>\n<p>Apenas uma das duas sa\u00eddas HDMI pode estar ativa por vez. Esse recurso \u00e9 mais \u00fatil se voc\u00ea tiver uma TV de tela plana e um projetor na mesma sala e us\u00e1-los para finalidades diferentes. Por exemplo, talvez voc\u00ea s\u00f3 use o projetor quando toda a fam\u00edlia estiver assistindo a um filme e a tela plana para uma visualiza\u00e7\u00e3o mais casual. Cada sa\u00edda HDMI pode ser definida com sua pr\u00f3pria resolu\u00e7\u00e3o de sa\u00edda ou voc\u00ea pode configur\u00e1-las como Autom\u00e1tico para que correspondam \u00e0 resolu\u00e7\u00e3o nativa dos monitores.<\/p>\n<p>Como os melhores pr\u00e9\/profissionais, o AV8003 oferece sa\u00eddas de pr\u00e9-amplificador balanceadas (XLR) e n\u00e3o balanceadas (RCA). As sa\u00eddas balanceadas garantem transmiss\u00f5es sem ru\u00eddo do Marantz para o amplificador de pot\u00eancia multicanal MM8003.<\/p>\n<p>Uma porta Ethernet no painel traseiro suporta recursos de rede, o que permite transmitir \u00e1udio e v\u00eddeo diretamente de qualquer servidor DLNA (Digital Living Network Alliance), incluindo fotos nos formatos JPEG e BMP. O sistema de rede \u00e9 compat\u00edvel com dispositivos NAS (armazenamento conectado \u00e0 rede), incluindo sistemas de servidor de m\u00eddia que armazenam arquivos de \u00e1udio com e sem perdas.<\/p>\n<p>Este \u00e9 um recurso importante, mas o manual se refere apenas a computadores Windows \u2013 nada sobre Mac. Acontece que um Mac pode ser usado como servidor de m\u00eddia, mas apenas se estiver executando um software de servidor DLNA, como o TwonkyMedia . Eu n\u00e3o tinha o TwonkyMedia instalado no meu Mac, ent\u00e3o n\u00e3o consegui acessar o disco r\u00edgido externo que armazena meus arquivos de m\u00eddia. No entanto, como meus arquivos de m\u00fasica e fotos est\u00e3o sincronizados com minha Apple TV, posso reproduzi-los por meio de uma das entradas HDMI.<\/p>\n<p>Com at\u00e9 tr\u00eas zonas de \u00e1udio e v\u00eddeo, incluindo a sala principal, os separadores Marantz podem ser configurados para distribui\u00e7\u00e3o de m\u00fasica e v\u00eddeo para toda a casa. A menos que voc\u00ea seja especialista em configura\u00e7\u00f5es de zona e rede, um instalador personalizado poder\u00e1 explorar melhor esses recursos. Para integra\u00e7\u00e3o com sistemas de controle de terceiros, como Crestron, uma porta RS-232 \u00e9 fornecida junto com repetidores IR (entrada e sa\u00edda) e dois disparadores de 12 volts DC.<\/p>\n<p>Uma grande vantagem das separa\u00e7\u00f5es \u00e9 o isolamento dos sinais de \u00e1udio e v\u00eddeo do circuito do amplificador de pot\u00eancia. Isso elimina muitos ru\u00eddos estranhos e interfer\u00eancias de sinal que podem ocorrer quando tudo est\u00e1 contido em um \u00fanico gabinete.<\/p>\n<p>No entanto, mesmo um pr\u00e9-amplificador requer energia operacional, por isso o AV8003 incorpora uma fonte de alimenta\u00e7\u00e3o blindada para evitar fugas do transformador para os caminhos do sinal de \u00e1udio e v\u00eddeo. O transformador toroidal de baixo fluxo \u00e9 envolto em uma blindagem de a\u00e7o antimagn\u00e9tico para controle ainda maior de fluxo parasita. Internamente, as pe\u00e7as e placas de circuito s\u00e3o dispostas nos caminhos de sinal mais curtos poss\u00edveis para evitar a degrada\u00e7\u00e3o do sinal e a interfer\u00eancia de outros tra\u00e7os de sinal.<\/p>\n<p>Especifica\u00e7\u00f5es AV8003<br \/>\nDecodificadores de \u00e1udio: Dolby Digital, DTS, Dolby Digital Plus, Dolby TrueHD, DTS-HD Master Audio<br \/>\nEntradas de \u00e1udio anal\u00f3gicas: 4 pares L\/R (RCA), 7,1 canais<br \/>\nEntradas de \u00e1udio digital: 3 \u00f3pticas, 3 coaxiais<br \/>\nSa\u00eddas de \u00e1udio anal\u00f3gicas: 8 XLR, 8 RCA<br \/>\nSa\u00eddas de \u00e1udio digital: 1 \u00f3ptica, 1 coaxial<br \/>\nEntradas de v\u00eddeo: 4 HDMI (1.3), 4 componentes, 4 S-video, 2<br \/>\nsa\u00eddas de v\u00eddeo composto: 2 HDMI (1.3), 2 componentes, 4 S-video ( incluindo Multi Zone), 4 compostos (incluindo Multi Zone)<br \/>\nOutras conex\u00f5es: 1 Ethernet, 1 RS-232, 2 disparadores de 12V, 1 entrada IR, 2 sa\u00eddas IR, entrada de pisca-pisca, entrada\/sa\u00edda remota de zona, terminais XM e Sirius<br \/>\nDimens\u00f5es ( LxAxP): 17,5&#8243; x 7,5&#8243; x 15,25&#8243;<br \/>\nPeso: 25,6 libras<\/p>\n","protected":false},"excerpt":{"rendered":"<p>ESTADO 9\/10 O AV8003 com certifica\u00e7\u00e3o THX Ultra2 \u00e9 um pr\u00e9-amplificador, processador surround e sintonizador AM\/FM. Levando a tecnologia separada para o pr\u00f3ximo n\u00edvel, o AV8003 oferece uma variedade de recursos de rede e instala\u00e7\u00e3o personalizada para integra\u00e7\u00e3o em centros de entretenimento dom\u00e9stico complexos e sofisticados. Claro, ele decodifica os formatos surround mais recentes, como [&hellip;]<\/p>\n","protected":false},"featured_media":15300,"template":"","meta":{"_acf_changed":false},"product_brand":[],"product_cat":[21,92,23],"product_tag":[],"class_list":{"0":"post-8254","1":"product","2":"type-product","3":"status-publish","4":"has-post-thumbnail","6":"product_cat-home-theater","7":"product_cat-marantz","8":"product_cat-processador","10":"first","11":"instock","12":"sold-individually","13":"shipping-taxable","14":"purchasable","15":"product-type-simple"},"acf":[],"aioseo_notices":[],"_links":{"self":[{"href":"https:\/\/hificlub.com.br\/loja\/wp-json\/wp\/v2\/product\/8254","targetHints":{"allow":["GET"]}}],"collection":[{"href":"https:\/\/hificlub.com.br\/loja\/wp-json\/wp\/v2\/product"}],"about":[{"href":"https:\/\/hificlub.com.br\/loja\/wp-json\/wp\/v2\/types\/product"}],"wp:featuredmedia":[{"embeddable":true,"href":"https:\/\/hificlub.com.br\/loja\/wp-json\/wp\/v2\/media\/15300"}],"wp:attachment":[{"href":"https:\/\/hificlub.com.br\/loja\/wp-json\/wp\/v2\/media?parent=8254"}],"wp:term":[{"taxonomy":"product_brand","embeddable":true,"href":"https:\/\/hificlub.com.br\/loja\/wp-json\/wp\/v2\/product_brand?post=8254"},{"taxonomy":"product_cat","embeddable":true,"href":"https:\/\/hificlub.com.br\/loja\/wp-json\/wp\/v2\/product_cat?post=8254"},{"taxonomy":"product_tag","embeddable":true,"href":"https:\/\/hificlub.com.br\/loja\/wp-json\/wp\/v2\/product_tag?post=8254"}],"curies":[{"name":"wp","href":"https:\/\/api.w.org\/{rel}","templated":true}]}}