{"id":8163,"date":"2024-01-02T18:00:20","date_gmt":"2024-01-02T21:00:20","guid":{"rendered":"https:\/\/hificlub.com.br\/loja\/?post_type=product&#038;p=8163"},"modified":"2025-08-03T22:11:40","modified_gmt":"2025-08-04T01:11:40","slug":"jbl-250-ti","status":"publish","type":"product","link":"https:\/\/hificlub.com.br\/loja\/produto\/jbl-250-ti\/","title":{"rendered":"JBL 250 Ti"},"content":{"rendered":"<p>&nbsp;<\/p>\n<p>Um dos principais fabricantes de caixas ac\u00fasticas profissionais da d\u00e9cada de 40 era uma empresa chamada Altec Lansing. A parte Lansing do nome pertencia a um jovem engenheiro chamado James B., que se separou da Altec para fundar sua pr\u00f3pria empresa, a JBL. Ao longo dos anos, a JBL sempre buscou alta efici\u00eancia e um som ousado e ousado em sua linha de produtos para o consumidor final, conquistando assim o desprezo eterno de todos os perfeccionistas do \u00e1udio, que consideram &#8220;JBL&#8221; sin\u00f4nimo de lixo sonoro. Isso nunca incomodou a JBL enquanto &#8220;high end&#8221; era uma aberra\u00e7\u00e3o mental que afligia apenas uma pequena parcela da popula\u00e7\u00e3o. As massas preferiam o tipo de som da JBL.<\/p>\n<p>Mas dois desenvolvimentos nos \u00faltimos tr\u00eas anos levaram a JBL a reconsiderar sua imagem p\u00fablica. Primeiro, as massas descobriram o apelo esnobe dos modelos de ponta e aprenderam com os puristas que gostar do som das caixas ac\u00fasticas JBL era&#8230; bem, simplesmente n\u00e3o era para ser! E, segundo, a JBL reconheceu que as grava\u00e7\u00f5es digitais, cuja aus\u00eancia de ru\u00eddo superficial \u00e9 um convite para reproduzi-las em alto volume, colocavam seus pr\u00f3prios produtos em vantagem decisiva sobre os da maioria dos fabricantes audi\u00f3filos. As JBLs podiam tocar\u00a0<i>alto<\/i>\u00a0sem queimar; a maioria das caixas ac\u00fasticas audi\u00f3filas n\u00e3o. A S\u00e9rie Ti de caixas ac\u00fasticas \u00e9 a aposta da JBL por uma nova imagem: respeitabilidade.<\/p>\n<p>O Ti na designa\u00e7\u00e3o do modelo 250Ti significa tit\u00e2nio; algumas t\u00e9cnicas desenvolvidas pela JBL para trabalhar com esse metal complexo tornaram seus novos tweeters poss\u00edveis. O tit\u00e2nio tem uma rela\u00e7\u00e3o massa-rigidez extremamente alta. Uma l\u00e2mina muito fina dele tem rigidez suficiente para se comportar como um radiador de pist\u00e3o ideal, com toda a sua superf\u00edcie se movendo em un\u00edssono. Mas sua rigidez tamb\u00e9m o torna muito fr\u00e1gil e propenso a rachar quando submetido ao tipo de processo de conforma\u00e7\u00e3o necess\u00e1rio para produzir uma superf\u00edcie radiante eficaz. A JBL afirma ter encontrado uma solu\u00e7\u00e3o e at\u00e9 mesmo uma maneira de gravar um padr\u00e3o de nervuras em forma de diamante na superf\u00edcie da c\u00fapula do tweeter para aumentar sua rigidez. O resultado \u00e9 o novo tweeter que aparece na extremidade superior de todos os seus novos sistemas de alto-falantes, o 440Ti.<\/p>\n<p>Os drivers c\u00f4nicos do 250Ti s\u00e3o descritos na literatura da JBL como &#8220;evolucion\u00e1rios em vez de revolucion\u00e1rios&#8221;, ou seja, s\u00e3o as vers\u00f5es mais recentes e aprimoradas de designs anteriores. Mas \u00e9 \u00f3bvio que a JBL fez a li\u00e7\u00e3o de casa.<\/p>\n<p>Por exemplo, esta \u00e9 a primeira vez que a JBL utiliza polipropileno como material de cone para seus alto-falantes de m\u00e9dio alcance, embora a maioria dos fabricantes de alto-falantes de alta qualidade o tenha preferido h\u00e1 alguns anos. Mas o polipropileno da JBL n\u00e3o \u00e9 o material usual; ele \u00e9 &#8220;dopado&#8221; com um aditivo que aumenta sua rigidez e reduz a ruptura. (Uma das defici\u00eancias reconhecidas do polipropileno \u00e9 que ele \u00e9 flex\u00edvel demais para seu pr\u00f3prio bem; sua popularidade decorre principalmente de seu alto amortecimento interno, que minimiza as colora\u00e7\u00f5es causadas pela resson\u00e2ncia.)<\/p>\n<p>Estas tamb\u00e9m s\u00e3o as primeiras caixas ac\u00fasticas da JBL cujos grandes capacitores de crossover s\u00e3o contornados por capacitores menores, reduzindo os efeitos da absor\u00e7\u00e3o diel\u00e9trica. Isso \u00e9 puro perfeccionismo, mas a JBL se certificou, para sua pr\u00f3pria satisfa\u00e7\u00e3o, de que o bypass, de fato, melhorou o som. As outras caracter\u00edsticas da 250Ti \u2014 a alt\u00edssima capacidade de transmiss\u00e3o de pot\u00eancia, o woofer de longo alcance (deslocamento de 5\/8&#8243; com linearidade de 10%!) e a constru\u00e7\u00e3o r\u00edgida da caixa \u2014 s\u00e3o praticamente antigas; s\u00e3o marcas registradas dos produtos JBL h\u00e1 muitos anos.<\/p>\n<p>Este sistema de alto-falantes de ch\u00e3o em larga escala foi desenvolvido como um modelo emblem\u00e1tico que representa a filosofia e a tecnologia dos alto-falantes JBL, introduzindo a tecnologia da s\u00e9rie Ti.<\/p>\n<p>O formato \u00e9 determinado por c\u00e1lculos rigorosos, incluindo a compatibilidade das caracter\u00edsticas de frequ\u00eancia plana de banda larga e a resposta de pot\u00eancia, a correspond\u00eancia de fase de cada unidade, o efeito de difra\u00e7\u00e3o do gabinete e a posi\u00e7\u00e3o do duto traseiro.<\/p>\n<p>O LE14H-1, um woofer de 38 cm SFG com cone composto Aqua Plus, \u00e9 utilizado para a faixa de graves.<\/p>\n<p>Um cone de 20 cm do tipo 118H, desenvolvido para 250 ti, \u00e9 utilizado para as faixas de m\u00e9dios e graves.<\/p>\n<p>Um cone especial de polipropileno de 13 cm, o 104H, \u00e9 montado nas faixas de m\u00e9dios e agudos.<br \/>\n\u00c0 base de polipropileno, cargas especiais melhoram significativamente a s\u00edntese, mantendo as mesmas perdas internas do polipropileno.<\/p>\n<div id=\"detailarea\">\n<p class=\"detail\">Um tweeter 044 ti com diafragma de tit\u00e2nio puro \u00e9 montado na faixa de alta frequ\u00eancia.<br \/>\nA c\u00fapula de 25 m\u00edcrons de espessura foi constru\u00edda com a exclusiva tecnologia de sopro do excesso de fluxo de nitrog\u00eanio gasoso de alta press\u00e3o. Excelente resposta foi obtida pela combina\u00e7\u00e3o do padr\u00e3o de borda em diamante inspirado no origami japon\u00eas e da nervura de refor\u00e7o.<\/p>\n<p>O atenuador utiliza um m\u00e9todo de barramento de cintagem que reduz a degrada\u00e7\u00e3o da qualidade sonora.<\/p>\n<p>A caixa utiliza um defletor redondo para compensar os efeitos de difra\u00e7\u00e3o, pain\u00e9is de part\u00edculas de alta densidade e acabamento superficial natural.<br \/>\nAl\u00e9m disso, para evitar perturba\u00e7\u00f5es na resposta devido \u00e0 reflex\u00e3o na estrutura da grade, adotamos uma grade de piso com uma estrutura flutuante exclusiva.<\/p>\n<\/div>\n<div class=\"detail_ad_01\"><\/div>\n","protected":false},"excerpt":{"rendered":"<p>&nbsp; Um dos principais fabricantes de caixas ac\u00fasticas profissionais da d\u00e9cada de 40 era uma empresa chamada Altec Lansing. A parte Lansing do nome pertencia a um jovem engenheiro chamado James B., que se separou da Altec para fundar sua pr\u00f3pria empresa, a JBL. Ao longo dos anos, a JBL sempre buscou alta efici\u00eancia e [&hellip;]<\/p>\n","protected":false},"featured_media":8162,"template":"","meta":{"_acf_changed":false},"product_brand":[],"product_cat":[17,46,18,26],"product_tag":[],"class_list":{"0":"post-8163","1":"product","2":"type-product","3":"status-publish","4":"has-post-thumbnail","6":"product_cat-caixas","7":"product_cat-jbl","8":"product_cat-torres","9":"product_cat-vintage","11":"first","12":"instock","13":"sold-individually","14":"shipping-taxable","15":"purchasable","16":"product-type-simple"},"acf":[],"aioseo_notices":[],"_links":{"self":[{"href":"https:\/\/hificlub.com.br\/loja\/wp-json\/wp\/v2\/product\/8163","targetHints":{"allow":["GET"]}}],"collection":[{"href":"https:\/\/hificlub.com.br\/loja\/wp-json\/wp\/v2\/product"}],"about":[{"href":"https:\/\/hificlub.com.br\/loja\/wp-json\/wp\/v2\/types\/product"}],"wp:featuredmedia":[{"embeddable":true,"href":"https:\/\/hificlub.com.br\/loja\/wp-json\/wp\/v2\/media\/8162"}],"wp:attachment":[{"href":"https:\/\/hificlub.com.br\/loja\/wp-json\/wp\/v2\/media?parent=8163"}],"wp:term":[{"taxonomy":"product_brand","embeddable":true,"href":"https:\/\/hificlub.com.br\/loja\/wp-json\/wp\/v2\/product_brand?post=8163"},{"taxonomy":"product_cat","embeddable":true,"href":"https:\/\/hificlub.com.br\/loja\/wp-json\/wp\/v2\/product_cat?post=8163"},{"taxonomy":"product_tag","embeddable":true,"href":"https:\/\/hificlub.com.br\/loja\/wp-json\/wp\/v2\/product_tag?post=8163"}],"curies":[{"name":"wp","href":"https:\/\/api.w.org\/{rel}","templated":true}]}}