{"id":814,"date":"2023-10-17T19:53:04","date_gmt":"2023-10-17T22:53:04","guid":{"rendered":"https:\/\/hificlub.com.br\/loja2\/produto\/arcam-av40-4k-dolby-atmos-imax-enhanced-auro-3d-dtsx-9-1-6\/"},"modified":"2026-03-03T22:21:08","modified_gmt":"2026-03-04T01:21:08","slug":"arcam-av40-4k-dolby-atmos-imax-enhanced-auro-3d-dtsx-9-1-6","status":"publish","type":"product","link":"https:\/\/hificlub.com.br\/loja\/produto\/arcam-av40-4k-dolby-atmos-imax-enhanced-auro-3d-dtsx-9-1-6\/","title":{"rendered":"ARCAM AV40  4K Dolby Atmos, IMAX Enhanced, Auro-3D &#038; DTS:X 9.1.6"},"content":{"rendered":"<p><span style=\"font-size: small;\">ARCAM AV40<\/span><\/p>\n<h2><span style=\"font-size: small;\">Crie uma verdadeira experi\u00eancia de home theater<\/span><\/h2>\n<p>Existe, acredito, uma certa magia em assistir a um filme em seu pr\u00f3prio home theater.\u00a0O Arcam AV40 pode ajud\u00e1-lo a chegar l\u00e1, e muito mais, gra\u00e7as a incr\u00edveis 16 canais de processamento de som surround.<\/p>\n<p>Use este pr\u00e9-amplificador\/processador de alto desempenho como a pe\u00e7a central do seu sistema de som surround Dolby Atmos\u00ae ou DTS:X\u00ae.\u00a0Voc\u00ea desfrutar\u00e1 de um espet\u00e1culo espetacular toda vez que se sentar.<\/p>\n<div class=\"containerImageCaptionMedium floatRight\">\n<p>&nbsp;<\/p>\n<p>O AV40 possui conex\u00f5es balanceadas (XLR) e n\u00e3o balanceadas (RCA) para suportar praticamente qualquer sistema de amplificador que voc\u00ea deseja usar.<\/p>\n<\/div>\n<h3>Som surround do seu jeito<\/h3>\n<p>Existem algumas raz\u00f5es principais para escolher &#8220;separados&#8221; para o seu sistema de home theater, em vez de usar um receptor A\/V tradicional.<\/p>\n<p>A primeira \u00e9 que permite atualizar seu pr\u00e9-amplificador sem substituir sua amplifica\u00e7\u00e3o ao mesmo tempo.\u00a0Se voc\u00ea tem um sistema de amplificador que adora, n\u00e3o h\u00e1 necessidade de substitu\u00ed-lo s\u00f3 porque surgiu um novo formato de \u00e1udio ou v\u00eddeo.<\/p>\n<p>A segunda \u00e9 que ele permite a personaliza\u00e7\u00e3o do sistema que simplesmente n\u00e3o \u00e9 poss\u00edvel com a maioria dos receptores A\/V.<\/p>\n<p>Este pr\u00e9\/pro permite que voc\u00ea use um sistema de som surround de 9.1.6 canais desde o in\u00edcio.\u00a0(S\u00e3o nove alto-falantes de som surround tradicionais, seis alto-falantes dedicados a efeitos de sobrecarga e um subwoofer amplificado).\u00a0Ou expanda seu sistema ao longo do tempo, adicionando canais adicionais de efeitos surround ou overhead a seu gosto.<\/p>\n<p>O AV40 suporta at\u00e9 16 canais independentes de \u00e1udio (isso \u00e9 muito som, amigo).\u00a0Para conectar a\u00a0<a href=\"https:\/\/www-crutchfield-com.translate.goog\/g_10450\/Power-Amplifiers.html?tp=180&amp;_x_tr_sl=en&amp;_x_tr_tl=pt&amp;_x_tr_hl=pt-BR&amp;_x_tr_pto=sc#&amp;nvpair=FFBrand|Arcam\">amplificadores de pot\u00eancia externos<\/a>\u00a0, voc\u00ea tem a op\u00e7\u00e3o de usar cabos balanceados (XLR) ou n\u00e3o balanceados (RCA).<\/p>\n<h3>Som de todos os cantos do seu quarto<\/h3>\n<p>Uma das raz\u00f5es pelas quais o AV40 tem um desempenho t\u00e3o bom \u00e9 o avan\u00e7o dos formatos de som surround &#8220;baseados em objetos&#8221;, como Dolby Atmos e DTS: X, que colocam efeitos sonoros no espa\u00e7o ao seu redor com extrema precis\u00e3o.<\/p>\n<p>O AV40 se destaca na decodifica\u00e7\u00e3o e processamento dessas trilhas sonoras baseadas em objetos.\u00a0Voc\u00ea ouvir\u00e1 a trilha sonora e os efeitos especiais do filme acima, atr\u00e1s, \u00e0 sua frente e ao seu lado \u2014 exatamente como faria em um cinema de verdade.<\/p>\n<p>O processamento de v\u00eddeo avan\u00e7ado do AV40 garante uma imagem v\u00edvida e altamente detalhada com filmes, eventos esportivos e videogames.\u00a0Use-o com confian\u00e7a com sua TV gigante ou sistema de home theater baseado em projetor.<\/p>\n<h3>Corre\u00e7\u00e3o da sala lend\u00e1ria<\/h3>\n<p>O AV40 inclui o Dirac Live\u00ae, uma das melhores plataformas de corre\u00e7\u00e3o de ambientes do setor.\u00a0Depois de baixar o software Dirac para o seu laptop Windows\u00ae ou Mac\u00ae e conectar o microfone fornecido, voc\u00ea pode fazer medi\u00e7\u00f5es ac\u00fasticas precisas do seu quarto.<\/p>\n<p>Em seguida, Dirac cria uma curva de corre\u00e7\u00e3o personalizada que ajusta a sa\u00edda de seus alto-falantes e subwoofers com base nas caracter\u00edsticas sonoras exclusivas de seu espa\u00e7o.<\/p>\n<p>O som resultante \u00e9 claro, suave e ultra detalhado, com graves mais precisos e din\u00e2mica mais impactante do que antes.<\/p>\n<h2><span style=\"font-size: small;\">Destaques do produto:<\/span><\/h2>\n<h5>Em processamento:<\/h5>\n<ul>\n<li>Decodifica\u00e7\u00e3o de som surround Dolby\u00ae, DTS\u00ae e Auro-3D\n<ul>\n<li>suporta configura\u00e7\u00e3o Dolby Atmos ou DTS:X de at\u00e9 9.1.6 canais com\u00a0<a href=\"https:\/\/www-crutchfield-com.translate.goog\/g_10450\/Power-Amplifiers.html?tp=180&amp;_x_tr_sl=en&amp;_x_tr_tl=pt&amp;_x_tr_hl=pt-BR&amp;_x_tr_pto=sc#&amp;nvpair=FFBrand|Arcam\">amplificadores de pot\u00eancia externos<\/a><\/li>\n<\/ul>\n<\/li>\n<li>Certifica\u00e7\u00e3o IMAX Enhanced para melhor desempenho com conte\u00fado IMAX Enhanced<\/li>\n<li>A corre\u00e7\u00e3o de sala Dirac Live\u00ae adapta o som \u00e0 ac\u00fastica da sua sala (microfone inclu\u00eddo)\n<ul>\n<li>calibra\u00e7\u00e3o independente para at\u00e9 15 canais de alto-falante, al\u00e9m de um subwoofer<\/li>\n<li>O software Dirac Live requer um laptop Windows\u00ae ou Mac\u00ae<\/li>\n<\/ul>\n<\/li>\n<li>Conversor digital-anal\u00f3gico audi\u00f3filo ESS 9026PRO para som ultra claro de fontes est\u00e9reo e surround<\/li>\n<\/ul>\n<h5>Conex\u00f5es:<\/h5>\n<ul>\n<li>Comuta\u00e7\u00e3o de \u00e1udio\/v\u00eddeo HDMI 2.0b: 7 entradas, 3 sa\u00eddas\n<ul>\n<li>sa\u00eddas HDMI duplas para enviar sinal para uma TV e um projetor<\/li>\n<li>zona 2 Sa\u00edda HDMI para envio de sinal para outra parte da casa<\/li>\n<\/ul>\n<\/li>\n<li>A tecnologia HDCP 2.2 garante compatibilidade com fontes e TVs 4K Ultra HD<\/li>\n<li>Compat\u00edvel com HDR para maior contraste e brilho da imagem com TVs 4K compat\u00edveis e conte\u00fado codificado em HDR<\/li>\n<li>O eARC (Enhanced Audio Return Channel) oferece suporte aos formatos de som surround mais avan\u00e7ados, incluindo Dolby Atmos e DTS:X, por meio de uma \u00fanica conex\u00e3o HDMI \u00e0 sua TV\n<ul>\n<li>passa sinais de som surround de resolu\u00e7\u00e3o total de transmiss\u00f5es over-the-air e streaming de m\u00eddia<\/li>\n<\/ul>\n<\/li>\n<li>conex\u00f5es de \u00e1udio digital:\n<ul>\n<li>2 entradas \u00f3pticas Toslink e 4 entradas coaxiais<\/li>\n<li>1 sa\u00edda \u00f3ptica Toslink<\/li>\n<\/ul>\n<\/li>\n<li>6 entradas de \u00e1udio est\u00e9reo RCA anal\u00f3gicas, al\u00e9m de entrada minijack de 3,5 mm no painel frontal<\/li>\n<li>Sa\u00eddas XLR balanceadas de 15.1 canais, incluindo uma para um subwoofer amplificado<\/li>\n<li>Sa\u00eddas RCA n\u00e3o balanceadas de 15,2 canais, incluindo 2 conex\u00f5es para subs alimentados<\/li>\n<li>pr\u00e9-amplificador est\u00e9reo de zona 2 e sa\u00eddas de n\u00edvel de linha<\/li>\n<li>sem entrada phono &#8211; para conectar um toca-discos, voc\u00ea precisar\u00e1 adicionar um\u00a0<a href=\"https:\/\/www-crutchfield-com.translate.goog\/g_50500\/Phono-Preamps.html?_x_tr_sl=en&amp;_x_tr_tl=pt&amp;_x_tr_hl=pt-BR&amp;_x_tr_pto=sc\">pr\u00e9-amplificador phono<\/a><\/li>\n<li>Porta Ethernet para conex\u00e3o de rede<\/li>\n<li>RS-232, IR (infravermelho) e conex\u00f5es de gatilho de 12 volts para uso com controladores opcionais de terceiros<\/li>\n<li>sa\u00edda de mini fone de ouvido de 3,5 mm no painel frontal<\/li>\n<li>cabo de alimenta\u00e7\u00e3o destac\u00e1vel<\/li>\n<\/ul>\n<h5>Caracter\u00edsticas gerais:<\/h5>\n<ul>\n<li>Os aplicativos gratuitos de controle Arcam MusicLife e UPnP (Universal Plug and Play) permitem que voc\u00ea use seu dispositivo iOS\u00ae ou Android\u2122 como um controle remoto sem fio por meio de Wi-Fi<\/li>\n<li>streaming de m\u00fasica sem fio por Bluetooth\u00ae, Apple AirPlay\u00ae 2 e Chromecast integrado<\/li>\n<li>sintonizador FM embutido<\/li>\n<li>controle remoto inclu\u00eddo<\/li>\n<li>17-1\/16&#8243; L x 6-3\/4&#8243; A x 16-3\/4&#8243; P<\/li>\n<li>peso: 23,4 libras.<\/li>\n<li>garantia: 5 anos com registro<\/li>\n<\/ul>\n<p class=\"leader\">\n","protected":false},"excerpt":{"rendered":"<p>ARCAM AV40 Crie uma verdadeira experi\u00eancia de home theater Existe, acredito, uma certa magia em assistir a um filme em seu pr\u00f3prio home theater.\u00a0O Arcam AV40 pode ajud\u00e1-lo a chegar l\u00e1, e muito mais, gra\u00e7as a incr\u00edveis 16 canais de processamento de som surround. Use este pr\u00e9-amplificador\/processador de alto desempenho como a pe\u00e7a central do [&hellip;]<\/p>\n","protected":false},"featured_media":808,"template":"","meta":{"_acf_changed":false},"product_brand":[],"product_cat":[49,21,23],"product_tag":[],"class_list":{"0":"post-814","1":"product","2":"type-product","3":"status-publish","4":"has-post-thumbnail","6":"product_cat-arcam","7":"product_cat-home-theater","8":"product_cat-processador","10":"first","11":"instock","12":"sold-individually","13":"shipping-taxable","14":"product-type-simple"},"acf":[],"aioseo_notices":[],"_links":{"self":[{"href":"https:\/\/hificlub.com.br\/loja\/wp-json\/wp\/v2\/product\/814","targetHints":{"allow":["GET"]}}],"collection":[{"href":"https:\/\/hificlub.com.br\/loja\/wp-json\/wp\/v2\/product"}],"about":[{"href":"https:\/\/hificlub.com.br\/loja\/wp-json\/wp\/v2\/types\/product"}],"wp:featuredmedia":[{"embeddable":true,"href":"https:\/\/hificlub.com.br\/loja\/wp-json\/wp\/v2\/media\/808"}],"wp:attachment":[{"href":"https:\/\/hificlub.com.br\/loja\/wp-json\/wp\/v2\/media?parent=814"}],"wp:term":[{"taxonomy":"product_brand","embeddable":true,"href":"https:\/\/hificlub.com.br\/loja\/wp-json\/wp\/v2\/product_brand?post=814"},{"taxonomy":"product_cat","embeddable":true,"href":"https:\/\/hificlub.com.br\/loja\/wp-json\/wp\/v2\/product_cat?post=814"},{"taxonomy":"product_tag","embeddable":true,"href":"https:\/\/hificlub.com.br\/loja\/wp-json\/wp\/v2\/product_tag?post=814"}],"curies":[{"name":"wp","href":"https:\/\/api.w.org\/{rel}","templated":true}]}}