{"id":8028,"date":"2024-01-02T17:59:46","date_gmt":"2024-01-02T20:59:46","guid":{"rendered":"https:\/\/hificlub.com.br\/loja\/?post_type=product&#038;p=8028"},"modified":"2025-10-03T07:10:13","modified_gmt":"2025-10-03T10:10:13","slug":"airtight-atc-3-valvulado","status":"publish","type":"product","link":"https:\/\/hificlub.com.br\/loja\/produto\/airtight-atc-3-valvulado\/","title":{"rendered":"AIRTIGHT ATC-3 Preamplificador Valvulado"},"content":{"rendered":"<p>ESTADO 9\/10<\/p>\n<p>Muitos audi\u00f3filos acreditam que o pr\u00e9-amplificador \u00e9 o componente mais importante de um sistema musical. Freq\u00fcentemente, \u00e9 o foco de grande parte da aten\u00e7\u00e3o do projetista, pois h\u00e1 muitos aspectos do caminho do sinal que precisam ser gerenciados. O Air Tight ATC-3 \u00e9 um pr\u00e9-amplificador de alta qualidade com excelente pedigree e sonoridade not\u00e1vel. Ele utiliza um design testado e comprovado que foi refinado ao longo de muitos anos para que seja muito silencioso, muito transparente, neutro e ultradin\u00e2mico.<\/p>\n<p>A fonte de alimenta\u00e7\u00e3o emprega um diodo especial de recupera\u00e7\u00e3o r\u00e1pida como retificador que fornece alta velocidade operacional com baixo ru\u00eddo de pulso. Um capacitor de polipropileno conectado em paralelo permite a transcend\u00eancia do ru\u00eddo de modula\u00e7\u00e3o na faixa de frequ\u00eancia m\u00e9dia a alta.<\/p>\n<p>A se\u00e7\u00e3o do amplificador de linha utiliza o design de circuito SRPP (Shunt Regulated Push Pull), que oferece excelente rejei\u00e7\u00e3o de ru\u00eddo da fonte de alimenta\u00e7\u00e3o, baixa imped\u00e2ncia de sa\u00edda e melhora a linearidade das v\u00e1lvulas de sa\u00edda 12AU7. A configura\u00e7\u00e3o de feedback negativo de 2 est\u00e1gios usa o 12AX7 no primeiro est\u00e1gio e o 12AU7 no segundo est\u00e1gio (ambos auto-polarizados). Como o 12AX7 tem polariza\u00e7\u00e3o alta, ele fornece uma sensa\u00e7\u00e3o de pot\u00eancia e alta resolu\u00e7\u00e3o. O 12AU7 na sa\u00edda garante ampla corrente. Com esta configura\u00e7\u00e3o o ganho total do est\u00e1gio de linha chega a impressionantes 40db. Al\u00e9m disso, um capacitor de acoplamento de qualidade premium garante uma imped\u00e2ncia de sa\u00edda abaixo de 200 Ohms. A constru\u00e7\u00e3o robusta do ATC-3 garante confiabilidade de longo prazo e som livre de distor\u00e7\u00e3o de modula\u00e7\u00e3o interna.<\/p>\n<p>A m\u00fasica emerge de um fundo totalmente silencioso com autoridade, clareza e resolu\u00e7\u00e3o. \u00c9 um daqueles raros produtos audi\u00f3filos que os usu\u00e1rios compram e tendem a manter por toda a vida ou substituir pelo mesmo modelo. Tem-se a sensa\u00e7\u00e3o de que o ATC-3 \u00e9 simplesmente perfeito, est\u00e1 literalmente em sua forma final, nada faltando, nada faltando, na medida certa. Simplesmente perca-se na m\u00fasica e esque\u00e7a que est\u00e1 ouvindo um amplificador. Divino.<\/p>\n<p>Caracter\u00edsticas<\/p>\n<p>Pre amplificador de linha SRPP com est\u00e1gio de buffer refor\u00e7ado para garantir boa exclus\u00e3o de ru\u00eddo, baixa imped\u00e2ncia de sa\u00edda e linearidade cont\u00ednua<br \/>\nFonte de alimenta\u00e7\u00e3o rica com diodo de recupera\u00e7\u00e3o r\u00e1pida para alta velocidade operacional e baixo ru\u00eddo de pulso<br \/>\nChapa de a\u00e7o \u00fanico com esmalte multicamadas para alto ru\u00eddo e baixo ru\u00eddo<br \/>\nConectores de entrada\/sa\u00edda de alta qualidade com cabo de alimenta\u00e7\u00e3o consumido<br \/>\nPote opcional de alta precis\u00e3o &#8216;Alps&#8217; RK-501<\/p>\n<p>Especifica\u00e7\u00f5es<br \/>\nV\u00e1lvulas empregadas:<br \/>\n12AX7(ECC83) \u00d7 1, 12AU7(ECC82) \u00d7 2<br \/>\nTens\u00e3o de sa\u00edda:<br \/>\nnominal 2V, m\u00e1x. 15V<br \/>\nImped\u00e2ncia de sa\u00edda:<br \/>\n200 ohms<br \/>\nDTH:<br \/>\nmenos de 0,01%<br \/>\nSensibilidade de entrada:<br \/>\n110mV (sa\u00edda 1V)<br \/>\nRela\u00e7\u00e3o S\/R:<br \/>\nmenos de 90dB (ponderada IHF-A)<br \/>\nDimens\u00f5es:<br \/>\n430(L) \u00d7 325(P) \u00d7 90(A)mm<br \/>\nPeso:<br \/>\n8kg<\/p>\n","protected":false},"excerpt":{"rendered":"<p>ESTADO 9\/10 Muitos audi\u00f3filos acreditam que o pr\u00e9-amplificador \u00e9 o componente mais importante de um sistema musical. Freq\u00fcentemente, \u00e9 o foco de grande parte da aten\u00e7\u00e3o do projetista, pois h\u00e1 muitos aspectos do caminho do sinal que precisam ser gerenciados. O Air Tight ATC-3 \u00e9 um pr\u00e9-amplificador de alta qualidade com excelente pedigree e sonoridade [&hellip;]<\/p>\n","protected":false},"featured_media":8025,"template":"","meta":{"_acf_changed":false},"product_brand":[],"product_cat":[38],"product_tag":[],"class_list":{"0":"post-8028","1":"product","2":"type-product","3":"status-publish","4":"has-post-thumbnail","6":"product_cat-pre-amplificador","8":"first","9":"instock","10":"sold-individually","11":"shipping-taxable","12":"purchasable","13":"product-type-simple"},"acf":[],"aioseo_notices":[],"_links":{"self":[{"href":"https:\/\/hificlub.com.br\/loja\/wp-json\/wp\/v2\/product\/8028","targetHints":{"allow":["GET"]}}],"collection":[{"href":"https:\/\/hificlub.com.br\/loja\/wp-json\/wp\/v2\/product"}],"about":[{"href":"https:\/\/hificlub.com.br\/loja\/wp-json\/wp\/v2\/types\/product"}],"wp:featuredmedia":[{"embeddable":true,"href":"https:\/\/hificlub.com.br\/loja\/wp-json\/wp\/v2\/media\/8025"}],"wp:attachment":[{"href":"https:\/\/hificlub.com.br\/loja\/wp-json\/wp\/v2\/media?parent=8028"}],"wp:term":[{"taxonomy":"product_brand","embeddable":true,"href":"https:\/\/hificlub.com.br\/loja\/wp-json\/wp\/v2\/product_brand?post=8028"},{"taxonomy":"product_cat","embeddable":true,"href":"https:\/\/hificlub.com.br\/loja\/wp-json\/wp\/v2\/product_cat?post=8028"},{"taxonomy":"product_tag","embeddable":true,"href":"https:\/\/hificlub.com.br\/loja\/wp-json\/wp\/v2\/product_tag?post=8028"}],"curies":[{"name":"wp","href":"https:\/\/api.w.org\/{rel}","templated":true}]}}