{"id":7985,"date":"2024-01-02T17:59:37","date_gmt":"2024-01-02T20:59:37","guid":{"rendered":"https:\/\/hificlub.com.br\/loja\/?post_type=product&#038;p=7985"},"modified":"2025-09-29T07:10:12","modified_gmt":"2025-09-29T10:10:12","slug":"evolution-acoustic-mm2","status":"publish","type":"product","link":"https:\/\/hificlub.com.br\/loja\/produto\/evolution-acoustic-mm2\/","title":{"rendered":"EVOLUTION ACOUSTICS MM2"},"content":{"rendered":"<p>ESTADO 9\/10<\/p>\n<p>Nada pode prepar\u00e1-lo para o som cristalino e realista que voc\u00ea ouvir\u00e1 nos alto-falantes Evolution Acoustics MMTwo.\u00a0Pela forma como o palco \u00e9 apresentado, da esquerda para a direita e da frente para tr\u00e1s, voc\u00ea sente e ouve os m\u00fasicos tocando bem na sua frente.\u00a0Todo o espectro de frequ\u00eancia \u00e9 transmitido com facilidade e verdade.<\/p>\n<p>Voc\u00ea ouvir\u00e1 a grava\u00e7\u00e3o mais profundamente do que jamais imaginou ser poss\u00edvel, com musicalidade, clareza e din\u00e2mica que n\u00e3o s\u00e3o alcan\u00e7adas por qualquer outro alto-falante feito independentemente do pre\u00e7o.\u00a0As \u00fanicas limita\u00e7\u00f5es que voc\u00ea experimentar\u00e1 ser\u00e3o as da grava\u00e7\u00e3o.<\/p>\n<p>MM = Musicalidade M\u00e1xima<\/p>\n","protected":false},"excerpt":{"rendered":"<p>ESTADO 9\/10 Nada pode prepar\u00e1-lo para o som cristalino e realista que voc\u00ea ouvir\u00e1 nos alto-falantes Evolution Acoustics MMTwo.\u00a0Pela forma como o palco \u00e9 apresentado, da esquerda para a direita e da frente para tr\u00e1s, voc\u00ea sente e ouve os m\u00fasicos tocando bem na sua frente.\u00a0Todo o espectro de frequ\u00eancia \u00e9 transmitido com facilidade e [&hellip;]<\/p>\n","protected":false},"featured_media":13349,"template":"","meta":{"_acf_changed":false},"product_brand":[],"product_cat":[17,18],"product_tag":[],"class_list":{"0":"post-7985","1":"product","2":"type-product","3":"status-publish","4":"has-post-thumbnail","6":"product_cat-caixas","7":"product_cat-torres","9":"first","10":"instock","11":"sold-individually","12":"shipping-taxable","13":"purchasable","14":"product-type-simple"},"acf":[],"aioseo_notices":[],"_links":{"self":[{"href":"https:\/\/hificlub.com.br\/loja\/wp-json\/wp\/v2\/product\/7985","targetHints":{"allow":["GET"]}}],"collection":[{"href":"https:\/\/hificlub.com.br\/loja\/wp-json\/wp\/v2\/product"}],"about":[{"href":"https:\/\/hificlub.com.br\/loja\/wp-json\/wp\/v2\/types\/product"}],"wp:featuredmedia":[{"embeddable":true,"href":"https:\/\/hificlub.com.br\/loja\/wp-json\/wp\/v2\/media\/13349"}],"wp:attachment":[{"href":"https:\/\/hificlub.com.br\/loja\/wp-json\/wp\/v2\/media?parent=7985"}],"wp:term":[{"taxonomy":"product_brand","embeddable":true,"href":"https:\/\/hificlub.com.br\/loja\/wp-json\/wp\/v2\/product_brand?post=7985"},{"taxonomy":"product_cat","embeddable":true,"href":"https:\/\/hificlub.com.br\/loja\/wp-json\/wp\/v2\/product_cat?post=7985"},{"taxonomy":"product_tag","embeddable":true,"href":"https:\/\/hificlub.com.br\/loja\/wp-json\/wp\/v2\/product_tag?post=7985"}],"curies":[{"name":"wp","href":"https:\/\/api.w.org\/{rel}","templated":true}]}}