{"id":7910,"date":"2024-01-02T17:59:07","date_gmt":"2024-01-02T20:59:07","guid":{"rendered":"https:\/\/hificlub.com.br\/loja\/?post_type=product&#038;p=7910"},"modified":"2025-08-11T08:17:26","modified_gmt":"2025-08-11T11:17:26","slug":"marantz-pm6004-integrado-45-watts","status":"publish","type":"product","link":"https:\/\/hificlub.com.br\/loja\/produto\/marantz-pm6004-integrado-45-watts\/","title":{"rendered":"MARANTZ PM6004 Integrado com MM Phono 45 watts"},"content":{"rendered":"<p>ESTADO 9\/10<\/p>\n<p>O amplificador est\u00e9reo Marantz PM-6004 \u00e9 um excelente substituto para o modelo Marantz PM-6003 . Este \u00faltimo obteve enorme sucesso p\u00fablico e conquistou os votos da imprensa especializada. Com o Marantz PM-6004, o fabricante japon\u00eas oferece uma cria\u00e7\u00e3o ainda mais realizada, cujas qualidades audi\u00f3filas s\u00e3o ampliadas por componentes otimizados.<\/p>\n<p>Em termos de est\u00e9tica, nenhuma reviravolta. Felizmente encontramos esta linha s\u00f3bria e elegante que caracteriza as produ\u00e7\u00f5es Marantz, com uma fachada com cantos curvos e uma consola central com acabamento em alum\u00ednio escovado. Em sua apresenta\u00e7\u00e3o, o PM-6004 exibe abertamente desejos de alto n\u00edvel. Um posicionamento verificado a n\u00edvel t\u00e9cnico gra\u00e7as a um design particularmente requintado.<\/p>\n<p>O Marantz PM-6004 apresenta se\u00e7\u00f5es separadas de pr\u00e9-amplifica\u00e7\u00e3o e amplificador projetadas com componentes discretos para preservar a fidelidade do sinal sonoro. A outra caracter\u00edstica importante do PM-6004 \u00e9 sua alta capacidade de corrente e excelente gerenciamento de energia. Encontramos assim um transformador toroidal associado a um circuito de corrente reativa que permite ao PM-6004 controlar com m\u00e3o de ferro os altifalantes mais dif\u00edceis. Al\u00e9m disso, os principais capacitores e transistores de pot\u00eancia s\u00e3o montados em radiadores de alum\u00ednio extrudado, um grande trunfo para um melhor controle dos alto-falantes. Portanto, se a pot\u00eancia anunciada de 2&#215;45 watts pode parecer um tanto limitada, ela responde bem \u00e0 audi\u00e7\u00e3o, permitindo que o PM-6004 a combine com amplificadores de maior pot\u00eancia. Comparado ao seu antecessor, o PM-6004 ganha ainda mais em musicalidade: a clareza e a transpar\u00eancia do palco sonoro foram otimizadas. Observe que o ideal \u00e9 que ele seja associado ao CD player Marantz CD-6004 .<\/p>\n<p>De resto, o amplificador Marantz PM-6004 apresenta um design ideal para uma audi\u00e7\u00e3o Hi-Fi de qualidade. A conectividade \u00e9 completa com seis entradas RCA, incluindo uma entrada Phono MM que ir\u00e1 deliciar os amantes do vinil. Duas sa\u00eddas RCA tamb\u00e9m s\u00e3o fornecidas. Por fim, o controle remoto oferece uma ergonomia muito apreci\u00e1vel.<\/p>\n<p>Com o amplificador PM-6004, a Marantz cimenta ainda mais a sua reputa\u00e7\u00e3o de excel\u00eancia, que se estende ao sector dos amplificadores de gama b\u00e1sica. Por um pre\u00e7o razo\u00e1vel, o ouvinte tem acesso \u00e0 alta fidelidade: um valor seguro.<\/p>\n<p>Caracter\u00edsticas<br \/>\nMedi\u00e7\u00f5es<br \/>\nPot\u00eancia (8 ohms): 45 watts<br \/>\nPot\u00eancia (4 ohms): 60 watts<\/p>\n<p>Resposta de frequ\u00eancia: 10 Hz &#8211; 70 kHz<br \/>\nDistor\u00e7\u00e3o harm\u00f4nica total: 0,0008<br \/>\nFator de amortecimento: 100<br \/>\nSensibilidade de entrada: MM: 2 mV \/ 47 kohms<br \/>\nRela\u00e7\u00e3o sinal-ru\u00eddo MM: 84 dB<br \/>\nSensibilidade de entrada (alto n\u00edvel): 200 mV \/ 20 kohms<br \/>\nSinal Rela\u00e7\u00e3o ru\u00eddo: (n\u00edvel alto): 87 dB<\/p>\n<p>Design<br \/>\nN\u00famero de canais: 2<br \/>\nTopologia de feedback de corrente<br \/>\nPhono EQ:<br \/>\nVers\u00e3o padr\u00e3o do m\u00f3dulo amplificador hiperdin\u00e2mico (HDAM)<br \/>\nTransformador toroidal Componentes<br \/>\nde \u00e1udio de \u00faltima gera\u00e7\u00e3o<br \/>\nComponentes selecionados<br \/>\nDissipador de calor de alum\u00ednio extrudado<br \/>\nBalan\u00e7o \/ Graves \/ Agudos \/ Loudness<br \/>\nFun\u00e7\u00e3o Fonte Direta<\/p>\n<p>Conex\u00f5es<br \/>\n6 entradas RCA incluindo 1 Phono MM<br \/>\n2 sa\u00eddas RCA<br \/>\n1 sa\u00edda de fone de ouvido de 6,35 mm<br \/>\n1 entrada\/sa\u00edda de controle remoto<\/p>\n<p>Consumo em espera\/ligado: 0,2 \/ 150 watts<\/p>\n<p>Vem com controle remoto<\/p>\n<p>Dimens\u00f5es Gerais<br \/>\n(LxAxP): 440 x 105 x 366 mm<br \/>\nPeso: 7,5 kg<\/p>\n","protected":false},"excerpt":{"rendered":"<p>ESTADO 9\/10 O amplificador est\u00e9reo Marantz PM-6004 \u00e9 um excelente substituto para o modelo Marantz PM-6003 . Este \u00faltimo obteve enorme sucesso p\u00fablico e conquistou os votos da imprensa especializada. Com o Marantz PM-6004, o fabricante japon\u00eas oferece uma cria\u00e7\u00e3o ainda mais realizada, cujas qualidades audi\u00f3filas s\u00e3o ampliadas por componentes otimizados. Em termos de est\u00e9tica, [&hellip;]<\/p>\n","protected":false},"featured_media":7908,"template":"","meta":{"_acf_changed":false},"product_brand":[],"product_cat":[27,51,92],"product_tag":[],"class_list":{"0":"post-7910","1":"product","2":"type-product","3":"status-publish","4":"has-post-thumbnail","6":"product_cat-amplificador","7":"product_cat-integrado","8":"product_cat-marantz","10":"first","11":"instock","12":"sold-individually","13":"shipping-taxable","14":"purchasable","15":"product-type-simple"},"acf":[],"aioseo_notices":[],"_links":{"self":[{"href":"https:\/\/hificlub.com.br\/loja\/wp-json\/wp\/v2\/product\/7910","targetHints":{"allow":["GET"]}}],"collection":[{"href":"https:\/\/hificlub.com.br\/loja\/wp-json\/wp\/v2\/product"}],"about":[{"href":"https:\/\/hificlub.com.br\/loja\/wp-json\/wp\/v2\/types\/product"}],"wp:featuredmedia":[{"embeddable":true,"href":"https:\/\/hificlub.com.br\/loja\/wp-json\/wp\/v2\/media\/7908"}],"wp:attachment":[{"href":"https:\/\/hificlub.com.br\/loja\/wp-json\/wp\/v2\/media?parent=7910"}],"wp:term":[{"taxonomy":"product_brand","embeddable":true,"href":"https:\/\/hificlub.com.br\/loja\/wp-json\/wp\/v2\/product_brand?post=7910"},{"taxonomy":"product_cat","embeddable":true,"href":"https:\/\/hificlub.com.br\/loja\/wp-json\/wp\/v2\/product_cat?post=7910"},{"taxonomy":"product_tag","embeddable":true,"href":"https:\/\/hificlub.com.br\/loja\/wp-json\/wp\/v2\/product_tag?post=7910"}],"curies":[{"name":"wp","href":"https:\/\/api.w.org\/{rel}","templated":true}]}}