{"id":790,"date":"2023-10-17T19:52:56","date_gmt":"2023-10-17T22:52:56","guid":{"rendered":"https:\/\/hificlub.com.br\/loja2\/produto\/audio-physic-sitara\/"},"modified":"2025-11-12T11:46:30","modified_gmt":"2025-11-12T14:46:30","slug":"audio-physic-sitara","status":"publish","type":"product","link":"https:\/\/hificlub.com.br\/loja\/produto\/audio-physic-sitara\/","title":{"rendered":"AUDIO PHYSIC SITARA"},"content":{"rendered":"<p>O principal recurso visual do Sitara \u00e9 seu gabinete alto e estreito que se inclina para tr\u00e1s em sete graus para fornecer compensa\u00e7\u00e3o de atraso de tempo para os centros ac\u00fasticos deslocados do tweeter e do driver de graves e m\u00e9dios.\u00a0Acrescente a isso o fato de que o Sitara tem uma pegada pequena e um gabinete surpreendentemente leve, de modo que o grupo de drivers pr\u00f3ximo ao topo oferece um alto centro de gravidade, e voc\u00ea entender\u00e1 por que estabilizadores de alum\u00ednio s\u00e3o fornecidos para carregar pontas e fornecer base mais larga e profunda.<\/p>\n<p>O que primeiro impressiona no som do Sitara &#8211; nada menos que seu estoque &#8211; \u00e9 o grande palco sonoro que ele projeta, que \u00e9 extraordinariamente generoso em largura e profundidade, e notavelmente uniforme em um arco de al\u00e9m do alto-falante esquerdo para al\u00e9m do certo.\u00a0Enquanto alguns alto-falantes atingem a profundidade da imagem no centro do palco sonoro, mas n\u00e3o conseguem evitar o encurtamento nos extremos da imagem, o Sitara mant\u00e9m uma perspectiva consistente em toda a vista.<\/p>\n<p>Existem tr\u00eas unidades de acionamento no total aqui &#8211; um tweeter de domo macio de 27 mm para os agudos, al\u00e9m de dois drivers principais de 135 mm com estruturas de liga fundida, cones de pl\u00e1stico de 100 mm e grandes extens\u00f5es cil\u00edndricas de p\u00f3los centrais.<\/p>\n<p>Embora aparentemente id\u00eanticos, o \u00faltimo par opera em uma configura\u00e7\u00e3o de duas vias e meia, a unidade inferior operando apenas na regi\u00e3o de graves at\u00e9 500 Hz, enquanto o driver principal superior cobre as frequ\u00eancias de graves e m\u00e9dios.<\/p>\n<p>A sa\u00edda do driver \u00e9 complementada por uma porta traseira definida bem acima de um par solit\u00e1rio de terminais WBT de alta classe que s\u00e3o montados em um painel de liga substancial e deliberadamente desacoplados mecanicamente.<\/p>\n<p>RESPOSTA DE FREQUENCIA:\u00a036 Hz \u2013 40 kHz<br \/>\nAMPLIFICA\u00c7\u00c3O REQUERIDA 20W &#8211; 120W<br \/>\nIMPEDANCIA: 4 ohms<br \/>\nSENSIBILIDADE 89 dB<br \/>\nDIMENSOES 14 cm x 98 cm x 22 cm<\/p>\n","protected":false},"excerpt":{"rendered":"<p>O principal recurso visual do Sitara \u00e9 seu gabinete alto e estreito que se inclina para tr\u00e1s em sete graus para fornecer compensa\u00e7\u00e3o de atraso de tempo para os centros ac\u00fasticos deslocados do tweeter e do driver de graves e m\u00e9dios.\u00a0Acrescente a isso o fato de que o Sitara tem uma pegada pequena e um [&hellip;]<\/p>\n","protected":false},"featured_media":785,"template":"","meta":{"_acf_changed":false},"product_brand":[],"product_cat":[17,18],"product_tag":[],"class_list":{"0":"post-790","1":"product","2":"type-product","3":"status-publish","4":"has-post-thumbnail","6":"product_cat-caixas","7":"product_cat-torres","9":"first","10":"instock","11":"sold-individually","12":"shipping-taxable","13":"purchasable","14":"product-type-simple"},"acf":[],"aioseo_notices":[],"_links":{"self":[{"href":"https:\/\/hificlub.com.br\/loja\/wp-json\/wp\/v2\/product\/790","targetHints":{"allow":["GET"]}}],"collection":[{"href":"https:\/\/hificlub.com.br\/loja\/wp-json\/wp\/v2\/product"}],"about":[{"href":"https:\/\/hificlub.com.br\/loja\/wp-json\/wp\/v2\/types\/product"}],"wp:featuredmedia":[{"embeddable":true,"href":"https:\/\/hificlub.com.br\/loja\/wp-json\/wp\/v2\/media\/785"}],"wp:attachment":[{"href":"https:\/\/hificlub.com.br\/loja\/wp-json\/wp\/v2\/media?parent=790"}],"wp:term":[{"taxonomy":"product_brand","embeddable":true,"href":"https:\/\/hificlub.com.br\/loja\/wp-json\/wp\/v2\/product_brand?post=790"},{"taxonomy":"product_cat","embeddable":true,"href":"https:\/\/hificlub.com.br\/loja\/wp-json\/wp\/v2\/product_cat?post=790"},{"taxonomy":"product_tag","embeddable":true,"href":"https:\/\/hificlub.com.br\/loja\/wp-json\/wp\/v2\/product_tag?post=790"}],"curies":[{"name":"wp","href":"https:\/\/api.w.org\/{rel}","templated":true}]}}