{"id":784,"date":"2023-10-17T19:52:55","date_gmt":"2023-10-17T22:52:55","guid":{"rendered":"https:\/\/hificlub.com.br\/loja2\/produto\/jbl-studio-680\/"},"modified":"2026-03-03T22:21:09","modified_gmt":"2026-03-04T01:21:09","slug":"jbl-studio-680","status":"publish","type":"product","link":"https:\/\/hificlub.com.br\/loja\/produto\/jbl-studio-680\/","title":{"rendered":"JBL STUDIO 680"},"content":{"rendered":"<p>JBL Studio 680 &#8211; Harmonia, tecnologia e coer\u00eancia para o seu som<\/p>\n<div class=\"tab-content\">\n<div id=\"descricao\" class=\"tab-pane active\">\n<p class=\"teaser\">Alto-falante duplo de ch\u00e3o de 2,5 vias e 6,5\u00a0pol.<\/p>\n<p>O JBL Studio 680 \u00e9 um alto-falante de ch\u00e3o de alto desempenho que utiliza o driver de compress\u00e3o de 1 polegada 2414H-1 da JBL acoplado a uma corneta de imagem de alta defini\u00e7\u00e3o, complementada com woofers c\u00f4nicos duplos PolyPlas de 6,5 polegadas. O design elegante do gabinete inclui uma tela com fixa\u00e7\u00e3o magn\u00e9tica e traz um elemento de sofistica\u00e7\u00e3o para qualquer quarto. O Studio s\u00e9rie 6 oferece grande din\u00e2mica, som detalhado e graves potentes para um verdadeiro som de alta fidelidade.<\/p>\n<p>Quer ter a melhor qualidade sonora na sua resid\u00eancia? Com a torre JBL voc\u00ea vai ter! A JBL \u00e9 uma marca extremamente renomada e busca sempre trazer muita tecnologia, com pura harmonia e coer\u00eancia para o seu som.<\/p>\n<p>As caixas torres s\u00e3o essenciais quando se trata de equil\u00edbrio musical, os graves, m\u00e9dios e agudos s\u00e3o entregues com muita qualidade e pot\u00eancia e tudo isso s\u00f3 com esta caixa, sem precisar usar v\u00e1rias para obter o mesmo resultado. Sabendo disso, a JBL S680 \u00e9 a uni\u00e3o da pot\u00eancia da caixa torre, com o equil\u00edbrio sonoro e um design extremamente elegante, para que voc\u00ea aproveite seu som no melhor estilo!<\/p>\n<p>Precis\u00e3o perfeita para cada frequ\u00eancia<\/p>\n<p>A torre JBL possui woofer duplo de 6.5 polegadas de baixa frequ\u00eancia feito em PolyPlas, que garante a precis\u00e3o e reprodu\u00e7\u00e3o perfeita de cada frequ\u00eancia, para que a sua casa soe como um show ao vivo. Possui tamb\u00e9m dois drivers de compress\u00e3o de 6.5 polegadas, equipados com a tecnologia de guia de onda em HDI para altas frequ\u00eancias, proporcionando clareza e detalhe ao seu entretenimento. Tudo isso, unido a sua pot\u00eancia de 200W RMS e voc\u00ea tem o conjunto ideal para explorar cada nuance do seu som na mais alta e elegante qualidade!<\/p>\n<p>Outros atributos que tornam essa uma das melhores caixas torre do mercado \u00e9 que ela possui uma resposta de frequ\u00eancia que vai de 38 Hz a 40 kHz, essa frequ\u00eancia explora toda a faixa aud\u00edvel pelo ser humano, e como a sensibilidade \u00e9 de 88dB, voc\u00ea ir\u00e1 conseguir ouvir tudo o que est\u00e1 acontecendo naquela m\u00fasica, filme ou qualquer outro conte\u00fado.<\/p>\n<p>Juntando a disposi\u00e7\u00e3o da caixa, amplitude que os woofers e drivers alcan\u00e7am, com a frequ\u00eancia de crossover em 600 Hz e seu gabinete ser do tipo Bass Reflex via porta sintonizada traseira, perfeita para canalizar os graves e proporcionar profundidade sonora, voc\u00ea vai ter um som muito bem distribu\u00eddo por cada parte que comp\u00f5e a caixa torre, de modo que o mesmo ser\u00e1 trabalhado com muita precis\u00e3o e voc\u00ea conseguir\u00e1 obter um som detalhado. JBL Studio \u00e9 uma linha incr\u00edvel e pronta para ser curtida em sua m\u00e1xima pot\u00eancia!<\/p>\n<p>Muito mais que est\u00e9tica, verdadeira inova\u00e7\u00e3o!<\/p>\n<p>Toda a tecnologia empregada na linha Studio 680 n\u00e3o poderia estar em um design que n\u00e3o a acompanhasse em toda a sua plenitude. Assim, a caixa torre JBL \u00e9 feita em madeira, com alto-falantes grandes e bordas arredondadas; h\u00e1 ainda grelhas magn\u00e9ticas de tecido preto, para caso seja da sua vontade cobrir os alto falantes, proporcionando uma est\u00e9tica mais leve. \u00c9 ideal para aqueles que gostam de muita pot\u00eancia, graves profundos e ambientes maiores.<\/p>\n<p>Os melhores materiais, para extrair o melhor som. Afinal \u00e9 uma torre JBL, uma marca mais do que bem conhecida e com uma posi\u00e7\u00e3o de respeito no mercado, sua qualidade extrema \u00e9 inquestion\u00e1vel e a linha Studio 6 \u00e9 a prova de que a marca est\u00e1 sempre em busca da tecnologia mais inovadora e que melhor ir\u00e1 contribuir para o seu entretenimento, n\u00e3o tem como duvidar da sua qualidade!<\/p>\n<p>Qualidade que ir\u00e1 fazer o seu cora\u00e7\u00e3o bater mais forte<\/p>\n<p>A caixa torre Studio 680 foi desenvolvida pensando na oferta do que h\u00e1 de melhor no ramo da tecnologia, juntamente com o seu visual robusto, mas absurdamente moderno e sofisticado, \u00e9 poss\u00edvel encaixar nos mais variados estilos e colocar um pouco mais de personalidade no seu ambiente. O desempenho \u00e9 incr\u00edvel, sua audi\u00e7\u00e3o nunca teve contato com tanta pot\u00eancia e qualidade sonora que ir\u00e1 fazer seu cora\u00e7\u00e3o bater mais forte!<\/p>\n<p>Essa ser\u00e1 a sua melhor JBL Studio, seus olhos ficar\u00e3o encantados com tamanha beleza e qualidade que este equipamento tem, ser\u00e1 uma experi\u00eancia \u00fanica e a melhor por estar adquirindo o melhor produto da sua vida!<\/p>\n<p>Uma experi\u00eancia cinematogr\u00e1fica e elegante!<\/p>\n<p>Com a JBL S680 voc\u00ea alcan\u00e7ar\u00e1 o m\u00e1ximo do lazer, atrav\u00e9s das suas m\u00fasicas e filmes que ter\u00e3o \u00e1udios t\u00e3o n\u00edtidos, detalhados e profundos, a ponto de te levar para uma viagem a outros mundos! \u00c9 ideal para ter uma experi\u00eancia cinematogr\u00e1fica e elegante. Ent\u00e3o se o seu perfil se encaixa com a descri\u00e7\u00e3o dada at\u00e9 aqui e voc\u00ea possui um grande espa\u00e7o, est\u00e1 em busca de uma marca renomada e um produto extremamente tecnol\u00f3gico, gosta de se sentir parte da arte, ent\u00e3o a JBL S680 \u00e9 a caixa torre ideal para voc\u00ea e te far\u00e1 curtir um som na qualidade m\u00e1xima!<\/p>\n<p>Lembrando que na SoFast voc\u00ea encontra as melhores marcas por um pre\u00e7o justo, \u00e9 s\u00f3 ir para o site e escolher a caixa torre que melhor ir\u00e1 complementar a sua experi\u00eancia auditiva!<\/p>\n<div class=\"titulo-categoria\">Caracter\u00edsticas<\/div>\n<table>\n<tbody>\n<tr class=\"title-grupo-caracteristica\">\n<td colspan=\"2\"><\/td>\n<\/tr>\n<tr>\n<td class=\"title-caracteristica\">Driver<\/td>\n<td class=\"value-caracteristica\">de compress\u00e3o duplo de 6.5\u201d (165 mm), 2,5 modos de piso para alto-falante de torre<\/td>\n<\/tr>\n<tr>\n<td class=\"title-caracteristica\">Woofer<\/td>\n<td class=\"value-caracteristica\">duplo de 6.5\u201d (165 mm) de baixa frequ\u00eancia PolyPlas<\/td>\n<\/tr>\n<tr>\n<td class=\"title-caracteristica\">Guia de Ondas<\/td>\n<td class=\"value-caracteristica\">imagem em alta defini\u00e7\u00e3o (HDI), com driver de compress\u00e3o de alta frequ\u00eancia de 1\u201d (25 mm)<\/td>\n<\/tr>\n<tr>\n<td class=\"title-caracteristica\">Pot\u00eancia Recomendada do Amplificador<\/td>\n<td class=\"value-caracteristica\">200W m\u00e1x.<\/td>\n<\/tr>\n<tr>\n<td class=\"title-caracteristica\">Resposta de Frequ\u00eancia<\/td>\n<td class=\"value-caracteristica\">38Hz a 40kHz<\/td>\n<\/tr>\n<tr>\n<td class=\"title-caracteristica\">Sensibilidade<\/td>\n<td class=\"value-caracteristica\">88dB @ 1M 2,83V<\/td>\n<\/tr>\n<tr>\n<td class=\"title-caracteristica\">Imped\u00e2ncia Nominal<\/td>\n<td class=\"value-caracteristica\">6 Ohms<\/td>\n<\/tr>\n<tr>\n<td class=\"title-caracteristica\">Frequ\u00eancias de crossover<\/td>\n<td class=\"value-caracteristica\">600 Hz, 1.8 kHz<\/td>\n<\/tr>\n<tr>\n<td class=\"title-caracteristica\">Tipo de Gabinete<\/td>\n<td class=\"value-caracteristica\">Bass-Reflex via porta sintonizada traseira<\/td>\n<\/tr>\n<\/tbody>\n<\/table>\n<h3><span class=\"spec-key\">Dimens\u00f5es (L x P x A)<\/span><span class=\"spec-value\">230\u00a0x\u00a0300\u00a0x\u00a01005\u00a0mm<\/span><\/h3>\n<p>&nbsp;<\/p>\n<div class=\"titulo-categoria\">O que vem na caixa?<\/div>\n<ul>\n<li>1 caixa ac\u00fastica torre JBL Studio 680;<\/li>\n<li>1 manual do propriet\u00e1rio;<\/li>\n<li>1 cart\u00e3o de garantia;<\/li>\n<li>4 spikes de piso;<\/li>\n<li>4 adesivos protetores de piso;<\/li>\n<\/ul>\n<\/div>\n<\/div>\n","protected":false},"excerpt":{"rendered":"<p>JBL Studio 680 &#8211; Harmonia, tecnologia e coer\u00eancia para o seu som Alto-falante duplo de ch\u00e3o de 2,5 vias e 6,5\u00a0pol. O JBL Studio 680 \u00e9 um alto-falante de ch\u00e3o de alto desempenho que utiliza o driver de compress\u00e3o de 1 polegada 2414H-1 da JBL acoplado a uma corneta de imagem de alta defini\u00e7\u00e3o, complementada [&hellip;]<\/p>\n","protected":false},"featured_media":27693,"template":"","meta":{"_acf_changed":false},"product_brand":[],"product_cat":[17,46,18],"product_tag":[],"class_list":{"0":"post-784","1":"product","2":"type-product","3":"status-publish","4":"has-post-thumbnail","6":"product_cat-caixas","7":"product_cat-jbl","8":"product_cat-torres","10":"first","11":"instock","12":"sold-individually","13":"shipping-taxable","14":"purchasable","15":"product-type-simple"},"acf":[],"aioseo_notices":[],"_links":{"self":[{"href":"https:\/\/hificlub.com.br\/loja\/wp-json\/wp\/v2\/product\/784","targetHints":{"allow":["GET"]}}],"collection":[{"href":"https:\/\/hificlub.com.br\/loja\/wp-json\/wp\/v2\/product"}],"about":[{"href":"https:\/\/hificlub.com.br\/loja\/wp-json\/wp\/v2\/types\/product"}],"wp:featuredmedia":[{"embeddable":true,"href":"https:\/\/hificlub.com.br\/loja\/wp-json\/wp\/v2\/media\/27693"}],"wp:attachment":[{"href":"https:\/\/hificlub.com.br\/loja\/wp-json\/wp\/v2\/media?parent=784"}],"wp:term":[{"taxonomy":"product_brand","embeddable":true,"href":"https:\/\/hificlub.com.br\/loja\/wp-json\/wp\/v2\/product_brand?post=784"},{"taxonomy":"product_cat","embeddable":true,"href":"https:\/\/hificlub.com.br\/loja\/wp-json\/wp\/v2\/product_cat?post=784"},{"taxonomy":"product_tag","embeddable":true,"href":"https:\/\/hificlub.com.br\/loja\/wp-json\/wp\/v2\/product_tag?post=784"}],"curies":[{"name":"wp","href":"https:\/\/api.w.org\/{rel}","templated":true}]}}