{"id":7814,"date":"2024-01-02T17:58:35","date_gmt":"2024-01-02T20:58:35","guid":{"rendered":"https:\/\/hificlub.com.br\/loja\/?post_type=product&#038;p=7814"},"modified":"2025-12-14T22:16:15","modified_gmt":"2025-12-15T01:16:15","slug":"knirsch-powerline-if-115-condicionador-de-energia","status":"publish","type":"product","link":"https:\/\/hificlub.com.br\/loja\/produto\/knirsch-powerline-if-115-condicionador-de-energia\/","title":{"rendered":"KNIRSCH POWERLINE IF-115 Condicionador de Energia HiEnd"},"content":{"rendered":"<p>O\u00a0<strong class=\"Yjhzub\" data-processed=\"true\">Knirsch Powerline IF-115<\/strong>\u00a0\u00e9 um condicionador de energia de alta fidelidade (Hi-End) da marca By Knirsch, projetado para\u00a0<strong class=\"Yjhzub\" data-processed=\"true\">melhorar drasticamente a qualidade da energia el\u00e9trica<\/strong>\u00a0que alimenta sistemas de \u00e1udio e v\u00eddeo, eliminando ru\u00eddos, harm\u00f4nicos, transientes e corrigindo problemas como picos (spikes) e subtens\u00f5es, resultando em som mais limpo, detalhado e imagem superior, fazendo com que equipamentos soem como modelos mais caros<\/p>\n<table id=\"table4\" border=\"0\" width=\"85%\">\n<tbody>\n<tr bgcolor=\"#009999\">\n<td bgcolor=\"#00007F\" height=\"44\">\n<div align=\"center\">\n<p align=\"center\"><strong><span style=\"color: #ffffff;font-family: Verdana;font-size: small\"><b>Descri\u00e7\u00e3o das caracter\u00edsticas do\u00a0<\/b>powerline<\/span><\/strong><\/p>\n<\/div>\n<\/td>\n<\/tr>\n<\/tbody>\n<\/table>\n<table id=\"table5\" border=\"0\" width=\"85%\">\n<tbody>\n<tr>\n<td>&nbsp;<\/p>\n<p align=\"justify\"><b><span style=\"font-family: Verdana;font-size: small\"><br \/>\n1<i>.\u00a0<\/i><\/span><\/b><span style=\"font-family: Verdana;font-size: small\">A grosso modo, pode-se dizer que o\u00a0<\/span><b><span style=\"color: #0000ff;font-family: Verdana;font-size: small\">powerline<\/span><span style=\"color: #00007f;font-family: Verdana;font-size: small\">\u00a0<\/span><\/b><span style=\"font-family: Verdana;font-size: small\">\u00e9 uma esp\u00e9cie de &#8220;armadilha&#8221; eletr\u00f4nica, que &#8220;aprisiona&#8221; os picos de ru\u00eddo existentes na rede el\u00e9trica, eliminando-os logo em seguida. Tais ru\u00eddos, produzidos por motores el\u00e9tricos, l\u00e2mpadas fluorescentes e principalmente por conversores, inversores e retificadores, que possuem componentes eletr\u00f4nicos n\u00e3o lineares (tiristores, triacs e diodos), al\u00e9m de deformarem a onda senoidal de 60 Hz da rede, entram no sistema eletr\u00f4nico, contaminando-o e, como resultado, todo o conjunto de aparelhos passa a operar abaixo de suas especifica\u00e7\u00f5es. Mas com o\u00a0<\/span><b><span style=\"color: #0000ff;font-family: Verdana;font-size: small\">powerline<\/span><\/b><i><span style=\"font-family: Verdana;font-size: small\">\u00a0<\/span><\/i><span style=\"font-family: Verdana;font-size: small\">interposto entre a rede e o sistema de som e imagem, todos os equipamentos do sistema de \u00e1udio e v\u00eddeo passam a funcionar sob condi\u00e7\u00f5es ideais, o que resulta num maior desempenho final. Esta caracter\u00edstica \u00e9 v\u00e1lida para o\u00a0<span style=\"color: #0000ff\"><b>powerline<\/b><\/span>\u00a0<i><b>Audi\u00f3filo<\/b><\/i>\u00a0e\u00a0<b><i>Special.<\/i><\/b><\/span><\/p>\n<div align=\"justify\">\n<p>&nbsp;<\/p>\n<p align=\"justify\"><b><i><span style=\"font-family: Verdana;font-size: small\">2.\u00a0<\/span><\/i><\/b><span style=\"font-family: Verdana;font-size: small\">Al\u00e9m disso, o\u00a0<\/span><b><span style=\"color: #0000ff;font-family: Verdana;font-size: small\">powerline<\/span><\/b><span style=\"font-family: Verdana;font-size: small\">\u00a0incorpora um dispositivo para corre\u00e7\u00e3o do fator de pot\u00eancia. No\u00a0<\/span><b><span style=\"color: #0000ff;font-family: Verdana;font-size: small\">powerline<\/span><\/b><span style=\"font-family: Verdana;font-size: small\">\u00a0<b><i>Audi\u00f3filo<\/i><\/b>\u00a0este dispositivo pode ser ligado atrav\u00e9s de uma chave. J\u00e1 o\u00a0<\/span><b><span style=\"color: #0000ff;font-family: Verdana;font-size: small\">powerline<\/span><\/b><span style=\"font-family: Verdana;font-size: small\">\u00a0<b><i>Special\u00a0<\/i><\/b>cont\u00e9m esta corre\u00e7\u00e3o no seu interior permanentemente ligada. Isto significa que a corrente fornecida pelo\u00a0<\/span><b><span style=\"color: #0000ff;font-family: Verdana;font-size: small\">powerline<\/span><\/b><span style=\"font-family: Verdana;font-size: small\">\u00a0estar\u00e1 mais\u00a0<b>em fase\u00a0<\/b>com a tens\u00e3o. Em situa\u00e7\u00e3o ordin\u00e1ria (sem\u00a0<\/span><b><span style=\"color: #0000ff;font-family: Verdana;font-size: small\">powerline<\/span><\/b><span style=\"font-family: Verdana;font-size: small\">), pode ocorrer &#8211; e em geral ocorre mesmo &#8211; um atraso entre a corrente e a tens\u00e3o, ou seja, a rede fica indutiva, o que resulta em perda de transientes na reprodu\u00e7\u00e3o do som musical. O\u00a0<\/span><b><span style=\"color: #0000ff;font-family: Verdana;font-size: small\">powerline<\/span><span style=\"font-family: Verdana;font-size: small\">,<\/span><span style=\"color: #00007f;font-family: Verdana;font-size: small\">\u00a0<\/span><\/b><span style=\"font-family: Verdana;font-size: small\">com seu dispositivo de corre\u00e7\u00e3o de fase, faz com que a energia que chega aos componentes do sistema de som adquira elementos de qualidade capacitiva. Tais elementos capacitivos, que se acumulam, v\u00e3o agir como uma esp\u00e9cie de reservat\u00f3rio de energia para as fontes de alimenta\u00e7\u00e3o dos equipamentos, principalmente dos amplificadores de pot\u00eancia e, com isto, estas fontes passar\u00e3o a funcionar muito pr\u00f3ximas do seu ideal te\u00f3rico.<\/span><\/p>\n<p>&nbsp;<\/p>\n<p align=\"justify\"><span style=\"font-family: Arial;font-size: small\"><b>3.\u00a0<\/b>Quando o usu\u00e1rio aperta o bot\u00e3o &#8220;on&#8221;, a for\u00e7a no\u00a0<\/span><span style=\"font-family: Arial;font-size: medium\"><b><span style=\"color: #0000ff;font-family: Verdana;font-size: small\">powerline<\/span><\/b><span style=\"font-family: Verdana;font-size: small\">\u00a0n\u00e3o sobe de modo instant\u00e2neo para 120V (ou 230V). Ao inv\u00e9s disso, passa por um degrau de aproximadamente 60V ( ou 120V), que perdura por alguns segundos<b>\u00a0<\/b>(quando se ouve um suave clique), e s\u00f3 depois atinge a tens\u00e3o nominal. Esta subida por degrau \u00e9 importante, porque permite que os capacitores eletrol\u00edticos de alta capacit\u00e2ncia dos amplificadores tamb\u00e9m se carreguem de forma graduada. E \u00e9 justamente isso que evita os perigosos picos de tens\u00e3o nos aparelhos e principalmente nas caixas ac\u00fasticas. Esta caracter\u00edstica \u00e9 v\u00e1lida somente para o\u00a0<\/span><b><span style=\"color: #0000ff;font-family: Verdana;font-size: small\">powerline<i>\u00a0<\/i><\/span><span style=\"font-family: Verdana;font-size: small\"><i>Audi\u00f3filo.<\/i><\/span><\/b><\/span><\/p>\n<p align=\"justify\"><span style=\"font-family: Arial;font-size: small\"><b>4.\u00a0<\/b>Al\u00e9m disto, sempre que ocorrer falta de energia, o\u00a0<\/span><span style=\"font-family: Arial;font-size: medium\"><b><span style=\"color: #0000ff;font-family: Verdana;font-size: small\">powerline<\/span><\/b><span style=\"font-family: Verdana;font-size: small\">\u00a0proteger\u00e1 todos os equipamentos que estiverem ligados a ele. Por exemplo, em se tratando de um sistema de som, se a tens\u00e3o de repente cair a zero na tomada, um circuito l\u00f3gico interno no\u00a0<\/span><b><span style=\"color: #0000ff;font-family: Verdana;font-size: small\">powerline<\/span><\/b><span style=\"font-family: Verdana;font-size: small\">\u00a0vai desligar a for\u00e7a que alimenta os aparelhos automatica e instantaneamente. E ainda que a energia el\u00e9trica da rede seja em seguida restabelecida, a energia el\u00e9trica para os aparelhos n\u00e3o ser\u00e1 religada, o que s\u00f3 ocorrer\u00e1 quando o usu\u00e1rio apertar novamente o bot\u00e3o &#8220;on&#8221;. Esta extraordin\u00e1ria caracter\u00edstica do\u00a0<\/span><b><span style=\"color: #0000ff;font-family: Verdana;font-size: small\">powerline<\/span><\/b><span style=\"font-family: Arial;font-size: small\">\u00a0impedir\u00e1 qualquer tipo de dano aos alto-falantes, porque evita aqueles perigosos picos el\u00e9tricos que tendem a danific\u00e1-los, quando a for\u00e7a \u00e9 reestabelecida, fato bastante comum aqui no Brasil!<\/span><\/span><\/p>\n<p align=\"justify\"><span style=\"font-family: Arial;font-size: medium\"><span style=\"font-family: Arial;font-size: small\"><b>5.\u00a0<\/b><\/span><\/span><span style=\"font-family: Verdana;font-size: small\">Diferentemente dos outros filtros de linha, o condicionador de energia\u00a0<\/span><span style=\"font-family: Arial;font-size: medium\"><b><span style=\"color: #0000ff;font-family: Verdana;font-size: small\">powerline<\/span><\/b><span style=\"font-family: Verdana;font-size: small\">\u00a0se mant\u00e9m sempre em paralelo com a rede el\u00e9trica. Por isso a sua a\u00e7\u00e3o sobre a energia \u00e9 apenas de limpeza, n\u00e3o introduzindo, de moto pr\u00f3prio, qualquer deforma\u00e7\u00e3o \u00e0 onda senoidal de 60 Hertz. Ou seja, n\u00e3o introduz impurezas no sistema, pois todos os seus circuitos e componentes est\u00e3o em paralelo com a rede el\u00e9trica, de forma que os agudos n\u00e3o se tornam metalizados e tampouco os m\u00e9dios baixos ficam indevidamente real\u00e7ados.<\/span><\/span><\/p>\n<p>&nbsp;<\/p>\n<p align=\"justify\"><span style=\"font-family: Arial;font-size: medium\"><span style=\"font-family: Arial;font-size: small\"><b>6.\u00a0<\/b><\/span><\/span><span style=\"font-family: Verdana;font-size: small\">A carga efetiva de consumo de energia do\u00a0<\/span><span style=\"font-family: Arial;font-size: medium\"><b><span style=\"color: #0000ff;font-family: Verdana;font-size: small\">powerline<\/span><\/b><span style=\"color: #0000ff;font-family: Verdana;font-size: small\">\u00a0<\/span><span style=\"font-family: Verdana;font-size: small\">\u00e9 de at\u00e9\u00a0<b>2,4 kVA<\/b>, suficiente para suportar, com folga, todo um sistema de alta-fidelidade<\/span><span style=\"font-family: Arial;font-size: small\">.<\/span><\/span><\/p>\n<p align=\"justify\"><span style=\"font-family: Arial;font-size: medium\"><span style=\"font-family: Arial;font-size: small\"><b>7.\u00a0<\/b><\/span><\/span><span style=\"font-family: Verdana;font-size: small\">Garante uma prote\u00e7\u00e3o contra as anomalias advindas da rede el\u00e9trica, tais como, transientes e ru\u00eddos de forma geral, al\u00e9m de proteger contra a perda de neutro. O\u00a0<\/span><span style=\"font-family: Arial;font-size: medium\"><b><span style=\"color: #0000ff;font-family: Verdana;font-size: small\">powerline<\/span><span style=\"font-family: Verdana;font-size: small\">\u00a0<\/span><\/b><span style=\"font-family: Verdana;font-size: small\">faz toda esta sofisticada prote\u00e7\u00e3o atrav\u00e9s de quatro elementos eletr\u00f4nicos e inclusive utiliza-se de uma placa eletr\u00f4nica para esta finalidade. \u00c9 a prote\u00e7\u00e3o mais sofisticada do mercado.<\/span><\/span><\/p>\n<p>&nbsp;<\/p>\n<p align=\"justify\"><span style=\"font-family: Arial;font-size: medium\"><span style=\"font-family: Arial;font-size: small\"><b>8.\u00a0<\/b><\/span><\/span><span style=\"font-family: Verdana;font-size: small\">Controla a tens\u00e3o dentro dos n\u00edveis desejados, ao inv\u00e9s de procurar estabiliz\u00e1-la, pois isto seria um procedimento pernicioso para o sistema. Sempre que a tens\u00e3o ultrapassar os devidos limites, o\u00a0<\/span><span style=\"font-family: Arial;font-size: medium\"><b><span style=\"color: #0000ff;font-family: Verdana;font-size: small\">powerline<\/span><\/b><span style=\"font-family: Verdana;font-size: small\">\u00a0desligar-se-\u00e1 automaticamente e, se houver um pico de tens\u00e3o muito intenso, o seu fus\u00edvel poder\u00e1 se queimar.<\/span><\/span><\/p>\n<p align=\"justify\"><span style=\"font-family: Arial;font-size: medium\"><b>9.\u00a0<\/b><\/span><span style=\"font-family: Verdana;font-size: small\">Possui tr\u00eas p\u00f3los, tanto no plugue quanto nas tomadas. Al\u00e9m disso, o seu funcionamento permanece o mesmo, estando o sistema aterrado ou n\u00e3o.<\/span><\/p>\n<p align=\"justify\"><span style=\"font-family: Arial;font-size: medium\"><b>10.\u00a0<\/b><\/span><span style=\"font-family: Verdana;font-size: small\">Possui sa\u00edda com seis tomadas de alta corrente.<\/span><\/p>\n<table id=\"table5\" border=\"0\" width=\"85%\">\n<tbody>\n<tr bgcolor=\"#009999\">\n<td bgcolor=\"#00007F\" height=\"60\">\n<div align=\"center\">\n<p align=\"center\"><span style=\"color: #ffffff;font-family: Verdana;font-size: small\"><b>Os principais problemas que deterioram a rede<\/b><\/span><\/p>\n<\/div>\n<\/td>\n<\/tr>\n<tr>\n<td>\n<p align=\"justify\">A energia el\u00e9trica nunca chega at\u00e9 n\u00f3s com a pureza original que possu\u00eda, ao ser gerada na usina. Isto porque vai sofrendo muitas distor\u00e7\u00f5es ao longo das linhas de transmiss\u00e3o, principalmente ao percorrer as linhas el\u00e9tricas dentro das grandes cidades. Em decorr\u00eancia, temos que enfrentar cinco problemas principais:<\/p>\n<p align=\"justify\"><b>1.\u00a0<\/b>Ru\u00eddos em geral gerados por equipamentos el\u00e9tricos conectados \u00e0 rede, como por exemplo motores (de todos os tipos), conversores, retificadores, controles num\u00e9ricos, inversores, chaves de partida suave de motores e v\u00e1rios outros. Note que estes equipamentos geradores de ru\u00eddos n\u00e3o necessariamente precisar\u00e3o estar perto do sistema de \u00e1udio e muito menos dentro da casa do consumidor!<\/p>\n<p align=\"justify\"><b>2.<\/b>\u00a0Sinais de RFM (radiofrequ\u00eancia modulada) emitidos por computadores, controles remotos, aparelhos de v\u00eddeo e intercomunicadores. Estes sinais entram na rede captados pelos pr\u00f3prios fios el\u00e9tricos, que agem como antena!<\/p>\n<p align=\"justify\"><b>3.\u00a0<\/b>Sinais de radio emiss\u00e3o e radio-recepc\u00e7\u00e3o (ondas curtas) tamb\u00e9m captados por meio dos fios estendidos ao longo das ruas, avenidas e campos.<\/p>\n<p align=\"justify\"><b>4.\u00a0<\/b>Ru\u00eddos gerados pelo pr\u00f3prio sistema de \u00e1udio e captados por<b>\u00a0<\/b>indu\u00e7\u00e3o.<\/p>\n<p align=\"justify\"><b>5.\u00a0<\/b>O amplificador de pot\u00eancia tamb\u00e9m pode ser respons\u00e1vel pelo mau desempenho da rede. Isto acontece de forma indireta, pois a fonte do amplificador, sens\u00edvel \u00e0s mudan\u00e7as da tens\u00e3o, pode oscilar e produzir sinais esp\u00farios que, ao se misturarem ao sinal musical da entrada deste aparelho, tamb\u00e9m v\u00e3o ser amplificados e causar oscila\u00e7\u00f5es na rede. Conseq\u00fcentemente, estas oscila\u00e7\u00f5es desencadear\u00e3o oscila\u00e7\u00f5es no som! E isto ocorre independentemente do modo como o circuito de \u00e1udio do amplificador foi projetado!<\/p>\n<div align=\"right\"><\/div>\n<\/td>\n<\/tr>\n<tr bgcolor=\"#009999\">\n<td bgcolor=\"#00007F\" height=\"32\">\n<div align=\"center\">\n<p align=\"center\"><strong><span style=\"color: #ffffff;font-family: Verdana;font-size: small\">O efeito do powerline<\/span><\/strong><\/p>\n<\/div>\n<\/td>\n<\/tr>\n<tr>\n<td>\n<div align=\"justify\">\n<p align=\"justify\"><span style=\"font-family: Verdana;font-size: small\"><br \/>\nO<b><i>\u00a0<\/i><\/b><\/span><b><span style=\"color: #0000ff;font-family: Verdana;font-size: small\">powerline<\/span><\/b><span style=\"font-family: Verdana;font-size: small\">\u00a0tem a incr\u00edvel capacidade de fazer um sistema pouco sofisticado soar como se fosse um conjunto high-end de pre\u00e7o elevado! Inclusive ocorre uma n\u00edtida melhoria na imagem.<\/span><\/p>\n<p align=\"justify\"><span style=\"font-family: Verdana;font-size: small\">Al\u00e9m disso, o<\/span><b><i><span style=\"color: #0000ff;font-family: Verdana;font-size: small\">\u00a0<\/span><\/i><span style=\"color: #0000ff;font-family: Verdana;font-size: small\">powerline<\/span><\/b><span style=\"font-family: Verdana;font-size: small\">\u00a0\u00e9 o \u00fanico equipamento capaz de corrigir os problemas da rede sem acrescentar nenhum efeito de colora\u00e7\u00e3o.<\/span><\/p>\n<p align=\"justify\"><span style=\"font-family: Verdana;font-size: small\"><b><i>O\u00a0<\/i><\/b><\/span><b><span style=\"color: #0000ff;font-family: Verdana;font-size: small\">powerline<\/span><i><span style=\"font-family: Verdana;font-size: small\">\u00a0\u00e9 um transformador?<\/span><\/i><\/b><\/p>\n<p align=\"justify\"><b><span style=\"font-family: Verdana;font-size: small\">Definitivamente n\u00e3o<\/span><\/b><span style=\"font-family: Verdana;font-size: small\">. O\u00a0<\/span><b><span style=\"color: #0000ff;font-family: Verdana;font-size: small\">powerline<\/span><\/b><span style=\"font-family: Verdana;font-size: small\">\u00a0\u00e9 um dispositivo completamente original e engenhoso, que n\u00e3o tem similar no mercado. Os transformadores geram colora\u00e7\u00e3o nas frequ\u00eancias m\u00e9dias baixas e isto n\u00e3o acontece com o\u00a0<\/span><b><span style=\"color: #0000ff;font-family: Verdana;font-size: small\">powerline<\/span><\/b><span style=\"font-family: Verdana;font-size: small\">. Como j\u00e1 foi dito, o\u00a0<\/span><b><span style=\"color: #0000ff;font-family: Verdana;font-size: small\">powerline<\/span><\/b><span style=\"font-family: Verdana;font-size: small\">\u00a0\u00e9 uma esp\u00e9cie de &#8220;armadilha para ru\u00eddo&#8221; que absorve todos os ru\u00eddos e perturba\u00e7\u00f5es da rede, ou em outras palavras, ele deixa passar apenas uma onda senoidal pura, de 60 Hz, livre de distor\u00e7\u00f5es e impurezas. E o mais not\u00e1vel \u00e9 que, por estar em paralelo com a rede e n\u00e3o em s\u00e9rie, o\u00a0<\/span><b><span style=\"color: #0000ff;font-family: Verdana;font-size: small\">powerline<\/span><\/b><span style=\"font-family: Verdana;font-size: small\">\u00a0n\u00e3o imp\u00f5e limites \u00e0 quantidade de energia que ir\u00e1 alimentar os equipamentos, permitindo que estes venham a trabalhar com um \u00f3timo desempenho e din\u00e2mica. Fato que j\u00e1 n\u00e3o ocorre com um transformador comum!<\/span><\/p>\n<\/div>\n<\/td>\n<\/tr>\n<\/tbody>\n<\/table>\n<\/div>\n<\/td>\n<\/tr>\n<\/tbody>\n<\/table>\n","protected":false},"excerpt":{"rendered":"<p>O\u00a0Knirsch Powerline IF-115\u00a0\u00e9 um condicionador de energia de alta fidelidade (Hi-End) da marca By Knirsch, projetado para\u00a0melhorar drasticamente a qualidade da energia el\u00e9trica\u00a0que alimenta sistemas de \u00e1udio e v\u00eddeo, eliminando ru\u00eddos, harm\u00f4nicos, transientes e corrigindo problemas como picos (spikes) e subtens\u00f5es, resultando em som mais limpo, detalhado e imagem superior, fazendo com que equipamentos soem [&hellip;]<\/p>\n","protected":false},"featured_media":7810,"template":"","meta":{"_acf_changed":false},"product_brand":[],"product_cat":[106,349],"product_tag":[],"class_list":{"0":"post-7814","1":"product","2":"type-product","3":"status-publish","4":"has-post-thumbnail","6":"product_cat-energia","7":"product_cat-knirsch","9":"first","10":"instock","11":"sold-individually","12":"shipping-taxable","13":"purchasable","14":"product-type-simple"},"acf":[],"aioseo_notices":[],"_links":{"self":[{"href":"https:\/\/hificlub.com.br\/loja\/wp-json\/wp\/v2\/product\/7814","targetHints":{"allow":["GET"]}}],"collection":[{"href":"https:\/\/hificlub.com.br\/loja\/wp-json\/wp\/v2\/product"}],"about":[{"href":"https:\/\/hificlub.com.br\/loja\/wp-json\/wp\/v2\/types\/product"}],"wp:featuredmedia":[{"embeddable":true,"href":"https:\/\/hificlub.com.br\/loja\/wp-json\/wp\/v2\/media\/7810"}],"wp:attachment":[{"href":"https:\/\/hificlub.com.br\/loja\/wp-json\/wp\/v2\/media?parent=7814"}],"wp:term":[{"taxonomy":"product_brand","embeddable":true,"href":"https:\/\/hificlub.com.br\/loja\/wp-json\/wp\/v2\/product_brand?post=7814"},{"taxonomy":"product_cat","embeddable":true,"href":"https:\/\/hificlub.com.br\/loja\/wp-json\/wp\/v2\/product_cat?post=7814"},{"taxonomy":"product_tag","embeddable":true,"href":"https:\/\/hificlub.com.br\/loja\/wp-json\/wp\/v2\/product_tag?post=7814"}],"curies":[{"name":"wp","href":"https:\/\/api.w.org\/{rel}","templated":true}]}}