{"id":7794,"date":"2024-01-02T17:58:29","date_gmt":"2024-01-02T20:58:29","guid":{"rendered":"https:\/\/hificlub.com.br\/loja\/?post_type=product&#038;p=7794"},"modified":"2025-05-07T17:49:28","modified_gmt":"2025-05-07T20:49:28","slug":"jbl-s-center-studio-series-caixa-central-3-vias","status":"publish","type":"product","link":"https:\/\/hificlub.com.br\/loja\/produto\/jbl-s-center-studio-series-caixa-central-3-vias\/","title":{"rendered":"JBL S-CENTER Studio Series Caixa Central 3 vias"},"content":{"rendered":"<p>ESTADO 9\/10<\/p>\n<p>As caixas de som Studio s\u00e3o, de longe, as mais elegantes desta lista. O conjunto \u00e9 composto por quatro caixas de som estilo estante S26, que funcionam como surrounds frontais E\/D e traseiros, al\u00e9m do S-Center central e do subwoofer PSW-D112. O formato da S26 tem um certo apelo (com ou sem a grade), diferentemente das outras caixas de som que testei aqui. Este \u00e9 um dos motivos pelos quais a JBL rapidamente se tornou conhecida como uma empresa que oferece estilo e desempenho.<\/p>\n<p>Seguindo em frente, o alto-falante S-Center tem um formato trapezoidal exclusivo (com laterais arredondadas em vez de retas). Um tweeter de tit\u00e2nio de 1 polegada reside em um guia de ondas EOS e fica logo acima de um midrange de 4 polegadas. Ladeando ambos os lados da configura\u00e7\u00e3o tweet\/midrange est\u00e1 um midwoof PolyPlas de 5 1\/4 polegadas. O S-Center usa conectores para conex\u00f5es e n\u00e3o possui inserto rosqueado para montagem.<\/p>\n<p>O incr\u00edvel S-Center de 3 vias d\u00e1 vida a di\u00e1logos e efeitos sonoros com clareza e realismo excepcionais! Um tweeter de tit\u00e2nio de 1&#8243; e um suporte de m\u00e9dios PolyPlas\u2122 de 4&#8243; em uma moldura LFP\u2122 para localiza\u00e7\u00e3o precisa \u2014 os sons na tela ficam firmemente ancorados no lugar. Dois woofers PolyPlas de 5-1\/2&#8243; e portas de disparo traseiras proporcionam ampla profundidade sonora. O gabinete de polietileno moldado, com curvas elegantes e acabamento em cinza escuro, combina perfeitamente com a sua TV. Compat\u00edvel com todas as caixas de som da s\u00e9rie JBL Studio, como S312, S310, S38 e S26.<\/p>\n<p>Detalhes:<br \/>\nblindado por v\u00eddeo<br \/>\nTweeter de c\u00fapula de tit\u00e2nio puro de 1&#8243;<br \/>\nO guia de ondas el\u00edptico oblato esferoidal [TM] (EOS) envolve o tweeter para melhor dispers\u00e3o<br \/>\nMoldura de proximidade de campo linear (LFP) para imagens extremamente precisas<br \/>\nOs drivers PolyPlas (fibra de celulose revestida de pol\u00edmero) fornecem graves firmes e resposta suave e equilibrada, mesmo em volumes mais altos<br \/>\npostes de liga\u00e7\u00e3o banhados a ouro de 5 vias<br \/>\nresposta de frequ\u00eancia 80-20.000 Hz (\u00b13dB)<br \/>\nImped\u00e2ncia de 8 ohms<br \/>\nsensibilidade 91 dB<br \/>\nsuporta at\u00e9 150 watts<br \/>\nacabamento cinza escuro<br \/>\n20-1\/8&#8243;L x 7-7\/8&#8243;A x 9&#8243;P<\/p>\n","protected":false},"excerpt":{"rendered":"<p>ESTADO 9\/10 As caixas de som Studio s\u00e3o, de longe, as mais elegantes desta lista. O conjunto \u00e9 composto por quatro caixas de som estilo estante S26, que funcionam como surrounds frontais E\/D e traseiros, al\u00e9m do S-Center central e do subwoofer PSW-D112. O formato da S26 tem um certo apelo (com ou sem a [&hellip;]<\/p>\n","protected":false},"featured_media":20960,"template":"","meta":{"_acf_changed":false},"product_brand":[],"product_cat":[35,17,46],"product_tag":[],"class_list":{"0":"post-7794","1":"product","2":"type-product","3":"status-publish","4":"has-post-thumbnail","6":"product_cat-caixas-centrais","7":"product_cat-caixas","8":"product_cat-jbl","10":"first","11":"instock","12":"sold-individually","13":"shipping-taxable","14":"purchasable","15":"product-type-simple"},"acf":[],"aioseo_notices":[],"_links":{"self":[{"href":"https:\/\/hificlub.com.br\/loja\/wp-json\/wp\/v2\/product\/7794","targetHints":{"allow":["GET"]}}],"collection":[{"href":"https:\/\/hificlub.com.br\/loja\/wp-json\/wp\/v2\/product"}],"about":[{"href":"https:\/\/hificlub.com.br\/loja\/wp-json\/wp\/v2\/types\/product"}],"wp:featuredmedia":[{"embeddable":true,"href":"https:\/\/hificlub.com.br\/loja\/wp-json\/wp\/v2\/media\/20960"}],"wp:attachment":[{"href":"https:\/\/hificlub.com.br\/loja\/wp-json\/wp\/v2\/media?parent=7794"}],"wp:term":[{"taxonomy":"product_brand","embeddable":true,"href":"https:\/\/hificlub.com.br\/loja\/wp-json\/wp\/v2\/product_brand?post=7794"},{"taxonomy":"product_cat","embeddable":true,"href":"https:\/\/hificlub.com.br\/loja\/wp-json\/wp\/v2\/product_cat?post=7794"},{"taxonomy":"product_tag","embeddable":true,"href":"https:\/\/hificlub.com.br\/loja\/wp-json\/wp\/v2\/product_tag?post=7794"}],"curies":[{"name":"wp","href":"https:\/\/api.w.org\/{rel}","templated":true}]}}