{"id":7790,"date":"2024-01-02T17:58:29","date_gmt":"2024-01-02T20:58:29","guid":{"rendered":"https:\/\/hificlub.com.br\/loja\/?post_type=product&#038;p=7790"},"modified":"2026-03-03T22:18:41","modified_gmt":"2026-03-04T01:18:41","slug":"kimber-pbj-rca-ultraplate1-5-metro","status":"publish","type":"product","link":"https:\/\/hificlub.com.br\/loja\/produto\/kimber-pbj-rca-ultraplate1-5-metro\/","title":{"rendered":"KIMBER PBJ RCA Ultraplate 1.5 metro"},"content":{"rendered":"<p>A altamente aclamada interconex\u00e3o PBJ exibe uma constru\u00e7\u00e3o simples e elegante, incorporando geometria de campo tri-tran\u00e7ada comprovada, VariStrand\u2122, condutores de cobre hiperpuro e diel\u00e9trico de fluorocarbono extrudado. O PBJ se tornou um cl\u00e1ssico com desempenho que continua incompar\u00e1vel aos cabos concorrentes. Tonalmente equilibrado com agudos n\u00edtidos e articulados, m\u00e9dios precisos, graves estendidos e precisos e palco sonoro tridimensional s\u00e3o descri\u00e7\u00f5es comuns repetidas por cr\u00edticos surpresos e clientes satisfeitos. PBJ de termina\u00e7\u00e3o \u00fanica apresenta nosso conector tipo RCA Ultraplate\u2122. Conectores do tipo WBT\u00ae RCA tamb\u00e9m est\u00e3o dispon\u00edveis. PBJ Balanced possui conectores tipo XLR de &#8220;n\u00edvel de est\u00fadio&#8221; com contatos banhados a prata.<\/p>\n<p>&nbsp;<\/p>\n","protected":false},"excerpt":{"rendered":"<p>A altamente aclamada interconex\u00e3o PBJ exibe uma constru\u00e7\u00e3o simples e elegante, incorporando geometria de campo tri-tran\u00e7ada comprovada, VariStrand\u2122, condutores de cobre hiperpuro e diel\u00e9trico de fluorocarbono extrudado. O PBJ se tornou um cl\u00e1ssico com desempenho que continua incompar\u00e1vel aos cabos concorrentes. Tonalmente equilibrado com agudos n\u00edtidos e articulados, m\u00e9dios precisos, graves estendidos e precisos e [&hellip;]<\/p>\n","protected":false},"featured_media":16514,"template":"","meta":{"_acf_changed":false},"product_brand":[],"product_cat":[61,71,64],"product_tag":[],"class_list":{"0":"post-7790","1":"product","2":"type-product","3":"status-publish","4":"has-post-thumbnail","6":"product_cat-cabos","7":"product_cat-interconnect-rca","8":"product_cat-kimber","10":"first","11":"instock","12":"sold-individually","13":"shipping-taxable","14":"purchasable","15":"product-type-simple"},"acf":[],"aioseo_notices":[],"_links":{"self":[{"href":"https:\/\/hificlub.com.br\/loja\/wp-json\/wp\/v2\/product\/7790","targetHints":{"allow":["GET"]}}],"collection":[{"href":"https:\/\/hificlub.com.br\/loja\/wp-json\/wp\/v2\/product"}],"about":[{"href":"https:\/\/hificlub.com.br\/loja\/wp-json\/wp\/v2\/types\/product"}],"wp:featuredmedia":[{"embeddable":true,"href":"https:\/\/hificlub.com.br\/loja\/wp-json\/wp\/v2\/media\/16514"}],"wp:attachment":[{"href":"https:\/\/hificlub.com.br\/loja\/wp-json\/wp\/v2\/media?parent=7790"}],"wp:term":[{"taxonomy":"product_brand","embeddable":true,"href":"https:\/\/hificlub.com.br\/loja\/wp-json\/wp\/v2\/product_brand?post=7790"},{"taxonomy":"product_cat","embeddable":true,"href":"https:\/\/hificlub.com.br\/loja\/wp-json\/wp\/v2\/product_cat?post=7790"},{"taxonomy":"product_tag","embeddable":true,"href":"https:\/\/hificlub.com.br\/loja\/wp-json\/wp\/v2\/product_tag?post=7790"}],"curies":[{"name":"wp","href":"https:\/\/api.w.org\/{rel}","templated":true}]}}