{"id":7751,"date":"2024-01-02T17:58:22","date_gmt":"2024-01-02T20:58:22","guid":{"rendered":"https:\/\/hificlub.com.br\/loja\/?post_type=product&#038;p=7751"},"modified":"2024-10-07T16:59:22","modified_gmt":"2024-10-07T19:59:22","slug":"thiel-cs3-7","status":"publish","type":"product","link":"https:\/\/hificlub.com.br\/loja\/produto\/thiel-cs3-7\/","title":{"rendered":"THIEL CS3.7"},"content":{"rendered":"<p>ESTADO 9\/10<\/p>\n<p>Embora a Thiel CS3.7 seja diferente de seus antecessores, Thiel n\u00e3o come\u00e7ou exatamente com uma folha de papel em branco. &#8220;Tinha que ser coerente em termos de tempo e fase, e tinha que ter um crossover de primeira ordem. Como substituiria o &#8216;3.6, eu queria que fosse de tr\u00eas vias, ent\u00e3o voc\u00ea poderia dizer que antes de projet\u00e1-lo, eu sabia muito sobre isso &#8211; tudo, exceto como faz\u00ea -lo.&#8221;<\/p>\n<p>O CS3.7 \u00e9 reconhecidamente um Thiel. Ele tem o defletor inclinado comum a todos os Thiels de piso, mas ao contr\u00e1rio de seus irm\u00e3os, o &#8216;3.7 tem um corpo curvo constru\u00eddo com 15 camadas de madeira laminada (n\u00e3o MDF) e coberto por uma nacela de alum\u00ednio fundido. A tampa n\u00e3o s\u00f3 refor\u00e7a a resist\u00eancia do gabinete, como tamb\u00e9m otimiza a difra\u00e7\u00e3o. O defletor frontal \u00e9 de alum\u00ednio usinado.<\/p>\n<p>A apar\u00eancia do palestrante foi fonte de alguns coment\u00e1rios de Wes. Eu olho para eles e vejo Daleks do Dr. Who , embora Daleks sem vozes \u00e1speras. Minha esposa diz que eles s\u00e3o elegantes. Ela tem um bom olho (ele diz presun\u00e7osamente).<\/p>\n<p>O CS3.7 \u00e9 de tr\u00eas vias, apesar de parecer um design de duas vias. Um conjunto de tweeter de m\u00e9dio porte disposto coincidentemente \u00e9 montado acima de um woofer de 10&#8243; e um radiador passivo de 10&#8243;. Todas as unidades de acionamento foram projetadas por Jim Thiel e todas s\u00e3o fabricadas de acordo com suas especifica\u00e7\u00f5es, mas Thiel sugere que seu maior avan\u00e7o \u00e9 o driver de m\u00e9dio porte de 4,5&#8243;, que n\u00e3o \u00e9 um cone. Seu diafragma de alum\u00ednio lembra um donut achatado e corrugado &#8211; o tweeter aninha-se no centro, onde a tampa contra poeira iria em um design convencional.Ao exame, as &#8220;ondula\u00e7\u00f5es&#8221; revelam ser reentr\u00e2ncias lobulares radiais no alum\u00ednio.<\/p>\n<p>\u201cIsso nos permite usar um diafragma muito fino que opera pist\u00e3oicamente \u2013 muito pr\u00f3ximo do ideal\u201d, disse Thiel. &#8220;\u00c9 linear at\u00e9 cerca de 20kHz, o que \u00e9 in\u00e9dito.&#8221; No entanto, isso n\u00e3o se deve apenas ao formato complexo do driver. O diafragma \u00e9 acionado por uma enorme bobina de voz de 3&#8243; e um poderoso \u00edm\u00e3 de neod\u00edmio, que lhe conferem &#8220;for\u00e7a circunferencial excepcional&#8221;.<\/p>\n<p>O tweeter com c\u00fapula de alum\u00ednio de 1 &#8220;tamb\u00e9m \u00e9 novo. Ele possui cinco \u00edm\u00e3s de neod\u00edmio (quatro magnetizados radialmente, um axialmente), que, disse Thiel, &#8220;exercem for\u00e7a bruta suficiente para aumentar a sensibilidade e reduzir a distor\u00e7\u00e3o&#8221;. , montado como est\u00e1 dentro de um driver essencialmente plano em vez de um cone raso, o tweeter n\u00e3o sofre da colora\u00e7\u00e3o &#8220;gritante&#8221; que assola muitos tweeters montados coincidentemente.<\/p>\n<p>O woofer \u00e9 outro driver essencialmente plano com l\u00f3bulos de refor\u00e7o montados radialmente. Ele tamb\u00e9m possui uma bobina de voz de 3 &#8220;e um \u00edm\u00e3 enorme (5 libras). Como o driver de m\u00e9dio porte, ele tamb\u00e9m emprega o sistema de acionamento de bobina curta e longo intervalo de Thiel, que mant\u00e9m a bobina dentro de um campo magn\u00e9tico uniforme por toda parte. toda a sua faixa. Jim Thiel acredita que &#8220;a maior parte&#8221; da distor\u00e7\u00e3o do alto-falante \u00e9 causada pelas flutua\u00e7\u00f5es da bobina de voz no campo magn\u00e9tico \u00e0 medida que se afasta da lacuna magn\u00e9tica. Uma bobina curta, um \u00edm\u00e3 enorme e uma capa de &#8220;focaliza\u00e7\u00e3o&#8221; de cobre na bobina de voz anterior melhora o problema, diz ele.<\/p>\n<p>Especifica\u00e7\u00f5es<br \/>\nDescri\u00e7\u00e3o: Alto-falante de ch\u00e3o de tr\u00eas vias. Unidades de acionamento: tweeter com c\u00fapula de alum\u00ednio de 1&#8243; (25 mm) montado coincidentemente dentro de um driver plano de m\u00e9dio porte de alum\u00ednio de 4,5&#8243;, woofer plano de alum\u00ednio de 10&#8243; (254 mm), radiador passivo de alum\u00ednio plano de 10&#8243; (254 mm). Encostas de cruzamento: ac\u00fastica de primeira ordem. Resposta de frequ\u00eancia: 33Hz\u201326kHz, \u00b12dB. Resposta de fase: \u00b110\u00b0 m\u00ednimo. Imped\u00e2ncia: 4 ohms nominais, 2,8 ohms no m\u00ednimo. Sensibilidade: 90 dB\/2,83 V\/m. Pot\u00eancia recomendada: 100\u2013600W.<br \/>\nDimens\u00f5es: 44,9&#8243; (1140 mm) H por 12,6&#8243; (320 mm) L por 21,3&#8243; (540 mm) D. Peso: 91 lbs (41,5 kg).<\/p>\n","protected":false},"excerpt":{"rendered":"<p>ESTADO 9\/10 Embora a Thiel CS3.7 seja diferente de seus antecessores, Thiel n\u00e3o come\u00e7ou exatamente com uma folha de papel em branco. &#8220;Tinha que ser coerente em termos de tempo e fase, e tinha que ter um crossover de primeira ordem. Como substituiria o &#8216;3.6, eu queria que fosse de tr\u00eas vias, ent\u00e3o voc\u00ea poderia [&hellip;]<\/p>\n","protected":false},"featured_media":14619,"template":"","meta":{"_acf_changed":false},"product_brand":[],"product_cat":[15,17,18],"product_tag":[],"class_list":{"0":"post-7751","1":"product","2":"type-product","3":"status-publish","4":"has-post-thumbnail","6":"product_cat-sem-categoria","7":"product_cat-caixas","8":"product_cat-torres","10":"first","11":"instock","12":"sold-individually","13":"shipping-taxable","14":"purchasable","15":"product-type-simple"},"acf":[],"aioseo_notices":[],"_links":{"self":[{"href":"https:\/\/hificlub.com.br\/loja\/wp-json\/wp\/v2\/product\/7751","targetHints":{"allow":["GET"]}}],"collection":[{"href":"https:\/\/hificlub.com.br\/loja\/wp-json\/wp\/v2\/product"}],"about":[{"href":"https:\/\/hificlub.com.br\/loja\/wp-json\/wp\/v2\/types\/product"}],"wp:featuredmedia":[{"embeddable":true,"href":"https:\/\/hificlub.com.br\/loja\/wp-json\/wp\/v2\/media\/14619"}],"wp:attachment":[{"href":"https:\/\/hificlub.com.br\/loja\/wp-json\/wp\/v2\/media?parent=7751"}],"wp:term":[{"taxonomy":"product_brand","embeddable":true,"href":"https:\/\/hificlub.com.br\/loja\/wp-json\/wp\/v2\/product_brand?post=7751"},{"taxonomy":"product_cat","embeddable":true,"href":"https:\/\/hificlub.com.br\/loja\/wp-json\/wp\/v2\/product_cat?post=7751"},{"taxonomy":"product_tag","embeddable":true,"href":"https:\/\/hificlub.com.br\/loja\/wp-json\/wp\/v2\/product_tag?post=7751"}],"curies":[{"name":"wp","href":"https:\/\/api.w.org\/{rel}","templated":true}]}}