{"id":7746,"date":"2024-01-02T17:58:20","date_gmt":"2024-01-02T20:58:20","guid":{"rendered":"https:\/\/hificlub.com.br\/loja\/?post_type=product&#038;p=7746"},"modified":"2026-01-21T07:33:05","modified_gmt":"2026-01-21T10:33:05","slug":"jbl-es25c-caixa-central-3-vias-300","status":"publish","type":"product","link":"https:\/\/hificlub.com.br\/loja\/produto\/jbl-es25c-caixa-central-3-vias-300\/","title":{"rendered":"JBL ES25C  Caixa Central 3 Vias"},"content":{"rendered":"<p><strong><span dir=\"auto\">Obtenha som com qualidade de cinema com esta potente caixa ac\u00fastica central de 5&#8243; (130 mm).<\/span><\/strong><\/p>\n<p><span dir=\"auto\">O ES25C apresenta drivers de ultra-alta frequ\u00eancia (UHF) capazes de reproduzir 40kHz para agudos mais n\u00edtidos; cones de fibra de celulose refor\u00e7ados com um revestimento de pol\u00edmero para movimento pist\u00f4nico uniforme, sem resson\u00e2ncia interna e graves mais definidos e precisos; e guias de onda EOS que dispersam uniformemente as altas frequ\u00eancias, proporcionando uma imagem sonora mais precisa em uma \u00e1rea de audi\u00e7\u00e3o mais ampla.<\/span><\/p>\n<p>&nbsp;<\/p>\n<p>Caixa central JBL ES25c<\/p>\n<p>3 way system<\/p>\n<p>Pot\u00eancia m\u00e1xima<\/p>\n<p>300 Watts<\/p>\n<p>Sensibilidade 90 db<\/p>\n<p>Imped\u00e2ncia 8 Ohms<\/p>\n<p>Resposta de frequ\u00eancia 80-40000 Hz (-3 db)<\/p>\n<p>Frequ\u00eancia de cruzamento 3 khz, 12 khz<\/p>\n<p>Pot\u00eancia recomendada do amplificador 150 W<\/p>\n<p>RF-emissor 19 mm, uma c\u00fapula de tit\u00e2nio<\/p>\n<p>LF-emissor 2x 130 mm<\/p>\n<p>Tipo de emissores din\u00e2mica<\/p>\n<p>Ultra WP-emissor 19 mm, circular, pel\u00edcula poliester<\/p>\n<p>Cabine: com duto<\/p>\n<p>Tamanho:\u00a0 178 mm x 476 mm x 254 mm<\/p>\n<p>Peso: 7,6 kg<\/p>\n","protected":false},"excerpt":{"rendered":"<p>Obtenha som com qualidade de cinema com esta potente caixa ac\u00fastica central de 5&#8243; (130 mm). O ES25C apresenta drivers de ultra-alta frequ\u00eancia (UHF) capazes de reproduzir 40kHz para agudos mais n\u00edtidos; cones de fibra de celulose refor\u00e7ados com um revestimento de pol\u00edmero para movimento pist\u00f4nico uniforme, sem resson\u00e2ncia interna e graves mais definidos e [&hellip;]<\/p>\n","protected":false},"featured_media":30104,"template":"","meta":{"_acf_changed":false},"product_brand":[],"product_cat":[35,17,46],"product_tag":[],"class_list":{"0":"post-7746","1":"product","2":"type-product","3":"status-publish","4":"has-post-thumbnail","6":"product_cat-caixas-centrais","7":"product_cat-caixas","8":"product_cat-jbl","10":"first","11":"instock","12":"sold-individually","13":"shipping-taxable","14":"purchasable","15":"product-type-simple"},"acf":[],"aioseo_notices":[],"_links":{"self":[{"href":"https:\/\/hificlub.com.br\/loja\/wp-json\/wp\/v2\/product\/7746","targetHints":{"allow":["GET"]}}],"collection":[{"href":"https:\/\/hificlub.com.br\/loja\/wp-json\/wp\/v2\/product"}],"about":[{"href":"https:\/\/hificlub.com.br\/loja\/wp-json\/wp\/v2\/types\/product"}],"wp:featuredmedia":[{"embeddable":true,"href":"https:\/\/hificlub.com.br\/loja\/wp-json\/wp\/v2\/media\/30104"}],"wp:attachment":[{"href":"https:\/\/hificlub.com.br\/loja\/wp-json\/wp\/v2\/media?parent=7746"}],"wp:term":[{"taxonomy":"product_brand","embeddable":true,"href":"https:\/\/hificlub.com.br\/loja\/wp-json\/wp\/v2\/product_brand?post=7746"},{"taxonomy":"product_cat","embeddable":true,"href":"https:\/\/hificlub.com.br\/loja\/wp-json\/wp\/v2\/product_cat?post=7746"},{"taxonomy":"product_tag","embeddable":true,"href":"https:\/\/hificlub.com.br\/loja\/wp-json\/wp\/v2\/product_tag?post=7746"}],"curies":[{"name":"wp","href":"https:\/\/api.w.org\/{rel}","templated":true}]}}