{"id":7736,"date":"2024-01-02T17:58:17","date_gmt":"2024-01-02T20:58:17","guid":{"rendered":"https:\/\/hificlub.com.br\/loja\/?post_type=product&#038;p=7736"},"modified":"2026-04-05T20:34:10","modified_gmt":"2026-04-05T23:34:10","slug":"jbl-es90","status":"publish","type":"product","link":"https:\/\/hificlub.com.br\/loja\/produto\/jbl-es90\/","title":{"rendered":"JBL ES90 Caixa Torre 3 Vias"},"content":{"rendered":"<p>ESTADO 9\/10<\/p>\n<div class=\"\">\n<div class=\"vtex-flex-layout-0-x-flexRow\">\n<section class=\"vtex-store-components-3-x-container ph3 ph5-m ph2-xl mw9 center \">\n<div class=\"flex mt0 mb7 pt0 pb0 justify-start vtex-flex-layout-0-x-flexRowContent items-stretch w-100\">\n<div class=\"pr0 items-stretch vtex-flex-layout-0-x-stretchChildrenWidth flex\">\n<div class=\"vtex-store-components-3-x-productDescriptionContainer\">\n<div class=\"vtex-store-components-3-x-productDescriptionText c-muted-1\">\n<div class=\"vtex-store-components-3-x-container relative\">\n<div class=\"vtex-store-components-3-x-content h-auto\">\n<p>Caixa Jbl Es90 Com recursos de alta qualidade e reprodu\u00e7\u00e3o de som inigual\u00e1vel, a JBL ES90 3-Way Speaker Floorstanding vai levar sua experi\u00eancia de escuta de \u00e1udio para um n\u00edvel totalmente novo. O perito s\u00e9rie foi projetada para entusiastas e profissionais de entretenimento com a capacidade de entregar di\u00e1logo cristalinas, ea resposta de som apertado.<\/p>\n<p>A Jbl Es90 Possui dupla 8 &#8220;woofer cones de celulose de fibra, e um 4&#8221; driver de m\u00e9dio porte, tanto refor\u00e7ado com tecnologia PolyPlas da JBL. Al\u00e9m disso, oferece duplo 3\/4 &#8220;dome tweeters montados em Oblatos el\u00edptico esferoidais guias de ondas (EOS). Isto significa que sua m\u00fasica favorita e filmes de som, assim como o artista pretendia.<\/p>\n<p>Al\u00e9m disso, este alto-falante oferece RMS\/440W 110W de pot\u00eancia de pico, uma gama completa de freq\u00fc\u00eancias de \u00e1udio, blindagem magn\u00e9tica, e bornes pesados. Seu design, perfil esbelto e elegante madeira como artesanato ir\u00e1 complementar todo tipo de decora\u00e7\u00e3o. Se voc\u00ea quiser uma qualidade, bem constru\u00eddo alto-falante, n\u00e3o procure mais do que a JBL ES90.<\/p>\n<\/div>\n<div class=\"vtex-store-components-3-x-pointerEventsNone absolute bottom-0 w-100 h-100 flex-column justify-end flex\">\n<div class=\"vtex-store-components-3-x-fadeBottom w-100 h-50\"><\/div>\n<\/div>\n<\/div>\n<\/div>\n<\/div>\n<\/div>\n<\/div>\n<\/section>\n<\/div>\n<\/div>\n<div class=\"\">\n<div class=\"vtex-flex-layout-0-x-flexRow\">\n<section class=\"vtex-store-components-3-x-container ph3 ph5-m ph2-xl mw9 center \">\n<div class=\"flex mt0 mb0 pt0 pb0 justify-start vtex-flex-layout-0-x-flexRowContent items-stretch w-100\">\n<div class=\"pr0 items-stretch vtex-flex-layout-0-x-stretchChildrenWidth flex\"><\/div>\n<\/div>\n<\/section>\n<\/div>\n<\/div>\n<div class=\"\">\n<div class=\"vtex-flex-layout-0-x-flexRow vtex-flex-layout-0-x-flexRow--productSpecificationGroup\">\n<section class=\"vtex-store-components-3-x-container ph3 ph5-m ph2-xl mw9 center \">\n<div class=\"flex mt0 mb0 pt0 pb0 justify-start vtex-flex-layout-0-x-flexRowContent vtex-flex-layout-0-x-flexRowContent--productSpecificationGroup items-stretch w-100\">\n<div class=\"pr0 items-stretch vtex-flex-layout-0-x-stretchChildrenWidth flex\">\n<div class=\"vtex-flex-layout-0-x-flexCol ml0 mr0 pl0 pr0 flex flex-column h-100 w-100\">\n<div class=\"vtex-flex-layout-0-x-flexColChild pb0\">\n<div class=\"vtex-flex-layout-0-x-flexRow vtex-flex-layout-0-x-flexRow--productSpecificationGroupName\">\n<div class=\"flex mt0 mb0 pt0 pb0 justify-start vtex-flex-layout-0-x-flexRowContent vtex-flex-layout-0-x-flexRowContent--productSpecificationGroupName items-stretch w-100\">\n<div class=\"pr0 items-stretch vtex-flex-layout-0-x-stretchChildrenWidth flex\"><span class=\"vtex-product-specifications-1-x-groupName\" data-specification-group=\"Descri\u00e7\u00f5es\">Descri\u00e7\u00f5es<\/span><\/div>\n<\/div>\n<\/div>\n<\/div>\n<div class=\"vtex-flex-layout-0-x-flexColChild pb0\">\n<div class=\"vtex-flex-layout-0-x-flexRow vtex-flex-layout-0-x-flexRow--productSpecification\">\n<div class=\"flex mt0 mb0 pt0 pb0 justify-start vtex-flex-layout-0-x-flexRowContent vtex-flex-layout-0-x-flexRowContent--productSpecification items-stretch w-100\">\n<div class=\"pr0 items-stretch vtex-flex-layout-0-x-stretchChildrenWidth flex\">\n<div class=\"vtex-flex-layout-0-x-flexCol vtex-flex-layout-0-x-flexCol--productSpecificationValue ml0 mr0 pl0 pr0 flex flex-column h-100 w-100\">\n<div class=\"vtex-flex-layout-0-x-flexColChild vtex-flex-layout-0-x-flexColChild--productSpecificationValue pb0\">\n<ul>\n<li>Elliptical oblato esferoidal Waveguide (EOS)Este poderoso alto-falante home theater \u00e9 projetado com tecnologia Waveguide da JBL propriet\u00e1ria EOS que realiza a resposta sonora do seu ambiente de audi\u00e7\u00e3o. Esta tecnologia exclusiva garante uma distribui\u00e7\u00e3o de \u00e1udio suave, e garante que cada banco \u00e9 o melhor lugar em seu home theater para a m\u00fasica e equilibrada e de di\u00e1logo intelig\u00edvel.<\/li>\n<li>Configura\u00e7\u00e3o Speaker 4-ViasDevido ao seu design alto-falante 4-way e cones de qualidade, este alto-falante reproduz uma gama completa de frequ\u00eancias e de imagem realista.<\/li>\n<li>Tit\u00e2nio puro Tweeter projetoEste projeto original \u00e9 capaz de eliminar resson\u00e2ncias tonais indesejadas no caminho do sinal. O resultado final \u00e9 uma completa, clara, firme reprodu\u00e7\u00e3o de altas freq\u00fc\u00eancias.<\/li>\n<li>Caminho do sinal de linha reta (SSP)Tecnologia SSP \u00e9 a rede crossover que preserva clareza, detalhe e din\u00e2mica do conte\u00fado de \u00e1udio original.<\/li>\n<li>Bass Reflex PortoIsto oferece baixo apertado, estendendo a resposta de graves profunda e elimina a turbul\u00eancia indesejada.<\/li>\n<li>Excelente sa\u00edda de \u00e1udioEste alto-falante oferece RMS\/440W 110W de pot\u00eancia de pico, a freq\u00fc\u00eancia de crossover 3000Hz em 24dB\/octave e sensibilidade 91dB.<\/li>\n<li>Resposta de Freq\u00fc\u00eanciaCom uma resposta de freq\u00fc\u00eancia de 36 Hz &#8211; 40 kHz, este alto-falante reproduz uma ampla faixa de som de tons graves profundos de ultra-altas freq\u00fc\u00eancias.<\/li>\n<li>Capacidades de bi-cablagemA rede divis\u00f3ria interna deste alto-falante permite capacidades de bi-cablagem, que oferecem maior flexibilidade na escolha do amplificador, e oferece v\u00e1rias vantagens s\u00f3nicas na resposta de \u00e1udio em geral.<\/li>\n<li>Protegido magneticamenteEsta coluna \u00e9 blindado magneticamente para a coloca\u00e7\u00e3o segura perto de sua TV ou monitor.\n<p>Marca: Jbl<br \/>\nModelo: Es90<\/li>\n<li>Pot\u00eancia 110W RMS\/440W Peak (225W recomendado)<\/li>\n<li>Imped\u00e2ncia 8 Omhs<\/li>\n<li>Resposta de Freq\u00fc\u00eancia 36 Hz &#8211; 40 kHz (\u00b1 3 dB)<\/li>\n<li>Sensibilidade 91dB@2.83V \/ 1 m<\/li>\n<li>Crossover Frequency 500Hz, 3000Hz &#8211; 24dB\/oitava<\/li>\n<li>12000Hz &#8211; 18dB\/oit<\/li>\n<li>Blindado Sim<\/li>\n<li>Tweeter 0,75 &#8220;(19mm) Pure Titanium Dome 0,75 &#8220;(19mm) Dome Polyester-Film<\/li>\n<li>Midrange 4 &#8220;(100mm) PolyPlas Woofer<\/li>\n<li>Woofer Dupla 8 &#8220;(203,2 mil\u00edmetros) PolyPlas Woofer<\/li>\n<li>Geral<\/li>\n<li>Tipo de conector Binding Post<\/li>\n<li>Configura\u00e7\u00e3o 4-Way<\/li>\n<li>Constru\u00e7\u00e3o MDF<\/li>\n<li>Dimens\u00f5es (AxLxP) 42.7 x 10.2 x 15.1 &#8220;(1084 x 260 x 384 mil\u00edmetros)<\/li>\n<li>Peso 24,2 kg)<\/li>\n<\/ul>\n<\/div>\n<\/div>\n<\/div>\n<\/div>\n<\/div>\n<\/div>\n<\/div>\n<\/div>\n<\/div>\n<\/section>\n<\/div>\n<\/div>\n","protected":false},"excerpt":{"rendered":"<p>ESTADO 9\/10 Caixa Jbl Es90 Com recursos de alta qualidade e reprodu\u00e7\u00e3o de som inigual\u00e1vel, a JBL ES90 3-Way Speaker Floorstanding vai levar sua experi\u00eancia de escuta de \u00e1udio para um n\u00edvel totalmente novo. O perito s\u00e9rie foi projetada para entusiastas e profissionais de entretenimento com a capacidade de entregar di\u00e1logo cristalinas, ea resposta de [&hellip;]<\/p>\n","protected":false},"featured_media":7734,"template":"","meta":{"_acf_changed":false},"product_brand":[],"product_cat":[17,46,18],"product_tag":[],"class_list":{"0":"post-7736","1":"product","2":"type-product","3":"status-publish","4":"has-post-thumbnail","6":"product_cat-caixas","7":"product_cat-jbl","8":"product_cat-torres","10":"first","11":"outofstock","12":"sold-individually","13":"shipping-taxable","14":"purchasable","15":"product-type-simple"},"acf":[],"aioseo_notices":[],"_links":{"self":[{"href":"https:\/\/hificlub.com.br\/loja\/wp-json\/wp\/v2\/product\/7736","targetHints":{"allow":["GET"]}}],"collection":[{"href":"https:\/\/hificlub.com.br\/loja\/wp-json\/wp\/v2\/product"}],"about":[{"href":"https:\/\/hificlub.com.br\/loja\/wp-json\/wp\/v2\/types\/product"}],"wp:featuredmedia":[{"embeddable":true,"href":"https:\/\/hificlub.com.br\/loja\/wp-json\/wp\/v2\/media\/7734"}],"wp:attachment":[{"href":"https:\/\/hificlub.com.br\/loja\/wp-json\/wp\/v2\/media?parent=7736"}],"wp:term":[{"taxonomy":"product_brand","embeddable":true,"href":"https:\/\/hificlub.com.br\/loja\/wp-json\/wp\/v2\/product_brand?post=7736"},{"taxonomy":"product_cat","embeddable":true,"href":"https:\/\/hificlub.com.br\/loja\/wp-json\/wp\/v2\/product_cat?post=7736"},{"taxonomy":"product_tag","embeddable":true,"href":"https:\/\/hificlub.com.br\/loja\/wp-json\/wp\/v2\/product_tag?post=7736"}],"curies":[{"name":"wp","href":"https:\/\/api.w.org\/{rel}","templated":true}]}}